{"id":31003,"date":"2016-11-22T22:49:48","date_gmt":"2016-11-22T22:49:48","guid":{"rendered":"https:\/\/academiacontacto.com\/apply\/"},"modified":"2023-03-30T08:26:22","modified_gmt":"2023-03-30T08:26:22","slug":"apply","status":"publish","type":"page","link":"https:\/\/academiacontacto.com\/zh-hans\/apply\/","title":{"rendered":"\u6ce8\u518c"},"content":{"rendered":"","protected":false},"excerpt":{"rendered":"","protected":false},"author":3,"featured_media":0,"parent":0,"menu_order":86,"comment_status":"closed","ping_status":"closed","template":"page-apply.php","meta":{"_acf_changed":false,"om_disable_all_campaigns":false,"_monsterinsights_skip_tracking":false,"_monsterinsights_sitenote_active":false,"_monsterinsights_sitenote_note":"","_monsterinsights_sitenote_category":0,"_uf_show_specific_survey":0,"_uf_disable_surveys":false,"_joinchat":[],"footnotes":""},"class_list":["post-31003","page","type-page","status-publish","hentry"],"acf":[],"aioseo_notices":[],"yoast_head":"<!-- This site is optimized with the Yoast SEO plugin v27.5 - https:\/\/yoast.com\/product\/yoast-seo-wordpress\/ -->\n<title>Haz tu solicitud para estudiar espa\u00f1ol en Madrid<\/title>\n<meta name=\"description\" content=\"Completa la solicitud y env\u00edala si quieres venir a Espa\u00f1a para estudiar espa\u00f1ol en Academia Contacto, con los mejores profesores\" \/>\n<meta name=\"robots\" content=\"index, follow, max-snippet:-1, max-image-preview:large, max-video-preview:-1\" \/>\n<link rel=\"canonical\" href=\"https:\/\/academiacontacto.com\/zh-hans\/apply\/\" \/>\n<meta property=\"og:locale\" content=\"zh_CN\" \/>\n<meta property=\"og:type\" content=\"article\" \/>\n<meta property=\"og:title\" content=\"Haz tu solicitud para estudiar espa\u00f1ol en Madrid\" \/>\n<meta property=\"og:description\" content=\"Completa la solicitud y env\u00edala si quieres venir a Espa\u00f1a para estudiar espa\u00f1ol en Academia Contacto, con los mejores profesores\" \/>\n<meta property=\"og:url\" content=\"https:\/\/academiacontacto.com\/zh-hans\/apply\/\" \/>\n<meta property=\"og:site_name\" content=\"Academia Contacto\" \/>\n<meta property=\"article:modified_time\" content=\"2023-03-30T08:26:22+00:00\" \/>\n<script type=\"application\/ld+json\" class=\"yoast-schema-graph\">{\"@context\":\"https:\\\/\\\/schema.org\",\"@graph\":[{\"@type\":\"WebPage\",\"@id\":\"https:\\\/\\\/academiacontacto.com\\\/zh-hans\\\/apply\\\/\",\"url\":\"https:\\\/\\\/academiacontacto.com\\\/zh-hans\\\/apply\\\/\",\"name\":\"Haz tu solicitud para estudiar espa\u00f1ol en Madrid\",\"isPartOf\":{\"@id\":\"https:\\\/\\\/academiacontacto.com\\\/pl\\\/#website\"},\"datePublished\":\"2016-11-22T22:49:48+00:00\",\"dateModified\":\"2023-03-30T08:26:22+00:00\",\"description\":\"Completa la solicitud y env\u00edala si quieres venir a Espa\u00f1a para estudiar espa\u00f1ol en Academia Contacto, con los mejores profesores\",\"breadcrumb\":{\"@id\":\"https:\\\/\\\/academiacontacto.com\\\/zh-hans\\\/apply\\\/#breadcrumb\"},\"inLanguage\":\"zh-Hans\",\"potentialAction\":[{\"@type\":\"ReadAction\",\"target\":[\"https:\\\/\\\/academiacontacto.com\\\/zh-hans\\\/apply\\\/\"]}]},{\"@type\":\"BreadcrumbList\",\"@id\":\"https:\\\/\\\/academiacontacto.com\\\/zh-hans\\\/apply\\\/#breadcrumb\",\"itemListElement\":[{\"@type\":\"ListItem\",\"position\":1,\"name\":\"Home\",\"item\":\"https:\\\/\\\/academiacontacto.com\\\/zh-hans\\\/\"},{\"@type\":\"ListItem\",\"position\":2,\"name\":\"\u6ce8\u518c\"}]},{\"@type\":\"WebSite\",\"@id\":\"https:\\\/\\\/academiacontacto.com\\\/pl\\\/#website\",\"url\":\"https:\\\/\\\/academiacontacto.com\\\/pl\\\/\",\"name\":\"Academia Contacto\",\"description\":\"Aprende Espa\u00f1ol con Academia Contacto\",\"publisher\":{\"@id\":\"https:\\\/\\\/academiacontacto.com\\\/pl\\\/#organization\"},\"potentialAction\":[{\"@type\":\"SearchAction\",\"target\":{\"@type\":\"EntryPoint\",\"urlTemplate\":\"https:\\\/\\\/academiacontacto.com\\\/pl\\\/?s={search_term_string}\"},\"query-input\":{\"@type\":\"PropertyValueSpecification\",\"valueRequired\":true,\"valueName\":\"search_term_string\"}}],\"inLanguage\":\"zh-Hans\"},{\"@type\":\"Organization\",\"@id\":\"https:\\\/\\\/academiacontacto.com\\\/pl\\\/#organization\",\"name\":\"Academia Contacto\",\"url\":\"https:\\\/\\\/academiacontacto.com\\\/pl\\\/\",\"logo\":{\"@type\":\"ImageObject\",\"inLanguage\":\"zh-Hans\",\"@id\":\"https:\\\/\\\/academiacontacto.com\\\/pl\\\/#\\\/schema\\\/logo\\\/image\\\/\",\"url\":\"https:\\\/\\\/academiacontacto.com\\\/wp-content\\\/uploads\\\/2021\\\/09\\\/acontacto.jpg\",\"contentUrl\":\"https:\\\/\\\/academiacontacto.com\\\/wp-content\\\/uploads\\\/2021\\\/09\\\/acontacto.jpg\",\"width\":218,\"height\":70,\"caption\":\"Academia Contacto\"},\"image\":{\"@id\":\"https:\\\/\\\/academiacontacto.com\\\/pl\\\/#\\\/schema\\\/logo\\\/image\\\/\"}}]}<\/script>\n<!-- \/ Yoast SEO plugin. -->","yoast_head_json":{"title":"Haz tu solicitud para estudiar espa\u00f1ol en Madrid","description":"Completa la solicitud y env\u00edala si quieres venir a Espa\u00f1a para estudiar espa\u00f1ol en Academia Contacto, con los mejores profesores","robots":{"index":"index","follow":"follow","max-snippet":"max-snippet:-1","max-image-preview":"max-image-preview:large","max-video-preview":"max-video-preview:-1"},"canonical":"https:\/\/academiacontacto.com\/zh-hans\/apply\/","og_locale":"zh_CN","og_type":"article","og_title":"Haz tu solicitud para estudiar espa\u00f1ol en Madrid","og_description":"Completa la solicitud y env\u00edala si quieres venir a Espa\u00f1a para estudiar espa\u00f1ol en Academia Contacto, con los mejores profesores","og_url":"https:\/\/academiacontacto.com\/zh-hans\/apply\/","og_site_name":"Academia Contacto","article_modified_time":"2023-03-30T08:26:22+00:00","schema":{"@context":"https:\/\/schema.org","@graph":[{"@type":"WebPage","@id":"https:\/\/academiacontacto.com\/zh-hans\/apply\/","url":"https:\/\/academiacontacto.com\/zh-hans\/apply\/","name":"Haz tu solicitud para estudiar espa\u00f1ol en Madrid","isPartOf":{"@id":"https:\/\/academiacontacto.com\/pl\/#website"},"datePublished":"2016-11-22T22:49:48+00:00","dateModified":"2023-03-30T08:26:22+00:00","description":"Completa la solicitud y env\u00edala si quieres venir a Espa\u00f1a para estudiar espa\u00f1ol en Academia Contacto, con los mejores profesores","breadcrumb":{"@id":"https:\/\/academiacontacto.com\/zh-hans\/apply\/#breadcrumb"},"inLanguage":"zh-Hans","potentialAction":[{"@type":"ReadAction","target":["https:\/\/academiacontacto.com\/zh-hans\/apply\/"]}]},{"@type":"BreadcrumbList","@id":"https:\/\/academiacontacto.com\/zh-hans\/apply\/#breadcrumb","itemListElement":[{"@type":"ListItem","position":1,"name":"Home","item":"https:\/\/academiacontacto.com\/zh-hans\/"},{"@type":"ListItem","position":2,"name":"\u6ce8\u518c"}]},{"@type":"WebSite","@id":"https:\/\/academiacontacto.com\/pl\/#website","url":"https:\/\/academiacontacto.com\/pl\/","name":"Academia Contacto","description":"Aprende Espa\u00f1ol con Academia Contacto","publisher":{"@id":"https:\/\/academiacontacto.com\/pl\/#organization"},"potentialAction":[{"@type":"SearchAction","target":{"@type":"EntryPoint","urlTemplate":"https:\/\/academiacontacto.com\/pl\/?s={search_term_string}"},"query-input":{"@type":"PropertyValueSpecification","valueRequired":true,"valueName":"search_term_string"}}],"inLanguage":"zh-Hans"},{"@type":"Organization","@id":"https:\/\/academiacontacto.com\/pl\/#organization","name":"Academia Contacto","url":"https:\/\/academiacontacto.com\/pl\/","logo":{"@type":"ImageObject","inLanguage":"zh-Hans","@id":"https:\/\/academiacontacto.com\/pl\/#\/schema\/logo\/image\/","url":"https:\/\/academiacontacto.com\/wp-content\/uploads\/2021\/09\/acontacto.jpg","contentUrl":"https:\/\/academiacontacto.com\/wp-content\/uploads\/2021\/09\/acontacto.jpg","width":218,"height":70,"caption":"Academia Contacto"},"image":{"@id":"https:\/\/academiacontacto.com\/pl\/#\/schema\/logo\/image\/"}}]}},"_links":{"self":[{"href":"https:\/\/academiacontacto.com\/zh-hans\/wp-json\/wp\/v2\/pages\/31003","targetHints":{"allow":["GET"]}}],"collection":[{"href":"https:\/\/academiacontacto.com\/zh-hans\/wp-json\/wp\/v2\/pages"}],"about":[{"href":"https:\/\/academiacontacto.com\/zh-hans\/wp-json\/wp\/v2\/types\/page"}],"author":[{"embeddable":true,"href":"https:\/\/academiacontacto.com\/zh-hans\/wp-json\/wp\/v2\/users\/3"}],"replies":[{"embeddable":true,"href":"https:\/\/academiacontacto.com\/zh-hans\/wp-json\/wp\/v2\/comments?post=31003"}],"version-history":[{"count":0,"href":"https:\/\/academiacontacto.com\/zh-hans\/wp-json\/wp\/v2\/pages\/31003\/revisions"}],"wp:attachment":[{"href":"https:\/\/academiacontacto.com\/zh-hans\/wp-json\/wp\/v2\/media?parent=31003"}],"curies":[{"name":"wp","href":"https:\/\/api.w.org\/{rel}","templated":true}]}}