{"id":31002,"date":"2016-12-09T11:48:57","date_gmt":"2016-12-09T11:48:57","guid":{"rendered":"https:\/\/academiacontacto.com\/cookies-policy\/"},"modified":"2016-12-09T11:48:57","modified_gmt":"2016-12-09T11:48:57","slug":"cookies-policy","status":"publish","type":"page","link":"https:\/\/academiacontacto.com\/zh-hans\/cookies-policy\/","title":{"rendered":"Pol\u00edtica de Cookies"},"content":{"rendered":"<h1 class=\"themed dots\" style=\"text-align: center;\">Pol\u00edtica de cookies<\/h1>\r\nSiguiendo la pr\u00e1ctica est\u00e1ndar de muchos sitios web, podemos depositar en su ordenador cookies, cookies de Flash y otros elementos tecnol\u00f3gicos, y acceder a ellos. Al utilizar el sitio academiacontacto.com, da su consentimiento al uso de cookies. En cualquier momento puede elegir desactivar las cookies en su navegador siguiendo las instrucciones que le proporcionar\u00e1n los archivos de Ayuda de su navegador. Tenga en cuenta que, cuando visite el Sitio, tambi\u00e9n pueden depositar en su ordenador cookies, cookies de Flash y otros elementos tecnol\u00f3gicos, y acceder a ellos, terceros tales como redes de publicidad, agencias de publicidad, anunciantes y proveedores de segmentos de audiencia.<br \/>\r\n<h2><br \/>Cookies<\/h2><p>\r\nLas cookies son peque\u00f1as cantidades de informaci\u00f3n almacenadas en archivos en el navegador de su ordenador. Un determinado sitio web \u00fanicamente puede tener acceso a las cookies que ese sitio web en particular haya guardado en su ordenador. academiacontacto.com utiliza cookies para los siguientes fines:\r\n\t\tAyudarnos a reconocer su navegador como asociado a un visitante previo y guardar y recordar cualquier preferencia que pudiera haberse establecido mientras su navegador visitaba el Sitio. \r\nPor ejemplo, podemos guardar su informaci\u00f3n de inicio de sesi\u00f3n de manera que no tenga que iniciar sesi\u00f3n cada vez que visite el Sitio. Ayudarnos a personalizar el contenido y los anuncios que ve cuando visita el Sitio.\r\n\t\tAyudarnos a medir e investigar la efectividad de nuestro contenido interactivo en l\u00ednea, nuestras funcionalidades, nuestros anuncios y otras comunicaciones; y realizar un seguimiento del an\u00e1lisis y utilizaci\u00f3n del Sitio, y mejorar los servicios del Sitio. academiacontacto.com ofrecen orientaci\u00f3n al Usuario sobre los pasos para acceder al men\u00fa de configuraci\u00f3n de las cookies y, en su caso, de la navegaci\u00f3n privada en cada uno de los navegadores principales:\r\n<\/p><p>Internet Explorer: Herramientas -&gt; Opciones de Internet  -&gt; Privacidad -&gt; Configuraci\u00f3n. Para m\u00e1s informaci\u00f3n, puede consultar el soporte de Microsoft o la Ayuda del navegador..<br \/>Firefox: Herramientas -&gt; Opciones -&gt; Privacidad -&gt; Historial -&gt; Configuraci\u00f3n Personalizada.Para m\u00e1s informaci\u00f3n, puede consultar el soporte de Mozilla o la Ayuda del navegador. <br \/>Chrome: Configuraci\u00f3n -&gt; SMostrar opciones avanzadas -&gt; Privacidad -&gt; Configuraci\u00f3n de contenido. Para m\u00e1s informaci\u00f3n, puede consultar el soporte de Google o la Ayuda del navegador.<br \/>Safari: Preferencias -&gt; Securidad. Para m\u00e1s informaci\u00f3n, puede consultar el soporte de Apple o la Ayuda del navegador.<\/p><ul>\r\n<\/ul>\r\n\r\n\r\nCopyright 2016 Academia Contacto\r\n","protected":false},"excerpt":{"rendered":"<p>Pol\u00edtica de cookies Siguiendo la pr\u00e1ctica est\u00e1ndar de m [&hellip;]<\/p>\n","protected":false},"author":3,"featured_media":0,"parent":0,"menu_order":130,"comment_status":"closed","ping_status":"closed","template":"page-content.php","meta":{"_acf_changed":false,"om_disable_all_campaigns":false,"_monsterinsights_skip_tracking":false,"_monsterinsights_sitenote_active":false,"_monsterinsights_sitenote_note":"","_monsterinsights_sitenote_category":0,"_uf_show_specific_survey":0,"_uf_disable_surveys":false,"_joinchat":[],"footnotes":""},"class_list":["post-31002","page","type-page","status-publish","hentry"],"acf":[],"aioseo_notices":[],"yoast_head":"<!-- This site is optimized with the Yoast SEO plugin v27.0 - https:\/\/yoast.com\/product\/yoast-seo-wordpress\/ -->\n<title>Pol\u00edtica de Cookies -<\/title>\n<meta name=\"robots\" content=\"index, follow, max-snippet:-1, max-image-preview:large, max-video-preview:-1\" \/>\n<link rel=\"canonical\" href=\"https:\/\/academiacontacto.com\/zh-hans\/cookies-policy\/\" \/>\n<meta property=\"og:locale\" content=\"zh_CN\" \/>\n<meta property=\"og:type\" content=\"article\" \/>\n<meta property=\"og:title\" content=\"Pol\u00edtica de Cookies -\" \/>\n<meta property=\"og:description\" content=\"Pol\u00edtica de cookies Siguiendo la pr\u00e1ctica est\u00e1ndar de m [&hellip;]\" \/>\n<meta property=\"og:url\" content=\"https:\/\/academiacontacto.com\/zh-hans\/cookies-policy\/\" \/>\n<meta property=\"og:site_name\" content=\"Academia Contacto\" \/>\n<meta name=\"twitter:label1\" content=\"\u9884\u8ba1\u9605\u8bfb\u65f6\u95f4\" \/>\n\t<meta name=\"twitter:data1\" content=\"2 \u5206\" \/>\n<script type=\"application\/ld+json\" class=\"yoast-schema-graph\">{\"@context\":\"https:\/\/schema.org\",\"@graph\":[{\"@type\":\"WebPage\",\"@id\":\"https:\/\/academiacontacto.com\/zh-hans\/cookies-policy\/\",\"url\":\"https:\/\/academiacontacto.com\/zh-hans\/cookies-policy\/\",\"name\":\"Pol\u00edtica de Cookies -\",\"isPartOf\":{\"@id\":\"https:\/\/academiacontacto.com\/pl\/#website\"},\"datePublished\":\"2016-12-09T11:48:57+00:00\",\"breadcrumb\":{\"@id\":\"https:\/\/academiacontacto.com\/zh-hans\/cookies-policy\/#breadcrumb\"},\"inLanguage\":\"zh-Hans\",\"potentialAction\":[{\"@type\":\"ReadAction\",\"target\":[\"https:\/\/academiacontacto.com\/zh-hans\/cookies-policy\/\"]}]},{\"@type\":\"BreadcrumbList\",\"@id\":\"https:\/\/academiacontacto.com\/zh-hans\/cookies-policy\/#breadcrumb\",\"itemListElement\":[{\"@type\":\"ListItem\",\"position\":1,\"name\":\"Home\",\"item\":\"https:\/\/academiacontacto.com\/zh-hans\/\"},{\"@type\":\"ListItem\",\"position\":2,\"name\":\"Pol\u00edtica de Cookies\"}]},{\"@type\":\"WebSite\",\"@id\":\"https:\/\/academiacontacto.com\/pl\/#website\",\"url\":\"https:\/\/academiacontacto.com\/pl\/\",\"name\":\"Academia Contacto\",\"description\":\"Aprende Espa\u00f1ol con Academia Contacto\",\"publisher\":{\"@id\":\"https:\/\/academiacontacto.com\/pl\/#organization\"},\"potentialAction\":[{\"@type\":\"SearchAction\",\"target\":{\"@type\":\"EntryPoint\",\"urlTemplate\":\"https:\/\/academiacontacto.com\/pl\/?s={search_term_string}\"},\"query-input\":{\"@type\":\"PropertyValueSpecification\",\"valueRequired\":true,\"valueName\":\"search_term_string\"}}],\"inLanguage\":\"zh-Hans\"},{\"@type\":\"Organization\",\"@id\":\"https:\/\/academiacontacto.com\/pl\/#organization\",\"name\":\"Academia Contacto\",\"url\":\"https:\/\/academiacontacto.com\/pl\/\",\"logo\":{\"@type\":\"ImageObject\",\"inLanguage\":\"zh-Hans\",\"@id\":\"https:\/\/academiacontacto.com\/pl\/#\/schema\/logo\/image\/\",\"url\":\"https:\/\/academiacontacto.com\/wp-content\/uploads\/2021\/09\/acontacto.jpg\",\"contentUrl\":\"https:\/\/academiacontacto.com\/wp-content\/uploads\/2021\/09\/acontacto.jpg\",\"width\":218,\"height\":70,\"caption\":\"Academia Contacto\"},\"image\":{\"@id\":\"https:\/\/academiacontacto.com\/pl\/#\/schema\/logo\/image\/\"}}]}<\/script>\n<!-- \/ Yoast SEO plugin. -->","yoast_head_json":{"title":"Pol\u00edtica de Cookies -","robots":{"index":"index","follow":"follow","max-snippet":"max-snippet:-1","max-image-preview":"max-image-preview:large","max-video-preview":"max-video-preview:-1"},"canonical":"https:\/\/academiacontacto.com\/zh-hans\/cookies-policy\/","og_locale":"zh_CN","og_type":"article","og_title":"Pol\u00edtica de Cookies -","og_description":"Pol\u00edtica de cookies Siguiendo la pr\u00e1ctica est\u00e1ndar de m [&hellip;]","og_url":"https:\/\/academiacontacto.com\/zh-hans\/cookies-policy\/","og_site_name":"Academia Contacto","twitter_misc":{"\u9884\u8ba1\u9605\u8bfb\u65f6\u95f4":"2 \u5206"},"schema":{"@context":"https:\/\/schema.org","@graph":[{"@type":"WebPage","@id":"https:\/\/academiacontacto.com\/zh-hans\/cookies-policy\/","url":"https:\/\/academiacontacto.com\/zh-hans\/cookies-policy\/","name":"Pol\u00edtica de Cookies -","isPartOf":{"@id":"https:\/\/academiacontacto.com\/pl\/#website"},"datePublished":"2016-12-09T11:48:57+00:00","breadcrumb":{"@id":"https:\/\/academiacontacto.com\/zh-hans\/cookies-policy\/#breadcrumb"},"inLanguage":"zh-Hans","potentialAction":[{"@type":"ReadAction","target":["https:\/\/academiacontacto.com\/zh-hans\/cookies-policy\/"]}]},{"@type":"BreadcrumbList","@id":"https:\/\/academiacontacto.com\/zh-hans\/cookies-policy\/#breadcrumb","itemListElement":[{"@type":"ListItem","position":1,"name":"Home","item":"https:\/\/academiacontacto.com\/zh-hans\/"},{"@type":"ListItem","position":2,"name":"Pol\u00edtica de Cookies"}]},{"@type":"WebSite","@id":"https:\/\/academiacontacto.com\/pl\/#website","url":"https:\/\/academiacontacto.com\/pl\/","name":"Academia Contacto","description":"Aprende Espa\u00f1ol con Academia Contacto","publisher":{"@id":"https:\/\/academiacontacto.com\/pl\/#organization"},"potentialAction":[{"@type":"SearchAction","target":{"@type":"EntryPoint","urlTemplate":"https:\/\/academiacontacto.com\/pl\/?s={search_term_string}"},"query-input":{"@type":"PropertyValueSpecification","valueRequired":true,"valueName":"search_term_string"}}],"inLanguage":"zh-Hans"},{"@type":"Organization","@id":"https:\/\/academiacontacto.com\/pl\/#organization","name":"Academia Contacto","url":"https:\/\/academiacontacto.com\/pl\/","logo":{"@type":"ImageObject","inLanguage":"zh-Hans","@id":"https:\/\/academiacontacto.com\/pl\/#\/schema\/logo\/image\/","url":"https:\/\/academiacontacto.com\/wp-content\/uploads\/2021\/09\/acontacto.jpg","contentUrl":"https:\/\/academiacontacto.com\/wp-content\/uploads\/2021\/09\/acontacto.jpg","width":218,"height":70,"caption":"Academia Contacto"},"image":{"@id":"https:\/\/academiacontacto.com\/pl\/#\/schema\/logo\/image\/"}}]}},"_links":{"self":[{"href":"https:\/\/academiacontacto.com\/zh-hans\/wp-json\/wp\/v2\/pages\/31002","targetHints":{"allow":["GET"]}}],"collection":[{"href":"https:\/\/academiacontacto.com\/zh-hans\/wp-json\/wp\/v2\/pages"}],"about":[{"href":"https:\/\/academiacontacto.com\/zh-hans\/wp-json\/wp\/v2\/types\/page"}],"author":[{"embeddable":true,"href":"https:\/\/academiacontacto.com\/zh-hans\/wp-json\/wp\/v2\/users\/3"}],"replies":[{"embeddable":true,"href":"https:\/\/academiacontacto.com\/zh-hans\/wp-json\/wp\/v2\/comments?post=31002"}],"version-history":[{"count":0,"href":"https:\/\/academiacontacto.com\/zh-hans\/wp-json\/wp\/v2\/pages\/31002\/revisions"}],"wp:attachment":[{"href":"https:\/\/academiacontacto.com\/zh-hans\/wp-json\/wp\/v2\/media?parent=31002"}],"curies":[{"name":"wp","href":"https:\/\/api.w.org\/{rel}","templated":true}]}}