{"id":37666,"date":"2026-02-12T21:07:24","date_gmt":"2026-02-12T21:07:24","guid":{"rendered":"https:\/\/academiacontacto.com\/?page_id=37666"},"modified":"2026-02-12T21:07:39","modified_gmt":"2026-02-12T21:07:39","slug":"cookies-policy","status":"publish","type":"page","link":"https:\/\/academiacontacto.com\/pt-pt\/cookies-policy\/","title":{"rendered":"Pol\u00edtica de cookies"},"content":{"rendered":"<h1 class=\"themed dots\" style=\"text-align: center;\">Pol\u00edtica de Cookies<\/h1>\r\nSeguindo a pr\u00e1tica padr\u00e3o de muitos sites, podemos armazenar cookies, cookies Flash e outros elementos tecnol\u00f3gicos no seu computador, e obter acesso aos mesmos. Ao utilizar o website academiacontacto.com, concorda com a utiliza\u00e7\u00e3o de cookies. A qualquer momento, pode optar por desativar os cookies no seu navegador, seguindo as instru\u00e7\u00f5es fornecidas nos ficheiros de ajuda do seu navegador. Note que, ao visitar o site, terceiros, como redes de publicidade, ag\u00eancias de publicidade, anunciantes e fornecedores de segmentos de p\u00fablico, tamb\u00e9m podem armazenar cookies, cookies Flash e outros elementos tecnol\u00f3gicos no seu computador, e obter acesso aos mesmos. <br \/>\r\n<h2><br \/>Cookies<\/h2><p>\r\nOs cookies s\u00e3o pequenos ficheiros de informa\u00e7\u00e3o armazenados no browser do seu computador. Um determinado site pode ter acesso exclusivo aos cookies que esse site espec\u00edfico guardou no seu computador. O academiacontaco.com utiliza cookies para os seguintes fins: Para nos ajudar a reconhecer o seu computador como associado a um visitante anterior e a guardar e registar quaisquer prefer\u00eancias que tenha definido durante a sua visita ao site. Por exemplo, podemos guardar as suas informa\u00e7\u00f5es de login para que n\u00e3o tenha de fazer login sempre que visitar o site. Para nos ajudar a personalizar o conte\u00fado e os an\u00fancios que v\u00ea quando visita o site. Para nos ajudar a medir e investigar a efic\u00e1cia do nosso conte\u00fado online interativo, dos nossos recursos, dos nossos an\u00fancios e de outras comunica\u00e7\u00f5es; e Para realizar um acompanhamento da an\u00e1lise e do uso do site e melhorar os servi\u00e7os oferecidos. O academiacontaco.com oferece suporte ao Utilizador sobre os passos para aceder ao menu de defini\u00e7\u00f5es de cookies e de navega\u00e7\u00e3o privada em cada um dos principais navegadores: Internet Explorer: Ferramentas -> Op\u00e7\u00f5es da Internet -> Privacidade -> Defini\u00e7\u00f5es. Para mais informa\u00e7\u00f5es, pode consultar o suporte da Microsoft ou a Ajuda do browser. Firefox: Ferramentas -> Op\u00e7\u00f5es -> Privacidade -> Hist\u00f3rico -> Defini\u00e7\u00f5es personalizadas. Para mais informa\u00e7\u00f5es, consulte o suporte da Mozilla ou a Ajuda do browser. <br \/>Chrome: Defini\u00e7\u00f5es -> Mostrar op\u00e7\u00f5es avan\u00e7adas -> Privacidade -> Defini\u00e7\u00f5es de conte\u00fado. Para mais informa\u00e7\u00f5es, consulte o suporte da Google ou a Ajuda do navegador. <br \/>Safari: Prefer\u00eancias -> Seguran\u00e7a. Para mais informa\u00e7\u00f5es, consulte o suporte da Apple ou a Ajuda do browser.<\/p><ul>\r\n<\/ul>","protected":false},"excerpt":{"rendered":"<p>Pol\u00edtica de Cookies Seguindo a pr\u00e1tica padr\u00e3o de muitos sites, podemos armazenar cookies, cookies Flash e outros elementos tecnol\u00f3gicos no seu computador, e obter acesso aos mesmos. Ao utilizar o website academiacontacto.com, concorda com a utiliza\u00e7\u00e3o de cookies. A qualquer momento, pode optar por desativar os cookies no seu navegador, seguindo as instru\u00e7\u00f5es fornecidas nos [&hellip;]<\/p>\n","protected":false},"author":2,"featured_media":0,"parent":0,"menu_order":133,"comment_status":"closed","ping_status":"closed","template":"page-content.php","meta":{"_acf_changed":false,"om_disable_all_campaigns":false,"_monsterinsights_skip_tracking":false,"_monsterinsights_sitenote_active":false,"_monsterinsights_sitenote_note":"","_monsterinsights_sitenote_category":0,"_uf_show_specific_survey":0,"_uf_disable_surveys":false,"_joinchat":[],"footnotes":""},"class_list":["post-37666","page","type-page","status-publish","hentry"],"acf":[],"aioseo_notices":[],"yoast_head":"<!-- This site is optimized with the Yoast SEO plugin v27.0 - https:\/\/yoast.com\/product\/yoast-seo-wordpress\/ -->\n<title>Pol\u00edtica de cookies -<\/title>\n<meta name=\"robots\" content=\"index, follow, max-snippet:-1, max-image-preview:large, max-video-preview:-1\" \/>\n<link rel=\"canonical\" href=\"https:\/\/academiacontacto.com\/pt-pt\/cookies-policy\/\" \/>\n<meta property=\"og:locale\" content=\"pt_PT\" \/>\n<meta property=\"og:type\" content=\"article\" \/>\n<meta property=\"og:title\" content=\"Pol\u00edtica de cookies -\" \/>\n<meta property=\"og:description\" content=\"Pol\u00edtica de Cookies Seguindo a pr\u00e1tica padr\u00e3o de muitos sites, podemos armazenar cookies, cookies Flash e outros elementos tecnol\u00f3gicos no seu computador, e obter acesso aos mesmos. Ao utilizar o website academiacontacto.com, concorda com a utiliza\u00e7\u00e3o de cookies. A qualquer momento, pode optar por desativar os cookies no seu navegador, seguindo as instru\u00e7\u00f5es fornecidas nos [&hellip;]\" \/>\n<meta property=\"og:url\" content=\"https:\/\/academiacontacto.com\/pt-pt\/cookies-policy\/\" \/>\n<meta property=\"og:site_name\" content=\"Academia Contacto\" \/>\n<meta property=\"article:modified_time\" content=\"2026-02-12T21:07:39+00:00\" \/>\n<meta name=\"twitter:label1\" content=\"Tempo estimado de leitura\" \/>\n\t<meta name=\"twitter:data1\" content=\"2 minutos\" \/>\n<script type=\"application\/ld+json\" class=\"yoast-schema-graph\">{\"@context\":\"https:\/\/schema.org\",\"@graph\":[{\"@type\":\"WebPage\",\"@id\":\"https:\/\/academiacontacto.com\/pt-pt\/cookies-policy\/\",\"url\":\"https:\/\/academiacontacto.com\/pt-pt\/cookies-policy\/\",\"name\":\"Pol\u00edtica de cookies -\",\"isPartOf\":{\"@id\":\"https:\/\/academiacontacto.com\/pl\/#website\"},\"datePublished\":\"2026-02-12T21:07:24+00:00\",\"dateModified\":\"2026-02-12T21:07:39+00:00\",\"breadcrumb\":{\"@id\":\"https:\/\/academiacontacto.com\/pt-pt\/cookies-policy\/#breadcrumb\"},\"inLanguage\":\"pt-PT\",\"potentialAction\":[{\"@type\":\"ReadAction\",\"target\":[\"https:\/\/academiacontacto.com\/pt-pt\/cookies-policy\/\"]}]},{\"@type\":\"BreadcrumbList\",\"@id\":\"https:\/\/academiacontacto.com\/pt-pt\/cookies-policy\/#breadcrumb\",\"itemListElement\":[{\"@type\":\"ListItem\",\"position\":1,\"name\":\"Home\",\"item\":\"https:\/\/academiacontacto.com\/pt-pt\/\"},{\"@type\":\"ListItem\",\"position\":2,\"name\":\"Pol\u00edtica de cookies\"}]},{\"@type\":\"WebSite\",\"@id\":\"https:\/\/academiacontacto.com\/pl\/#website\",\"url\":\"https:\/\/academiacontacto.com\/pl\/\",\"name\":\"Academia Contacto\",\"description\":\"Aprende Espa\u00f1ol con Academia Contacto\",\"publisher\":{\"@id\":\"https:\/\/academiacontacto.com\/pl\/#organization\"},\"potentialAction\":[{\"@type\":\"SearchAction\",\"target\":{\"@type\":\"EntryPoint\",\"urlTemplate\":\"https:\/\/academiacontacto.com\/pl\/?s={search_term_string}\"},\"query-input\":{\"@type\":\"PropertyValueSpecification\",\"valueRequired\":true,\"valueName\":\"search_term_string\"}}],\"inLanguage\":\"pt-PT\"},{\"@type\":\"Organization\",\"@id\":\"https:\/\/academiacontacto.com\/pl\/#organization\",\"name\":\"Academia Contacto\",\"url\":\"https:\/\/academiacontacto.com\/pl\/\",\"logo\":{\"@type\":\"ImageObject\",\"inLanguage\":\"pt-PT\",\"@id\":\"https:\/\/academiacontacto.com\/pl\/#\/schema\/logo\/image\/\",\"url\":\"https:\/\/academiacontacto.com\/wp-content\/uploads\/2021\/09\/acontacto.jpg\",\"contentUrl\":\"https:\/\/academiacontacto.com\/wp-content\/uploads\/2021\/09\/acontacto.jpg\",\"width\":218,\"height\":70,\"caption\":\"Academia Contacto\"},\"image\":{\"@id\":\"https:\/\/academiacontacto.com\/pl\/#\/schema\/logo\/image\/\"}}]}<\/script>\n<!-- \/ Yoast SEO plugin. -->","yoast_head_json":{"title":"Pol\u00edtica de cookies -","robots":{"index":"index","follow":"follow","max-snippet":"max-snippet:-1","max-image-preview":"max-image-preview:large","max-video-preview":"max-video-preview:-1"},"canonical":"https:\/\/academiacontacto.com\/pt-pt\/cookies-policy\/","og_locale":"pt_PT","og_type":"article","og_title":"Pol\u00edtica de cookies -","og_description":"Pol\u00edtica de Cookies Seguindo a pr\u00e1tica padr\u00e3o de muitos sites, podemos armazenar cookies, cookies Flash e outros elementos tecnol\u00f3gicos no seu computador, e obter acesso aos mesmos. Ao utilizar o website academiacontacto.com, concorda com a utiliza\u00e7\u00e3o de cookies. A qualquer momento, pode optar por desativar os cookies no seu navegador, seguindo as instru\u00e7\u00f5es fornecidas nos [&hellip;]","og_url":"https:\/\/academiacontacto.com\/pt-pt\/cookies-policy\/","og_site_name":"Academia Contacto","article_modified_time":"2026-02-12T21:07:39+00:00","twitter_misc":{"Tempo estimado de leitura":"2 minutos"},"schema":{"@context":"https:\/\/schema.org","@graph":[{"@type":"WebPage","@id":"https:\/\/academiacontacto.com\/pt-pt\/cookies-policy\/","url":"https:\/\/academiacontacto.com\/pt-pt\/cookies-policy\/","name":"Pol\u00edtica de cookies -","isPartOf":{"@id":"https:\/\/academiacontacto.com\/pl\/#website"},"datePublished":"2026-02-12T21:07:24+00:00","dateModified":"2026-02-12T21:07:39+00:00","breadcrumb":{"@id":"https:\/\/academiacontacto.com\/pt-pt\/cookies-policy\/#breadcrumb"},"inLanguage":"pt-PT","potentialAction":[{"@type":"ReadAction","target":["https:\/\/academiacontacto.com\/pt-pt\/cookies-policy\/"]}]},{"@type":"BreadcrumbList","@id":"https:\/\/academiacontacto.com\/pt-pt\/cookies-policy\/#breadcrumb","itemListElement":[{"@type":"ListItem","position":1,"name":"Home","item":"https:\/\/academiacontacto.com\/pt-pt\/"},{"@type":"ListItem","position":2,"name":"Pol\u00edtica de cookies"}]},{"@type":"WebSite","@id":"https:\/\/academiacontacto.com\/pl\/#website","url":"https:\/\/academiacontacto.com\/pl\/","name":"Academia Contacto","description":"Aprende Espa\u00f1ol con Academia Contacto","publisher":{"@id":"https:\/\/academiacontacto.com\/pl\/#organization"},"potentialAction":[{"@type":"SearchAction","target":{"@type":"EntryPoint","urlTemplate":"https:\/\/academiacontacto.com\/pl\/?s={search_term_string}"},"query-input":{"@type":"PropertyValueSpecification","valueRequired":true,"valueName":"search_term_string"}}],"inLanguage":"pt-PT"},{"@type":"Organization","@id":"https:\/\/academiacontacto.com\/pl\/#organization","name":"Academia Contacto","url":"https:\/\/academiacontacto.com\/pl\/","logo":{"@type":"ImageObject","inLanguage":"pt-PT","@id":"https:\/\/academiacontacto.com\/pl\/#\/schema\/logo\/image\/","url":"https:\/\/academiacontacto.com\/wp-content\/uploads\/2021\/09\/acontacto.jpg","contentUrl":"https:\/\/academiacontacto.com\/wp-content\/uploads\/2021\/09\/acontacto.jpg","width":218,"height":70,"caption":"Academia Contacto"},"image":{"@id":"https:\/\/academiacontacto.com\/pl\/#\/schema\/logo\/image\/"}}]}},"_links":{"self":[{"href":"https:\/\/academiacontacto.com\/pt-pt\/wp-json\/wp\/v2\/pages\/37666","targetHints":{"allow":["GET"]}}],"collection":[{"href":"https:\/\/academiacontacto.com\/pt-pt\/wp-json\/wp\/v2\/pages"}],"about":[{"href":"https:\/\/academiacontacto.com\/pt-pt\/wp-json\/wp\/v2\/types\/page"}],"author":[{"embeddable":true,"href":"https:\/\/academiacontacto.com\/pt-pt\/wp-json\/wp\/v2\/users\/2"}],"replies":[{"embeddable":true,"href":"https:\/\/academiacontacto.com\/pt-pt\/wp-json\/wp\/v2\/comments?post=37666"}],"version-history":[{"count":2,"href":"https:\/\/academiacontacto.com\/pt-pt\/wp-json\/wp\/v2\/pages\/37666\/revisions"}],"predecessor-version":[{"id":37668,"href":"https:\/\/academiacontacto.com\/pt-pt\/wp-json\/wp\/v2\/pages\/37666\/revisions\/37668"}],"wp:attachment":[{"href":"https:\/\/academiacontacto.com\/pt-pt\/wp-json\/wp\/v2\/media?parent=37666"}],"curies":[{"name":"wp","href":"https:\/\/api.w.org\/{rel}","templated":true}]}}