{"id":37649,"date":"2026-02-12T20:44:49","date_gmt":"2026-02-12T20:44:49","guid":{"rendered":"https:\/\/academiacontacto.com\/?page_id=37649"},"modified":"2026-02-12T20:45:40","modified_gmt":"2026-02-12T20:45:40","slug":"about-us","status":"publish","type":"page","link":"https:\/\/academiacontacto.com\/pt-pt\/about-us\/","title":{"rendered":"Sobre n\u00f3s"},"content":{"rendered":"<h1 class=\"themed dots\" style=\"text-align: center;\">Sobre n\u00f3s<\/h1><p><noscript><img decoding=\"async\" src=\"https:\/\/academiacontacto.com\/wp-content\/uploads\/2021\/04\/about-resize.jpg\" alt width=\"634\" height=\"383\" class=\"wp-image-29365 size-full alignright\"><\/noscript><img decoding=\"async\" src=\"data:image\/svg+xml,%3Csvg%20xmlns%3D%22http%3A%2F%2Fwww.w3.org%2F2000%2Fsvg%22%20viewBox%3D%220%200%20634%20383%22%3E%3C%2Fsvg%3E\" alt width=\"634\" height=\"383\" class=\"wp-image-29365 size-full alignright lazyload\" data-src=\"https:\/\/academiacontacto.com\/wp-content\/uploads\/2021\/04\/about-resize.jpg\">Inaugurada em 2001, a Academia Contact \u00e9 uma escola de l\u00ednguas especializada no ensino de espanhol a estudantes estrangeiros. Oferecemos cursos na nossa escola, na capital de Espanha, Madrid, bem como nas nossas escolas parceiras em Barcelona e outras cidades fant\u00e1sticas como Alicante, Val\u00eancia ou Granada. Todas as escolas s\u00e3o acreditadas pelo <em style=\"font-size: 18px;\">Instituto Cervantes<\/em>. Em Madrid, temos 13 salas de aula confort\u00e1veis \u200b\u200be modernas com ar condicionado e aquecimento, acesso \u00e0 internet sem fios, biblioteca e \u00e1reas comuns com caf\u00e9, mesas, sof\u00e1&#8230;<\/p><p>Pode escolher entre a nossa vasta gama de cursos para cada n\u00edvel, desde o principiante absoluto ao avan\u00e7ado. As aulas come\u00e7am todas as semanas, em pequenos grupos, e s\u00e3o verdadeiramente din\u00e2micas e interativas para que possa aprender e melhorar os seus conhecimentos de espanhol de uma forma divertida, mas profissional, num ambiente agrad\u00e1vel e acolhedor.<\/p><p>Os nossos professores s\u00e3o falantes nativos com forma\u00e7\u00e3o universit\u00e1ria, especializados no ensino de espanhol como l\u00edngua estrangeira e com uma vasta experi\u00eancia. A sua motiva\u00e7\u00e3o e paix\u00e3o s\u00e3o fazer com que aprenda espanhol gra\u00e7as \u00e0 sua compet\u00eancia. Est\u00e3o prontos para responder a qualquer d\u00favida ou quest\u00e3o que possa ter e para o guiar pelo mundo da cultura espanhola.<\/p><p>Por isso, oferecemos um programa de atividades e excurs\u00f5es que acontecem \u00e0 tarde ou aos fins de semana. Ao participar, poder\u00e1 descobrir as cidades e desfrutar da sociedade e cultura do pa\u00eds como um verdadeiro espanhol.<\/p><blockquote><p>Adoramos a nossa cultura e l\u00edngua e trabalhamos arduamente para lhe transmitir.<\/p><\/blockquote><p>Embora a maioria dos nossos alunos venha da Europa (quase 75%), tamb\u00e9m temos alunos da Am\u00e9rica, Austr\u00e1lia, \u00c1sia e \u00c1frica. S\u00e3o geralmente estudantes universit\u00e1rios ou jovens profissionais que desejam aprender espanhol para melhorar as suas compet\u00eancias, mas tamb\u00e9m existem estudantes com mais de 40 anos que se integram facilmente nos nossos grupos.<\/p><p>Desde que inici\u00e1mos as nossas atividades como escola, oferecemos um servi\u00e7o dedicado e profissional a um pre\u00e7o muito competitivo. Estamos totalmente \u00e0 sua disposi\u00e7\u00e3o para quaisquer necessidades que possa ter e o nosso objetivo \u00e9 transformar a sua estadia aqui na experi\u00eancia mais valiosa poss\u00edvel.<\/p><p>Bem-vindo!<\/p>","protected":false},"excerpt":{"rendered":"<p>Sobre n\u00f3sInaugurada em 2001, a Academia Contact \u00e9 uma escola de l\u00ednguas especializada no ensino de espanhol a estudantes estrangeiros. Oferecemos cursos na nossa escola, na capital de Espanha, Madrid, bem como nas nossas escolas parceiras em Barcelona e outras cidades fant\u00e1sticas como Alicante, Val\u00eancia ou Granada. Todas as escolas s\u00e3o acreditadas pelo Instituto Cervantes. [&hellip;]<\/p>\n","protected":false},"author":2,"featured_media":0,"parent":0,"menu_order":65,"comment_status":"closed","ping_status":"closed","template":"page-content.php","meta":{"_acf_changed":false,"om_disable_all_campaigns":false,"_monsterinsights_skip_tracking":false,"_monsterinsights_sitenote_active":false,"_monsterinsights_sitenote_note":"","_monsterinsights_sitenote_category":0,"_uf_show_specific_survey":0,"_uf_disable_surveys":false,"_joinchat":[],"footnotes":""},"class_list":["post-37649","page","type-page","status-publish","hentry"],"acf":[],"aioseo_notices":[],"yoast_head":"<!-- This site is optimized with the Yoast SEO plugin v27.0 - https:\/\/yoast.com\/product\/yoast-seo-wordpress\/ -->\n<title>Conhe\u00e7a a nossa equipa de professores de espanhol em Madrid.<\/title>\n<meta name=\"description\" content=\"Inaugurada em 2001, a Academia Contacto \u00e9 uma escola de l\u00ednguas especializada no ensino do espanhol a estudantes estrangeiros. Clique para saber mais sobre n\u00f3s.\" \/>\n<meta name=\"robots\" content=\"index, follow, max-snippet:-1, max-image-preview:large, max-video-preview:-1\" \/>\n<link rel=\"canonical\" href=\"https:\/\/academiacontacto.com\/pt-pt\/about-us\/\" \/>\n<meta property=\"og:locale\" content=\"pt_PT\" \/>\n<meta property=\"og:type\" content=\"article\" \/>\n<meta property=\"og:title\" content=\"Conhe\u00e7a a nossa equipa de professores de espanhol em Madrid.\" \/>\n<meta property=\"og:description\" content=\"Inaugurada em 2001, a Academia Contacto \u00e9 uma escola de l\u00ednguas especializada no ensino do espanhol a estudantes estrangeiros. Clique para saber mais sobre n\u00f3s.\" \/>\n<meta property=\"og:url\" content=\"https:\/\/academiacontacto.com\/pt-pt\/about-us\/\" \/>\n<meta property=\"og:site_name\" content=\"Academia Contacto\" \/>\n<meta property=\"article:modified_time\" content=\"2026-02-12T20:45:40+00:00\" \/>\n<meta property=\"og:image\" content=\"https:\/\/academiacontacto.com\/wp-content\/uploads\/2021\/04\/about-resize.jpg\" \/>\n<meta name=\"twitter:label1\" content=\"Tempo estimado de leitura\" \/>\n\t<meta name=\"twitter:data1\" content=\"2 minutos\" \/>\n<script type=\"application\/ld+json\" class=\"yoast-schema-graph\">{\"@context\":\"https:\/\/schema.org\",\"@graph\":[{\"@type\":\"WebPage\",\"@id\":\"https:\/\/academiacontacto.com\/pt-pt\/about-us\/\",\"url\":\"https:\/\/academiacontacto.com\/pt-pt\/about-us\/\",\"name\":\"Conhe\u00e7a a nossa equipa de professores de espanhol em Madrid.\",\"isPartOf\":{\"@id\":\"https:\/\/academiacontacto.com\/pl\/#website\"},\"primaryImageOfPage\":{\"@id\":\"https:\/\/academiacontacto.com\/pt-pt\/about-us\/#primaryimage\"},\"image\":{\"@id\":\"https:\/\/academiacontacto.com\/pt-pt\/about-us\/#primaryimage\"},\"thumbnailUrl\":\"https:\/\/academiacontacto.com\/wp-content\/uploads\/2021\/04\/about-resize.jpg\",\"datePublished\":\"2026-02-12T20:44:49+00:00\",\"dateModified\":\"2026-02-12T20:45:40+00:00\",\"description\":\"Inaugurada em 2001, a Academia Contacto \u00e9 uma escola de l\u00ednguas especializada no ensino do espanhol a estudantes estrangeiros. Clique para saber mais sobre n\u00f3s.\",\"breadcrumb\":{\"@id\":\"https:\/\/academiacontacto.com\/pt-pt\/about-us\/#breadcrumb\"},\"inLanguage\":\"pt-PT\",\"potentialAction\":[{\"@type\":\"ReadAction\",\"target\":[\"https:\/\/academiacontacto.com\/pt-pt\/about-us\/\"]}]},{\"@type\":\"ImageObject\",\"inLanguage\":\"pt-PT\",\"@id\":\"https:\/\/academiacontacto.com\/pt-pt\/about-us\/#primaryimage\",\"url\":\"https:\/\/academiacontacto.com\/wp-content\/uploads\/2021\/04\/about-resize.jpg\",\"contentUrl\":\"https:\/\/academiacontacto.com\/wp-content\/uploads\/2021\/04\/about-resize.jpg\"},{\"@type\":\"BreadcrumbList\",\"@id\":\"https:\/\/academiacontacto.com\/pt-pt\/about-us\/#breadcrumb\",\"itemListElement\":[{\"@type\":\"ListItem\",\"position\":1,\"name\":\"Home\",\"item\":\"https:\/\/academiacontacto.com\/pt-pt\/\"},{\"@type\":\"ListItem\",\"position\":2,\"name\":\"Sobre n\u00f3s\"}]},{\"@type\":\"WebSite\",\"@id\":\"https:\/\/academiacontacto.com\/pl\/#website\",\"url\":\"https:\/\/academiacontacto.com\/pl\/\",\"name\":\"Academia Contacto\",\"description\":\"Aprende Espa\u00f1ol con Academia Contacto\",\"publisher\":{\"@id\":\"https:\/\/academiacontacto.com\/pl\/#organization\"},\"potentialAction\":[{\"@type\":\"SearchAction\",\"target\":{\"@type\":\"EntryPoint\",\"urlTemplate\":\"https:\/\/academiacontacto.com\/pl\/?s={search_term_string}\"},\"query-input\":{\"@type\":\"PropertyValueSpecification\",\"valueRequired\":true,\"valueName\":\"search_term_string\"}}],\"inLanguage\":\"pt-PT\"},{\"@type\":\"Organization\",\"@id\":\"https:\/\/academiacontacto.com\/pl\/#organization\",\"name\":\"Academia Contacto\",\"url\":\"https:\/\/academiacontacto.com\/pl\/\",\"logo\":{\"@type\":\"ImageObject\",\"inLanguage\":\"pt-PT\",\"@id\":\"https:\/\/academiacontacto.com\/pl\/#\/schema\/logo\/image\/\",\"url\":\"https:\/\/academiacontacto.com\/wp-content\/uploads\/2021\/09\/acontacto.jpg\",\"contentUrl\":\"https:\/\/academiacontacto.com\/wp-content\/uploads\/2021\/09\/acontacto.jpg\",\"width\":218,\"height\":70,\"caption\":\"Academia Contacto\"},\"image\":{\"@id\":\"https:\/\/academiacontacto.com\/pl\/#\/schema\/logo\/image\/\"}}]}<\/script>\n<!-- \/ Yoast SEO plugin. -->","yoast_head_json":{"title":"Conhe\u00e7a a nossa equipa de professores de espanhol em Madrid.","description":"Inaugurada em 2001, a Academia Contacto \u00e9 uma escola de l\u00ednguas especializada no ensino do espanhol a estudantes estrangeiros. Clique para saber mais sobre n\u00f3s.","robots":{"index":"index","follow":"follow","max-snippet":"max-snippet:-1","max-image-preview":"max-image-preview:large","max-video-preview":"max-video-preview:-1"},"canonical":"https:\/\/academiacontacto.com\/pt-pt\/about-us\/","og_locale":"pt_PT","og_type":"article","og_title":"Conhe\u00e7a a nossa equipa de professores de espanhol em Madrid.","og_description":"Inaugurada em 2001, a Academia Contacto \u00e9 uma escola de l\u00ednguas especializada no ensino do espanhol a estudantes estrangeiros. Clique para saber mais sobre n\u00f3s.","og_url":"https:\/\/academiacontacto.com\/pt-pt\/about-us\/","og_site_name":"Academia Contacto","article_modified_time":"2026-02-12T20:45:40+00:00","og_image":[{"url":"https:\/\/academiacontacto.com\/wp-content\/uploads\/2021\/04\/about-resize.jpg","type":"","width":"","height":""}],"twitter_misc":{"Tempo estimado de leitura":"2 minutos"},"schema":{"@context":"https:\/\/schema.org","@graph":[{"@type":"WebPage","@id":"https:\/\/academiacontacto.com\/pt-pt\/about-us\/","url":"https:\/\/academiacontacto.com\/pt-pt\/about-us\/","name":"Conhe\u00e7a a nossa equipa de professores de espanhol em Madrid.","isPartOf":{"@id":"https:\/\/academiacontacto.com\/pl\/#website"},"primaryImageOfPage":{"@id":"https:\/\/academiacontacto.com\/pt-pt\/about-us\/#primaryimage"},"image":{"@id":"https:\/\/academiacontacto.com\/pt-pt\/about-us\/#primaryimage"},"thumbnailUrl":"https:\/\/academiacontacto.com\/wp-content\/uploads\/2021\/04\/about-resize.jpg","datePublished":"2026-02-12T20:44:49+00:00","dateModified":"2026-02-12T20:45:40+00:00","description":"Inaugurada em 2001, a Academia Contacto \u00e9 uma escola de l\u00ednguas especializada no ensino do espanhol a estudantes estrangeiros. Clique para saber mais sobre n\u00f3s.","breadcrumb":{"@id":"https:\/\/academiacontacto.com\/pt-pt\/about-us\/#breadcrumb"},"inLanguage":"pt-PT","potentialAction":[{"@type":"ReadAction","target":["https:\/\/academiacontacto.com\/pt-pt\/about-us\/"]}]},{"@type":"ImageObject","inLanguage":"pt-PT","@id":"https:\/\/academiacontacto.com\/pt-pt\/about-us\/#primaryimage","url":"https:\/\/academiacontacto.com\/wp-content\/uploads\/2021\/04\/about-resize.jpg","contentUrl":"https:\/\/academiacontacto.com\/wp-content\/uploads\/2021\/04\/about-resize.jpg"},{"@type":"BreadcrumbList","@id":"https:\/\/academiacontacto.com\/pt-pt\/about-us\/#breadcrumb","itemListElement":[{"@type":"ListItem","position":1,"name":"Home","item":"https:\/\/academiacontacto.com\/pt-pt\/"},{"@type":"ListItem","position":2,"name":"Sobre n\u00f3s"}]},{"@type":"WebSite","@id":"https:\/\/academiacontacto.com\/pl\/#website","url":"https:\/\/academiacontacto.com\/pl\/","name":"Academia Contacto","description":"Aprende Espa\u00f1ol con Academia Contacto","publisher":{"@id":"https:\/\/academiacontacto.com\/pl\/#organization"},"potentialAction":[{"@type":"SearchAction","target":{"@type":"EntryPoint","urlTemplate":"https:\/\/academiacontacto.com\/pl\/?s={search_term_string}"},"query-input":{"@type":"PropertyValueSpecification","valueRequired":true,"valueName":"search_term_string"}}],"inLanguage":"pt-PT"},{"@type":"Organization","@id":"https:\/\/academiacontacto.com\/pl\/#organization","name":"Academia Contacto","url":"https:\/\/academiacontacto.com\/pl\/","logo":{"@type":"ImageObject","inLanguage":"pt-PT","@id":"https:\/\/academiacontacto.com\/pl\/#\/schema\/logo\/image\/","url":"https:\/\/academiacontacto.com\/wp-content\/uploads\/2021\/09\/acontacto.jpg","contentUrl":"https:\/\/academiacontacto.com\/wp-content\/uploads\/2021\/09\/acontacto.jpg","width":218,"height":70,"caption":"Academia Contacto"},"image":{"@id":"https:\/\/academiacontacto.com\/pl\/#\/schema\/logo\/image\/"}}]}},"_links":{"self":[{"href":"https:\/\/academiacontacto.com\/pt-pt\/wp-json\/wp\/v2\/pages\/37649","targetHints":{"allow":["GET"]}}],"collection":[{"href":"https:\/\/academiacontacto.com\/pt-pt\/wp-json\/wp\/v2\/pages"}],"about":[{"href":"https:\/\/academiacontacto.com\/pt-pt\/wp-json\/wp\/v2\/types\/page"}],"author":[{"embeddable":true,"href":"https:\/\/academiacontacto.com\/pt-pt\/wp-json\/wp\/v2\/users\/2"}],"replies":[{"embeddable":true,"href":"https:\/\/academiacontacto.com\/pt-pt\/wp-json\/wp\/v2\/comments?post=37649"}],"version-history":[{"count":3,"href":"https:\/\/academiacontacto.com\/pt-pt\/wp-json\/wp\/v2\/pages\/37649\/revisions"}],"predecessor-version":[{"id":37656,"href":"https:\/\/academiacontacto.com\/pt-pt\/wp-json\/wp\/v2\/pages\/37649\/revisions\/37656"}],"wp:attachment":[{"href":"https:\/\/academiacontacto.com\/pt-pt\/wp-json\/wp\/v2\/media?parent=37649"}],"curies":[{"name":"wp","href":"https:\/\/api.w.org\/{rel}","templated":true}]}}