{"id":37641,"date":"2026-02-12T20:37:08","date_gmt":"2026-02-12T20:37:08","guid":{"rendered":"https:\/\/academiacontacto.com\/?page_id=37641"},"modified":"2026-02-12T20:37:19","modified_gmt":"2026-02-12T20:37:19","slug":"privacy-policy","status":"publish","type":"page","link":"https:\/\/academiacontacto.com\/pt-pt\/privacy-policy\/","title":{"rendered":"Pol\u00edtica de Privacidade"},"content":{"rendered":"<h1 class=\"themed dots\" style=\"text-align: center;\">Pol\u00edtica de Privacidade<\/h1>\r\n<p>De acordo com o estabelecido na Lei Org\u00e2nica 15\/1999, de Prote\u00e7\u00e3o de Dados Pessoais, informamos que o preenchimento de qualquer formul\u00e1rio existente na p\u00e1gina www.academiacontacto.com ou o envio de um endere\u00e7o de correio eletr\u00f3nico para qualquer uma das nossas contas implica a aceita\u00e7\u00e3o da presente pol\u00edtica de privacidade, de forma a autorizar a Academia Contacto, S.L. a tratar os dados pessoais que forne\u00e7a. Os dados do utilizador ser\u00e3o armazenados num ficheiro propriedade da Academia Contacto, S.L. e ser\u00e3o utilizados para a gest\u00e3o dos seus pedidos e para manter o utilizador informado sobre os servi\u00e7os e desenvolvimentos que possam ser do seu interesse. Os novos contactos poder\u00e3o ser feitos por correio normal ou por e-mail. Em caso algum a Academia Contacto, S.L. partilhar\u00e1 com terceiros os dados pessoais armazenados neste site. Academia Contacto, S.L. A Academia Contacto, S.L. compromete-se a manter a m\u00e1xima reserva e confidencialidade com a informa\u00e7\u00e3o fornecida e a utiliz\u00e1-la exclusivamente para os fins indicados. Al\u00e9m disso, garante a implementa\u00e7\u00e3o de todos os meios t\u00e9cnicos necess\u00e1rios para salvaguardar os dados armazenados, bem como atualiza\u00e7\u00f5es e revis\u00f5es constantes. A Academia Contacto, S.L. entende que os dados foram introduzidos pela pessoa com direito ou autoriza\u00e7\u00e3o, sendo, por isso, corretos e exatos. O utilizador poder\u00e1 exercer os seus direitos de acesso, rectifica\u00e7\u00e3o, cancelamento e oposi\u00e7\u00e3o, mediante requerimento (juntamente com uma fotoc\u00f3pia do seu documento de identidade) para a seguinte morada: Academia Contacto, S.L. \u2013 Departamento de Protec\u00e7\u00e3o de Dados Pessoais<br \/>Calle Raimundo Lulio 7<br \/>Madrid 28010<\/p><p>Telefone: (+34)913642454<br \/>E-mail: <a title=\"Enviar correo\" target=\"_blank\" href=\"mailto:info@www.academiacontacto.com\" rel=\"noopener\">info@academiacontacto.com<\/a><\/p>","protected":false},"excerpt":{"rendered":"<p>Pol\u00edtica de Privacidade De acordo com o estabelecido na Lei Org\u00e2nica 15\/1999, de Prote\u00e7\u00e3o de Dados Pessoais, informamos que o preenchimento de qualquer formul\u00e1rio existente na p\u00e1gina www.academiacontacto.com ou o envio de um endere\u00e7o de correio eletr\u00f3nico para qualquer uma das nossas contas implica a aceita\u00e7\u00e3o da presente pol\u00edtica de privacidade, de forma a autorizar [&hellip;]<\/p>\n","protected":false},"author":2,"featured_media":0,"parent":0,"menu_order":261,"comment_status":"closed","ping_status":"closed","template":"page-content.php","meta":{"_acf_changed":false,"om_disable_all_campaigns":false,"_monsterinsights_skip_tracking":false,"_monsterinsights_sitenote_active":false,"_monsterinsights_sitenote_note":"","_monsterinsights_sitenote_category":0,"_uf_show_specific_survey":0,"_uf_disable_surveys":false,"_joinchat":[],"footnotes":""},"class_list":["post-37641","page","type-page","status-publish","hentry"],"acf":[],"aioseo_notices":[],"yoast_head":"<!-- This site is optimized with the Yoast SEO plugin v27.0 - https:\/\/yoast.com\/product\/yoast-seo-wordpress\/ -->\n<title>Pol\u00edtica de Privacidade -<\/title>\n<meta name=\"robots\" content=\"index, follow, max-snippet:-1, max-image-preview:large, max-video-preview:-1\" \/>\n<link rel=\"canonical\" href=\"https:\/\/academiacontacto.com\/pt-pt\/privacy-policy\/\" \/>\n<meta property=\"og:locale\" content=\"pt_PT\" \/>\n<meta property=\"og:type\" content=\"article\" \/>\n<meta property=\"og:title\" content=\"Pol\u00edtica de Privacidade -\" \/>\n<meta property=\"og:description\" content=\"Pol\u00edtica de Privacidade De acordo com o estabelecido na Lei Org\u00e2nica 15\/1999, de Prote\u00e7\u00e3o de Dados Pessoais, informamos que o preenchimento de qualquer formul\u00e1rio existente na p\u00e1gina www.academiacontacto.com ou o envio de um endere\u00e7o de correio eletr\u00f3nico para qualquer uma das nossas contas implica a aceita\u00e7\u00e3o da presente pol\u00edtica de privacidade, de forma a autorizar [&hellip;]\" \/>\n<meta property=\"og:url\" content=\"https:\/\/academiacontacto.com\/pt-pt\/privacy-policy\/\" \/>\n<meta property=\"og:site_name\" content=\"Academia Contacto\" \/>\n<meta property=\"article:modified_time\" content=\"2026-02-12T20:37:19+00:00\" \/>\n<meta name=\"twitter:label1\" content=\"Tempo estimado de leitura\" \/>\n\t<meta name=\"twitter:data1\" content=\"2 minutos\" \/>\n<script type=\"application\/ld+json\" class=\"yoast-schema-graph\">{\"@context\":\"https:\/\/schema.org\",\"@graph\":[{\"@type\":\"WebPage\",\"@id\":\"https:\/\/academiacontacto.com\/pt-pt\/privacy-policy\/\",\"url\":\"https:\/\/academiacontacto.com\/pt-pt\/privacy-policy\/\",\"name\":\"Pol\u00edtica de Privacidade -\",\"isPartOf\":{\"@id\":\"https:\/\/academiacontacto.com\/pl\/#website\"},\"datePublished\":\"2026-02-12T20:37:08+00:00\",\"dateModified\":\"2026-02-12T20:37:19+00:00\",\"breadcrumb\":{\"@id\":\"https:\/\/academiacontacto.com\/pt-pt\/privacy-policy\/#breadcrumb\"},\"inLanguage\":\"pt-PT\",\"potentialAction\":[{\"@type\":\"ReadAction\",\"target\":[\"https:\/\/academiacontacto.com\/pt-pt\/privacy-policy\/\"]}]},{\"@type\":\"BreadcrumbList\",\"@id\":\"https:\/\/academiacontacto.com\/pt-pt\/privacy-policy\/#breadcrumb\",\"itemListElement\":[{\"@type\":\"ListItem\",\"position\":1,\"name\":\"Home\",\"item\":\"https:\/\/academiacontacto.com\/pt-pt\/\"},{\"@type\":\"ListItem\",\"position\":2,\"name\":\"Pol\u00edtica de Privacidade\"}]},{\"@type\":\"WebSite\",\"@id\":\"https:\/\/academiacontacto.com\/pl\/#website\",\"url\":\"https:\/\/academiacontacto.com\/pl\/\",\"name\":\"Academia Contacto\",\"description\":\"Aprende Espa\u00f1ol con Academia Contacto\",\"publisher\":{\"@id\":\"https:\/\/academiacontacto.com\/pl\/#organization\"},\"potentialAction\":[{\"@type\":\"SearchAction\",\"target\":{\"@type\":\"EntryPoint\",\"urlTemplate\":\"https:\/\/academiacontacto.com\/pl\/?s={search_term_string}\"},\"query-input\":{\"@type\":\"PropertyValueSpecification\",\"valueRequired\":true,\"valueName\":\"search_term_string\"}}],\"inLanguage\":\"pt-PT\"},{\"@type\":\"Organization\",\"@id\":\"https:\/\/academiacontacto.com\/pl\/#organization\",\"name\":\"Academia Contacto\",\"url\":\"https:\/\/academiacontacto.com\/pl\/\",\"logo\":{\"@type\":\"ImageObject\",\"inLanguage\":\"pt-PT\",\"@id\":\"https:\/\/academiacontacto.com\/pl\/#\/schema\/logo\/image\/\",\"url\":\"https:\/\/academiacontacto.com\/wp-content\/uploads\/2021\/09\/acontacto.jpg\",\"contentUrl\":\"https:\/\/academiacontacto.com\/wp-content\/uploads\/2021\/09\/acontacto.jpg\",\"width\":218,\"height\":70,\"caption\":\"Academia Contacto\"},\"image\":{\"@id\":\"https:\/\/academiacontacto.com\/pl\/#\/schema\/logo\/image\/\"}}]}<\/script>\n<!-- \/ Yoast SEO plugin. -->","yoast_head_json":{"title":"Pol\u00edtica de Privacidade -","robots":{"index":"index","follow":"follow","max-snippet":"max-snippet:-1","max-image-preview":"max-image-preview:large","max-video-preview":"max-video-preview:-1"},"canonical":"https:\/\/academiacontacto.com\/pt-pt\/privacy-policy\/","og_locale":"pt_PT","og_type":"article","og_title":"Pol\u00edtica de Privacidade -","og_description":"Pol\u00edtica de Privacidade De acordo com o estabelecido na Lei Org\u00e2nica 15\/1999, de Prote\u00e7\u00e3o de Dados Pessoais, informamos que o preenchimento de qualquer formul\u00e1rio existente na p\u00e1gina www.academiacontacto.com ou o envio de um endere\u00e7o de correio eletr\u00f3nico para qualquer uma das nossas contas implica a aceita\u00e7\u00e3o da presente pol\u00edtica de privacidade, de forma a autorizar [&hellip;]","og_url":"https:\/\/academiacontacto.com\/pt-pt\/privacy-policy\/","og_site_name":"Academia Contacto","article_modified_time":"2026-02-12T20:37:19+00:00","twitter_misc":{"Tempo estimado de leitura":"2 minutos"},"schema":{"@context":"https:\/\/schema.org","@graph":[{"@type":"WebPage","@id":"https:\/\/academiacontacto.com\/pt-pt\/privacy-policy\/","url":"https:\/\/academiacontacto.com\/pt-pt\/privacy-policy\/","name":"Pol\u00edtica de Privacidade -","isPartOf":{"@id":"https:\/\/academiacontacto.com\/pl\/#website"},"datePublished":"2026-02-12T20:37:08+00:00","dateModified":"2026-02-12T20:37:19+00:00","breadcrumb":{"@id":"https:\/\/academiacontacto.com\/pt-pt\/privacy-policy\/#breadcrumb"},"inLanguage":"pt-PT","potentialAction":[{"@type":"ReadAction","target":["https:\/\/academiacontacto.com\/pt-pt\/privacy-policy\/"]}]},{"@type":"BreadcrumbList","@id":"https:\/\/academiacontacto.com\/pt-pt\/privacy-policy\/#breadcrumb","itemListElement":[{"@type":"ListItem","position":1,"name":"Home","item":"https:\/\/academiacontacto.com\/pt-pt\/"},{"@type":"ListItem","position":2,"name":"Pol\u00edtica de Privacidade"}]},{"@type":"WebSite","@id":"https:\/\/academiacontacto.com\/pl\/#website","url":"https:\/\/academiacontacto.com\/pl\/","name":"Academia Contacto","description":"Aprende Espa\u00f1ol con Academia Contacto","publisher":{"@id":"https:\/\/academiacontacto.com\/pl\/#organization"},"potentialAction":[{"@type":"SearchAction","target":{"@type":"EntryPoint","urlTemplate":"https:\/\/academiacontacto.com\/pl\/?s={search_term_string}"},"query-input":{"@type":"PropertyValueSpecification","valueRequired":true,"valueName":"search_term_string"}}],"inLanguage":"pt-PT"},{"@type":"Organization","@id":"https:\/\/academiacontacto.com\/pl\/#organization","name":"Academia Contacto","url":"https:\/\/academiacontacto.com\/pl\/","logo":{"@type":"ImageObject","inLanguage":"pt-PT","@id":"https:\/\/academiacontacto.com\/pl\/#\/schema\/logo\/image\/","url":"https:\/\/academiacontacto.com\/wp-content\/uploads\/2021\/09\/acontacto.jpg","contentUrl":"https:\/\/academiacontacto.com\/wp-content\/uploads\/2021\/09\/acontacto.jpg","width":218,"height":70,"caption":"Academia Contacto"},"image":{"@id":"https:\/\/academiacontacto.com\/pl\/#\/schema\/logo\/image\/"}}]}},"_links":{"self":[{"href":"https:\/\/academiacontacto.com\/pt-pt\/wp-json\/wp\/v2\/pages\/37641","targetHints":{"allow":["GET"]}}],"collection":[{"href":"https:\/\/academiacontacto.com\/pt-pt\/wp-json\/wp\/v2\/pages"}],"about":[{"href":"https:\/\/academiacontacto.com\/pt-pt\/wp-json\/wp\/v2\/types\/page"}],"author":[{"embeddable":true,"href":"https:\/\/academiacontacto.com\/pt-pt\/wp-json\/wp\/v2\/users\/2"}],"replies":[{"embeddable":true,"href":"https:\/\/academiacontacto.com\/pt-pt\/wp-json\/wp\/v2\/comments?post=37641"}],"version-history":[{"count":3,"href":"https:\/\/academiacontacto.com\/pt-pt\/wp-json\/wp\/v2\/pages\/37641\/revisions"}],"predecessor-version":[{"id":37644,"href":"https:\/\/academiacontacto.com\/pt-pt\/wp-json\/wp\/v2\/pages\/37641\/revisions\/37644"}],"wp:attachment":[{"href":"https:\/\/academiacontacto.com\/pt-pt\/wp-json\/wp\/v2\/media?parent=37641"}],"curies":[{"name":"wp","href":"https:\/\/api.w.org\/{rel}","templated":true}]}}