{"id":37622,"date":"2026-02-12T10:36:23","date_gmt":"2026-02-12T10:36:23","guid":{"rendered":"https:\/\/academiacontacto.com\/?page_id=37622"},"modified":"2026-02-12T10:44:16","modified_gmt":"2026-02-12T10:44:16","slug":"online","status":"publish","type":"page","link":"https:\/\/academiacontacto.com\/pt-pt\/prices\/online\/","title":{"rendered":"Online"},"content":{"rendered":"<p style=\"text-align: center;\"><em>O pre\u00e7o inclui: aulas, material did\u00e1tico e certificado.<\/em><br \/><em>Alunos por grupo: <strong>de 3 a 9<\/strong>. 1 aula de grupo = <strong>55 minutos<\/strong>. 1 aula individual = 60 minutos. Valor da inscri\u00e7\u00e3o: <strong>25 \u20ac<br \/><\/strong><\/em>Consulte as <a href=\"http:\/\/www.academiacontacto.com\/pt-pt\/courses\/online\/?show_start_dates=1\">datas de in\u00edcio<\/a><\/p>","protected":false},"excerpt":{"rendered":"<p>O pre\u00e7o inclui: aulas, material did\u00e1tico e certificado.Alunos por grupo: de 3 a 9. 1 aula de grupo = 55 minutos. 1 aula individual = 60 minutos. Valor da inscri\u00e7\u00e3o: 25 \u20acConsulte as datas de in\u00edcio<\/p>\n","protected":false},"author":2,"featured_media":0,"parent":37557,"menu_order":296,"comment_status":"closed","ping_status":"closed","template":"page-prices.php","meta":{"_acf_changed":false,"om_disable_all_campaigns":false,"_monsterinsights_skip_tracking":false,"_monsterinsights_sitenote_active":false,"_monsterinsights_sitenote_note":"","_monsterinsights_sitenote_category":0,"_uf_show_specific_survey":0,"_uf_disable_surveys":false,"_joinchat":[],"footnotes":""},"class_list":["post-37622","page","type-page","status-publish","hentry"],"acf":[],"aioseo_notices":[],"yoast_head":"<!-- This site is optimized with the Yoast SEO plugin v27.5 - https:\/\/yoast.com\/product\/yoast-seo-wordpress\/ -->\n<title>Conhe\u00e7a os pre\u00e7os dos cursos de espanhol online.<\/title>\n<meta name=\"description\" content=\"Informe-se sobre os pre\u00e7os dos cursos de espanhol em Sevilha. Existem diferentes cursos, dependendo do tema e da intensidade. Pode escolher entre v\u00e1rias op\u00e7\u00f5es.\" \/>\n<meta name=\"robots\" content=\"index, follow, max-snippet:-1, max-image-preview:large, max-video-preview:-1\" \/>\n<link rel=\"canonical\" href=\"https:\/\/academiacontacto.com\/pt-pt\/prices\/online\/\" \/>\n<meta property=\"og:locale\" content=\"pt_PT\" \/>\n<meta property=\"og:type\" content=\"article\" \/>\n<meta property=\"og:title\" content=\"Conhe\u00e7a os pre\u00e7os dos cursos de espanhol online.\" \/>\n<meta property=\"og:description\" content=\"Informe-se sobre os pre\u00e7os dos cursos de espanhol em Sevilha. Existem diferentes cursos, dependendo do tema e da intensidade. Pode escolher entre v\u00e1rias op\u00e7\u00f5es.\" \/>\n<meta property=\"og:url\" content=\"https:\/\/academiacontacto.com\/pt-pt\/prices\/online\/\" \/>\n<meta property=\"og:site_name\" content=\"Academia Contacto\" \/>\n<meta property=\"article:modified_time\" content=\"2026-02-12T10:44:16+00:00\" \/>\n<meta name=\"twitter:label1\" content=\"Tempo estimado de leitura\" \/>\n\t<meta name=\"twitter:data1\" content=\"1 minuto\" \/>\n<script type=\"application\/ld+json\" class=\"yoast-schema-graph\">{\"@context\":\"https:\\\/\\\/schema.org\",\"@graph\":[{\"@type\":\"WebPage\",\"@id\":\"https:\\\/\\\/academiacontacto.com\\\/pt-pt\\\/prices\\\/online\\\/\",\"url\":\"https:\\\/\\\/academiacontacto.com\\\/pt-pt\\\/prices\\\/online\\\/\",\"name\":\"Conhe\u00e7a os pre\u00e7os dos cursos de espanhol online.\",\"isPartOf\":{\"@id\":\"https:\\\/\\\/academiacontacto.com\\\/pl\\\/#website\"},\"datePublished\":\"2026-02-12T10:36:23+00:00\",\"dateModified\":\"2026-02-12T10:44:16+00:00\",\"description\":\"Informe-se sobre os pre\u00e7os dos cursos de espanhol em Sevilha. Existem diferentes cursos, dependendo do tema e da intensidade. Pode escolher entre v\u00e1rias op\u00e7\u00f5es.\",\"breadcrumb\":{\"@id\":\"https:\\\/\\\/academiacontacto.com\\\/pt-pt\\\/prices\\\/online\\\/#breadcrumb\"},\"inLanguage\":\"pt-PT\",\"potentialAction\":[{\"@type\":\"ReadAction\",\"target\":[\"https:\\\/\\\/academiacontacto.com\\\/pt-pt\\\/prices\\\/online\\\/\"]}]},{\"@type\":\"BreadcrumbList\",\"@id\":\"https:\\\/\\\/academiacontacto.com\\\/pt-pt\\\/prices\\\/online\\\/#breadcrumb\",\"itemListElement\":[{\"@type\":\"ListItem\",\"position\":1,\"name\":\"Home\",\"item\":\"https:\\\/\\\/academiacontacto.com\\\/pt-pt\\\/\"},{\"@type\":\"ListItem\",\"position\":2,\"name\":\"Pre\u00e7os\",\"item\":\"https:\\\/\\\/academiacontacto.com\\\/pt-pt\\\/prices\\\/\"},{\"@type\":\"ListItem\",\"position\":3,\"name\":\"Online\"}]},{\"@type\":\"WebSite\",\"@id\":\"https:\\\/\\\/academiacontacto.com\\\/pl\\\/#website\",\"url\":\"https:\\\/\\\/academiacontacto.com\\\/pl\\\/\",\"name\":\"Academia Contacto\",\"description\":\"Aprende Espa\u00f1ol con Academia Contacto\",\"publisher\":{\"@id\":\"https:\\\/\\\/academiacontacto.com\\\/pl\\\/#organization\"},\"potentialAction\":[{\"@type\":\"SearchAction\",\"target\":{\"@type\":\"EntryPoint\",\"urlTemplate\":\"https:\\\/\\\/academiacontacto.com\\\/pl\\\/?s={search_term_string}\"},\"query-input\":{\"@type\":\"PropertyValueSpecification\",\"valueRequired\":true,\"valueName\":\"search_term_string\"}}],\"inLanguage\":\"pt-PT\"},{\"@type\":\"Organization\",\"@id\":\"https:\\\/\\\/academiacontacto.com\\\/pl\\\/#organization\",\"name\":\"Academia Contacto\",\"url\":\"https:\\\/\\\/academiacontacto.com\\\/pl\\\/\",\"logo\":{\"@type\":\"ImageObject\",\"inLanguage\":\"pt-PT\",\"@id\":\"https:\\\/\\\/academiacontacto.com\\\/pl\\\/#\\\/schema\\\/logo\\\/image\\\/\",\"url\":\"https:\\\/\\\/academiacontacto.com\\\/wp-content\\\/uploads\\\/2021\\\/09\\\/acontacto.jpg\",\"contentUrl\":\"https:\\\/\\\/academiacontacto.com\\\/wp-content\\\/uploads\\\/2021\\\/09\\\/acontacto.jpg\",\"width\":218,\"height\":70,\"caption\":\"Academia Contacto\"},\"image\":{\"@id\":\"https:\\\/\\\/academiacontacto.com\\\/pl\\\/#\\\/schema\\\/logo\\\/image\\\/\"}}]}<\/script>\n<!-- \/ Yoast SEO plugin. -->","yoast_head_json":{"title":"Conhe\u00e7a os pre\u00e7os dos cursos de espanhol online.","description":"Informe-se sobre os pre\u00e7os dos cursos de espanhol em Sevilha. Existem diferentes cursos, dependendo do tema e da intensidade. Pode escolher entre v\u00e1rias op\u00e7\u00f5es.","robots":{"index":"index","follow":"follow","max-snippet":"max-snippet:-1","max-image-preview":"max-image-preview:large","max-video-preview":"max-video-preview:-1"},"canonical":"https:\/\/academiacontacto.com\/pt-pt\/prices\/online\/","og_locale":"pt_PT","og_type":"article","og_title":"Conhe\u00e7a os pre\u00e7os dos cursos de espanhol online.","og_description":"Informe-se sobre os pre\u00e7os dos cursos de espanhol em Sevilha. Existem diferentes cursos, dependendo do tema e da intensidade. Pode escolher entre v\u00e1rias op\u00e7\u00f5es.","og_url":"https:\/\/academiacontacto.com\/pt-pt\/prices\/online\/","og_site_name":"Academia Contacto","article_modified_time":"2026-02-12T10:44:16+00:00","twitter_misc":{"Tempo estimado de leitura":"1 minuto"},"schema":{"@context":"https:\/\/schema.org","@graph":[{"@type":"WebPage","@id":"https:\/\/academiacontacto.com\/pt-pt\/prices\/online\/","url":"https:\/\/academiacontacto.com\/pt-pt\/prices\/online\/","name":"Conhe\u00e7a os pre\u00e7os dos cursos de espanhol online.","isPartOf":{"@id":"https:\/\/academiacontacto.com\/pl\/#website"},"datePublished":"2026-02-12T10:36:23+00:00","dateModified":"2026-02-12T10:44:16+00:00","description":"Informe-se sobre os pre\u00e7os dos cursos de espanhol em Sevilha. Existem diferentes cursos, dependendo do tema e da intensidade. Pode escolher entre v\u00e1rias op\u00e7\u00f5es.","breadcrumb":{"@id":"https:\/\/academiacontacto.com\/pt-pt\/prices\/online\/#breadcrumb"},"inLanguage":"pt-PT","potentialAction":[{"@type":"ReadAction","target":["https:\/\/academiacontacto.com\/pt-pt\/prices\/online\/"]}]},{"@type":"BreadcrumbList","@id":"https:\/\/academiacontacto.com\/pt-pt\/prices\/online\/#breadcrumb","itemListElement":[{"@type":"ListItem","position":1,"name":"Home","item":"https:\/\/academiacontacto.com\/pt-pt\/"},{"@type":"ListItem","position":2,"name":"Pre\u00e7os","item":"https:\/\/academiacontacto.com\/pt-pt\/prices\/"},{"@type":"ListItem","position":3,"name":"Online"}]},{"@type":"WebSite","@id":"https:\/\/academiacontacto.com\/pl\/#website","url":"https:\/\/academiacontacto.com\/pl\/","name":"Academia Contacto","description":"Aprende Espa\u00f1ol con Academia Contacto","publisher":{"@id":"https:\/\/academiacontacto.com\/pl\/#organization"},"potentialAction":[{"@type":"SearchAction","target":{"@type":"EntryPoint","urlTemplate":"https:\/\/academiacontacto.com\/pl\/?s={search_term_string}"},"query-input":{"@type":"PropertyValueSpecification","valueRequired":true,"valueName":"search_term_string"}}],"inLanguage":"pt-PT"},{"@type":"Organization","@id":"https:\/\/academiacontacto.com\/pl\/#organization","name":"Academia Contacto","url":"https:\/\/academiacontacto.com\/pl\/","logo":{"@type":"ImageObject","inLanguage":"pt-PT","@id":"https:\/\/academiacontacto.com\/pl\/#\/schema\/logo\/image\/","url":"https:\/\/academiacontacto.com\/wp-content\/uploads\/2021\/09\/acontacto.jpg","contentUrl":"https:\/\/academiacontacto.com\/wp-content\/uploads\/2021\/09\/acontacto.jpg","width":218,"height":70,"caption":"Academia Contacto"},"image":{"@id":"https:\/\/academiacontacto.com\/pl\/#\/schema\/logo\/image\/"}}]}},"_links":{"self":[{"href":"https:\/\/academiacontacto.com\/pt-pt\/wp-json\/wp\/v2\/pages\/37622","targetHints":{"allow":["GET"]}}],"collection":[{"href":"https:\/\/academiacontacto.com\/pt-pt\/wp-json\/wp\/v2\/pages"}],"about":[{"href":"https:\/\/academiacontacto.com\/pt-pt\/wp-json\/wp\/v2\/types\/page"}],"author":[{"embeddable":true,"href":"https:\/\/academiacontacto.com\/pt-pt\/wp-json\/wp\/v2\/users\/2"}],"replies":[{"embeddable":true,"href":"https:\/\/academiacontacto.com\/pt-pt\/wp-json\/wp\/v2\/comments?post=37622"}],"version-history":[{"count":3,"href":"https:\/\/academiacontacto.com\/pt-pt\/wp-json\/wp\/v2\/pages\/37622\/revisions"}],"predecessor-version":[{"id":37627,"href":"https:\/\/academiacontacto.com\/pt-pt\/wp-json\/wp\/v2\/pages\/37622\/revisions\/37627"}],"up":[{"embeddable":true,"href":"https:\/\/academiacontacto.com\/pt-pt\/wp-json\/wp\/v2\/pages\/37557"}],"wp:attachment":[{"href":"https:\/\/academiacontacto.com\/pt-pt\/wp-json\/wp\/v2\/media?parent=37622"}],"curies":[{"name":"wp","href":"https:\/\/api.w.org\/{rel}","templated":true}]}}