{"id":37618,"date":"2026-02-12T10:33:52","date_gmt":"2026-02-12T10:33:52","guid":{"rendered":"https:\/\/academiacontacto.com\/?page_id=37618"},"modified":"2026-02-12T10:45:22","modified_gmt":"2026-02-12T10:45:22","slug":"madrid","status":"publish","type":"page","link":"https:\/\/academiacontacto.com\/pt-pt\/prices\/madrid\/","title":{"rendered":"Madrid"},"content":{"rendered":"<div class=\"zone-inner clearfix\"><div class=\"grid-16 region region-content clearfix\" id=\"region-content\"><div class=\"region-content-outter\"><div class=\"region-inner region-content-inner\"><section class=\"block block-system block-main block-system-main odd block-without-title clearfix\" id=\"block-system-main\"><div class=\"block-inner clearfix\"><div class=\"content clearfix base-wrap\"><article class=\"node node-precios node-published node-not-promoted node-not-sticky author-admin odd clearfix\" id=\"node-precios-231\"><div class=\"node-description\"><div class=\"field field-name-body field-type-text-with-summary field-label-hidden\"><div class=\"field-items\"><div class=\"field-item even\"><p style=\"text-align: center;\"><em>O pre\u00e7o inclui: aulas e ensino Materiais, certificado, utiliza\u00e7\u00e3o da biblioteca e da internet, programa cultural e servi\u00e7os.<\/em><br \/><em>Alunos por grupo: 3 a 10.<\/strong> \u00a0 1 aula em grupo = <strong>55 minutos<\/strong>. 1 aula individual = <strong>60 minutos<\/strong>. Valor da matr\u00edcula: <strong>50 \u20ac<br \/><\/strong><\/em>Consultar <a href=\"http:\/\/www.academiacontacto.com\/pt-pt\/courses\/madrid\/?show_start_dates=1\">datas de in\u00edcio<\/a><\/p><\/div><\/div><\/div><\/div><\/article><\/div><\/div><\/section><\/div><\/div><\/div>","protected":false},"excerpt":{"rendered":"<p>O pre\u00e7o inclui: aulas e ensino Materiais, certificado, utiliza\u00e7\u00e3o da biblioteca e da internet, programa cultural e servi\u00e7os.Alunos por grupo: 3 a 10. \u00a0 1 aula em grupo = 55 minutos. 1 aula individual = 60 minutos. Valor da matr\u00edcula: 50 \u20acConsultar datas de in\u00edcio<\/p>\n","protected":false},"author":2,"featured_media":0,"parent":37557,"menu_order":226,"comment_status":"closed","ping_status":"closed","template":"page-prices.php","meta":{"_acf_changed":false,"om_disable_all_campaigns":false,"_monsterinsights_skip_tracking":false,"_monsterinsights_sitenote_active":false,"_monsterinsights_sitenote_note":"","_monsterinsights_sitenote_category":0,"_uf_show_specific_survey":0,"_uf_disable_surveys":false,"_joinchat":[],"footnotes":""},"class_list":["post-37618","page","type-page","status-publish","hentry"],"acf":[],"aioseo_notices":[],"yoast_head":"<!-- This site is optimized with the Yoast SEO plugin v27.5 - https:\/\/yoast.com\/product\/yoast-seo-wordpress\/ -->\n<title>Pre\u00e7os dos cursos de espanhol em Madrid. Quanto custa uma escola de espanhol?<\/title>\n<meta name=\"description\" content=\"Know the prices for the Spanish courses in Madrid. There are different courses depending on the course and intensity. You can choose from several options.\" \/>\n<meta name=\"robots\" content=\"index, follow, max-snippet:-1, max-image-preview:large, max-video-preview:-1\" \/>\n<link rel=\"canonical\" href=\"https:\/\/academiacontacto.com\/pt-pt\/prices\/madrid\/\" \/>\n<meta property=\"og:locale\" content=\"pt_PT\" \/>\n<meta property=\"og:type\" content=\"article\" \/>\n<meta property=\"og:title\" content=\"Pre\u00e7os dos cursos de espanhol em Madrid. Quanto custa uma escola de espanhol?\" \/>\n<meta property=\"og:description\" content=\"Know the prices for the Spanish courses in Madrid. There are different courses depending on the course and intensity. You can choose from several options.\" \/>\n<meta property=\"og:url\" content=\"https:\/\/academiacontacto.com\/pt-pt\/prices\/madrid\/\" \/>\n<meta property=\"og:site_name\" content=\"Academia Contacto\" \/>\n<meta property=\"article:modified_time\" content=\"2026-02-12T10:45:22+00:00\" \/>\n<meta name=\"twitter:label1\" content=\"Tempo estimado de leitura\" \/>\n\t<meta name=\"twitter:data1\" content=\"1 minuto\" \/>\n<script type=\"application\/ld+json\" class=\"yoast-schema-graph\">{\"@context\":\"https:\\\/\\\/schema.org\",\"@graph\":[{\"@type\":\"WebPage\",\"@id\":\"https:\\\/\\\/academiacontacto.com\\\/pt-pt\\\/prices\\\/madrid\\\/\",\"url\":\"https:\\\/\\\/academiacontacto.com\\\/pt-pt\\\/prices\\\/madrid\\\/\",\"name\":\"Pre\u00e7os dos cursos de espanhol em Madrid. Quanto custa uma escola de espanhol?\",\"isPartOf\":{\"@id\":\"https:\\\/\\\/academiacontacto.com\\\/pl\\\/#website\"},\"datePublished\":\"2026-02-12T10:33:52+00:00\",\"dateModified\":\"2026-02-12T10:45:22+00:00\",\"description\":\"Know the prices for the Spanish courses in Madrid. There are different courses depending on the course and intensity. You can choose from several options.\",\"breadcrumb\":{\"@id\":\"https:\\\/\\\/academiacontacto.com\\\/pt-pt\\\/prices\\\/madrid\\\/#breadcrumb\"},\"inLanguage\":\"pt-PT\",\"potentialAction\":[{\"@type\":\"ReadAction\",\"target\":[\"https:\\\/\\\/academiacontacto.com\\\/pt-pt\\\/prices\\\/madrid\\\/\"]}]},{\"@type\":\"BreadcrumbList\",\"@id\":\"https:\\\/\\\/academiacontacto.com\\\/pt-pt\\\/prices\\\/madrid\\\/#breadcrumb\",\"itemListElement\":[{\"@type\":\"ListItem\",\"position\":1,\"name\":\"Home\",\"item\":\"https:\\\/\\\/academiacontacto.com\\\/pt-pt\\\/\"},{\"@type\":\"ListItem\",\"position\":2,\"name\":\"Pre\u00e7os\",\"item\":\"https:\\\/\\\/academiacontacto.com\\\/pt-pt\\\/prices\\\/\"},{\"@type\":\"ListItem\",\"position\":3,\"name\":\"Madrid\"}]},{\"@type\":\"WebSite\",\"@id\":\"https:\\\/\\\/academiacontacto.com\\\/pl\\\/#website\",\"url\":\"https:\\\/\\\/academiacontacto.com\\\/pl\\\/\",\"name\":\"Academia Contacto\",\"description\":\"Aprende Espa\u00f1ol con Academia Contacto\",\"publisher\":{\"@id\":\"https:\\\/\\\/academiacontacto.com\\\/pl\\\/#organization\"},\"potentialAction\":[{\"@type\":\"SearchAction\",\"target\":{\"@type\":\"EntryPoint\",\"urlTemplate\":\"https:\\\/\\\/academiacontacto.com\\\/pl\\\/?s={search_term_string}\"},\"query-input\":{\"@type\":\"PropertyValueSpecification\",\"valueRequired\":true,\"valueName\":\"search_term_string\"}}],\"inLanguage\":\"pt-PT\"},{\"@type\":\"Organization\",\"@id\":\"https:\\\/\\\/academiacontacto.com\\\/pl\\\/#organization\",\"name\":\"Academia Contacto\",\"url\":\"https:\\\/\\\/academiacontacto.com\\\/pl\\\/\",\"logo\":{\"@type\":\"ImageObject\",\"inLanguage\":\"pt-PT\",\"@id\":\"https:\\\/\\\/academiacontacto.com\\\/pl\\\/#\\\/schema\\\/logo\\\/image\\\/\",\"url\":\"https:\\\/\\\/academiacontacto.com\\\/wp-content\\\/uploads\\\/2021\\\/09\\\/acontacto.jpg\",\"contentUrl\":\"https:\\\/\\\/academiacontacto.com\\\/wp-content\\\/uploads\\\/2021\\\/09\\\/acontacto.jpg\",\"width\":218,\"height\":70,\"caption\":\"Academia Contacto\"},\"image\":{\"@id\":\"https:\\\/\\\/academiacontacto.com\\\/pl\\\/#\\\/schema\\\/logo\\\/image\\\/\"}}]}<\/script>\n<!-- \/ Yoast SEO plugin. -->","yoast_head_json":{"title":"Pre\u00e7os dos cursos de espanhol em Madrid. Quanto custa uma escola de espanhol?","description":"Know the prices for the Spanish courses in Madrid. There are different courses depending on the course and intensity. You can choose from several options.","robots":{"index":"index","follow":"follow","max-snippet":"max-snippet:-1","max-image-preview":"max-image-preview:large","max-video-preview":"max-video-preview:-1"},"canonical":"https:\/\/academiacontacto.com\/pt-pt\/prices\/madrid\/","og_locale":"pt_PT","og_type":"article","og_title":"Pre\u00e7os dos cursos de espanhol em Madrid. Quanto custa uma escola de espanhol?","og_description":"Know the prices for the Spanish courses in Madrid. There are different courses depending on the course and intensity. You can choose from several options.","og_url":"https:\/\/academiacontacto.com\/pt-pt\/prices\/madrid\/","og_site_name":"Academia Contacto","article_modified_time":"2026-02-12T10:45:22+00:00","twitter_misc":{"Tempo estimado de leitura":"1 minuto"},"schema":{"@context":"https:\/\/schema.org","@graph":[{"@type":"WebPage","@id":"https:\/\/academiacontacto.com\/pt-pt\/prices\/madrid\/","url":"https:\/\/academiacontacto.com\/pt-pt\/prices\/madrid\/","name":"Pre\u00e7os dos cursos de espanhol em Madrid. Quanto custa uma escola de espanhol?","isPartOf":{"@id":"https:\/\/academiacontacto.com\/pl\/#website"},"datePublished":"2026-02-12T10:33:52+00:00","dateModified":"2026-02-12T10:45:22+00:00","description":"Know the prices for the Spanish courses in Madrid. There are different courses depending on the course and intensity. You can choose from several options.","breadcrumb":{"@id":"https:\/\/academiacontacto.com\/pt-pt\/prices\/madrid\/#breadcrumb"},"inLanguage":"pt-PT","potentialAction":[{"@type":"ReadAction","target":["https:\/\/academiacontacto.com\/pt-pt\/prices\/madrid\/"]}]},{"@type":"BreadcrumbList","@id":"https:\/\/academiacontacto.com\/pt-pt\/prices\/madrid\/#breadcrumb","itemListElement":[{"@type":"ListItem","position":1,"name":"Home","item":"https:\/\/academiacontacto.com\/pt-pt\/"},{"@type":"ListItem","position":2,"name":"Pre\u00e7os","item":"https:\/\/academiacontacto.com\/pt-pt\/prices\/"},{"@type":"ListItem","position":3,"name":"Madrid"}]},{"@type":"WebSite","@id":"https:\/\/academiacontacto.com\/pl\/#website","url":"https:\/\/academiacontacto.com\/pl\/","name":"Academia Contacto","description":"Aprende Espa\u00f1ol con Academia Contacto","publisher":{"@id":"https:\/\/academiacontacto.com\/pl\/#organization"},"potentialAction":[{"@type":"SearchAction","target":{"@type":"EntryPoint","urlTemplate":"https:\/\/academiacontacto.com\/pl\/?s={search_term_string}"},"query-input":{"@type":"PropertyValueSpecification","valueRequired":true,"valueName":"search_term_string"}}],"inLanguage":"pt-PT"},{"@type":"Organization","@id":"https:\/\/academiacontacto.com\/pl\/#organization","name":"Academia Contacto","url":"https:\/\/academiacontacto.com\/pl\/","logo":{"@type":"ImageObject","inLanguage":"pt-PT","@id":"https:\/\/academiacontacto.com\/pl\/#\/schema\/logo\/image\/","url":"https:\/\/academiacontacto.com\/wp-content\/uploads\/2021\/09\/acontacto.jpg","contentUrl":"https:\/\/academiacontacto.com\/wp-content\/uploads\/2021\/09\/acontacto.jpg","width":218,"height":70,"caption":"Academia Contacto"},"image":{"@id":"https:\/\/academiacontacto.com\/pl\/#\/schema\/logo\/image\/"}}]}},"_links":{"self":[{"href":"https:\/\/academiacontacto.com\/pt-pt\/wp-json\/wp\/v2\/pages\/37618","targetHints":{"allow":["GET"]}}],"collection":[{"href":"https:\/\/academiacontacto.com\/pt-pt\/wp-json\/wp\/v2\/pages"}],"about":[{"href":"https:\/\/academiacontacto.com\/pt-pt\/wp-json\/wp\/v2\/types\/page"}],"author":[{"embeddable":true,"href":"https:\/\/academiacontacto.com\/pt-pt\/wp-json\/wp\/v2\/users\/2"}],"replies":[{"embeddable":true,"href":"https:\/\/academiacontacto.com\/pt-pt\/wp-json\/wp\/v2\/comments?post=37618"}],"version-history":[{"count":3,"href":"https:\/\/academiacontacto.com\/pt-pt\/wp-json\/wp\/v2\/pages\/37618\/revisions"}],"predecessor-version":[{"id":37628,"href":"https:\/\/academiacontacto.com\/pt-pt\/wp-json\/wp\/v2\/pages\/37618\/revisions\/37628"}],"up":[{"embeddable":true,"href":"https:\/\/academiacontacto.com\/pt-pt\/wp-json\/wp\/v2\/pages\/37557"}],"wp:attachment":[{"href":"https:\/\/academiacontacto.com\/pt-pt\/wp-json\/wp\/v2\/media?parent=37618"}],"curies":[{"name":"wp","href":"https:\/\/api.w.org\/{rel}","templated":true}]}}