{"id":37609,"date":"2026-02-12T10:21:08","date_gmt":"2026-02-12T10:21:08","guid":{"rendered":"https:\/\/academiacontacto.com\/?page_id=37609"},"modified":"2026-02-12T10:28:34","modified_gmt":"2026-02-12T10:28:34","slug":"contact","status":"publish","type":"page","link":"https:\/\/academiacontacto.com\/pt-pt\/contact\/","title":{"rendered":"Contacto"},"content":{"rendered":"<p>Fundada em 2001, a Academia Contacto oferece aulas de espanhol de alta qualidade para estudantes estrangeiros em Espanha. As nossas escolas de l\u00ednguas est\u00e3o localizadas no cora\u00e7\u00e3o das principais cidades espanholas e oferecemos cursos em todos os n\u00edveis (do principiante ao avan\u00e7ado) durante todo o ano.<br \/><br \/>Trabalhamos com v\u00e1rias ag\u00eancias h\u00e1 alguns anos e estas sempre se mostraram entusiasmadas com o nosso profissionalismo e com a qualidade do servi\u00e7o que prestamos, beneficiando ao acrescentar os nossos programas \u00e0 sua oferta.<br \/><br \/>Porque n\u00e3o se junta \u00e0 nossa rede? Oferecemos comiss\u00f5es atrativas e orgulhamo-nos de facilitar o seu trabalho, cuidando pessoalmente dos seus clientes. N\u00e3o os consideramos apenas um n\u00famero nas estat\u00edsticas: pelo contr\u00e1rio, fazemos o poss\u00edvel e o imposs\u00edvel para que a sua estadia aqui seja uma experi\u00eancia valiosa.<br \/><br \/>Colabore connosco! Os seus clientes ir\u00e3o desfrutar de um ensino profissional, din\u00e2mico e interativo, bem como de atividades divertidas nos seus tempos livres e acomoda\u00e7\u00f5es selecionadas.<br \/><br \/>Aguardamos com expectativa a oportunidade de trabalharmos juntos no futuro.<br \/><br \/>Atenciosamente,<br \/>M\u00e1rio Calvo, diretor<\/p>","protected":false},"excerpt":{"rendered":"<p>Fundada em 2001, a Academia Contacto oferece aulas de espanhol de alta qualidade para estudantes estrangeiros em Espanha. As nossas escolas de l\u00ednguas est\u00e3o localizadas no cora\u00e7\u00e3o das principais cidades espanholas e oferecemos cursos em todos os n\u00edveis (do principiante ao avan\u00e7ado) durante todo o ano.Trabalhamos com v\u00e1rias ag\u00eancias h\u00e1 alguns anos e estas sempre [&hellip;]<\/p>\n","protected":false},"author":2,"featured_media":0,"parent":0,"menu_order":111,"comment_status":"closed","ping_status":"closed","template":"page-contact.php","meta":{"_acf_changed":false,"om_disable_all_campaigns":false,"_monsterinsights_skip_tracking":false,"_monsterinsights_sitenote_active":false,"_monsterinsights_sitenote_note":"","_monsterinsights_sitenote_category":0,"_uf_show_specific_survey":0,"_uf_disable_surveys":false,"_joinchat":[],"footnotes":""},"class_list":["post-37609","page","type-page","status-publish","hentry"],"acf":[],"aioseo_notices":[],"yoast_head":"<!-- This site is optimized with the Yoast SEO plugin v27.5 - https:\/\/yoast.com\/product\/yoast-seo-wordpress\/ -->\n<title>Contacto da academia espanhola: cursos e n\u00edveis<\/title>\n<meta name=\"description\" content=\"Contacte-nos por telefone, e-mail ou preencha o formul\u00e1rio de inscri\u00e7\u00e3o e envie-nos. Forneceremos todas as informa\u00e7\u00f5es necess\u00e1rias sobre os nossos cursos de espanhol em Madrid.\" \/>\n<meta name=\"robots\" content=\"index, follow, max-snippet:-1, max-image-preview:large, max-video-preview:-1\" \/>\n<link rel=\"canonical\" href=\"https:\/\/academiacontacto.com\/pt-pt\/contact\/\" \/>\n<meta property=\"og:locale\" content=\"pt_PT\" \/>\n<meta property=\"og:type\" content=\"article\" \/>\n<meta property=\"og:title\" content=\"Contacto da academia espanhola: cursos e n\u00edveis\" \/>\n<meta property=\"og:description\" content=\"Contacte-nos por telefone, e-mail ou preencha o formul\u00e1rio de inscri\u00e7\u00e3o e envie-nos. Forneceremos todas as informa\u00e7\u00f5es necess\u00e1rias sobre os nossos cursos de espanhol em Madrid.\" \/>\n<meta property=\"og:url\" content=\"https:\/\/academiacontacto.com\/pt-pt\/contact\/\" \/>\n<meta property=\"og:site_name\" content=\"Academia Contacto\" \/>\n<meta property=\"article:modified_time\" content=\"2026-02-12T10:28:34+00:00\" \/>\n<meta name=\"twitter:label1\" content=\"Tempo estimado de leitura\" \/>\n\t<meta name=\"twitter:data1\" content=\"1 minuto\" \/>\n<script type=\"application\/ld+json\" class=\"yoast-schema-graph\">{\"@context\":\"https:\\\/\\\/schema.org\",\"@graph\":[{\"@type\":\"WebPage\",\"@id\":\"https:\\\/\\\/academiacontacto.com\\\/pt-pt\\\/contact\\\/\",\"url\":\"https:\\\/\\\/academiacontacto.com\\\/pt-pt\\\/contact\\\/\",\"name\":\"Contacto da academia espanhola: cursos e n\u00edveis\",\"isPartOf\":{\"@id\":\"https:\\\/\\\/academiacontacto.com\\\/pl\\\/#website\"},\"datePublished\":\"2026-02-12T10:21:08+00:00\",\"dateModified\":\"2026-02-12T10:28:34+00:00\",\"description\":\"Contacte-nos por telefone, e-mail ou preencha o formul\u00e1rio de inscri\u00e7\u00e3o e envie-nos. Forneceremos todas as informa\u00e7\u00f5es necess\u00e1rias sobre os nossos cursos de espanhol em Madrid.\",\"breadcrumb\":{\"@id\":\"https:\\\/\\\/academiacontacto.com\\\/pt-pt\\\/contact\\\/#breadcrumb\"},\"inLanguage\":\"pt-PT\",\"potentialAction\":[{\"@type\":\"ReadAction\",\"target\":[\"https:\\\/\\\/academiacontacto.com\\\/pt-pt\\\/contact\\\/\"]}]},{\"@type\":\"BreadcrumbList\",\"@id\":\"https:\\\/\\\/academiacontacto.com\\\/pt-pt\\\/contact\\\/#breadcrumb\",\"itemListElement\":[{\"@type\":\"ListItem\",\"position\":1,\"name\":\"Home\",\"item\":\"https:\\\/\\\/academiacontacto.com\\\/pt-pt\\\/\"},{\"@type\":\"ListItem\",\"position\":2,\"name\":\"Contacto\"}]},{\"@type\":\"WebSite\",\"@id\":\"https:\\\/\\\/academiacontacto.com\\\/pl\\\/#website\",\"url\":\"https:\\\/\\\/academiacontacto.com\\\/pl\\\/\",\"name\":\"Academia Contacto\",\"description\":\"Aprende Espa\u00f1ol con Academia Contacto\",\"publisher\":{\"@id\":\"https:\\\/\\\/academiacontacto.com\\\/pl\\\/#organization\"},\"potentialAction\":[{\"@type\":\"SearchAction\",\"target\":{\"@type\":\"EntryPoint\",\"urlTemplate\":\"https:\\\/\\\/academiacontacto.com\\\/pl\\\/?s={search_term_string}\"},\"query-input\":{\"@type\":\"PropertyValueSpecification\",\"valueRequired\":true,\"valueName\":\"search_term_string\"}}],\"inLanguage\":\"pt-PT\"},{\"@type\":\"Organization\",\"@id\":\"https:\\\/\\\/academiacontacto.com\\\/pl\\\/#organization\",\"name\":\"Academia Contacto\",\"url\":\"https:\\\/\\\/academiacontacto.com\\\/pl\\\/\",\"logo\":{\"@type\":\"ImageObject\",\"inLanguage\":\"pt-PT\",\"@id\":\"https:\\\/\\\/academiacontacto.com\\\/pl\\\/#\\\/schema\\\/logo\\\/image\\\/\",\"url\":\"https:\\\/\\\/academiacontacto.com\\\/wp-content\\\/uploads\\\/2021\\\/09\\\/acontacto.jpg\",\"contentUrl\":\"https:\\\/\\\/academiacontacto.com\\\/wp-content\\\/uploads\\\/2021\\\/09\\\/acontacto.jpg\",\"width\":218,\"height\":70,\"caption\":\"Academia Contacto\"},\"image\":{\"@id\":\"https:\\\/\\\/academiacontacto.com\\\/pl\\\/#\\\/schema\\\/logo\\\/image\\\/\"}}]}<\/script>\n<!-- \/ Yoast SEO plugin. -->","yoast_head_json":{"title":"Contacto da academia espanhola: cursos e n\u00edveis","description":"Contacte-nos por telefone, e-mail ou preencha o formul\u00e1rio de inscri\u00e7\u00e3o e envie-nos. Forneceremos todas as informa\u00e7\u00f5es necess\u00e1rias sobre os nossos cursos de espanhol em Madrid.","robots":{"index":"index","follow":"follow","max-snippet":"max-snippet:-1","max-image-preview":"max-image-preview:large","max-video-preview":"max-video-preview:-1"},"canonical":"https:\/\/academiacontacto.com\/pt-pt\/contact\/","og_locale":"pt_PT","og_type":"article","og_title":"Contacto da academia espanhola: cursos e n\u00edveis","og_description":"Contacte-nos por telefone, e-mail ou preencha o formul\u00e1rio de inscri\u00e7\u00e3o e envie-nos. Forneceremos todas as informa\u00e7\u00f5es necess\u00e1rias sobre os nossos cursos de espanhol em Madrid.","og_url":"https:\/\/academiacontacto.com\/pt-pt\/contact\/","og_site_name":"Academia Contacto","article_modified_time":"2026-02-12T10:28:34+00:00","twitter_misc":{"Tempo estimado de leitura":"1 minuto"},"schema":{"@context":"https:\/\/schema.org","@graph":[{"@type":"WebPage","@id":"https:\/\/academiacontacto.com\/pt-pt\/contact\/","url":"https:\/\/academiacontacto.com\/pt-pt\/contact\/","name":"Contacto da academia espanhola: cursos e n\u00edveis","isPartOf":{"@id":"https:\/\/academiacontacto.com\/pl\/#website"},"datePublished":"2026-02-12T10:21:08+00:00","dateModified":"2026-02-12T10:28:34+00:00","description":"Contacte-nos por telefone, e-mail ou preencha o formul\u00e1rio de inscri\u00e7\u00e3o e envie-nos. Forneceremos todas as informa\u00e7\u00f5es necess\u00e1rias sobre os nossos cursos de espanhol em Madrid.","breadcrumb":{"@id":"https:\/\/academiacontacto.com\/pt-pt\/contact\/#breadcrumb"},"inLanguage":"pt-PT","potentialAction":[{"@type":"ReadAction","target":["https:\/\/academiacontacto.com\/pt-pt\/contact\/"]}]},{"@type":"BreadcrumbList","@id":"https:\/\/academiacontacto.com\/pt-pt\/contact\/#breadcrumb","itemListElement":[{"@type":"ListItem","position":1,"name":"Home","item":"https:\/\/academiacontacto.com\/pt-pt\/"},{"@type":"ListItem","position":2,"name":"Contacto"}]},{"@type":"WebSite","@id":"https:\/\/academiacontacto.com\/pl\/#website","url":"https:\/\/academiacontacto.com\/pl\/","name":"Academia Contacto","description":"Aprende Espa\u00f1ol con Academia Contacto","publisher":{"@id":"https:\/\/academiacontacto.com\/pl\/#organization"},"potentialAction":[{"@type":"SearchAction","target":{"@type":"EntryPoint","urlTemplate":"https:\/\/academiacontacto.com\/pl\/?s={search_term_string}"},"query-input":{"@type":"PropertyValueSpecification","valueRequired":true,"valueName":"search_term_string"}}],"inLanguage":"pt-PT"},{"@type":"Organization","@id":"https:\/\/academiacontacto.com\/pl\/#organization","name":"Academia Contacto","url":"https:\/\/academiacontacto.com\/pl\/","logo":{"@type":"ImageObject","inLanguage":"pt-PT","@id":"https:\/\/academiacontacto.com\/pl\/#\/schema\/logo\/image\/","url":"https:\/\/academiacontacto.com\/wp-content\/uploads\/2021\/09\/acontacto.jpg","contentUrl":"https:\/\/academiacontacto.com\/wp-content\/uploads\/2021\/09\/acontacto.jpg","width":218,"height":70,"caption":"Academia Contacto"},"image":{"@id":"https:\/\/academiacontacto.com\/pl\/#\/schema\/logo\/image\/"}}]}},"_links":{"self":[{"href":"https:\/\/academiacontacto.com\/pt-pt\/wp-json\/wp\/v2\/pages\/37609","targetHints":{"allow":["GET"]}}],"collection":[{"href":"https:\/\/academiacontacto.com\/pt-pt\/wp-json\/wp\/v2\/pages"}],"about":[{"href":"https:\/\/academiacontacto.com\/pt-pt\/wp-json\/wp\/v2\/types\/page"}],"author":[{"embeddable":true,"href":"https:\/\/academiacontacto.com\/pt-pt\/wp-json\/wp\/v2\/users\/2"}],"replies":[{"embeddable":true,"href":"https:\/\/academiacontacto.com\/pt-pt\/wp-json\/wp\/v2\/comments?post=37609"}],"version-history":[{"count":1,"href":"https:\/\/academiacontacto.com\/pt-pt\/wp-json\/wp\/v2\/pages\/37609\/revisions"}],"predecessor-version":[{"id":37611,"href":"https:\/\/academiacontacto.com\/pt-pt\/wp-json\/wp\/v2\/pages\/37609\/revisions\/37611"}],"wp:attachment":[{"href":"https:\/\/academiacontacto.com\/pt-pt\/wp-json\/wp\/v2\/media?parent=37609"}],"curies":[{"name":"wp","href":"https:\/\/api.w.org\/{rel}","templated":true}]}}