{"id":19161,"date":"2016-12-27T03:33:09","date_gmt":"2016-12-27T03:33:09","guid":{"rendered":"http:\/\/academiacontacto.com\/legal-notice\/"},"modified":"2024-01-25T16:59:19","modified_gmt":"2024-01-25T16:59:19","slug":"legal-notice","status":"publish","type":"page","link":"https:\/\/academiacontacto.com\/pl\/legal-notice\/","title":{"rendered":"Nota prawna"},"content":{"rendered":"<h1 class=\"themed dots\" style=\"text-align: center;\">Informacja prawna i warunki<\/h1><p class=\"swp-legal-box\"><strong>W\u0142a\u015bciciel: Academia Contacto S.A.<\/strong><\/p><p><strong>C.I.F.: B82850686\u00a0<br \/><\/strong><strong>Adres: Calle Raimundo Lulio 7, 28010 Madryt<br \/><\/strong><\/p><p><strong>Kontakt: info@academiacontacto.com<\/strong><\/p><p class=\"swp-legal-box\">Academia Contacto S.A. posiada wszelkie prawa do tre\u015bci, projektu i kodu \u017ar\u00f3d\u0142owego tej strony, a w szczeg\u00f3lno\u015bci do informacji w niej zawartych. Ponadto, nazwy handlowe, znaki towarowe i logo znajduj\u0105ce si\u0119 na stronie nale\u017c\u0105 do ich prawnych w\u0142a\u015bcicieli i s\u0105 chronione prawem w\u0142asno\u015bci intelektualnej i przemys\u0142owej. W\u0142a\u015bciciel tej strony zastrzega sobie prawo do aktualizacji jej zawarto\u015bci, gdy uzna to za niezb\u0119dne, oraz do ograniczenia lub zablokowania dost\u0119pu do jej tre\u015bci czasowo lub na sta\u0142e.<br \/>Wszystkie akty zwi\u0105zane z transmisj\u0105, dystrybucj\u0105, powielaniem, przechowywaniem lub publicznym udost\u0119pnianiem tre\u015bci, cz\u0119\u015bciowym lub ca\u0142kowitym, musz\u0105 mie\u0107 wyra\u017ane pozwolenie od Academii Contacto S.A.<br \/>Dozwolone jest umieszczenie hiper\u0142\u0105cza do tej strony, do wszystkich jej zak\u0142adek.<br \/>Zabronione jest u\u017cywanie, zmiana lub zamiana tre\u015bci tej strony w spos\u00f3b sprzeczny z prawem, moralno\u015bci\u0105 lub porz\u0105dkiem publicznym.<br \/>Gwarantujemy, \u017ce zdj\u0119cia wykorzystane do zilustrowania niniejszej strony zosta\u0142y zaczerpni\u0119te z niezale\u017cnych baz danych po nabyciu pozwolenia do ich wykorzystania. Reszta zdj\u0119\u0107 jest w\u0142asno\u015bci\u0105 Academii Contacto S.A.<br \/>Academia Contacto S.A. oraz jej pracownicy i wsp\u00f3\u0142pracownicy nie ponosz\u0105 odpowiedzialno\u015bci za jakiekolwiek szkody lub straty poniesione po\u015brednio lub bezpo\u015brednio przez dowolnego u\u017cytkownika lub osob\u0119 trzeci\u0105 przez wszelkie decyzje podj\u0119te w oparciu o tre\u015b\u0107 tej strony.<br \/>Academia Contacto S.A. nie ponosi odpowiedzialno\u015bci za tre\u015b\u0107 stron, do kt\u00f3rych mo\u017cna uzyska\u0107 dost\u0119p za pomoc\u0105 link\u00f3w zawartych na tej stronie.<\/p><p><span style=\"text-decoration: underline;\"><strong>Warunki og\u00f3lne<\/strong><\/span><\/p><ol><li><b>Zapisy<\/b><\/li><\/ol><p>Wniosek o rejestracj\u0119 jest niezb\u0119dnym wymogiem tego formularza, nale\u017cycie wype\u0142niony we wszystkich polach, podpisany przez rodzic\u00f3w lub prawnych opiekun\u00f3w ucznia w przypadku ma\u0142oletnich, razem z op\u0142at\u0105 rezerwacyjn\u0105. Kwota rezerwacji to 200 \u20ac, kt\u00f3ra odliczona zostanie od ceny kursu. Jak tylko otrzymamy rejestracj\u0119 i op\u0142at\u0119, otrzymasz potwierdzenie, kt\u00f3re jest niezb\u0119dnym warunkiem do uczestnictwa w danym kursie.<\/p><ol start=\"2\"><li><strong>Warunki p\u0142atno\u015bci<\/strong><\/li><\/ol><p>Op\u0142ata rezerwacji kursu musi zosta\u0107 w pe\u0142ni zap\u0142acona w momencie rejestracji, w przeciwnym razie Academia Contacto nie zobowi\u0105zuje si\u0119 do \u015bwiadczenia jakichkolwiek us\u0142ug uczniowi. Kurs i zakwaterowanie powinno by\u0107 w pe\u0142ni op\u0142acone najp\u00f3\u017aniej 2 tygodnie przed rozpocz\u0119ciem kursu. W szkole w Madrycie jest mo\u017cliwo\u015b\u0107 zap\u0142aty w pierwszy dzie\u0144 rozpoczynanego kursu. W przypadku rejestracji na kr\u00f3tki okres przed przyjazdem, nie zawsze mo\u017cemy zagwarantowa\u0107 wybrane zakwaterowanie.<\/p><ol start=\"3\"><li><strong>Formy p\u0142atno\u015bci<\/strong><\/li><\/ol><p>Przelew bankowy na nasze konto: Academia Contacto; Bank: : Santander. Luchana 33, 28010 Madrid. IBAN: ES38 0049 4679 11 2916478381 SWIFT \/ BIC: BSCHESMM<br \/>Karta kredytowa (Visa, Mastercard))<br \/>Got\u00f3wka<\/p><ol start=\"4\"><li><strong>Korzy\u015bci<\/strong><\/li><\/ol><p>B\u0119dziesz cieszy\u0142 si\u0119 korzy\u015bciami okre\u015blonymi w formularzu rejestracyjnym, odpowiednio potwierdzonym przez Academi\u0119 Contacto. Cena zawiera: lekcje, materia\u0142y dydaktyczne, korzystanie z biblioteki, internet, program kulturalny i us\u0142ugi. Cena nie zawiera: bilet\u00f3w wst\u0119pu i koszt\u00f3w podr\u00f3\u017cy dla wszystkich wizyt poza szko\u0142\u0105 ani koszt\u00f3w zwi\u0105zanych z wycieczkami, wsp\u00f3lnymi posi\u0142kami z nauczycielem, warsztatami gotowania, degustacj\u0105 wina, odebranie z lotniska, oraz wszelkie inne koszty \u015bwiadcze\u0144, kt\u00f3re nie zosta\u0142y wyra\u017anie okre\u015blone. Zastrzegamy sobie prawo do zmiany naszego programu kulturalnego lub do dowo\u0142ania wizyt kulturalnych ze wzgl\u0119du na ma\u0142\u0105 liczb\u0119 uczestnik\u00f3w. Je\u015bli Academia Contacto wsp\u00f3\u0142pracuje z firmami trzecimi, maj\u0105 zastosowanie warunki tej ostatniej.<\/p><ol start=\"5\"><li><strong>Zmiany \/ Rezygnacja<\/strong><\/li><\/ol><p>Klient mo\u017ce zmieni\u0107 daty i rodzaj kursu do 4 tygodni przed jego rozpocz\u0119ciem, w zale\u017cno\u015bci od dost\u0119pno\u015bci miejsc. Rezygnacja z kursu musi by\u0107 wyra\u017cona pisemnie. W przypadku otrzymania rezygnacji do 30 dni przed rozpocz\u0119ciem kursu, pieni\u0105dze zostan\u0105 zwr\u00f3cone, z wyj\u0105tkiem 100 euro op\u0142aty anulacyjnej. Je\u015bli rezygnacja z kursu nast\u0105pi na mniej ni\u017c 30 dni przed rozpocz\u0119ciem kursu, koszt anulacji wynosi 200 euro. <br \/><span class=\"Y2IQFc\" lang=\"pl\"><span class=\"HwtZe\" jsaction=\"mouseup:Sxi9L,BR6jm; mousedown:qjlr0e\" jsname=\"jqKxS\" lang=\"pl\"><span jsaction=\"agoMJf:PFBcW;MZfLnc:P7O7bd;nt4Alf:pvnm0e,pfE8Hb,PFBcW;B01qod:dJXsye;H1e5u:iXtTIf;lYIUJf:hij5Wb;bmeZHc:iURhpf;Oxj3Xe:qAKMYb,yaf12d\" jsname=\"txFAF\" class=\"jCAhz ChMk0b\" jscontroller=\"Gn4SMb\"><span class=\"ryNqvb\" jsaction=\"click:E6Tfl,GFf3ac,tMZCfe; contextmenu:Nqw7Te,QP7LD; mouseout:Nqw7Te; mouseover:E6Tfl,c2aHje\" jsname=\"W297wb\">Je\u015bli potrzebujesz wizy studenckiej, pe\u0142n\u0105 kwot\u0119 nale\u017cy ui\u015bci\u0107 przed wystawieniem pisma do konsulatu.<\/span><\/span> <span jsaction=\"agoMJf:PFBcW;MZfLnc:P7O7bd;nt4Alf:pvnm0e,pfE8Hb,PFBcW;B01qod:dJXsye;H1e5u:iXtTIf;lYIUJf:hij5Wb;bmeZHc:iURhpf;Oxj3Xe:qAKMYb,yaf12d\" jsname=\"txFAF\" class=\"jCAhz ChMk0b\" jscontroller=\"Gn4SMb\"><span class=\"ryNqvb\" jsaction=\"click:E6Tfl,GFf3ac,tMZCfe; contextmenu:Nqw7Te,QP7LD; mouseout:Nqw7Te; mouseover:E6Tfl,c2aHje\" jsname=\"W297wb\">Po tym terminie zwrot pieni\u0119dzy nie b\u0119dzie ju\u017c mo\u017cliwy, chyba \u017ce wniosek zostanie odrzucony, po przedstawieniu zadowalaj\u0105cych dowod\u00f3w, zostanie dokonany pe\u0142ny zwrot koszt\u00f3w pomniejszony o op\u0142at\u0119 manipulacyjn\u0105 w wysoko\u015bci 200 \u20ac.<\/span><\/span><\/span><br \/><\/span>W przypadku nie stawienia si\u0119 na kursie i nie poinformowaniu o anulacji w spos\u00f3b okre\u015blony powy\u017cej, lub w przypadku decyzji o opuszczeniu kursu przed jego zako\u0144czeniem, klient zobowi\u0105zany jest do op\u0142acenia ca\u0142kowitej kwoty kursu jak i zakwaterowania.<br \/>W szczycie sezonu lekcje mog\u0105 odbywa\u0107 si\u0119 w salach poza szko\u0142\u0105 Academia Contacto, a kurs Intensywny mo\u017ce odbywa\u0107 si\u0119 w dw\u00f3ch turach, w godzinach popo\u0142udniowych.<br \/><span class=\"HwtZe\" jsaction=\"mouseup:Sxi9L,BR6jm; mousedown:qjlr0e\" jsname=\"jqKxS\" lang=\"pl\"><span jsaction=\"agoMJf:PFBcW;MZfLnc:P7O7bd;nt4Alf:pvnm0e,pfE8Hb,PFBcW;B01qod:dJXsye;H1e5u:iXtTIf;lYIUJf:hij5Wb;bmeZHc:iURhpf;Oxj3Xe:qAKMYb,yaf12d\" jsname=\"txFAF\" class=\"jCAhz ChMk0b\" jscontroller=\"Gn4SMb\"><span class=\"ryNqvb\" jsaction=\"click:E6Tfl,GFf3ac,tMZCfe; contextmenu:Nqw7Te,QP7LD; mouseout:Nqw7Te; mouseover:E6Tfl,c2aHje\" jsname=\"W297wb\">Zaj\u0119cia indywidualne nale\u017cy odwo\u0142a\u0107 z minimum 24-godzinnym wyprzedzeniem.<\/span><\/span><\/span><span class=\"ZSCsVd\"><\/span><\/p><div aria-hidden=\"true\" class=\"UdTY9 WdefRb\" data-location=\"2\" jsaction=\"agoMJf:gXkcrf;h5CHLc:RHer4,P6Fjxb;rpiAHc:GitQp,fNH7he\" jscontroller=\"ZbunN\" jsname=\"c3wAjc\"><div class=\"kO6q6e\" jsname=\"jTaUub\"><\/div><\/div><ol start=\"6\"><li><strong> Przed\u0142u\u017cenie kursu<\/strong><\/li><\/ol><p>W przypadku ch\u0119ci przed\u0142u\u017cenia kursu, nale\u017cy poinformowa\u0107 Academi\u0119 Contacto tydzie\u0144 przed pocz\u0105tkiem nowego kursu i op\u0142aci\u0107 go najp\u00f3\u017aniej pierwszego dnia nowego kursu. Nie zawsze mo\u017cemy zagwarantowa\u0107 to samo zakwaterowanie. W \u015bwi\u0119ta nie odbywaj\u0105 si\u0119 lekcje. Po\u0142owa straconych lekcji zostanie odrobiona w ci\u0105gu tygodnia.\u00a0<\/p><ol start=\"7\"><li><strong>Wiek \/ Liczba uczni\u00f3w<\/strong><\/li><\/ol><p>Minimalny wiek do uczestniczenia w naszych kursach to 17 lat. Minimalna liczba uczni\u00f3w w danym kursie to 3 osoby, <span class=\"Y2IQFc\" lang=\"pl\">W przypadku braku mo\u017cliwo\u015bci utworzenia grupy odpowiadaj\u0105cej poziomowi j\u0119zyka hiszpa\u0144skiego ucznia, student otrzyma mniejsz\u0105 liczb\u0119 zaj\u0119\u0107.<\/span><\/p><ol start=\"8\"><li><strong> Dni bez lekcji<\/strong><\/li><\/ol><p>W dni \u015bwi\u0105teczne nie s\u0105 prowadzone zaj\u0119cia. W Madrycie po\u0142owa straconych zaj\u0119\u0107 b\u0119dzie odrobiona w trakcie tygodnia.<\/p><ol start=\"9\"><li><strong> Ubezpieczenia<\/strong><\/li><\/ol><p>Nasi klienci s\u0105 ubezpieczeni od wszelkich szk\u00f3d, jakie mog\u0105 ponie\u015b\u0107 w szkole. Academia Contacto ani rodziny wsp\u00f3\u0142pracuj\u0105ce nie s\u0105 odpowiedzialne za wypadki, choroby, kradzie\u017ce lub utrat\u0119 warto\u015bciowych przedmiot\u00f3w. Przed rozpocz\u0119ciem kursu zalecamy wykupienie ubezpieczenia od chor\u00f3b i wypadk\u00f3w.<\/p><ol start=\"10\"><li><strong> Wydalenie z kursu<\/strong><\/li><\/ol><p>Academia Contacto zastrzega sobie prawo do rozwi\u0105zania umowy, je\u017celi ucze\u0144 zaanga\u017cowany jest w jedno z powa\u017cnych wykrocze\u0144 wskazanych w standardach zachowania Academii Contacto, kt\u00f3re musz\u0105 by\u0107 znane i akceptowane. W takim przypadku kwota kursu nie zostanie zwr\u00f3cona.<\/p><ol start=\"11\"><li><strong> Rozwi\u0105zywanie konflikt\u00f3w<\/strong><\/li><\/ol><p>Wszelkie r\u00f3\u017cnice, kt\u00f3re mog\u0105 wynikn\u0105\u0107 b\u0119d\u0105 rozpatrywane przez s\u0105dy i trybuna\u0142y w Madrycie. Wszelkie wydatki zwi\u0105zane z prawnikami i prokuratorami, zwi\u0105zanych z Academi\u0105 Contacto, nawet tych niewymaganych przez prawo, ponosz\u0105 klienci, nawet, je\u015bli wyrok obejmuje roszczenia Academii Contacto lub odrzuca roszczenia ucznia.<\/p><ol start=\"12\"><li><strong>Ochrona danych<\/strong><\/li><\/ol><p>Academia Contacto zobowi\u0105zuje si\u0119 zachowa\u0107 absolutn\u0105 tajemnic\u0119 w odniesieniu do danych osobowych, do kt\u00f3rych ma dost\u0119p w ramach realizacji niniejszej umowy i przestrzega\u0107 wszystkich przepis\u00f3w prawnych zawartych w ustawie organicznej 15\/1999, o Ochronie Danych Osobowych. Ucze\u0144 wyra\u017anie i jednoznacznie wyra\u017ca zgod\u0119 na przekazanie swoich danych osobowych Academii Contacto, o ile jest to niezb\u0119dne do przestrzegania zobowi\u0105za\u0144 ustanowionych przez prawo lub uzgodnionych przez strony.<\/p><p>&nbsp;<\/p><ol class=\"more-margin\"><\/ol>","protected":false},"excerpt":{"rendered":"<p>Informacja prawna i warunkiW\u0142a\u015bciciel: Academia Contacto S.A.C.I.F.: B82850686\u00a0Adres: Calle Raimundo Lulio 7, 28010 MadrytKontakt: info@academiacontacto.comAcademia Contacto S.A. posiada wszelkie prawa do tre\u015bci, projektu i kodu \u017ar\u00f3d\u0142owego tej strony, a w szczeg\u00f3lno\u015bci do informacji w niej zawartych. Ponadto, nazwy handlowe, znaki towarowe i logo znajduj\u0105ce si\u0119 na stronie nale\u017c\u0105 do ich prawnych w\u0142a\u015bcicieli i s\u0105 chronione [&hellip;]<\/p>\n","protected":false},"author":3,"featured_media":0,"parent":0,"menu_order":312,"comment_status":"closed","ping_status":"closed","template":"page-content.php","meta":{"_acf_changed":false,"om_disable_all_campaigns":false,"_monsterinsights_skip_tracking":false,"_monsterinsights_sitenote_active":false,"_monsterinsights_sitenote_note":"","_monsterinsights_sitenote_category":0,"_uf_show_specific_survey":0,"_uf_disable_surveys":false,"_joinchat":[],"footnotes":""},"class_list":["post-19161","page","type-page","status-publish","hentry"],"acf":[],"aioseo_notices":[],"yoast_head":"<!-- This site is optimized with the Yoast SEO plugin v27.0 - https:\/\/yoast.com\/product\/yoast-seo-wordpress\/ -->\n<title>Nota prawna -<\/title>\n<meta name=\"robots\" content=\"index, follow, max-snippet:-1, max-image-preview:large, max-video-preview:-1\" \/>\n<link rel=\"canonical\" href=\"https:\/\/academiacontacto.com\/pl\/legal-notice\/\" \/>\n<meta property=\"og:locale\" content=\"pl_PL\" \/>\n<meta property=\"og:type\" content=\"article\" \/>\n<meta property=\"og:title\" content=\"Nota prawna -\" \/>\n<meta property=\"og:description\" content=\"Informacja prawna i warunkiW\u0142a\u015bciciel: Academia Contacto S.A.C.I.F.: B82850686\u00a0Adres: Calle Raimundo Lulio 7, 28010 MadrytKontakt: info@academiacontacto.comAcademia Contacto S.A. posiada wszelkie prawa do tre\u015bci, projektu i kodu \u017ar\u00f3d\u0142owego tej strony, a w szczeg\u00f3lno\u015bci do informacji w niej zawartych. Ponadto, nazwy handlowe, znaki towarowe i logo znajduj\u0105ce si\u0119 na stronie nale\u017c\u0105 do ich prawnych w\u0142a\u015bcicieli i s\u0105 chronione [&hellip;]\" \/>\n<meta property=\"og:url\" content=\"https:\/\/academiacontacto.com\/pl\/legal-notice\/\" \/>\n<meta property=\"og:site_name\" content=\"Academia Contacto\" \/>\n<meta property=\"article:modified_time\" content=\"2024-01-25T16:59:19+00:00\" \/>\n<meta name=\"twitter:label1\" content=\"Szacowany czas czytania\" \/>\n\t<meta name=\"twitter:data1\" content=\"5 minut\" \/>\n<script type=\"application\/ld+json\" class=\"yoast-schema-graph\">{\"@context\":\"https:\/\/schema.org\",\"@graph\":[{\"@type\":\"WebPage\",\"@id\":\"https:\/\/academiacontacto.com\/pl\/legal-notice\/\",\"url\":\"https:\/\/academiacontacto.com\/pl\/legal-notice\/\",\"name\":\"Nota prawna -\",\"isPartOf\":{\"@id\":\"https:\/\/academiacontacto.com\/pl\/#website\"},\"datePublished\":\"2016-12-27T03:33:09+00:00\",\"dateModified\":\"2024-01-25T16:59:19+00:00\",\"breadcrumb\":{\"@id\":\"https:\/\/academiacontacto.com\/pl\/legal-notice\/#breadcrumb\"},\"inLanguage\":\"pl-PL\",\"potentialAction\":[{\"@type\":\"ReadAction\",\"target\":[\"https:\/\/academiacontacto.com\/pl\/legal-notice\/\"]}]},{\"@type\":\"BreadcrumbList\",\"@id\":\"https:\/\/academiacontacto.com\/pl\/legal-notice\/#breadcrumb\",\"itemListElement\":[{\"@type\":\"ListItem\",\"position\":1,\"name\":\"Home\",\"item\":\"https:\/\/academiacontacto.com\/pl\/\"},{\"@type\":\"ListItem\",\"position\":2,\"name\":\"Nota prawna\"}]},{\"@type\":\"WebSite\",\"@id\":\"https:\/\/academiacontacto.com\/pl\/#website\",\"url\":\"https:\/\/academiacontacto.com\/pl\/\",\"name\":\"Academia Contacto\",\"description\":\"Aprende Espa\u00f1ol con Academia Contacto\",\"publisher\":{\"@id\":\"https:\/\/academiacontacto.com\/pl\/#organization\"},\"potentialAction\":[{\"@type\":\"SearchAction\",\"target\":{\"@type\":\"EntryPoint\",\"urlTemplate\":\"https:\/\/academiacontacto.com\/pl\/?s={search_term_string}\"},\"query-input\":{\"@type\":\"PropertyValueSpecification\",\"valueRequired\":true,\"valueName\":\"search_term_string\"}}],\"inLanguage\":\"pl-PL\"},{\"@type\":\"Organization\",\"@id\":\"https:\/\/academiacontacto.com\/pl\/#organization\",\"name\":\"Academia Contacto\",\"url\":\"https:\/\/academiacontacto.com\/pl\/\",\"logo\":{\"@type\":\"ImageObject\",\"inLanguage\":\"pl-PL\",\"@id\":\"https:\/\/academiacontacto.com\/pl\/#\/schema\/logo\/image\/\",\"url\":\"https:\/\/academiacontacto.com\/wp-content\/uploads\/2021\/09\/acontacto.jpg\",\"contentUrl\":\"https:\/\/academiacontacto.com\/wp-content\/uploads\/2021\/09\/acontacto.jpg\",\"width\":218,\"height\":70,\"caption\":\"Academia Contacto\"},\"image\":{\"@id\":\"https:\/\/academiacontacto.com\/pl\/#\/schema\/logo\/image\/\"}}]}<\/script>\n<!-- \/ Yoast SEO plugin. -->","yoast_head_json":{"title":"Nota prawna -","robots":{"index":"index","follow":"follow","max-snippet":"max-snippet:-1","max-image-preview":"max-image-preview:large","max-video-preview":"max-video-preview:-1"},"canonical":"https:\/\/academiacontacto.com\/pl\/legal-notice\/","og_locale":"pl_PL","og_type":"article","og_title":"Nota prawna -","og_description":"Informacja prawna i warunkiW\u0142a\u015bciciel: Academia Contacto S.A.C.I.F.: B82850686\u00a0Adres: Calle Raimundo Lulio 7, 28010 MadrytKontakt: info@academiacontacto.comAcademia Contacto S.A. posiada wszelkie prawa do tre\u015bci, projektu i kodu \u017ar\u00f3d\u0142owego tej strony, a w szczeg\u00f3lno\u015bci do informacji w niej zawartych. Ponadto, nazwy handlowe, znaki towarowe i logo znajduj\u0105ce si\u0119 na stronie nale\u017c\u0105 do ich prawnych w\u0142a\u015bcicieli i s\u0105 chronione [&hellip;]","og_url":"https:\/\/academiacontacto.com\/pl\/legal-notice\/","og_site_name":"Academia Contacto","article_modified_time":"2024-01-25T16:59:19+00:00","twitter_misc":{"Szacowany czas czytania":"5 minut"},"schema":{"@context":"https:\/\/schema.org","@graph":[{"@type":"WebPage","@id":"https:\/\/academiacontacto.com\/pl\/legal-notice\/","url":"https:\/\/academiacontacto.com\/pl\/legal-notice\/","name":"Nota prawna -","isPartOf":{"@id":"https:\/\/academiacontacto.com\/pl\/#website"},"datePublished":"2016-12-27T03:33:09+00:00","dateModified":"2024-01-25T16:59:19+00:00","breadcrumb":{"@id":"https:\/\/academiacontacto.com\/pl\/legal-notice\/#breadcrumb"},"inLanguage":"pl-PL","potentialAction":[{"@type":"ReadAction","target":["https:\/\/academiacontacto.com\/pl\/legal-notice\/"]}]},{"@type":"BreadcrumbList","@id":"https:\/\/academiacontacto.com\/pl\/legal-notice\/#breadcrumb","itemListElement":[{"@type":"ListItem","position":1,"name":"Home","item":"https:\/\/academiacontacto.com\/pl\/"},{"@type":"ListItem","position":2,"name":"Nota prawna"}]},{"@type":"WebSite","@id":"https:\/\/academiacontacto.com\/pl\/#website","url":"https:\/\/academiacontacto.com\/pl\/","name":"Academia Contacto","description":"Aprende Espa\u00f1ol con Academia Contacto","publisher":{"@id":"https:\/\/academiacontacto.com\/pl\/#organization"},"potentialAction":[{"@type":"SearchAction","target":{"@type":"EntryPoint","urlTemplate":"https:\/\/academiacontacto.com\/pl\/?s={search_term_string}"},"query-input":{"@type":"PropertyValueSpecification","valueRequired":true,"valueName":"search_term_string"}}],"inLanguage":"pl-PL"},{"@type":"Organization","@id":"https:\/\/academiacontacto.com\/pl\/#organization","name":"Academia Contacto","url":"https:\/\/academiacontacto.com\/pl\/","logo":{"@type":"ImageObject","inLanguage":"pl-PL","@id":"https:\/\/academiacontacto.com\/pl\/#\/schema\/logo\/image\/","url":"https:\/\/academiacontacto.com\/wp-content\/uploads\/2021\/09\/acontacto.jpg","contentUrl":"https:\/\/academiacontacto.com\/wp-content\/uploads\/2021\/09\/acontacto.jpg","width":218,"height":70,"caption":"Academia Contacto"},"image":{"@id":"https:\/\/academiacontacto.com\/pl\/#\/schema\/logo\/image\/"}}]}},"_links":{"self":[{"href":"https:\/\/academiacontacto.com\/pl\/wp-json\/wp\/v2\/pages\/19161","targetHints":{"allow":["GET"]}}],"collection":[{"href":"https:\/\/academiacontacto.com\/pl\/wp-json\/wp\/v2\/pages"}],"about":[{"href":"https:\/\/academiacontacto.com\/pl\/wp-json\/wp\/v2\/types\/page"}],"author":[{"embeddable":true,"href":"https:\/\/academiacontacto.com\/pl\/wp-json\/wp\/v2\/users\/3"}],"replies":[{"embeddable":true,"href":"https:\/\/academiacontacto.com\/pl\/wp-json\/wp\/v2\/comments?post=19161"}],"version-history":[{"count":0,"href":"https:\/\/academiacontacto.com\/pl\/wp-json\/wp\/v2\/pages\/19161\/revisions"}],"wp:attachment":[{"href":"https:\/\/academiacontacto.com\/pl\/wp-json\/wp\/v2\/media?parent=19161"}],"curies":[{"name":"wp","href":"https:\/\/api.w.org\/{rel}","templated":true}]}}