{"id":19151,"date":"2016-12-27T03:36:14","date_gmt":"2016-12-27T03:36:14","guid":{"rendered":"http:\/\/academiacontacto.com\/privacy-policy\/"},"modified":"2017-05-25T08:38:57","modified_gmt":"2017-05-25T08:38:57","slug":"privacy-policy","status":"publish","type":"page","link":"https:\/\/academiacontacto.com\/pl\/privacy-policy\/","title":{"rendered":"Polityka prywatno\u015bci"},"content":{"rendered":"<h1 class=\"themed dots\" style=\"text-align: center;\">Polityka prywatno\u015bci<\/h1>\r\n<p>Zgodnie z przepisami ustawy organicznej 15 \/ 1999 o Ochronie Danych Osobowych, informujemy, \u017ce wype\u0142nienie formularzy znajduj\u0105cych si\u0119 na stronie www.academiacontacto.com lub wys\u0142anie wiadomo\u015bci e-mail na kt\u00f3rykolwiek z naszych kont oznacza akceptacj\u0119 niniejszej polityki prywatno\u015bci, a tak\u017ce autoryzacj\u0119 do przetwarzania podanych danych przez Academi\u0119 Contacto S.A.\r\nDane u\u017cytkownika przechowywane s\u0105 w dokumencie nale\u017c\u0105cym do Academii Contacto S.A. i zostan\u0105 one wykorzystane do zarz\u0105dzania pro\u015bbami oraz do przesy\u0142ania informacji o us\u0142ugach i nowo\u015bciach. Nowe kontakty mog\u0105 by\u0107 dodawane za po\u015brednictwem poczty lub poczty elektronicznej. \r\nAcademia Contacto w \u017cadnym wypadku nie poda osobom trzecim danych osobowych przechowywanych w tej sieci. \r\nAcademia Contacto zobowi\u0105zuje si\u0119 do zachowania maksymalnej poufno\u015bci informacji przekazywanych do niej i do wykorzystania ich tylko we wskazanych celach. Gwarantuje r\u00f3wnie\u017c wykonanie wszystkich \u015brodk\u00f3w technicznych s\u0142u\u017c\u0105cych ochronie przechowywanych danych, a tak\u017ce aktualizacj\u0119 i sta\u0142\u0105 rewizj\u0119.\r\nAcademia Contacto S.A. rozumie, \u017ce dane zosta\u0142y wprowadzone przez w\u0142a\u015bciciela lub osob\u0119 przez niego upowa\u017cnion\u0105, a tak\u017ce, \u017ce s\u0105 poprawne i dok\u0142adne. U\u017cytkownik mo\u017ce korzysta\u0107 ze swoich praw dost\u0119pu, poprawiania, anulowania i sprzeciwu, kieruj\u0105c odpowiednie \u017c\u0105danie (wraz z kserokopi\u0105 dowodu osobistego) na nast\u0119puj\u0105cy adres: <\/p><p>Academia Contacto, S.L. \u2013 Department of the Protection of Personal Data<br \/>Calle Raimundo Lulio 7<br \/>Madrid 28010<\/p><p>Numer telefonu: (+34)913642454<br \/>E-mail: <a title=\"Enviar correo\" target=\"_blank\" href=\"mailto:info@www.academiacontacto.com\" rel=\"noopener noreferrer\">info@academiacontacto.com<\/a><\/p>","protected":false},"excerpt":{"rendered":"<p>Polityka prywatno\u015bci Zgodnie z przepisami ustawy organicznej 15 \/ 1999 o Ochronie Danych Osobowych, informujemy, \u017ce wype\u0142nienie formularzy znajduj\u0105cych si\u0119 na stronie www.academiacontacto.com lub wys\u0142anie wiadomo\u015bci e-mail na kt\u00f3rykolwiek z naszych kont oznacza akceptacj\u0119 niniejszej polityki prywatno\u015bci, a tak\u017ce autoryzacj\u0119 do przetwarzania podanych danych przez Academi\u0119 Contacto S.A. Dane u\u017cytkownika przechowywane s\u0105 w dokumencie nale\u017c\u0105cym [&hellip;]<\/p>\n","protected":false},"author":3,"featured_media":0,"parent":0,"menu_order":268,"comment_status":"closed","ping_status":"closed","template":"page-content.php","meta":{"_acf_changed":false,"om_disable_all_campaigns":false,"_monsterinsights_skip_tracking":false,"_monsterinsights_sitenote_active":false,"_monsterinsights_sitenote_note":"","_monsterinsights_sitenote_category":0,"_uf_show_specific_survey":0,"_uf_disable_surveys":false,"_joinchat":[],"footnotes":""},"class_list":["post-19151","page","type-page","status-publish","hentry"],"acf":[],"aioseo_notices":[],"yoast_head":"<!-- This site is optimized with the Yoast SEO plugin v27.0 - https:\/\/yoast.com\/product\/yoast-seo-wordpress\/ -->\n<title>Polityka prywatno\u015bci -<\/title>\n<meta name=\"robots\" content=\"index, follow, max-snippet:-1, max-image-preview:large, max-video-preview:-1\" \/>\n<link rel=\"canonical\" href=\"https:\/\/academiacontacto.com\/pl\/privacy-policy\/\" \/>\n<meta property=\"og:locale\" content=\"pl_PL\" \/>\n<meta property=\"og:type\" content=\"article\" \/>\n<meta property=\"og:title\" content=\"Polityka prywatno\u015bci -\" \/>\n<meta property=\"og:description\" content=\"Polityka prywatno\u015bci Zgodnie z przepisami ustawy organicznej 15 \/ 1999 o Ochronie Danych Osobowych, informujemy, \u017ce wype\u0142nienie formularzy znajduj\u0105cych si\u0119 na stronie www.academiacontacto.com lub wys\u0142anie wiadomo\u015bci e-mail na kt\u00f3rykolwiek z naszych kont oznacza akceptacj\u0119 niniejszej polityki prywatno\u015bci, a tak\u017ce autoryzacj\u0119 do przetwarzania podanych danych przez Academi\u0119 Contacto S.A. Dane u\u017cytkownika przechowywane s\u0105 w dokumencie nale\u017c\u0105cym [&hellip;]\" \/>\n<meta property=\"og:url\" content=\"https:\/\/academiacontacto.com\/pl\/privacy-policy\/\" \/>\n<meta property=\"og:site_name\" content=\"Academia Contacto\" \/>\n<meta property=\"article:modified_time\" content=\"2017-05-25T08:38:57+00:00\" \/>\n<meta name=\"twitter:label1\" content=\"Szacowany czas czytania\" \/>\n\t<meta name=\"twitter:data1\" content=\"1 minuta\" \/>\n<script type=\"application\/ld+json\" class=\"yoast-schema-graph\">{\"@context\":\"https:\/\/schema.org\",\"@graph\":[{\"@type\":\"WebPage\",\"@id\":\"https:\/\/academiacontacto.com\/pl\/privacy-policy\/\",\"url\":\"https:\/\/academiacontacto.com\/pl\/privacy-policy\/\",\"name\":\"Polityka prywatno\u015bci -\",\"isPartOf\":{\"@id\":\"https:\/\/academiacontacto.com\/pl\/#website\"},\"datePublished\":\"2016-12-27T03:36:14+00:00\",\"dateModified\":\"2017-05-25T08:38:57+00:00\",\"breadcrumb\":{\"@id\":\"https:\/\/academiacontacto.com\/pl\/privacy-policy\/#breadcrumb\"},\"inLanguage\":\"pl-PL\",\"potentialAction\":[{\"@type\":\"ReadAction\",\"target\":[\"https:\/\/academiacontacto.com\/pl\/privacy-policy\/\"]}]},{\"@type\":\"BreadcrumbList\",\"@id\":\"https:\/\/academiacontacto.com\/pl\/privacy-policy\/#breadcrumb\",\"itemListElement\":[{\"@type\":\"ListItem\",\"position\":1,\"name\":\"Home\",\"item\":\"https:\/\/academiacontacto.com\/pl\/\"},{\"@type\":\"ListItem\",\"position\":2,\"name\":\"Polityka prywatno\u015bci\"}]},{\"@type\":\"WebSite\",\"@id\":\"https:\/\/academiacontacto.com\/pl\/#website\",\"url\":\"https:\/\/academiacontacto.com\/pl\/\",\"name\":\"Academia Contacto\",\"description\":\"Aprende Espa\u00f1ol con Academia Contacto\",\"publisher\":{\"@id\":\"https:\/\/academiacontacto.com\/pl\/#organization\"},\"potentialAction\":[{\"@type\":\"SearchAction\",\"target\":{\"@type\":\"EntryPoint\",\"urlTemplate\":\"https:\/\/academiacontacto.com\/pl\/?s={search_term_string}\"},\"query-input\":{\"@type\":\"PropertyValueSpecification\",\"valueRequired\":true,\"valueName\":\"search_term_string\"}}],\"inLanguage\":\"pl-PL\"},{\"@type\":\"Organization\",\"@id\":\"https:\/\/academiacontacto.com\/pl\/#organization\",\"name\":\"Academia Contacto\",\"url\":\"https:\/\/academiacontacto.com\/pl\/\",\"logo\":{\"@type\":\"ImageObject\",\"inLanguage\":\"pl-PL\",\"@id\":\"https:\/\/academiacontacto.com\/pl\/#\/schema\/logo\/image\/\",\"url\":\"https:\/\/academiacontacto.com\/wp-content\/uploads\/2021\/09\/acontacto.jpg\",\"contentUrl\":\"https:\/\/academiacontacto.com\/wp-content\/uploads\/2021\/09\/acontacto.jpg\",\"width\":218,\"height\":70,\"caption\":\"Academia Contacto\"},\"image\":{\"@id\":\"https:\/\/academiacontacto.com\/pl\/#\/schema\/logo\/image\/\"}}]}<\/script>\n<!-- \/ Yoast SEO plugin. -->","yoast_head_json":{"title":"Polityka prywatno\u015bci -","robots":{"index":"index","follow":"follow","max-snippet":"max-snippet:-1","max-image-preview":"max-image-preview:large","max-video-preview":"max-video-preview:-1"},"canonical":"https:\/\/academiacontacto.com\/pl\/privacy-policy\/","og_locale":"pl_PL","og_type":"article","og_title":"Polityka prywatno\u015bci -","og_description":"Polityka prywatno\u015bci Zgodnie z przepisami ustawy organicznej 15 \/ 1999 o Ochronie Danych Osobowych, informujemy, \u017ce wype\u0142nienie formularzy znajduj\u0105cych si\u0119 na stronie www.academiacontacto.com lub wys\u0142anie wiadomo\u015bci e-mail na kt\u00f3rykolwiek z naszych kont oznacza akceptacj\u0119 niniejszej polityki prywatno\u015bci, a tak\u017ce autoryzacj\u0119 do przetwarzania podanych danych przez Academi\u0119 Contacto S.A. Dane u\u017cytkownika przechowywane s\u0105 w dokumencie nale\u017c\u0105cym [&hellip;]","og_url":"https:\/\/academiacontacto.com\/pl\/privacy-policy\/","og_site_name":"Academia Contacto","article_modified_time":"2017-05-25T08:38:57+00:00","twitter_misc":{"Szacowany czas czytania":"1 minuta"},"schema":{"@context":"https:\/\/schema.org","@graph":[{"@type":"WebPage","@id":"https:\/\/academiacontacto.com\/pl\/privacy-policy\/","url":"https:\/\/academiacontacto.com\/pl\/privacy-policy\/","name":"Polityka prywatno\u015bci -","isPartOf":{"@id":"https:\/\/academiacontacto.com\/pl\/#website"},"datePublished":"2016-12-27T03:36:14+00:00","dateModified":"2017-05-25T08:38:57+00:00","breadcrumb":{"@id":"https:\/\/academiacontacto.com\/pl\/privacy-policy\/#breadcrumb"},"inLanguage":"pl-PL","potentialAction":[{"@type":"ReadAction","target":["https:\/\/academiacontacto.com\/pl\/privacy-policy\/"]}]},{"@type":"BreadcrumbList","@id":"https:\/\/academiacontacto.com\/pl\/privacy-policy\/#breadcrumb","itemListElement":[{"@type":"ListItem","position":1,"name":"Home","item":"https:\/\/academiacontacto.com\/pl\/"},{"@type":"ListItem","position":2,"name":"Polityka prywatno\u015bci"}]},{"@type":"WebSite","@id":"https:\/\/academiacontacto.com\/pl\/#website","url":"https:\/\/academiacontacto.com\/pl\/","name":"Academia Contacto","description":"Aprende Espa\u00f1ol con Academia Contacto","publisher":{"@id":"https:\/\/academiacontacto.com\/pl\/#organization"},"potentialAction":[{"@type":"SearchAction","target":{"@type":"EntryPoint","urlTemplate":"https:\/\/academiacontacto.com\/pl\/?s={search_term_string}"},"query-input":{"@type":"PropertyValueSpecification","valueRequired":true,"valueName":"search_term_string"}}],"inLanguage":"pl-PL"},{"@type":"Organization","@id":"https:\/\/academiacontacto.com\/pl\/#organization","name":"Academia Contacto","url":"https:\/\/academiacontacto.com\/pl\/","logo":{"@type":"ImageObject","inLanguage":"pl-PL","@id":"https:\/\/academiacontacto.com\/pl\/#\/schema\/logo\/image\/","url":"https:\/\/academiacontacto.com\/wp-content\/uploads\/2021\/09\/acontacto.jpg","contentUrl":"https:\/\/academiacontacto.com\/wp-content\/uploads\/2021\/09\/acontacto.jpg","width":218,"height":70,"caption":"Academia Contacto"},"image":{"@id":"https:\/\/academiacontacto.com\/pl\/#\/schema\/logo\/image\/"}}]}},"_links":{"self":[{"href":"https:\/\/academiacontacto.com\/pl\/wp-json\/wp\/v2\/pages\/19151","targetHints":{"allow":["GET"]}}],"collection":[{"href":"https:\/\/academiacontacto.com\/pl\/wp-json\/wp\/v2\/pages"}],"about":[{"href":"https:\/\/academiacontacto.com\/pl\/wp-json\/wp\/v2\/types\/page"}],"author":[{"embeddable":true,"href":"https:\/\/academiacontacto.com\/pl\/wp-json\/wp\/v2\/users\/3"}],"replies":[{"embeddable":true,"href":"https:\/\/academiacontacto.com\/pl\/wp-json\/wp\/v2\/comments?post=19151"}],"version-history":[{"count":0,"href":"https:\/\/academiacontacto.com\/pl\/wp-json\/wp\/v2\/pages\/19151\/revisions"}],"wp:attachment":[{"href":"https:\/\/academiacontacto.com\/pl\/wp-json\/wp\/v2\/media?parent=19151"}],"curies":[{"name":"wp","href":"https:\/\/api.w.org\/{rel}","templated":true}]}}