{"id":19137,"date":"2017-01-22T08:18:35","date_gmt":"2017-01-22T08:18:35","guid":{"rendered":"http:\/\/academiacontacto.com\/prices\/valencia\/"},"modified":"2018-11-23T14:08:08","modified_gmt":"2018-11-23T14:08:08","slug":"valencia","status":"publish","type":"page","link":"https:\/\/academiacontacto.com\/pl\/prices\/valencia\/","title":{"rendered":"Walencja"},"content":{"rendered":"<p style=\"text-align: center;\"><em>Cena zawiera: lekcje, materia\u0142y dydaktyczne, certyfikat, korzystanie z biblioteki i internetu, program kulturalny i us\u0142ugi.<\/em><br \/><em>Liczba uczni\u00f3w w grupie: <strong>3 &#8211; 10<\/strong>. 1 lekcja = <strong>50 minut<\/strong>. Wpisowe: <strong>50 \u20ac<br \/><\/strong><\/em><a href=\"https:\/\/academiacontacto.com\/pl\/courses\/valencia\/?show_start_dates=1\">Terminy rozpocz\u0119cia<\/a><\/p>","protected":false},"excerpt":{"rendered":"<p>Cena zawiera: lekcje, materia\u0142y dydaktyczne, certyfikat, korzystanie z biblioteki i internetu, program kulturalny i us\u0142ugi.Liczba uczni\u00f3w w grupie: 3 &#8211; 10. 1 lekcja = 50 minut. Wpisowe: 50 \u20acTerminy rozpocz\u0119cia<\/p>\n","protected":false},"author":3,"featured_media":0,"parent":19124,"menu_order":325,"comment_status":"closed","ping_status":"closed","template":"page-prices.php","meta":{"_acf_changed":false,"om_disable_all_campaigns":false,"_monsterinsights_skip_tracking":false,"_monsterinsights_sitenote_active":false,"_monsterinsights_sitenote_note":"","_monsterinsights_sitenote_category":0,"_uf_show_specific_survey":0,"_uf_disable_surveys":false,"_joinchat":[],"footnotes":""},"class_list":["post-19137","page","type-page","status-publish","hentry"],"acf":[],"aioseo_notices":[],"yoast_head":"<!-- This site is optimized with the Yoast SEO plugin v27.0 - https:\/\/yoast.com\/product\/yoast-seo-wordpress\/ -->\n<title>Znaj ceny kurs\u00f3w hiszpa\u0144skiego w Walencji.<\/title>\n<meta name=\"description\" content=\"Poznaj ceny kurs\u00f3w hiszpa\u0144skiego w Walencji. Masz r\u00f3\u017cne opcje w zale\u017cno\u015bci od kursu i intensywno\u015bci. Mo\u017cesz wybra\u0107 jedn\u0105 z kilku opcji.\" \/>\n<meta name=\"robots\" content=\"index, follow, max-snippet:-1, max-image-preview:large, max-video-preview:-1\" \/>\n<link rel=\"canonical\" href=\"https:\/\/academiacontacto.com\/pl\/prices\/valencia\/\" \/>\n<meta property=\"og:locale\" content=\"pl_PL\" \/>\n<meta property=\"og:type\" content=\"article\" \/>\n<meta property=\"og:title\" content=\"Znaj ceny kurs\u00f3w hiszpa\u0144skiego w Walencji.\" \/>\n<meta property=\"og:description\" content=\"Poznaj ceny kurs\u00f3w hiszpa\u0144skiego w Walencji. Masz r\u00f3\u017cne opcje w zale\u017cno\u015bci od kursu i intensywno\u015bci. Mo\u017cesz wybra\u0107 jedn\u0105 z kilku opcji.\" \/>\n<meta property=\"og:url\" content=\"https:\/\/academiacontacto.com\/pl\/prices\/valencia\/\" \/>\n<meta property=\"og:site_name\" content=\"Academia Contacto\" \/>\n<meta property=\"article:modified_time\" content=\"2018-11-23T14:08:08+00:00\" \/>\n<script type=\"application\/ld+json\" class=\"yoast-schema-graph\">{\"@context\":\"https:\/\/schema.org\",\"@graph\":[{\"@type\":\"WebPage\",\"@id\":\"https:\/\/academiacontacto.com\/pl\/prices\/valencia\/\",\"url\":\"https:\/\/academiacontacto.com\/pl\/prices\/valencia\/\",\"name\":\"Znaj ceny kurs\u00f3w hiszpa\u0144skiego w Walencji.\",\"isPartOf\":{\"@id\":\"https:\/\/academiacontacto.com\/pl\/#website\"},\"datePublished\":\"2017-01-22T08:18:35+00:00\",\"dateModified\":\"2018-11-23T14:08:08+00:00\",\"description\":\"Poznaj ceny kurs\u00f3w hiszpa\u0144skiego w Walencji. Masz r\u00f3\u017cne opcje w zale\u017cno\u015bci od kursu i intensywno\u015bci. Mo\u017cesz wybra\u0107 jedn\u0105 z kilku opcji.\",\"breadcrumb\":{\"@id\":\"https:\/\/academiacontacto.com\/pl\/prices\/valencia\/#breadcrumb\"},\"inLanguage\":\"pl-PL\",\"potentialAction\":[{\"@type\":\"ReadAction\",\"target\":[\"https:\/\/academiacontacto.com\/pl\/prices\/valencia\/\"]}]},{\"@type\":\"BreadcrumbList\",\"@id\":\"https:\/\/academiacontacto.com\/pl\/prices\/valencia\/#breadcrumb\",\"itemListElement\":[{\"@type\":\"ListItem\",\"position\":1,\"name\":\"Home\",\"item\":\"https:\/\/academiacontacto.com\/pl\/\"},{\"@type\":\"ListItem\",\"position\":2,\"name\":\"Cennik\",\"item\":\"https:\/\/academiacontacto.com\/pl\/prices\/\"},{\"@type\":\"ListItem\",\"position\":3,\"name\":\"Walencja\"}]},{\"@type\":\"WebSite\",\"@id\":\"https:\/\/academiacontacto.com\/pl\/#website\",\"url\":\"https:\/\/academiacontacto.com\/pl\/\",\"name\":\"Academia Contacto\",\"description\":\"Aprende Espa\u00f1ol con Academia Contacto\",\"publisher\":{\"@id\":\"https:\/\/academiacontacto.com\/pl\/#organization\"},\"potentialAction\":[{\"@type\":\"SearchAction\",\"target\":{\"@type\":\"EntryPoint\",\"urlTemplate\":\"https:\/\/academiacontacto.com\/pl\/?s={search_term_string}\"},\"query-input\":{\"@type\":\"PropertyValueSpecification\",\"valueRequired\":true,\"valueName\":\"search_term_string\"}}],\"inLanguage\":\"pl-PL\"},{\"@type\":\"Organization\",\"@id\":\"https:\/\/academiacontacto.com\/pl\/#organization\",\"name\":\"Academia Contacto\",\"url\":\"https:\/\/academiacontacto.com\/pl\/\",\"logo\":{\"@type\":\"ImageObject\",\"inLanguage\":\"pl-PL\",\"@id\":\"https:\/\/academiacontacto.com\/pl\/#\/schema\/logo\/image\/\",\"url\":\"https:\/\/academiacontacto.com\/wp-content\/uploads\/2021\/09\/acontacto.jpg\",\"contentUrl\":\"https:\/\/academiacontacto.com\/wp-content\/uploads\/2021\/09\/acontacto.jpg\",\"width\":218,\"height\":70,\"caption\":\"Academia Contacto\"},\"image\":{\"@id\":\"https:\/\/academiacontacto.com\/pl\/#\/schema\/logo\/image\/\"}}]}<\/script>\n<!-- \/ Yoast SEO plugin. -->","yoast_head_json":{"title":"Znaj ceny kurs\u00f3w hiszpa\u0144skiego w Walencji.","description":"Poznaj ceny kurs\u00f3w hiszpa\u0144skiego w Walencji. Masz r\u00f3\u017cne opcje w zale\u017cno\u015bci od kursu i intensywno\u015bci. Mo\u017cesz wybra\u0107 jedn\u0105 z kilku opcji.","robots":{"index":"index","follow":"follow","max-snippet":"max-snippet:-1","max-image-preview":"max-image-preview:large","max-video-preview":"max-video-preview:-1"},"canonical":"https:\/\/academiacontacto.com\/pl\/prices\/valencia\/","og_locale":"pl_PL","og_type":"article","og_title":"Znaj ceny kurs\u00f3w hiszpa\u0144skiego w Walencji.","og_description":"Poznaj ceny kurs\u00f3w hiszpa\u0144skiego w Walencji. Masz r\u00f3\u017cne opcje w zale\u017cno\u015bci od kursu i intensywno\u015bci. Mo\u017cesz wybra\u0107 jedn\u0105 z kilku opcji.","og_url":"https:\/\/academiacontacto.com\/pl\/prices\/valencia\/","og_site_name":"Academia Contacto","article_modified_time":"2018-11-23T14:08:08+00:00","schema":{"@context":"https:\/\/schema.org","@graph":[{"@type":"WebPage","@id":"https:\/\/academiacontacto.com\/pl\/prices\/valencia\/","url":"https:\/\/academiacontacto.com\/pl\/prices\/valencia\/","name":"Znaj ceny kurs\u00f3w hiszpa\u0144skiego w Walencji.","isPartOf":{"@id":"https:\/\/academiacontacto.com\/pl\/#website"},"datePublished":"2017-01-22T08:18:35+00:00","dateModified":"2018-11-23T14:08:08+00:00","description":"Poznaj ceny kurs\u00f3w hiszpa\u0144skiego w Walencji. Masz r\u00f3\u017cne opcje w zale\u017cno\u015bci od kursu i intensywno\u015bci. Mo\u017cesz wybra\u0107 jedn\u0105 z kilku opcji.","breadcrumb":{"@id":"https:\/\/academiacontacto.com\/pl\/prices\/valencia\/#breadcrumb"},"inLanguage":"pl-PL","potentialAction":[{"@type":"ReadAction","target":["https:\/\/academiacontacto.com\/pl\/prices\/valencia\/"]}]},{"@type":"BreadcrumbList","@id":"https:\/\/academiacontacto.com\/pl\/prices\/valencia\/#breadcrumb","itemListElement":[{"@type":"ListItem","position":1,"name":"Home","item":"https:\/\/academiacontacto.com\/pl\/"},{"@type":"ListItem","position":2,"name":"Cennik","item":"https:\/\/academiacontacto.com\/pl\/prices\/"},{"@type":"ListItem","position":3,"name":"Walencja"}]},{"@type":"WebSite","@id":"https:\/\/academiacontacto.com\/pl\/#website","url":"https:\/\/academiacontacto.com\/pl\/","name":"Academia Contacto","description":"Aprende Espa\u00f1ol con Academia Contacto","publisher":{"@id":"https:\/\/academiacontacto.com\/pl\/#organization"},"potentialAction":[{"@type":"SearchAction","target":{"@type":"EntryPoint","urlTemplate":"https:\/\/academiacontacto.com\/pl\/?s={search_term_string}"},"query-input":{"@type":"PropertyValueSpecification","valueRequired":true,"valueName":"search_term_string"}}],"inLanguage":"pl-PL"},{"@type":"Organization","@id":"https:\/\/academiacontacto.com\/pl\/#organization","name":"Academia Contacto","url":"https:\/\/academiacontacto.com\/pl\/","logo":{"@type":"ImageObject","inLanguage":"pl-PL","@id":"https:\/\/academiacontacto.com\/pl\/#\/schema\/logo\/image\/","url":"https:\/\/academiacontacto.com\/wp-content\/uploads\/2021\/09\/acontacto.jpg","contentUrl":"https:\/\/academiacontacto.com\/wp-content\/uploads\/2021\/09\/acontacto.jpg","width":218,"height":70,"caption":"Academia Contacto"},"image":{"@id":"https:\/\/academiacontacto.com\/pl\/#\/schema\/logo\/image\/"}}]}},"_links":{"self":[{"href":"https:\/\/academiacontacto.com\/pl\/wp-json\/wp\/v2\/pages\/19137","targetHints":{"allow":["GET"]}}],"collection":[{"href":"https:\/\/academiacontacto.com\/pl\/wp-json\/wp\/v2\/pages"}],"about":[{"href":"https:\/\/academiacontacto.com\/pl\/wp-json\/wp\/v2\/types\/page"}],"author":[{"embeddable":true,"href":"https:\/\/academiacontacto.com\/pl\/wp-json\/wp\/v2\/users\/3"}],"replies":[{"embeddable":true,"href":"https:\/\/academiacontacto.com\/pl\/wp-json\/wp\/v2\/comments?post=19137"}],"version-history":[{"count":0,"href":"https:\/\/academiacontacto.com\/pl\/wp-json\/wp\/v2\/pages\/19137\/revisions"}],"up":[{"embeddable":true,"href":"https:\/\/academiacontacto.com\/pl\/wp-json\/wp\/v2\/pages\/19124"}],"wp:attachment":[{"href":"https:\/\/academiacontacto.com\/pl\/wp-json\/wp\/v2\/media?parent=19137"}],"curies":[{"name":"wp","href":"https:\/\/api.w.org\/{rel}","templated":true}]}}