{"id":19135,"date":"2017-01-19T14:10:38","date_gmt":"2017-01-19T14:10:38","guid":{"rendered":"http:\/\/academiacontacto.com\/prices\/madrid\/"},"modified":"2026-01-23T10:16:05","modified_gmt":"2026-01-23T10:16:05","slug":"madrid","status":"publish","type":"page","link":"https:\/\/academiacontacto.com\/pl\/prices\/madrid\/","title":{"rendered":"Madryt"},"content":{"rendered":"<div class=\"zone-inner clearfix\"><div class=\"grid-16 region region-content clearfix\" id=\"region-content\"><div class=\"region-content-outter\"><div class=\"region-inner region-content-inner\"><section class=\"block block-system block-main block-system-main odd block-without-title clearfix\" id=\"block-system-main\"><div class=\"block-inner clearfix\"><div class=\"content clearfix base-wrap\"><article class=\"node node-precios node-published node-not-promoted node-not-sticky author-admin odd clearfix\" id=\"node-precios-231\"><div class=\"node-description\"><div class=\"field field-name-body field-type-text-with-summary field-label-hidden\"><div class=\"field-items\"><div class=\"field-item even\"><p style=\"text-align: center;\"><em>Cena zawiera: lekcje, materia\u0142y dydaktyczne, certyfikat, korzystanie z biblioteki i internetu, program kulturalny i us\u0142ugi.<\/em><br \/><em>Liczba uczni\u00f3w w grupie: <strong>3 &#8211; 10<\/strong>.\u00a0 1 lekcja w grupie= <strong>55 minut<\/strong>.\u00a0 Lekcja indywidualna = <strong>60 minut<\/strong>.\u00a0 Wpisowe: <strong>50 \u20ac<br \/><\/strong><\/em><a href=\"https:\/\/academiacontacto.com\/pl\/courses\/madrid\/?show_start_dates=1\">Terminy rozpocz\u0119cia<\/a><\/p><\/div><\/div><\/div><\/div><\/article><\/div><\/div><\/section><\/div><\/div><\/div><\/div>","protected":false},"excerpt":{"rendered":"<p>Cena zawiera: lekcje, materia\u0142y dydaktyczne, certyfikat, korzystanie z biblioteki i internetu, program kulturalny i us\u0142ugi.Liczba uczni\u00f3w w grupie: 3 &#8211; 10.\u00a0 1 lekcja w grupie= 55 minut.\u00a0 Lekcja indywidualna = 60 minut.\u00a0 Wpisowe: 50 \u20acTerminy rozpocz\u0119cia<\/p>\n","protected":false},"author":3,"featured_media":0,"parent":19124,"menu_order":225,"comment_status":"closed","ping_status":"closed","template":"page-prices.php","meta":{"_acf_changed":false,"om_disable_all_campaigns":false,"_monsterinsights_skip_tracking":false,"_monsterinsights_sitenote_active":false,"_monsterinsights_sitenote_note":"","_monsterinsights_sitenote_category":0,"_uf_show_specific_survey":0,"_uf_disable_surveys":false,"_joinchat":[],"footnotes":""},"class_list":["post-19135","page","type-page","status-publish","hentry"],"acf":[],"aioseo_notices":[],"yoast_head":"<!-- This site is optimized with the Yoast SEO plugin v27.5 - https:\/\/yoast.com\/product\/yoast-seo-wordpress\/ -->\n<title>Kursy hiszpa\u0144skiego w Madrycie. Ile kosztuje akademia hispa\u0144skiego?<\/title>\n<meta name=\"description\" content=\"Poznaj ceny kurs\u00f3w hiszpa\u0144skiego w Madrycie. Masz r\u00f3\u017cne opcje w zale\u017cno\u015bci od kursu i intensywno\u015bci. Mo\u017cesz wybra\u0107 jedn\u0105 z kilku opcji.\" \/>\n<meta name=\"robots\" content=\"index, follow, max-snippet:-1, max-image-preview:large, max-video-preview:-1\" \/>\n<link rel=\"canonical\" href=\"https:\/\/academiacontacto.com\/pl\/prices\/madrid\/\" \/>\n<meta property=\"og:locale\" content=\"pl_PL\" \/>\n<meta property=\"og:type\" content=\"article\" \/>\n<meta property=\"og:title\" content=\"Kursy hiszpa\u0144skiego w Madrycie. Ile kosztuje akademia hispa\u0144skiego?\" \/>\n<meta property=\"og:description\" content=\"Poznaj ceny kurs\u00f3w hiszpa\u0144skiego w Madrycie. Masz r\u00f3\u017cne opcje w zale\u017cno\u015bci od kursu i intensywno\u015bci. Mo\u017cesz wybra\u0107 jedn\u0105 z kilku opcji.\" \/>\n<meta property=\"og:url\" content=\"https:\/\/academiacontacto.com\/pl\/prices\/madrid\/\" \/>\n<meta property=\"og:site_name\" content=\"Academia Contacto\" \/>\n<meta property=\"article:modified_time\" content=\"2026-01-23T10:16:05+00:00\" \/>\n<meta name=\"twitter:label1\" content=\"Szacowany czas czytania\" \/>\n\t<meta name=\"twitter:data1\" content=\"1 minuta\" \/>\n<script type=\"application\/ld+json\" class=\"yoast-schema-graph\">{\"@context\":\"https:\\\/\\\/schema.org\",\"@graph\":[{\"@type\":\"WebPage\",\"@id\":\"https:\\\/\\\/academiacontacto.com\\\/pl\\\/prices\\\/madrid\\\/\",\"url\":\"https:\\\/\\\/academiacontacto.com\\\/pl\\\/prices\\\/madrid\\\/\",\"name\":\"Kursy hiszpa\u0144skiego w Madrycie. Ile kosztuje akademia hispa\u0144skiego?\",\"isPartOf\":{\"@id\":\"https:\\\/\\\/academiacontacto.com\\\/pl\\\/#website\"},\"datePublished\":\"2017-01-19T14:10:38+00:00\",\"dateModified\":\"2026-01-23T10:16:05+00:00\",\"description\":\"Poznaj ceny kurs\u00f3w hiszpa\u0144skiego w Madrycie. Masz r\u00f3\u017cne opcje w zale\u017cno\u015bci od kursu i intensywno\u015bci. Mo\u017cesz wybra\u0107 jedn\u0105 z kilku opcji.\",\"breadcrumb\":{\"@id\":\"https:\\\/\\\/academiacontacto.com\\\/pl\\\/prices\\\/madrid\\\/#breadcrumb\"},\"inLanguage\":\"pl-PL\",\"potentialAction\":[{\"@type\":\"ReadAction\",\"target\":[\"https:\\\/\\\/academiacontacto.com\\\/pl\\\/prices\\\/madrid\\\/\"]}]},{\"@type\":\"BreadcrumbList\",\"@id\":\"https:\\\/\\\/academiacontacto.com\\\/pl\\\/prices\\\/madrid\\\/#breadcrumb\",\"itemListElement\":[{\"@type\":\"ListItem\",\"position\":1,\"name\":\"Home\",\"item\":\"https:\\\/\\\/academiacontacto.com\\\/pl\\\/\"},{\"@type\":\"ListItem\",\"position\":2,\"name\":\"Cennik\",\"item\":\"https:\\\/\\\/academiacontacto.com\\\/pl\\\/prices\\\/\"},{\"@type\":\"ListItem\",\"position\":3,\"name\":\"Madryt\"}]},{\"@type\":\"WebSite\",\"@id\":\"https:\\\/\\\/academiacontacto.com\\\/pl\\\/#website\",\"url\":\"https:\\\/\\\/academiacontacto.com\\\/pl\\\/\",\"name\":\"Academia Contacto\",\"description\":\"Aprende Espa\u00f1ol con Academia Contacto\",\"publisher\":{\"@id\":\"https:\\\/\\\/academiacontacto.com\\\/pl\\\/#organization\"},\"potentialAction\":[{\"@type\":\"SearchAction\",\"target\":{\"@type\":\"EntryPoint\",\"urlTemplate\":\"https:\\\/\\\/academiacontacto.com\\\/pl\\\/?s={search_term_string}\"},\"query-input\":{\"@type\":\"PropertyValueSpecification\",\"valueRequired\":true,\"valueName\":\"search_term_string\"}}],\"inLanguage\":\"pl-PL\"},{\"@type\":\"Organization\",\"@id\":\"https:\\\/\\\/academiacontacto.com\\\/pl\\\/#organization\",\"name\":\"Academia Contacto\",\"url\":\"https:\\\/\\\/academiacontacto.com\\\/pl\\\/\",\"logo\":{\"@type\":\"ImageObject\",\"inLanguage\":\"pl-PL\",\"@id\":\"https:\\\/\\\/academiacontacto.com\\\/pl\\\/#\\\/schema\\\/logo\\\/image\\\/\",\"url\":\"https:\\\/\\\/academiacontacto.com\\\/wp-content\\\/uploads\\\/2021\\\/09\\\/acontacto.jpg\",\"contentUrl\":\"https:\\\/\\\/academiacontacto.com\\\/wp-content\\\/uploads\\\/2021\\\/09\\\/acontacto.jpg\",\"width\":218,\"height\":70,\"caption\":\"Academia Contacto\"},\"image\":{\"@id\":\"https:\\\/\\\/academiacontacto.com\\\/pl\\\/#\\\/schema\\\/logo\\\/image\\\/\"}}]}<\/script>\n<!-- \/ Yoast SEO plugin. -->","yoast_head_json":{"title":"Kursy hiszpa\u0144skiego w Madrycie. Ile kosztuje akademia hispa\u0144skiego?","description":"Poznaj ceny kurs\u00f3w hiszpa\u0144skiego w Madrycie. Masz r\u00f3\u017cne opcje w zale\u017cno\u015bci od kursu i intensywno\u015bci. Mo\u017cesz wybra\u0107 jedn\u0105 z kilku opcji.","robots":{"index":"index","follow":"follow","max-snippet":"max-snippet:-1","max-image-preview":"max-image-preview:large","max-video-preview":"max-video-preview:-1"},"canonical":"https:\/\/academiacontacto.com\/pl\/prices\/madrid\/","og_locale":"pl_PL","og_type":"article","og_title":"Kursy hiszpa\u0144skiego w Madrycie. Ile kosztuje akademia hispa\u0144skiego?","og_description":"Poznaj ceny kurs\u00f3w hiszpa\u0144skiego w Madrycie. Masz r\u00f3\u017cne opcje w zale\u017cno\u015bci od kursu i intensywno\u015bci. Mo\u017cesz wybra\u0107 jedn\u0105 z kilku opcji.","og_url":"https:\/\/academiacontacto.com\/pl\/prices\/madrid\/","og_site_name":"Academia Contacto","article_modified_time":"2026-01-23T10:16:05+00:00","twitter_misc":{"Szacowany czas czytania":"1 minuta"},"schema":{"@context":"https:\/\/schema.org","@graph":[{"@type":"WebPage","@id":"https:\/\/academiacontacto.com\/pl\/prices\/madrid\/","url":"https:\/\/academiacontacto.com\/pl\/prices\/madrid\/","name":"Kursy hiszpa\u0144skiego w Madrycie. Ile kosztuje akademia hispa\u0144skiego?","isPartOf":{"@id":"https:\/\/academiacontacto.com\/pl\/#website"},"datePublished":"2017-01-19T14:10:38+00:00","dateModified":"2026-01-23T10:16:05+00:00","description":"Poznaj ceny kurs\u00f3w hiszpa\u0144skiego w Madrycie. Masz r\u00f3\u017cne opcje w zale\u017cno\u015bci od kursu i intensywno\u015bci. Mo\u017cesz wybra\u0107 jedn\u0105 z kilku opcji.","breadcrumb":{"@id":"https:\/\/academiacontacto.com\/pl\/prices\/madrid\/#breadcrumb"},"inLanguage":"pl-PL","potentialAction":[{"@type":"ReadAction","target":["https:\/\/academiacontacto.com\/pl\/prices\/madrid\/"]}]},{"@type":"BreadcrumbList","@id":"https:\/\/academiacontacto.com\/pl\/prices\/madrid\/#breadcrumb","itemListElement":[{"@type":"ListItem","position":1,"name":"Home","item":"https:\/\/academiacontacto.com\/pl\/"},{"@type":"ListItem","position":2,"name":"Cennik","item":"https:\/\/academiacontacto.com\/pl\/prices\/"},{"@type":"ListItem","position":3,"name":"Madryt"}]},{"@type":"WebSite","@id":"https:\/\/academiacontacto.com\/pl\/#website","url":"https:\/\/academiacontacto.com\/pl\/","name":"Academia Contacto","description":"Aprende Espa\u00f1ol con Academia Contacto","publisher":{"@id":"https:\/\/academiacontacto.com\/pl\/#organization"},"potentialAction":[{"@type":"SearchAction","target":{"@type":"EntryPoint","urlTemplate":"https:\/\/academiacontacto.com\/pl\/?s={search_term_string}"},"query-input":{"@type":"PropertyValueSpecification","valueRequired":true,"valueName":"search_term_string"}}],"inLanguage":"pl-PL"},{"@type":"Organization","@id":"https:\/\/academiacontacto.com\/pl\/#organization","name":"Academia Contacto","url":"https:\/\/academiacontacto.com\/pl\/","logo":{"@type":"ImageObject","inLanguage":"pl-PL","@id":"https:\/\/academiacontacto.com\/pl\/#\/schema\/logo\/image\/","url":"https:\/\/academiacontacto.com\/wp-content\/uploads\/2021\/09\/acontacto.jpg","contentUrl":"https:\/\/academiacontacto.com\/wp-content\/uploads\/2021\/09\/acontacto.jpg","width":218,"height":70,"caption":"Academia Contacto"},"image":{"@id":"https:\/\/academiacontacto.com\/pl\/#\/schema\/logo\/image\/"}}]}},"_links":{"self":[{"href":"https:\/\/academiacontacto.com\/pl\/wp-json\/wp\/v2\/pages\/19135","targetHints":{"allow":["GET"]}}],"collection":[{"href":"https:\/\/academiacontacto.com\/pl\/wp-json\/wp\/v2\/pages"}],"about":[{"href":"https:\/\/academiacontacto.com\/pl\/wp-json\/wp\/v2\/types\/page"}],"author":[{"embeddable":true,"href":"https:\/\/academiacontacto.com\/pl\/wp-json\/wp\/v2\/users\/3"}],"replies":[{"embeddable":true,"href":"https:\/\/academiacontacto.com\/pl\/wp-json\/wp\/v2\/comments?post=19135"}],"version-history":[{"count":1,"href":"https:\/\/academiacontacto.com\/pl\/wp-json\/wp\/v2\/pages\/19135\/revisions"}],"predecessor-version":[{"id":37341,"href":"https:\/\/academiacontacto.com\/pl\/wp-json\/wp\/v2\/pages\/19135\/revisions\/37341"}],"up":[{"embeddable":true,"href":"https:\/\/academiacontacto.com\/pl\/wp-json\/wp\/v2\/pages\/19124"}],"wp:attachment":[{"href":"https:\/\/academiacontacto.com\/pl\/wp-json\/wp\/v2\/media?parent=19135"}],"curies":[{"name":"wp","href":"https:\/\/api.w.org\/{rel}","templated":true}]}}