{"id":19134,"date":"2017-01-22T08:06:37","date_gmt":"2017-01-22T08:06:37","guid":{"rendered":"http:\/\/academiacontacto.com\/prices\/granada\/"},"modified":"2023-11-30T18:27:31","modified_gmt":"2023-11-30T18:27:31","slug":"granada","status":"publish","type":"page","link":"https:\/\/academiacontacto.com\/pl\/prices\/granada\/","title":{"rendered":"Granada"},"content":{"rendered":"<p style=\"text-align: center;\"><em>Cena zawiera: lekcje, materia\u0142y dydaktyczne, certyfikat, korzystanie z biblioteki i internetu, program kulturalny i us\u0142ugi.<\/em><br \/><em>Liczba uczni\u00f3w w grupie: <strong>3 &#8211; 10<\/strong>. 1 lekcja = <strong>50 minut<\/strong>. Wpisowe: <strong>60 \u20ac<br \/><\/strong><\/em><a href=\"https:\/\/academiacontacto.com\/pl\/courses\/granada\/?show_start_dates=1\">Terminy rozpocz\u0119cia<\/a><\/p>","protected":false},"excerpt":{"rendered":"<p>Cena zawiera: lekcje, materia\u0142y dydaktyczne, certyfikat, korzystanie z biblioteki i internetu, program kulturalny i us\u0142ugi.Liczba uczni\u00f3w w grupie: 3 &#8211; 10. 1 lekcja = 50 minut. Wpisowe: 60 \u20acTerminy rozpocz\u0119cia<\/p>\n","protected":false},"author":3,"featured_media":0,"parent":19124,"menu_order":192,"comment_status":"closed","ping_status":"closed","template":"page-prices.php","meta":{"_acf_changed":false,"om_disable_all_campaigns":false,"_monsterinsights_skip_tracking":false,"_monsterinsights_sitenote_active":false,"_monsterinsights_sitenote_note":"","_monsterinsights_sitenote_category":0,"_uf_show_specific_survey":0,"_uf_disable_surveys":false,"_joinchat":[],"footnotes":""},"class_list":["post-19134","page","type-page","status-publish","hentry"],"acf":[],"aioseo_notices":[],"yoast_head":"<!-- This site is optimized with the Yoast SEO plugin v27.5 - https:\/\/yoast.com\/product\/yoast-seo-wordpress\/ -->\n<title>Poznaj ceny kurs\u00f3w hiszpa\u0144skiego w Granadzie.<\/title>\n<meta name=\"description\" content=\"Poznaj ceny kurs\u00f3w hiszpa\u0144skiego w Granadzie. Masz r\u00f3\u017cne opcje w zale\u017cno\u015bci od kursu i intensywno\u015bci. Mo\u017cesz wybra\u0107 jedn\u0105 z kilku opcji.\" \/>\n<meta name=\"robots\" content=\"index, follow, max-snippet:-1, max-image-preview:large, max-video-preview:-1\" \/>\n<link rel=\"canonical\" href=\"https:\/\/academiacontacto.com\/pl\/prices\/granada\/\" \/>\n<meta property=\"og:locale\" content=\"pl_PL\" \/>\n<meta property=\"og:type\" content=\"article\" \/>\n<meta property=\"og:title\" content=\"Poznaj ceny kurs\u00f3w hiszpa\u0144skiego w Granadzie.\" \/>\n<meta property=\"og:description\" content=\"Poznaj ceny kurs\u00f3w hiszpa\u0144skiego w Granadzie. Masz r\u00f3\u017cne opcje w zale\u017cno\u015bci od kursu i intensywno\u015bci. Mo\u017cesz wybra\u0107 jedn\u0105 z kilku opcji.\" \/>\n<meta property=\"og:url\" content=\"https:\/\/academiacontacto.com\/pl\/prices\/granada\/\" \/>\n<meta property=\"og:site_name\" content=\"Academia Contacto\" \/>\n<meta property=\"article:modified_time\" content=\"2023-11-30T18:27:31+00:00\" \/>\n<meta name=\"twitter:label1\" content=\"Szacowany czas czytania\" \/>\n\t<meta name=\"twitter:data1\" content=\"1 minuta\" \/>\n<script type=\"application\/ld+json\" class=\"yoast-schema-graph\">{\"@context\":\"https:\\\/\\\/schema.org\",\"@graph\":[{\"@type\":\"WebPage\",\"@id\":\"https:\\\/\\\/academiacontacto.com\\\/pl\\\/prices\\\/granada\\\/\",\"url\":\"https:\\\/\\\/academiacontacto.com\\\/pl\\\/prices\\\/granada\\\/\",\"name\":\"Poznaj ceny kurs\u00f3w hiszpa\u0144skiego w Granadzie.\",\"isPartOf\":{\"@id\":\"https:\\\/\\\/academiacontacto.com\\\/pl\\\/#website\"},\"datePublished\":\"2017-01-22T08:06:37+00:00\",\"dateModified\":\"2023-11-30T18:27:31+00:00\",\"description\":\"Poznaj ceny kurs\u00f3w hiszpa\u0144skiego w Granadzie. Masz r\u00f3\u017cne opcje w zale\u017cno\u015bci od kursu i intensywno\u015bci. Mo\u017cesz wybra\u0107 jedn\u0105 z kilku opcji.\",\"breadcrumb\":{\"@id\":\"https:\\\/\\\/academiacontacto.com\\\/pl\\\/prices\\\/granada\\\/#breadcrumb\"},\"inLanguage\":\"pl-PL\",\"potentialAction\":[{\"@type\":\"ReadAction\",\"target\":[\"https:\\\/\\\/academiacontacto.com\\\/pl\\\/prices\\\/granada\\\/\"]}]},{\"@type\":\"BreadcrumbList\",\"@id\":\"https:\\\/\\\/academiacontacto.com\\\/pl\\\/prices\\\/granada\\\/#breadcrumb\",\"itemListElement\":[{\"@type\":\"ListItem\",\"position\":1,\"name\":\"Home\",\"item\":\"https:\\\/\\\/academiacontacto.com\\\/pl\\\/\"},{\"@type\":\"ListItem\",\"position\":2,\"name\":\"Cennik\",\"item\":\"https:\\\/\\\/academiacontacto.com\\\/pl\\\/prices\\\/\"},{\"@type\":\"ListItem\",\"position\":3,\"name\":\"Granada\"}]},{\"@type\":\"WebSite\",\"@id\":\"https:\\\/\\\/academiacontacto.com\\\/pl\\\/#website\",\"url\":\"https:\\\/\\\/academiacontacto.com\\\/pl\\\/\",\"name\":\"Academia Contacto\",\"description\":\"Aprende Espa\u00f1ol con Academia Contacto\",\"publisher\":{\"@id\":\"https:\\\/\\\/academiacontacto.com\\\/pl\\\/#organization\"},\"potentialAction\":[{\"@type\":\"SearchAction\",\"target\":{\"@type\":\"EntryPoint\",\"urlTemplate\":\"https:\\\/\\\/academiacontacto.com\\\/pl\\\/?s={search_term_string}\"},\"query-input\":{\"@type\":\"PropertyValueSpecification\",\"valueRequired\":true,\"valueName\":\"search_term_string\"}}],\"inLanguage\":\"pl-PL\"},{\"@type\":\"Organization\",\"@id\":\"https:\\\/\\\/academiacontacto.com\\\/pl\\\/#organization\",\"name\":\"Academia Contacto\",\"url\":\"https:\\\/\\\/academiacontacto.com\\\/pl\\\/\",\"logo\":{\"@type\":\"ImageObject\",\"inLanguage\":\"pl-PL\",\"@id\":\"https:\\\/\\\/academiacontacto.com\\\/pl\\\/#\\\/schema\\\/logo\\\/image\\\/\",\"url\":\"https:\\\/\\\/academiacontacto.com\\\/wp-content\\\/uploads\\\/2021\\\/09\\\/acontacto.jpg\",\"contentUrl\":\"https:\\\/\\\/academiacontacto.com\\\/wp-content\\\/uploads\\\/2021\\\/09\\\/acontacto.jpg\",\"width\":218,\"height\":70,\"caption\":\"Academia Contacto\"},\"image\":{\"@id\":\"https:\\\/\\\/academiacontacto.com\\\/pl\\\/#\\\/schema\\\/logo\\\/image\\\/\"}}]}<\/script>\n<!-- \/ Yoast SEO plugin. -->","yoast_head_json":{"title":"Poznaj ceny kurs\u00f3w hiszpa\u0144skiego w Granadzie.","description":"Poznaj ceny kurs\u00f3w hiszpa\u0144skiego w Granadzie. Masz r\u00f3\u017cne opcje w zale\u017cno\u015bci od kursu i intensywno\u015bci. Mo\u017cesz wybra\u0107 jedn\u0105 z kilku opcji.","robots":{"index":"index","follow":"follow","max-snippet":"max-snippet:-1","max-image-preview":"max-image-preview:large","max-video-preview":"max-video-preview:-1"},"canonical":"https:\/\/academiacontacto.com\/pl\/prices\/granada\/","og_locale":"pl_PL","og_type":"article","og_title":"Poznaj ceny kurs\u00f3w hiszpa\u0144skiego w Granadzie.","og_description":"Poznaj ceny kurs\u00f3w hiszpa\u0144skiego w Granadzie. Masz r\u00f3\u017cne opcje w zale\u017cno\u015bci od kursu i intensywno\u015bci. Mo\u017cesz wybra\u0107 jedn\u0105 z kilku opcji.","og_url":"https:\/\/academiacontacto.com\/pl\/prices\/granada\/","og_site_name":"Academia Contacto","article_modified_time":"2023-11-30T18:27:31+00:00","twitter_misc":{"Szacowany czas czytania":"1 minuta"},"schema":{"@context":"https:\/\/schema.org","@graph":[{"@type":"WebPage","@id":"https:\/\/academiacontacto.com\/pl\/prices\/granada\/","url":"https:\/\/academiacontacto.com\/pl\/prices\/granada\/","name":"Poznaj ceny kurs\u00f3w hiszpa\u0144skiego w Granadzie.","isPartOf":{"@id":"https:\/\/academiacontacto.com\/pl\/#website"},"datePublished":"2017-01-22T08:06:37+00:00","dateModified":"2023-11-30T18:27:31+00:00","description":"Poznaj ceny kurs\u00f3w hiszpa\u0144skiego w Granadzie. Masz r\u00f3\u017cne opcje w zale\u017cno\u015bci od kursu i intensywno\u015bci. Mo\u017cesz wybra\u0107 jedn\u0105 z kilku opcji.","breadcrumb":{"@id":"https:\/\/academiacontacto.com\/pl\/prices\/granada\/#breadcrumb"},"inLanguage":"pl-PL","potentialAction":[{"@type":"ReadAction","target":["https:\/\/academiacontacto.com\/pl\/prices\/granada\/"]}]},{"@type":"BreadcrumbList","@id":"https:\/\/academiacontacto.com\/pl\/prices\/granada\/#breadcrumb","itemListElement":[{"@type":"ListItem","position":1,"name":"Home","item":"https:\/\/academiacontacto.com\/pl\/"},{"@type":"ListItem","position":2,"name":"Cennik","item":"https:\/\/academiacontacto.com\/pl\/prices\/"},{"@type":"ListItem","position":3,"name":"Granada"}]},{"@type":"WebSite","@id":"https:\/\/academiacontacto.com\/pl\/#website","url":"https:\/\/academiacontacto.com\/pl\/","name":"Academia Contacto","description":"Aprende Espa\u00f1ol con Academia Contacto","publisher":{"@id":"https:\/\/academiacontacto.com\/pl\/#organization"},"potentialAction":[{"@type":"SearchAction","target":{"@type":"EntryPoint","urlTemplate":"https:\/\/academiacontacto.com\/pl\/?s={search_term_string}"},"query-input":{"@type":"PropertyValueSpecification","valueRequired":true,"valueName":"search_term_string"}}],"inLanguage":"pl-PL"},{"@type":"Organization","@id":"https:\/\/academiacontacto.com\/pl\/#organization","name":"Academia Contacto","url":"https:\/\/academiacontacto.com\/pl\/","logo":{"@type":"ImageObject","inLanguage":"pl-PL","@id":"https:\/\/academiacontacto.com\/pl\/#\/schema\/logo\/image\/","url":"https:\/\/academiacontacto.com\/wp-content\/uploads\/2021\/09\/acontacto.jpg","contentUrl":"https:\/\/academiacontacto.com\/wp-content\/uploads\/2021\/09\/acontacto.jpg","width":218,"height":70,"caption":"Academia Contacto"},"image":{"@id":"https:\/\/academiacontacto.com\/pl\/#\/schema\/logo\/image\/"}}]}},"_links":{"self":[{"href":"https:\/\/academiacontacto.com\/pl\/wp-json\/wp\/v2\/pages\/19134","targetHints":{"allow":["GET"]}}],"collection":[{"href":"https:\/\/academiacontacto.com\/pl\/wp-json\/wp\/v2\/pages"}],"about":[{"href":"https:\/\/academiacontacto.com\/pl\/wp-json\/wp\/v2\/types\/page"}],"author":[{"embeddable":true,"href":"https:\/\/academiacontacto.com\/pl\/wp-json\/wp\/v2\/users\/3"}],"replies":[{"embeddable":true,"href":"https:\/\/academiacontacto.com\/pl\/wp-json\/wp\/v2\/comments?post=19134"}],"version-history":[{"count":0,"href":"https:\/\/academiacontacto.com\/pl\/wp-json\/wp\/v2\/pages\/19134\/revisions"}],"up":[{"embeddable":true,"href":"https:\/\/academiacontacto.com\/pl\/wp-json\/wp\/v2\/pages\/19124"}],"wp:attachment":[{"href":"https:\/\/academiacontacto.com\/pl\/wp-json\/wp\/v2\/media?parent=19134"}],"curies":[{"name":"wp","href":"https:\/\/api.w.org\/{rel}","templated":true}]}}