{"id":19115,"date":"2016-12-01T11:30:48","date_gmt":"2016-12-01T11:30:48","guid":{"rendered":"http:\/\/academiacontacto.com\/faq\/"},"modified":"2017-12-20T12:06:12","modified_gmt":"2017-12-20T12:06:12","slug":"faq","status":"publish","type":"page","link":"https:\/\/academiacontacto.com\/pl\/faq\/","title":{"rendered":"FAQ"},"content":{"rendered":"","protected":false},"excerpt":{"rendered":"","protected":false},"author":3,"featured_media":0,"parent":0,"menu_order":221,"comment_status":"closed","ping_status":"closed","template":"page-faq.php","meta":{"_acf_changed":false,"om_disable_all_campaigns":false,"_monsterinsights_skip_tracking":false,"_monsterinsights_sitenote_active":false,"_monsterinsights_sitenote_note":"","_monsterinsights_sitenote_category":0,"_uf_show_specific_survey":0,"_uf_disable_surveys":false,"_joinchat":[],"footnotes":""},"class_list":["post-19115","page","type-page","status-publish","hentry"],"acf":[],"aioseo_notices":[],"yoast_head":"<!-- This site is optimized with the Yoast SEO plugin v27.0 - https:\/\/yoast.com\/product\/yoast-seo-wordpress\/ -->\n<title>Najcz\u0119\u015bciej zadawane pytania: \u0141atwe wyszukiwanie odpowiedzi<\/title>\n<meta name=\"description\" content=\"Najcz\u0119\u015bciej zadawane pytania: Znajd\u017a odpowied\u017a z \u0142atwo\u015bci\u0105. Mo\u017cesz nas zapyta\u0107 o wszelkie w\u0105tpliwo\u015bci. Ch\u0119tnie odpowiemy na Twoje pytania.\" \/>\n<meta name=\"robots\" content=\"index, follow, max-snippet:-1, max-image-preview:large, max-video-preview:-1\" \/>\n<link rel=\"canonical\" href=\"https:\/\/academiacontacto.com\/pl\/faq\/\" \/>\n<meta property=\"og:locale\" content=\"pl_PL\" \/>\n<meta property=\"og:type\" content=\"article\" \/>\n<meta property=\"og:title\" content=\"Najcz\u0119\u015bciej zadawane pytania: \u0141atwe wyszukiwanie odpowiedzi\" \/>\n<meta property=\"og:description\" content=\"Najcz\u0119\u015bciej zadawane pytania: Znajd\u017a odpowied\u017a z \u0142atwo\u015bci\u0105. Mo\u017cesz nas zapyta\u0107 o wszelkie w\u0105tpliwo\u015bci. Ch\u0119tnie odpowiemy na Twoje pytania.\" \/>\n<meta property=\"og:url\" content=\"https:\/\/academiacontacto.com\/pl\/faq\/\" \/>\n<meta property=\"og:site_name\" content=\"Academia Contacto\" \/>\n<meta property=\"article:modified_time\" content=\"2017-12-20T12:06:12+00:00\" \/>\n<script type=\"application\/ld+json\" class=\"yoast-schema-graph\">{\"@context\":\"https:\/\/schema.org\",\"@graph\":[{\"@type\":\"WebPage\",\"@id\":\"https:\/\/academiacontacto.com\/pl\/faq\/\",\"url\":\"https:\/\/academiacontacto.com\/pl\/faq\/\",\"name\":\"Najcz\u0119\u015bciej zadawane pytania: \u0141atwe wyszukiwanie odpowiedzi\",\"isPartOf\":{\"@id\":\"https:\/\/academiacontacto.com\/pl\/#website\"},\"datePublished\":\"2016-12-01T11:30:48+00:00\",\"dateModified\":\"2017-12-20T12:06:12+00:00\",\"description\":\"Najcz\u0119\u015bciej zadawane pytania: Znajd\u017a odpowied\u017a z \u0142atwo\u015bci\u0105. Mo\u017cesz nas zapyta\u0107 o wszelkie w\u0105tpliwo\u015bci. Ch\u0119tnie odpowiemy na Twoje pytania.\",\"breadcrumb\":{\"@id\":\"https:\/\/academiacontacto.com\/pl\/faq\/#breadcrumb\"},\"inLanguage\":\"pl-PL\",\"potentialAction\":[{\"@type\":\"ReadAction\",\"target\":[\"https:\/\/academiacontacto.com\/pl\/faq\/\"]}]},{\"@type\":\"BreadcrumbList\",\"@id\":\"https:\/\/academiacontacto.com\/pl\/faq\/#breadcrumb\",\"itemListElement\":[{\"@type\":\"ListItem\",\"position\":1,\"name\":\"Home\",\"item\":\"https:\/\/academiacontacto.com\/pl\/\"},{\"@type\":\"ListItem\",\"position\":2,\"name\":\"FAQ\"}]},{\"@type\":\"WebSite\",\"@id\":\"https:\/\/academiacontacto.com\/pl\/#website\",\"url\":\"https:\/\/academiacontacto.com\/pl\/\",\"name\":\"Academia Contacto\",\"description\":\"Aprende Espa\u00f1ol con Academia Contacto\",\"publisher\":{\"@id\":\"https:\/\/academiacontacto.com\/pl\/#organization\"},\"potentialAction\":[{\"@type\":\"SearchAction\",\"target\":{\"@type\":\"EntryPoint\",\"urlTemplate\":\"https:\/\/academiacontacto.com\/pl\/?s={search_term_string}\"},\"query-input\":{\"@type\":\"PropertyValueSpecification\",\"valueRequired\":true,\"valueName\":\"search_term_string\"}}],\"inLanguage\":\"pl-PL\"},{\"@type\":\"Organization\",\"@id\":\"https:\/\/academiacontacto.com\/pl\/#organization\",\"name\":\"Academia Contacto\",\"url\":\"https:\/\/academiacontacto.com\/pl\/\",\"logo\":{\"@type\":\"ImageObject\",\"inLanguage\":\"pl-PL\",\"@id\":\"https:\/\/academiacontacto.com\/pl\/#\/schema\/logo\/image\/\",\"url\":\"https:\/\/academiacontacto.com\/wp-content\/uploads\/2021\/09\/acontacto.jpg\",\"contentUrl\":\"https:\/\/academiacontacto.com\/wp-content\/uploads\/2021\/09\/acontacto.jpg\",\"width\":218,\"height\":70,\"caption\":\"Academia Contacto\"},\"image\":{\"@id\":\"https:\/\/academiacontacto.com\/pl\/#\/schema\/logo\/image\/\"}}]}<\/script>\n<!-- \/ Yoast SEO plugin. -->","yoast_head_json":{"title":"Najcz\u0119\u015bciej zadawane pytania: \u0141atwe wyszukiwanie odpowiedzi","description":"Najcz\u0119\u015bciej zadawane pytania: Znajd\u017a odpowied\u017a z \u0142atwo\u015bci\u0105. Mo\u017cesz nas zapyta\u0107 o wszelkie w\u0105tpliwo\u015bci. Ch\u0119tnie odpowiemy na Twoje pytania.","robots":{"index":"index","follow":"follow","max-snippet":"max-snippet:-1","max-image-preview":"max-image-preview:large","max-video-preview":"max-video-preview:-1"},"canonical":"https:\/\/academiacontacto.com\/pl\/faq\/","og_locale":"pl_PL","og_type":"article","og_title":"Najcz\u0119\u015bciej zadawane pytania: \u0141atwe wyszukiwanie odpowiedzi","og_description":"Najcz\u0119\u015bciej zadawane pytania: Znajd\u017a odpowied\u017a z \u0142atwo\u015bci\u0105. Mo\u017cesz nas zapyta\u0107 o wszelkie w\u0105tpliwo\u015bci. Ch\u0119tnie odpowiemy na Twoje pytania.","og_url":"https:\/\/academiacontacto.com\/pl\/faq\/","og_site_name":"Academia Contacto","article_modified_time":"2017-12-20T12:06:12+00:00","schema":{"@context":"https:\/\/schema.org","@graph":[{"@type":"WebPage","@id":"https:\/\/academiacontacto.com\/pl\/faq\/","url":"https:\/\/academiacontacto.com\/pl\/faq\/","name":"Najcz\u0119\u015bciej zadawane pytania: \u0141atwe wyszukiwanie odpowiedzi","isPartOf":{"@id":"https:\/\/academiacontacto.com\/pl\/#website"},"datePublished":"2016-12-01T11:30:48+00:00","dateModified":"2017-12-20T12:06:12+00:00","description":"Najcz\u0119\u015bciej zadawane pytania: Znajd\u017a odpowied\u017a z \u0142atwo\u015bci\u0105. Mo\u017cesz nas zapyta\u0107 o wszelkie w\u0105tpliwo\u015bci. Ch\u0119tnie odpowiemy na Twoje pytania.","breadcrumb":{"@id":"https:\/\/academiacontacto.com\/pl\/faq\/#breadcrumb"},"inLanguage":"pl-PL","potentialAction":[{"@type":"ReadAction","target":["https:\/\/academiacontacto.com\/pl\/faq\/"]}]},{"@type":"BreadcrumbList","@id":"https:\/\/academiacontacto.com\/pl\/faq\/#breadcrumb","itemListElement":[{"@type":"ListItem","position":1,"name":"Home","item":"https:\/\/academiacontacto.com\/pl\/"},{"@type":"ListItem","position":2,"name":"FAQ"}]},{"@type":"WebSite","@id":"https:\/\/academiacontacto.com\/pl\/#website","url":"https:\/\/academiacontacto.com\/pl\/","name":"Academia Contacto","description":"Aprende Espa\u00f1ol con Academia Contacto","publisher":{"@id":"https:\/\/academiacontacto.com\/pl\/#organization"},"potentialAction":[{"@type":"SearchAction","target":{"@type":"EntryPoint","urlTemplate":"https:\/\/academiacontacto.com\/pl\/?s={search_term_string}"},"query-input":{"@type":"PropertyValueSpecification","valueRequired":true,"valueName":"search_term_string"}}],"inLanguage":"pl-PL"},{"@type":"Organization","@id":"https:\/\/academiacontacto.com\/pl\/#organization","name":"Academia Contacto","url":"https:\/\/academiacontacto.com\/pl\/","logo":{"@type":"ImageObject","inLanguage":"pl-PL","@id":"https:\/\/academiacontacto.com\/pl\/#\/schema\/logo\/image\/","url":"https:\/\/academiacontacto.com\/wp-content\/uploads\/2021\/09\/acontacto.jpg","contentUrl":"https:\/\/academiacontacto.com\/wp-content\/uploads\/2021\/09\/acontacto.jpg","width":218,"height":70,"caption":"Academia Contacto"},"image":{"@id":"https:\/\/academiacontacto.com\/pl\/#\/schema\/logo\/image\/"}}]}},"_links":{"self":[{"href":"https:\/\/academiacontacto.com\/pl\/wp-json\/wp\/v2\/pages\/19115","targetHints":{"allow":["GET"]}}],"collection":[{"href":"https:\/\/academiacontacto.com\/pl\/wp-json\/wp\/v2\/pages"}],"about":[{"href":"https:\/\/academiacontacto.com\/pl\/wp-json\/wp\/v2\/types\/page"}],"author":[{"embeddable":true,"href":"https:\/\/academiacontacto.com\/pl\/wp-json\/wp\/v2\/users\/3"}],"replies":[{"embeddable":true,"href":"https:\/\/academiacontacto.com\/pl\/wp-json\/wp\/v2\/comments?post=19115"}],"version-history":[{"count":0,"href":"https:\/\/academiacontacto.com\/pl\/wp-json\/wp\/v2\/pages\/19115\/revisions"}],"wp:attachment":[{"href":"https:\/\/academiacontacto.com\/pl\/wp-json\/wp\/v2\/media?parent=19115"}],"curies":[{"name":"wp","href":"https:\/\/api.w.org\/{rel}","templated":true}]}}