{"id":19090,"date":"2016-12-09T11:48:57","date_gmt":"2016-12-09T11:48:57","guid":{"rendered":"http:\/\/academiacontacto.com\/cookies-policy\/"},"modified":"2017-05-24T12:21:19","modified_gmt":"2017-05-24T12:21:19","slug":"cookies-policy","status":"publish","type":"page","link":"https:\/\/academiacontacto.com\/pl\/cookies-policy\/","title":{"rendered":"Polityka cookies"},"content":{"rendered":"<h1 class=\"themed dots\" style=\"text-align: center;\">Polityka cookies<\/h1>\r\nZgodnie ze standardow\u0105 praktyk\u0105 wielu stron internetowych, mo\u017cemy umie\u015bci\u0107 pliki cookie na komputerze, pliki cookie Flash i inne elementy technologiczne oraz uzyska\u0107 do nich dost\u0119p. Korzystaj\u0105c z witryny www.academiacontacto.com wyra\u017casz zgod\u0119 na korzystanie z plik\u00f3w cookie. W ka\u017cdej chwili mo\u017cesz wy\u0142\u0105czy\u0107 funkcj\u0119 cookies w przegl\u0105darce, post\u0119puj\u0105c zgodnie z instrukcjami dostarczonymi przez przegl\u0105dark\u0119. Nale\u017cy zauwa\u017cy\u0107, \u017ce podczas odwiedzania witryny, pliki cookie, cookie Flash i inne elementy technologiczne mog\u0105 by\u0107 r\u00f3wnie\u017c przechowywane na Twoim komputerze i dost\u0119pne dla os\u00f3b trzecich, takich jak sieci reklamowe, agencje reklamowe i reklamodawcy.<br \/>\r\n<h2><br \/>Cookies<\/h2><p>\r\nPliki cookies to niewielkie ilo\u015bci informacji przechowywane w plikach przegl\u0105darki komputera. Witryna mo\u017ce mie\u0107 dost\u0119p tylko do plik\u00f3w cookie przechowywanych przez t\u0119 witryn\u0119 internetow\u0105. Academiacontacto.com korzysta z plik\u00f3w cookie w nast\u0119puj\u0105cych celach:\r\nAby pom\u00f3c nam rozpozna\u0107 Twoj\u0105 przegl\u0105dark\u0119, jako wcze\u015bniejszego u\u017cytkownika, zapisa\u0107 i zapami\u0119ta\u0107 wszelkie preferencje, kt\u00f3re mog\u0142y zosta\u0107 ustalone podczas przegl\u0105dania strony. Na przyk\u0142ad mo\u017cemy zapisa\u0107 informacje logowania, by nie logowa\u0107 si\u0119 za ka\u017cdym razem odwiedzaj\u0105c stron\u0119. Aby pom\u00f3c nam spersonalizowa\u0107 tre\u015bci i reklamy pojawiaj\u0105ce si\u0119 na stronie. Aby pom\u00f3c nam zmierzy\u0107 i zbada\u0107 skuteczno\u015b\u0107 naszej interaktywnej zawarto\u015bci online, naszych funkcji, og\u0142osze\u0144 i innych informacji; i \u015bledzi\u0107 statystyki i korzystanie ze strony, oraz usprawni\u0107 us\u0142ugi serwisu.\r\nacademiacontacto.pl proponuje zapoznanie si\u0119 z krokami umo\u017cliwiaj\u0105cymi dost\u0119p do menu konfiguracji plik\u00f3w cookie i prywatnego przegl\u0105dania w ka\u017cdej z przegl\u0105darek:<\/p><p>Internet Explorer: Narz\u0119dzia  -&gt; Opcje internetowe  -&gt; Prywatno\u015b\u0107 -&gt; Ustawienia. Aby uzyska\u0107 wi\u0119cej informacji skorzystaj  ze wsparcia firmy Microsoft lub wybierz opcj\u0119 Pomoc w przegl\u0105darce. <br \/>Firefox: Menu -&gt; Opcje -&gt; Prywatno\u015b\u0107 -&gt; Historia -&gt; Ustawienia u\u017cytkownika.  Aby uzyska\u0107 wi\u0119cej informacji skorzystaj  ze wsparcia firmy Mozilla lub wybierz opcj\u0119 Pomoc w przegl\u0105darce.<br \/>Chrome: Ustawienia -&gt; Poka\u017c ustawienia zaawansowane  -&gt; Prywatno\u015b\u0107 -&gt; Ustawienia tre\u015bci. Aby uzyska\u0107 wi\u0119cej informacji skorzystaj  ze wsparcia firmy Google lub wybierz opcj\u0119 Pomoc w przegl\u0105darce.<br \/>Safari: Preferencje -&gt; SOchrona. Aby uzyska\u0107 wi\u0119cej informacji skorzystaj  ze wsparcia firmy Apple lub wybierz opcj\u0119 Pomoc w przegl\u0105darce.<\/p><ul>\r\n<\/ul>","protected":false},"excerpt":{"rendered":"<p>Polityka cookies Zgodnie ze standardow\u0105 praktyk\u0105 wielu stron internetowych, mo\u017cemy umie\u015bci\u0107 pliki cookie na komputerze, pliki cookie Flash i inne elementy technologiczne oraz uzyska\u0107 do nich dost\u0119p. Korzystaj\u0105c z witryny www.academiacontacto.com wyra\u017casz zgod\u0119 na korzystanie z plik\u00f3w cookie. W ka\u017cdej chwili mo\u017cesz wy\u0142\u0105czy\u0107 funkcj\u0119 cookies w przegl\u0105darce, post\u0119puj\u0105c zgodnie z instrukcjami dostarczonymi przez przegl\u0105dark\u0119. Nale\u017cy [&hellip;]<\/p>\n","protected":false},"author":3,"featured_media":0,"parent":0,"menu_order":138,"comment_status":"closed","ping_status":"closed","template":"page-content.php","meta":{"_acf_changed":false,"om_disable_all_campaigns":false,"_monsterinsights_skip_tracking":false,"_monsterinsights_sitenote_active":false,"_monsterinsights_sitenote_note":"","_monsterinsights_sitenote_category":0,"_uf_show_specific_survey":0,"_uf_disable_surveys":false,"_joinchat":[],"footnotes":""},"class_list":["post-19090","page","type-page","status-publish","hentry"],"acf":[],"aioseo_notices":[],"yoast_head":"<!-- This site is optimized with the Yoast SEO plugin v27.0 - https:\/\/yoast.com\/product\/yoast-seo-wordpress\/ -->\n<title>Polityka cookies -<\/title>\n<meta name=\"robots\" content=\"index, follow, max-snippet:-1, max-image-preview:large, max-video-preview:-1\" \/>\n<link rel=\"canonical\" href=\"https:\/\/academiacontacto.com\/pl\/cookies-policy\/\" \/>\n<meta property=\"og:locale\" content=\"pl_PL\" \/>\n<meta property=\"og:type\" content=\"article\" \/>\n<meta property=\"og:title\" content=\"Polityka cookies -\" \/>\n<meta property=\"og:description\" content=\"Polityka cookies Zgodnie ze standardow\u0105 praktyk\u0105 wielu stron internetowych, mo\u017cemy umie\u015bci\u0107 pliki cookie na komputerze, pliki cookie Flash i inne elementy technologiczne oraz uzyska\u0107 do nich dost\u0119p. Korzystaj\u0105c z witryny www.academiacontacto.com wyra\u017casz zgod\u0119 na korzystanie z plik\u00f3w cookie. W ka\u017cdej chwili mo\u017cesz wy\u0142\u0105czy\u0107 funkcj\u0119 cookies w przegl\u0105darce, post\u0119puj\u0105c zgodnie z instrukcjami dostarczonymi przez przegl\u0105dark\u0119. Nale\u017cy [&hellip;]\" \/>\n<meta property=\"og:url\" content=\"https:\/\/academiacontacto.com\/pl\/cookies-policy\/\" \/>\n<meta property=\"og:site_name\" content=\"Academia Contacto\" \/>\n<meta property=\"article:modified_time\" content=\"2017-05-24T12:21:19+00:00\" \/>\n<meta name=\"twitter:label1\" content=\"Szacowany czas czytania\" \/>\n\t<meta name=\"twitter:data1\" content=\"2 minuty\" \/>\n<script type=\"application\/ld+json\" class=\"yoast-schema-graph\">{\"@context\":\"https:\/\/schema.org\",\"@graph\":[{\"@type\":\"WebPage\",\"@id\":\"https:\/\/academiacontacto.com\/pl\/cookies-policy\/\",\"url\":\"https:\/\/academiacontacto.com\/pl\/cookies-policy\/\",\"name\":\"Polityka cookies -\",\"isPartOf\":{\"@id\":\"https:\/\/academiacontacto.com\/pl\/#website\"},\"datePublished\":\"2016-12-09T11:48:57+00:00\",\"dateModified\":\"2017-05-24T12:21:19+00:00\",\"breadcrumb\":{\"@id\":\"https:\/\/academiacontacto.com\/pl\/cookies-policy\/#breadcrumb\"},\"inLanguage\":\"pl-PL\",\"potentialAction\":[{\"@type\":\"ReadAction\",\"target\":[\"https:\/\/academiacontacto.com\/pl\/cookies-policy\/\"]}]},{\"@type\":\"BreadcrumbList\",\"@id\":\"https:\/\/academiacontacto.com\/pl\/cookies-policy\/#breadcrumb\",\"itemListElement\":[{\"@type\":\"ListItem\",\"position\":1,\"name\":\"Home\",\"item\":\"https:\/\/academiacontacto.com\/pl\/\"},{\"@type\":\"ListItem\",\"position\":2,\"name\":\"Polityka cookies\"}]},{\"@type\":\"WebSite\",\"@id\":\"https:\/\/academiacontacto.com\/pl\/#website\",\"url\":\"https:\/\/academiacontacto.com\/pl\/\",\"name\":\"Academia Contacto\",\"description\":\"Aprende Espa\u00f1ol con Academia Contacto\",\"publisher\":{\"@id\":\"https:\/\/academiacontacto.com\/pl\/#organization\"},\"potentialAction\":[{\"@type\":\"SearchAction\",\"target\":{\"@type\":\"EntryPoint\",\"urlTemplate\":\"https:\/\/academiacontacto.com\/pl\/?s={search_term_string}\"},\"query-input\":{\"@type\":\"PropertyValueSpecification\",\"valueRequired\":true,\"valueName\":\"search_term_string\"}}],\"inLanguage\":\"pl-PL\"},{\"@type\":\"Organization\",\"@id\":\"https:\/\/academiacontacto.com\/pl\/#organization\",\"name\":\"Academia Contacto\",\"url\":\"https:\/\/academiacontacto.com\/pl\/\",\"logo\":{\"@type\":\"ImageObject\",\"inLanguage\":\"pl-PL\",\"@id\":\"https:\/\/academiacontacto.com\/pl\/#\/schema\/logo\/image\/\",\"url\":\"https:\/\/academiacontacto.com\/wp-content\/uploads\/2021\/09\/acontacto.jpg\",\"contentUrl\":\"https:\/\/academiacontacto.com\/wp-content\/uploads\/2021\/09\/acontacto.jpg\",\"width\":218,\"height\":70,\"caption\":\"Academia Contacto\"},\"image\":{\"@id\":\"https:\/\/academiacontacto.com\/pl\/#\/schema\/logo\/image\/\"}}]}<\/script>\n<!-- \/ Yoast SEO plugin. -->","yoast_head_json":{"title":"Polityka cookies -","robots":{"index":"index","follow":"follow","max-snippet":"max-snippet:-1","max-image-preview":"max-image-preview:large","max-video-preview":"max-video-preview:-1"},"canonical":"https:\/\/academiacontacto.com\/pl\/cookies-policy\/","og_locale":"pl_PL","og_type":"article","og_title":"Polityka cookies -","og_description":"Polityka cookies Zgodnie ze standardow\u0105 praktyk\u0105 wielu stron internetowych, mo\u017cemy umie\u015bci\u0107 pliki cookie na komputerze, pliki cookie Flash i inne elementy technologiczne oraz uzyska\u0107 do nich dost\u0119p. Korzystaj\u0105c z witryny www.academiacontacto.com wyra\u017casz zgod\u0119 na korzystanie z plik\u00f3w cookie. W ka\u017cdej chwili mo\u017cesz wy\u0142\u0105czy\u0107 funkcj\u0119 cookies w przegl\u0105darce, post\u0119puj\u0105c zgodnie z instrukcjami dostarczonymi przez przegl\u0105dark\u0119. Nale\u017cy [&hellip;]","og_url":"https:\/\/academiacontacto.com\/pl\/cookies-policy\/","og_site_name":"Academia Contacto","article_modified_time":"2017-05-24T12:21:19+00:00","twitter_misc":{"Szacowany czas czytania":"2 minuty"},"schema":{"@context":"https:\/\/schema.org","@graph":[{"@type":"WebPage","@id":"https:\/\/academiacontacto.com\/pl\/cookies-policy\/","url":"https:\/\/academiacontacto.com\/pl\/cookies-policy\/","name":"Polityka cookies -","isPartOf":{"@id":"https:\/\/academiacontacto.com\/pl\/#website"},"datePublished":"2016-12-09T11:48:57+00:00","dateModified":"2017-05-24T12:21:19+00:00","breadcrumb":{"@id":"https:\/\/academiacontacto.com\/pl\/cookies-policy\/#breadcrumb"},"inLanguage":"pl-PL","potentialAction":[{"@type":"ReadAction","target":["https:\/\/academiacontacto.com\/pl\/cookies-policy\/"]}]},{"@type":"BreadcrumbList","@id":"https:\/\/academiacontacto.com\/pl\/cookies-policy\/#breadcrumb","itemListElement":[{"@type":"ListItem","position":1,"name":"Home","item":"https:\/\/academiacontacto.com\/pl\/"},{"@type":"ListItem","position":2,"name":"Polityka cookies"}]},{"@type":"WebSite","@id":"https:\/\/academiacontacto.com\/pl\/#website","url":"https:\/\/academiacontacto.com\/pl\/","name":"Academia Contacto","description":"Aprende Espa\u00f1ol con Academia Contacto","publisher":{"@id":"https:\/\/academiacontacto.com\/pl\/#organization"},"potentialAction":[{"@type":"SearchAction","target":{"@type":"EntryPoint","urlTemplate":"https:\/\/academiacontacto.com\/pl\/?s={search_term_string}"},"query-input":{"@type":"PropertyValueSpecification","valueRequired":true,"valueName":"search_term_string"}}],"inLanguage":"pl-PL"},{"@type":"Organization","@id":"https:\/\/academiacontacto.com\/pl\/#organization","name":"Academia Contacto","url":"https:\/\/academiacontacto.com\/pl\/","logo":{"@type":"ImageObject","inLanguage":"pl-PL","@id":"https:\/\/academiacontacto.com\/pl\/#\/schema\/logo\/image\/","url":"https:\/\/academiacontacto.com\/wp-content\/uploads\/2021\/09\/acontacto.jpg","contentUrl":"https:\/\/academiacontacto.com\/wp-content\/uploads\/2021\/09\/acontacto.jpg","width":218,"height":70,"caption":"Academia Contacto"},"image":{"@id":"https:\/\/academiacontacto.com\/pl\/#\/schema\/logo\/image\/"}}]}},"_links":{"self":[{"href":"https:\/\/academiacontacto.com\/pl\/wp-json\/wp\/v2\/pages\/19090","targetHints":{"allow":["GET"]}}],"collection":[{"href":"https:\/\/academiacontacto.com\/pl\/wp-json\/wp\/v2\/pages"}],"about":[{"href":"https:\/\/academiacontacto.com\/pl\/wp-json\/wp\/v2\/types\/page"}],"author":[{"embeddable":true,"href":"https:\/\/academiacontacto.com\/pl\/wp-json\/wp\/v2\/users\/3"}],"replies":[{"embeddable":true,"href":"https:\/\/academiacontacto.com\/pl\/wp-json\/wp\/v2\/comments?post=19090"}],"version-history":[{"count":0,"href":"https:\/\/academiacontacto.com\/pl\/wp-json\/wp\/v2\/pages\/19090\/revisions"}],"wp:attachment":[{"href":"https:\/\/academiacontacto.com\/pl\/wp-json\/wp\/v2\/media?parent=19090"}],"curies":[{"name":"wp","href":"https:\/\/api.w.org\/{rel}","templated":true}]}}