{"id":19076,"date":"2016-11-22T22:49:18","date_gmt":"2016-11-22T22:49:18","guid":{"rendered":"http:\/\/academiacontacto.com\/accommodations\/"},"modified":"2026-01-23T10:04:33","modified_gmt":"2026-01-23T10:04:33","slug":"accommodations","status":"publish","type":"page","link":"https:\/\/academiacontacto.com\/pl\/accommodations\/","title":{"rendered":"Zakwaterowanie"},"content":{"rendered":"<br \/><h2 style=\"text-align: center;\">Swobodna atmosfera, w kt\u00f3rej ka\u017cdy czuje si\u0119 dobrze, to klucz do opanowania j\u0119zyka i poznania jego kultury.<\/h2>","protected":false},"excerpt":{"rendered":"<p>Swobodna atmosfera, w kt\u00f3rej ka\u017cdy czuje si\u0119 dobrze, to klucz do opanowania j\u0119zyka i poznania jego kultury.<\/p>\n","protected":false},"author":3,"featured_media":0,"parent":0,"menu_order":80,"comment_status":"closed","ping_status":"closed","template":"page-accommodation.php","meta":{"_acf_changed":false,"om_disable_all_campaigns":false,"_monsterinsights_skip_tracking":false,"_monsterinsights_sitenote_active":false,"_monsterinsights_sitenote_note":"","_monsterinsights_sitenote_category":0,"_uf_show_specific_survey":0,"_uf_disable_surveys":false,"_joinchat":[],"footnotes":""},"class_list":["post-19076","page","type-page","status-publish","hentry"],"acf":[],"aioseo_notices":[],"yoast_head":"<!-- This site is optimized with the Yoast SEO plugin v27.0 - https:\/\/yoast.com\/product\/yoast-seo-wordpress\/ -->\n<title>Wybierz najlepsz\u0105 mo\u017cliwo\u015b\u0107 zamieszkania w Madrycie podczas nauki hiszpa\u0144skiego.<\/title>\n<meta name=\"description\" content=\"Mo\u017cesz wybra\u0107 najlepsz\u0105 opcj\u0119: mieszka\u0107 z rodzin\u0105 hiszpa\u0144sk\u0105 lub we wsp\u00f3lnym mieszkaniu w wielokulturowym \u015brodowisku z r\u00f3\u017cnymi lud\u017ami.\" \/>\n<meta name=\"robots\" content=\"index, follow, max-snippet:-1, max-image-preview:large, max-video-preview:-1\" \/>\n<link rel=\"canonical\" href=\"https:\/\/academiacontacto.com\/pl\/accommodations\/\" \/>\n<meta property=\"og:locale\" content=\"pl_PL\" \/>\n<meta property=\"og:type\" content=\"article\" \/>\n<meta property=\"og:title\" content=\"Wybierz najlepsz\u0105 mo\u017cliwo\u015b\u0107 zamieszkania w Madrycie podczas nauki hiszpa\u0144skiego.\" \/>\n<meta property=\"og:description\" content=\"Mo\u017cesz wybra\u0107 najlepsz\u0105 opcj\u0119: mieszka\u0107 z rodzin\u0105 hiszpa\u0144sk\u0105 lub we wsp\u00f3lnym mieszkaniu w wielokulturowym \u015brodowisku z r\u00f3\u017cnymi lud\u017ami.\" \/>\n<meta property=\"og:url\" content=\"https:\/\/academiacontacto.com\/pl\/accommodations\/\" \/>\n<meta property=\"og:site_name\" content=\"Academia Contacto\" \/>\n<meta property=\"article:modified_time\" content=\"2026-01-23T10:04:33+00:00\" \/>\n<meta name=\"twitter:label1\" content=\"Szacowany czas czytania\" \/>\n\t<meta name=\"twitter:data1\" content=\"1 minuta\" \/>\n<script type=\"application\/ld+json\" class=\"yoast-schema-graph\">{\"@context\":\"https:\/\/schema.org\",\"@graph\":[{\"@type\":\"WebPage\",\"@id\":\"https:\/\/academiacontacto.com\/pl\/accommodations\/\",\"url\":\"https:\/\/academiacontacto.com\/pl\/accommodations\/\",\"name\":\"Wybierz najlepsz\u0105 mo\u017cliwo\u015b\u0107 zamieszkania w Madrycie podczas nauki hiszpa\u0144skiego.\",\"isPartOf\":{\"@id\":\"https:\/\/academiacontacto.com\/pl\/#website\"},\"datePublished\":\"2016-11-22T22:49:18+00:00\",\"dateModified\":\"2026-01-23T10:04:33+00:00\",\"description\":\"Mo\u017cesz wybra\u0107 najlepsz\u0105 opcj\u0119: mieszka\u0107 z rodzin\u0105 hiszpa\u0144sk\u0105 lub we wsp\u00f3lnym mieszkaniu w wielokulturowym \u015brodowisku z r\u00f3\u017cnymi lud\u017ami.\",\"breadcrumb\":{\"@id\":\"https:\/\/academiacontacto.com\/pl\/accommodations\/#breadcrumb\"},\"inLanguage\":\"pl-PL\",\"potentialAction\":[{\"@type\":\"ReadAction\",\"target\":[\"https:\/\/academiacontacto.com\/pl\/accommodations\/\"]}]},{\"@type\":\"BreadcrumbList\",\"@id\":\"https:\/\/academiacontacto.com\/pl\/accommodations\/#breadcrumb\",\"itemListElement\":[{\"@type\":\"ListItem\",\"position\":1,\"name\":\"Home\",\"item\":\"https:\/\/academiacontacto.com\/pl\/\"},{\"@type\":\"ListItem\",\"position\":2,\"name\":\"Zakwaterowanie\"}]},{\"@type\":\"WebSite\",\"@id\":\"https:\/\/academiacontacto.com\/pl\/#website\",\"url\":\"https:\/\/academiacontacto.com\/pl\/\",\"name\":\"Academia Contacto\",\"description\":\"Aprende Espa\u00f1ol con Academia Contacto\",\"publisher\":{\"@id\":\"https:\/\/academiacontacto.com\/pl\/#organization\"},\"potentialAction\":[{\"@type\":\"SearchAction\",\"target\":{\"@type\":\"EntryPoint\",\"urlTemplate\":\"https:\/\/academiacontacto.com\/pl\/?s={search_term_string}\"},\"query-input\":{\"@type\":\"PropertyValueSpecification\",\"valueRequired\":true,\"valueName\":\"search_term_string\"}}],\"inLanguage\":\"pl-PL\"},{\"@type\":\"Organization\",\"@id\":\"https:\/\/academiacontacto.com\/pl\/#organization\",\"name\":\"Academia Contacto\",\"url\":\"https:\/\/academiacontacto.com\/pl\/\",\"logo\":{\"@type\":\"ImageObject\",\"inLanguage\":\"pl-PL\",\"@id\":\"https:\/\/academiacontacto.com\/pl\/#\/schema\/logo\/image\/\",\"url\":\"https:\/\/academiacontacto.com\/wp-content\/uploads\/2021\/09\/acontacto.jpg\",\"contentUrl\":\"https:\/\/academiacontacto.com\/wp-content\/uploads\/2021\/09\/acontacto.jpg\",\"width\":218,\"height\":70,\"caption\":\"Academia Contacto\"},\"image\":{\"@id\":\"https:\/\/academiacontacto.com\/pl\/#\/schema\/logo\/image\/\"}}]}<\/script>\n<!-- \/ Yoast SEO plugin. -->","yoast_head_json":{"title":"Wybierz najlepsz\u0105 mo\u017cliwo\u015b\u0107 zamieszkania w Madrycie podczas nauki hiszpa\u0144skiego.","description":"Mo\u017cesz wybra\u0107 najlepsz\u0105 opcj\u0119: mieszka\u0107 z rodzin\u0105 hiszpa\u0144sk\u0105 lub we wsp\u00f3lnym mieszkaniu w wielokulturowym \u015brodowisku z r\u00f3\u017cnymi lud\u017ami.","robots":{"index":"index","follow":"follow","max-snippet":"max-snippet:-1","max-image-preview":"max-image-preview:large","max-video-preview":"max-video-preview:-1"},"canonical":"https:\/\/academiacontacto.com\/pl\/accommodations\/","og_locale":"pl_PL","og_type":"article","og_title":"Wybierz najlepsz\u0105 mo\u017cliwo\u015b\u0107 zamieszkania w Madrycie podczas nauki hiszpa\u0144skiego.","og_description":"Mo\u017cesz wybra\u0107 najlepsz\u0105 opcj\u0119: mieszka\u0107 z rodzin\u0105 hiszpa\u0144sk\u0105 lub we wsp\u00f3lnym mieszkaniu w wielokulturowym \u015brodowisku z r\u00f3\u017cnymi lud\u017ami.","og_url":"https:\/\/academiacontacto.com\/pl\/accommodations\/","og_site_name":"Academia Contacto","article_modified_time":"2026-01-23T10:04:33+00:00","twitter_misc":{"Szacowany czas czytania":"1 minuta"},"schema":{"@context":"https:\/\/schema.org","@graph":[{"@type":"WebPage","@id":"https:\/\/academiacontacto.com\/pl\/accommodations\/","url":"https:\/\/academiacontacto.com\/pl\/accommodations\/","name":"Wybierz najlepsz\u0105 mo\u017cliwo\u015b\u0107 zamieszkania w Madrycie podczas nauki hiszpa\u0144skiego.","isPartOf":{"@id":"https:\/\/academiacontacto.com\/pl\/#website"},"datePublished":"2016-11-22T22:49:18+00:00","dateModified":"2026-01-23T10:04:33+00:00","description":"Mo\u017cesz wybra\u0107 najlepsz\u0105 opcj\u0119: mieszka\u0107 z rodzin\u0105 hiszpa\u0144sk\u0105 lub we wsp\u00f3lnym mieszkaniu w wielokulturowym \u015brodowisku z r\u00f3\u017cnymi lud\u017ami.","breadcrumb":{"@id":"https:\/\/academiacontacto.com\/pl\/accommodations\/#breadcrumb"},"inLanguage":"pl-PL","potentialAction":[{"@type":"ReadAction","target":["https:\/\/academiacontacto.com\/pl\/accommodations\/"]}]},{"@type":"BreadcrumbList","@id":"https:\/\/academiacontacto.com\/pl\/accommodations\/#breadcrumb","itemListElement":[{"@type":"ListItem","position":1,"name":"Home","item":"https:\/\/academiacontacto.com\/pl\/"},{"@type":"ListItem","position":2,"name":"Zakwaterowanie"}]},{"@type":"WebSite","@id":"https:\/\/academiacontacto.com\/pl\/#website","url":"https:\/\/academiacontacto.com\/pl\/","name":"Academia Contacto","description":"Aprende Espa\u00f1ol con Academia Contacto","publisher":{"@id":"https:\/\/academiacontacto.com\/pl\/#organization"},"potentialAction":[{"@type":"SearchAction","target":{"@type":"EntryPoint","urlTemplate":"https:\/\/academiacontacto.com\/pl\/?s={search_term_string}"},"query-input":{"@type":"PropertyValueSpecification","valueRequired":true,"valueName":"search_term_string"}}],"inLanguage":"pl-PL"},{"@type":"Organization","@id":"https:\/\/academiacontacto.com\/pl\/#organization","name":"Academia Contacto","url":"https:\/\/academiacontacto.com\/pl\/","logo":{"@type":"ImageObject","inLanguage":"pl-PL","@id":"https:\/\/academiacontacto.com\/pl\/#\/schema\/logo\/image\/","url":"https:\/\/academiacontacto.com\/wp-content\/uploads\/2021\/09\/acontacto.jpg","contentUrl":"https:\/\/academiacontacto.com\/wp-content\/uploads\/2021\/09\/acontacto.jpg","width":218,"height":70,"caption":"Academia Contacto"},"image":{"@id":"https:\/\/academiacontacto.com\/pl\/#\/schema\/logo\/image\/"}}]}},"_links":{"self":[{"href":"https:\/\/academiacontacto.com\/pl\/wp-json\/wp\/v2\/pages\/19076","targetHints":{"allow":["GET"]}}],"collection":[{"href":"https:\/\/academiacontacto.com\/pl\/wp-json\/wp\/v2\/pages"}],"about":[{"href":"https:\/\/academiacontacto.com\/pl\/wp-json\/wp\/v2\/types\/page"}],"author":[{"embeddable":true,"href":"https:\/\/academiacontacto.com\/pl\/wp-json\/wp\/v2\/users\/3"}],"replies":[{"embeddable":true,"href":"https:\/\/academiacontacto.com\/pl\/wp-json\/wp\/v2\/comments?post=19076"}],"version-history":[{"count":1,"href":"https:\/\/academiacontacto.com\/pl\/wp-json\/wp\/v2\/pages\/19076\/revisions"}],"predecessor-version":[{"id":37334,"href":"https:\/\/academiacontacto.com\/pl\/wp-json\/wp\/v2\/pages\/19076\/revisions\/37334"}],"wp:attachment":[{"href":"https:\/\/academiacontacto.com\/pl\/wp-json\/wp\/v2\/media?parent=19076"}],"curies":[{"name":"wp","href":"https:\/\/api.w.org\/{rel}","templated":true}]}}