{"id":19072,"date":"2017-03-21T14:43:27","date_gmt":"2017-03-21T14:43:27","guid":{"rendered":"http:\/\/academiacontacto.com\/about-us\/"},"modified":"2026-01-23T09:56:43","modified_gmt":"2026-01-23T09:56:43","slug":"about-us","status":"publish","type":"page","link":"https:\/\/academiacontacto.com\/pl\/about-us\/","title":{"rendered":"O nas"},"content":{"rendered":"<h1 class=\"themed dots\" style=\"text-align: center;\">O nas<\/h1><p><noscript><img decoding=\"async\" src=\"http:\/\/academiacontacto.com\/wp-content\/uploads\/2021\/04\/about-resize.jpg\" alt=\"Photo of the staff working in Madrid's office\" class=\"wp-image-29365 size-full alignright\" width=\"634\" height=\"383\"><\/noscript><img decoding=\"async\" src=\"data:image\/svg+xml,%3Csvg%20xmlns%3D%22http%3A%2F%2Fwww.w3.org%2F2000%2Fsvg%22%20viewBox%3D%220%200%20634%20383%22%3E%3C%2Fsvg%3E\" alt=\"Photo of the staff working in Madrid's office\" class=\"wp-image-29365 size-full alignright lazyload\" width=\"634\" height=\"383\" data-src=\"http:\/\/academiacontacto.com\/wp-content\/uploads\/2021\/04\/about-resize.jpg\">Otwarta w 2001 roku, Academia Contacto to szko\u0142a j\u0119zykowa specjalizuj\u0105ca si\u0119 w nauczaniu hiszpa\u0144skiego uczni\u00f3w zagranicznych. Oferujemy kursy j\u0119zykowe w naszej szkole w Madrycie, stolicy Hiszpanii, a tak\u017ce w naszych szko\u0142ach partnerskich w innych fantastycznych miastach, takich jak Barcelona, Alicante, Walencja i Granada.<\/p><p>Szko\u0142a w Madrycie wyposa\u017cona jest w 13 komfortowych i nowoczesnych sal z klimatyzacj\u0105 i ogrzewaniem, posiada dost\u0119p do bezprzewodowego internetu, bibliotek\u0119 i stref\u0119 multimedialn\u0105 z tabletami, sto\u0142ami i sof\u0105&#8230;<\/p><p>Wybieraj spo\u015br\u00f3d szerokiej gamy kurs\u00f3w na ka\u017cdym poziomie, od pocz\u0105tkuj\u0105cego do zaawansowanego. Zaj\u0119cia rozpoczynaj\u0105 si\u0119 co tydzie\u0144, prowadzone s\u0105 w ma\u0142ych grupach w spos\u00f3b dynamiczny i interaktywny, co sprawia, \u017ce nauka j\u0119zyka odbywa si\u0119 w spos\u00f3b przyjemny, ale profesjonalny.<\/p><p>Nasi nauczyciele to native speakerzy z wy\u017cszym wykszta\u0142ceniem, specjalizuj\u0105cy si\u0119 w nauczaniu j\u0119zyka hiszpa\u0144skiego jako j\u0119zyka obcego i z du\u017cym do\u015bwiadczeniem. Ich motywacja, ich pasja i kompetencja sprawi, \u017ce z \u0142atwo\u015bci\u0105 nauczysz si\u0119 j\u0119zyka hiszpa\u0144skiego. S\u0105 gotowi odpowiedzie\u0107 na wszelkie pytania i w\u0105tpliwo\u015bci, kt\u00f3re wprowadz\u0105 Ci\u0119 do \u015bwiata hiszpa\u0144skiej kultury.<br>Dlatego te\u017c oferujemy program zaj\u0119\u0107 dodatkowych i wycieczek, kt\u00f3re odbywaj\u0105 si\u0119 w godzinach popo\u0142udniowych oraz w weekendy. Poprzez uczestnictwo w zaj\u0119ciach dodatkowych odkryjesz wszystkie zak\u0105tki miasta, poznasz lepiej spo\u0142ecze\u0144stwo hiszpa\u0144skie, a ciesz\u0105c si\u0119 kultur\u0105 tego pi\u0119knego kraju poczujesz si\u0119 jak prawdziwy Hiszpan.<\/p><blockquote><p>Uwielbiamy nasz\u0105 kultur\u0119 oraz j\u0119zyk i robimy wszystko, co mo\u017cliwe, by Ci to przekaza\u0107!<\/p><\/blockquote><p>Chocia\u017c wi\u0119kszo\u015b\u0107 z naszych uczni\u00f3w jest z Europy (prawie 75%), odwiedzaj\u0105 nas r\u00f3wnie\u017c uczniowie z Ameryki, Australii, Azji i Afryki. Zwykle s\u0105 to studenci lub m\u0142odzi profesjonali\u015bci, kt\u00f3rzy chc\u0105 nauczy\u0107 si\u0119 hiszpa\u0144skiego by podnie\u015b\u0107 swoje kompetencje, ale wybieraj\u0105 nas r\u00f3wnie\u017c osoby powy\u017cej 40 lat, kt\u00f3rzy bez problemu integruj\u0105 si\u0119 z naszymi grupami.<\/p><p>Odk\u0105d rozpocz\u0119li\u015bmy nasz\u0105 dzia\u0142alno\u015b\u0107 jako szko\u0142a, oferujemy przyjazn\u0105 i profesjonaln\u0105 obs\u0142ug\u0119 w niezwykle konkurencyjnej cenie. Jeste\u015bmy ca\u0142kowicie do Twojej dyspozycji niezale\u017cnie od twoich wymaga\u0144. D\u0105\u017cymy do tego, by przekszta\u0142ci\u0107 Tw\u00f3j pobyt z nami w cenne do\u015bwiadczenie.<\/p><p>Zapraszamy!<\/p>","protected":false},"excerpt":{"rendered":"<p>O nasOtwarta w 2001 roku, Academia Contacto to szko\u0142a j\u0119zykowa specjalizuj\u0105ca si\u0119 w nauczaniu hiszpa\u0144skiego uczni\u00f3w zagranicznych. Oferujemy kursy j\u0119zykowe w naszej szkole w Madrycie, stolicy Hiszpanii, a tak\u017ce w naszych szko\u0142ach partnerskich w innych fantastycznych miastach, takich jak Barcelona, Alicante, Walencja i Granada.Szko\u0142a w Madrycie wyposa\u017cona jest w 13 komfortowych i nowoczesnych sal z [&hellip;]<\/p>\n","protected":false},"author":3,"featured_media":0,"parent":0,"menu_order":68,"comment_status":"closed","ping_status":"closed","template":"page-content.php","meta":{"_acf_changed":false,"om_disable_all_campaigns":false,"_monsterinsights_skip_tracking":false,"_monsterinsights_sitenote_active":false,"_monsterinsights_sitenote_note":"","_monsterinsights_sitenote_category":0,"_uf_show_specific_survey":0,"_uf_disable_surveys":false,"_joinchat":[],"footnotes":""},"class_list":["post-19072","page","type-page","status-publish","hentry"],"acf":[],"aioseo_notices":[],"yoast_head":"<!-- This site is optimized with the Yoast SEO plugin v27.0 - https:\/\/yoast.com\/product\/yoast-seo-wordpress\/ -->\n<title>Spotkaj si\u0119 z zespo\u0142em prowadz\u0105cym zaj\u0119cia hiszpa\u0144skiego w Madrycie.<\/title>\n<meta name=\"description\" content=\"Otwarta w 2001 roku, Academia Contacto jest szko\u0142\u0105 j\u0119zykow\u0105 specjalizuj\u0105c\u0105 si\u0119 w nauczaniu j\u0119zyka hiszpa\u0144skiego student\u00f3w zagranicznych. Kliknij, aby dowiedzie\u0107 si\u0119 o nas wi\u0119cej.\" \/>\n<meta name=\"robots\" content=\"index, follow, max-snippet:-1, max-image-preview:large, max-video-preview:-1\" \/>\n<link rel=\"canonical\" href=\"https:\/\/academiacontacto.com\/pl\/about-us\/\" \/>\n<meta property=\"og:locale\" content=\"pl_PL\" \/>\n<meta property=\"og:type\" content=\"article\" \/>\n<meta property=\"og:title\" content=\"Spotkaj si\u0119 z zespo\u0142em prowadz\u0105cym zaj\u0119cia hiszpa\u0144skiego w Madrycie.\" \/>\n<meta property=\"og:description\" content=\"Otwarta w 2001 roku, Academia Contacto jest szko\u0142\u0105 j\u0119zykow\u0105 specjalizuj\u0105c\u0105 si\u0119 w nauczaniu j\u0119zyka hiszpa\u0144skiego student\u00f3w zagranicznych. Kliknij, aby dowiedzie\u0107 si\u0119 o nas wi\u0119cej.\" \/>\n<meta property=\"og:url\" content=\"https:\/\/academiacontacto.com\/pl\/about-us\/\" \/>\n<meta property=\"og:site_name\" content=\"Academia Contacto\" \/>\n<meta property=\"article:modified_time\" content=\"2026-01-23T09:56:43+00:00\" \/>\n<meta property=\"og:image\" content=\"http:\/\/academiacontacto.com\/wp-content\/uploads\/2021\/04\/about-resize.jpg\" \/>\n<meta name=\"twitter:label1\" content=\"Szacowany czas czytania\" \/>\n\t<meta name=\"twitter:data1\" content=\"2 minuty\" \/>\n<script type=\"application\/ld+json\" class=\"yoast-schema-graph\">{\"@context\":\"https:\/\/schema.org\",\"@graph\":[{\"@type\":\"WebPage\",\"@id\":\"https:\/\/academiacontacto.com\/pl\/about-us\/\",\"url\":\"https:\/\/academiacontacto.com\/pl\/about-us\/\",\"name\":\"Spotkaj si\u0119 z zespo\u0142em prowadz\u0105cym zaj\u0119cia hiszpa\u0144skiego w Madrycie.\",\"isPartOf\":{\"@id\":\"https:\/\/academiacontacto.com\/pl\/#website\"},\"primaryImageOfPage\":{\"@id\":\"https:\/\/academiacontacto.com\/pl\/about-us\/#primaryimage\"},\"image\":{\"@id\":\"https:\/\/academiacontacto.com\/pl\/about-us\/#primaryimage\"},\"thumbnailUrl\":\"http:\/\/academiacontacto.com\/wp-content\/uploads\/2021\/04\/about-resize.jpg\",\"datePublished\":\"2017-03-21T14:43:27+00:00\",\"dateModified\":\"2026-01-23T09:56:43+00:00\",\"description\":\"Otwarta w 2001 roku, Academia Contacto jest szko\u0142\u0105 j\u0119zykow\u0105 specjalizuj\u0105c\u0105 si\u0119 w nauczaniu j\u0119zyka hiszpa\u0144skiego student\u00f3w zagranicznych. Kliknij, aby dowiedzie\u0107 si\u0119 o nas wi\u0119cej.\",\"breadcrumb\":{\"@id\":\"https:\/\/academiacontacto.com\/pl\/about-us\/#breadcrumb\"},\"inLanguage\":\"pl-PL\",\"potentialAction\":[{\"@type\":\"ReadAction\",\"target\":[\"https:\/\/academiacontacto.com\/pl\/about-us\/\"]}]},{\"@type\":\"ImageObject\",\"inLanguage\":\"pl-PL\",\"@id\":\"https:\/\/academiacontacto.com\/pl\/about-us\/#primaryimage\",\"url\":\"http:\/\/academiacontacto.com\/wp-content\/uploads\/2021\/04\/about-resize.jpg\",\"contentUrl\":\"http:\/\/academiacontacto.com\/wp-content\/uploads\/2021\/04\/about-resize.jpg\"},{\"@type\":\"BreadcrumbList\",\"@id\":\"https:\/\/academiacontacto.com\/pl\/about-us\/#breadcrumb\",\"itemListElement\":[{\"@type\":\"ListItem\",\"position\":1,\"name\":\"Home\",\"item\":\"https:\/\/academiacontacto.com\/pl\/\"},{\"@type\":\"ListItem\",\"position\":2,\"name\":\"O nas\"}]},{\"@type\":\"WebSite\",\"@id\":\"https:\/\/academiacontacto.com\/pl\/#website\",\"url\":\"https:\/\/academiacontacto.com\/pl\/\",\"name\":\"Academia Contacto\",\"description\":\"Aprende Espa\u00f1ol con Academia Contacto\",\"publisher\":{\"@id\":\"https:\/\/academiacontacto.com\/pl\/#organization\"},\"potentialAction\":[{\"@type\":\"SearchAction\",\"target\":{\"@type\":\"EntryPoint\",\"urlTemplate\":\"https:\/\/academiacontacto.com\/pl\/?s={search_term_string}\"},\"query-input\":{\"@type\":\"PropertyValueSpecification\",\"valueRequired\":true,\"valueName\":\"search_term_string\"}}],\"inLanguage\":\"pl-PL\"},{\"@type\":\"Organization\",\"@id\":\"https:\/\/academiacontacto.com\/pl\/#organization\",\"name\":\"Academia Contacto\",\"url\":\"https:\/\/academiacontacto.com\/pl\/\",\"logo\":{\"@type\":\"ImageObject\",\"inLanguage\":\"pl-PL\",\"@id\":\"https:\/\/academiacontacto.com\/pl\/#\/schema\/logo\/image\/\",\"url\":\"https:\/\/academiacontacto.com\/wp-content\/uploads\/2021\/09\/acontacto.jpg\",\"contentUrl\":\"https:\/\/academiacontacto.com\/wp-content\/uploads\/2021\/09\/acontacto.jpg\",\"width\":218,\"height\":70,\"caption\":\"Academia Contacto\"},\"image\":{\"@id\":\"https:\/\/academiacontacto.com\/pl\/#\/schema\/logo\/image\/\"}}]}<\/script>\n<!-- \/ Yoast SEO plugin. -->","yoast_head_json":{"title":"Spotkaj si\u0119 z zespo\u0142em prowadz\u0105cym zaj\u0119cia hiszpa\u0144skiego w Madrycie.","description":"Otwarta w 2001 roku, Academia Contacto jest szko\u0142\u0105 j\u0119zykow\u0105 specjalizuj\u0105c\u0105 si\u0119 w nauczaniu j\u0119zyka hiszpa\u0144skiego student\u00f3w zagranicznych. Kliknij, aby dowiedzie\u0107 si\u0119 o nas wi\u0119cej.","robots":{"index":"index","follow":"follow","max-snippet":"max-snippet:-1","max-image-preview":"max-image-preview:large","max-video-preview":"max-video-preview:-1"},"canonical":"https:\/\/academiacontacto.com\/pl\/about-us\/","og_locale":"pl_PL","og_type":"article","og_title":"Spotkaj si\u0119 z zespo\u0142em prowadz\u0105cym zaj\u0119cia hiszpa\u0144skiego w Madrycie.","og_description":"Otwarta w 2001 roku, Academia Contacto jest szko\u0142\u0105 j\u0119zykow\u0105 specjalizuj\u0105c\u0105 si\u0119 w nauczaniu j\u0119zyka hiszpa\u0144skiego student\u00f3w zagranicznych. Kliknij, aby dowiedzie\u0107 si\u0119 o nas wi\u0119cej.","og_url":"https:\/\/academiacontacto.com\/pl\/about-us\/","og_site_name":"Academia Contacto","article_modified_time":"2026-01-23T09:56:43+00:00","og_image":[{"url":"http:\/\/academiacontacto.com\/wp-content\/uploads\/2021\/04\/about-resize.jpg","type":"","width":"","height":""}],"twitter_misc":{"Szacowany czas czytania":"2 minuty"},"schema":{"@context":"https:\/\/schema.org","@graph":[{"@type":"WebPage","@id":"https:\/\/academiacontacto.com\/pl\/about-us\/","url":"https:\/\/academiacontacto.com\/pl\/about-us\/","name":"Spotkaj si\u0119 z zespo\u0142em prowadz\u0105cym zaj\u0119cia hiszpa\u0144skiego w Madrycie.","isPartOf":{"@id":"https:\/\/academiacontacto.com\/pl\/#website"},"primaryImageOfPage":{"@id":"https:\/\/academiacontacto.com\/pl\/about-us\/#primaryimage"},"image":{"@id":"https:\/\/academiacontacto.com\/pl\/about-us\/#primaryimage"},"thumbnailUrl":"http:\/\/academiacontacto.com\/wp-content\/uploads\/2021\/04\/about-resize.jpg","datePublished":"2017-03-21T14:43:27+00:00","dateModified":"2026-01-23T09:56:43+00:00","description":"Otwarta w 2001 roku, Academia Contacto jest szko\u0142\u0105 j\u0119zykow\u0105 specjalizuj\u0105c\u0105 si\u0119 w nauczaniu j\u0119zyka hiszpa\u0144skiego student\u00f3w zagranicznych. Kliknij, aby dowiedzie\u0107 si\u0119 o nas wi\u0119cej.","breadcrumb":{"@id":"https:\/\/academiacontacto.com\/pl\/about-us\/#breadcrumb"},"inLanguage":"pl-PL","potentialAction":[{"@type":"ReadAction","target":["https:\/\/academiacontacto.com\/pl\/about-us\/"]}]},{"@type":"ImageObject","inLanguage":"pl-PL","@id":"https:\/\/academiacontacto.com\/pl\/about-us\/#primaryimage","url":"http:\/\/academiacontacto.com\/wp-content\/uploads\/2021\/04\/about-resize.jpg","contentUrl":"http:\/\/academiacontacto.com\/wp-content\/uploads\/2021\/04\/about-resize.jpg"},{"@type":"BreadcrumbList","@id":"https:\/\/academiacontacto.com\/pl\/about-us\/#breadcrumb","itemListElement":[{"@type":"ListItem","position":1,"name":"Home","item":"https:\/\/academiacontacto.com\/pl\/"},{"@type":"ListItem","position":2,"name":"O nas"}]},{"@type":"WebSite","@id":"https:\/\/academiacontacto.com\/pl\/#website","url":"https:\/\/academiacontacto.com\/pl\/","name":"Academia Contacto","description":"Aprende Espa\u00f1ol con Academia Contacto","publisher":{"@id":"https:\/\/academiacontacto.com\/pl\/#organization"},"potentialAction":[{"@type":"SearchAction","target":{"@type":"EntryPoint","urlTemplate":"https:\/\/academiacontacto.com\/pl\/?s={search_term_string}"},"query-input":{"@type":"PropertyValueSpecification","valueRequired":true,"valueName":"search_term_string"}}],"inLanguage":"pl-PL"},{"@type":"Organization","@id":"https:\/\/academiacontacto.com\/pl\/#organization","name":"Academia Contacto","url":"https:\/\/academiacontacto.com\/pl\/","logo":{"@type":"ImageObject","inLanguage":"pl-PL","@id":"https:\/\/academiacontacto.com\/pl\/#\/schema\/logo\/image\/","url":"https:\/\/academiacontacto.com\/wp-content\/uploads\/2021\/09\/acontacto.jpg","contentUrl":"https:\/\/academiacontacto.com\/wp-content\/uploads\/2021\/09\/acontacto.jpg","width":218,"height":70,"caption":"Academia Contacto"},"image":{"@id":"https:\/\/academiacontacto.com\/pl\/#\/schema\/logo\/image\/"}}]}},"_links":{"self":[{"href":"https:\/\/academiacontacto.com\/pl\/wp-json\/wp\/v2\/pages\/19072","targetHints":{"allow":["GET"]}}],"collection":[{"href":"https:\/\/academiacontacto.com\/pl\/wp-json\/wp\/v2\/pages"}],"about":[{"href":"https:\/\/academiacontacto.com\/pl\/wp-json\/wp\/v2\/types\/page"}],"author":[{"embeddable":true,"href":"https:\/\/academiacontacto.com\/pl\/wp-json\/wp\/v2\/users\/3"}],"replies":[{"embeddable":true,"href":"https:\/\/academiacontacto.com\/pl\/wp-json\/wp\/v2\/comments?post=19072"}],"version-history":[{"count":1,"href":"https:\/\/academiacontacto.com\/pl\/wp-json\/wp\/v2\/pages\/19072\/revisions"}],"predecessor-version":[{"id":37326,"href":"https:\/\/academiacontacto.com\/pl\/wp-json\/wp\/v2\/pages\/19072\/revisions\/37326"}],"wp:attachment":[{"href":"https:\/\/academiacontacto.com\/pl\/wp-json\/wp\/v2\/media?parent=19072"}],"curies":[{"name":"wp","href":"https:\/\/api.w.org\/{rel}","templated":true}]}}