{"id":17340,"date":"2016-12-27T03:33:09","date_gmt":"2016-12-27T03:33:09","guid":{"rendered":"http:\/\/academiacontacto.com\/legal-notice\/"},"modified":"2024-01-25T16:45:17","modified_gmt":"2024-01-25T16:45:17","slug":"legal-notice","status":"publish","type":"page","link":"https:\/\/academiacontacto.com\/fr\/legal-notice\/","title":{"rendered":"Mentions l\u00e9gales et Termes &#038; Conditions g\u00e9n\u00e9rales"},"content":{"rendered":"<h1 class=\"themed dots\" style=\"text-align: center;\">Mentions l\u00e9gales et Termes &amp; Conditions g\u00e9n\u00e9rales<\/h1><p class=\"swp-legal-box\"><strong>Propri\u00e9taire: Academia Contacto SLL<\/strong><\/p><p><strong>C.I.F.: B82850686\u00a0<br \/><\/strong><strong>Adresse: Calle Raimundo Lulio 7, 28010, Madrid<br \/><\/strong><\/p><p><strong>Contact: info@academiacontacto.com<\/strong><\/p><p class=\"swp-legal-box\">Academia Contacto, S.L.L. d\u00e9tient tous les droits sur le contenu, le design et le code source de ce site et en particulier les informations. Toutefois, et en d\u00e9pit de ce qui pr\u00e9c\u00e8de, les noms d\u2019entreprises, les marques et les logos qui peuvent appara\u00eetre sur ce site appartiennent \u00e0 leurs propri\u00e9taires respectifs et sont prot\u00e9g\u00e9s par la l\u00e9gislation courante sur la propri\u00e9t\u00e9 intellectuelle et la propri\u00e9t\u00e9 industrielle. Le propri\u00e9taire du site se r\u00e9serve le droit d\u2019en actualiser le contenu quand il le juge opportun, ainsi que de supprimer, limiter ou emp\u00eacher l\u2019acc\u00e8s au contenu, soit temporairement soit d\u00e9finitivement. Tout acte de retransmission, distribution, reproduction, stockage ou divulgation, total ou partiel, doit jouir de l\u2019autorisation explicite d\u2019Academia Contacto, S.L.L. L\u2019usage de liens hypertexte \u00e0 partir du site, aussi bien de la page d\u2019accueil que des autres pages, est autoris\u00e9. Tout usage, modification ou exploitation des contenus inclus dans le site \u00e0 des fins contraires \u00e0 la loi, \u00e0 la morale ou \u00e0 l\u2019ordre public est strictement interdit. Il est certifi\u00e9 que la plupart des images utilis\u00e9es dans ce site proviennent de banques de donn\u00e9es ind\u00e9pendantes, suite \u00e0 l\u2019acquisition de l\u2019autorisation ad\u00e9quate pour leur usage. Le reste des images sont propri\u00e9t\u00e9 d\u2019Academia Contacto, S.L.L. Academia Contacto, S.L.L, ses partenaires,<br \/>ses professionnels et\/ou membres du personnel ne pourront \u00eatre tenus responsables en cas de dommages ou de perte subis, directement ou indirectement, par tout utilisateur ou tiers, pour toute d\u00e9cision qui puisse \u00eatre prise en s\u2019appuyant sur le contenu de ce site. Academia Contacto SLL d\u00e9cline \u00e9galement toute responsabilit\u00e9 quant aux contenus des pages auxquelles l\u2019utilisateur peut avoir acc\u00e8s \u00e0 partir de liens inclus dans son site.<\/p><p><span style=\"text-decoration: underline;\"><strong>Termes et Conditions g\u00e9n\u00e9rales<\/strong><\/span><\/p><ol><li><b>Inscription<\/b><\/li><\/ol><p>Une condition essentielle \u00e0 la demande d\u2019inscription est la soumission du formulaire d\u2019inscription d\u00fbment complet\u00e9 dans tous ses champs, sign\u00e9 par les parents ou les tuteurs l\u00e9gaux de l\u2019\u00e9tudiant en cas de mineurs d\u2019\u00e2ge, conjointement au paiement de la r\u00e9servation. Les frais de r\u00e9servation sont de 200 \u20ac, lesquels seront d\u00e9duits du prix du cours. Sur r\u00e9ception de votre demande d\u2019inscription et de votre acompte, vous recevrez la confirmation de votre participation au cours dans les plus brefs d\u00e9lais..<\/p><ol start=\"2\"><li><strong>Termes de paiement<\/strong><\/li><\/ol><p>Les frais de r\u00e9servation doivent \u00eatre vers\u00e9s dans leur totalit\u00e9 au moment de l\u2019inscription, sans quoi Academia Contacto ne peut s\u2019engager \u00e0 fournir aucun service \u00e0 l\u2019\u00e9tudiant. Le cours et le logement doivent \u00eatre pay\u00e9s dans leur totalit\u00e9 deux semaines avant le premier jour de classe au plus tard. Dans notre \u00e9cole de Madrid, vous pouvez payer le cours et le logement dans leur totalit\u00e9 le premier jour de classe. Si vous vous inscrivez au tout dernier moment, il ne nous sera pas toujours possible de garantir votre choix de logement.<\/p><ol start=\"3\"><li><strong> Formes de paiement<\/strong><\/li><\/ol><p>Par virement bancaire sur notre compte: Academia Contacto. Santander Bank. Luchana 33, 28010 Madrid. IBAN: ES38 0049 4679 11 2916478381SWIFT \/ BIC: BSCHESMM<br \/>Par carte de cr\u00e9dit (Visa, Mastercard)<br \/>En esp\u00e8ces<\/p><ol start=\"4\"><li><strong>Prestations<\/strong><\/li><\/ol><p>Vous aurez droit aux prestations sp\u00e9cifi\u00e9es sur votre formulaire d\u2019inscription d\u00fbment confirm\u00e9 par Academia Contacto. Le prix du cours comprend: les classes, le mat\u00e9riel didactique, l\u2019usage de la biblioth\u00e8que et d\u2019Internet, le programme culturel et les services. Le prix du cours ne comprend pas: les droits d\u2019entr\u00e9e et les trajets \u00e0 tous les sites touristiques ou spectacles en dehors de l\u2019\u00e9cole ainsi que les d\u00e9penses occasionn\u00e9es par les excursions, les repas avec le professeur, les ateliers de cuisine ou les d\u00e9gustations de vins, les transferts de\/\u00e0 l\u2019a\u00e9roport, de m\u00eame que tout autre service qui ne soit pas express\u00e9ment pr\u00e9cis\u00e9. Academia Contacto se r\u00e9serve le droit de modifier le programme culturel ou d\u2019annuler certaines activit\u00e9s culturelles si le nombre minimum de participants n\u2019est pas atteint. Dans les cas o\u00f9 Academia Contacto travaillerait avec des entreprises ext\u00e9rieures, les conditions de ces derni\u00e8res s\u2019appliqueront.<\/p><ol start=\"5\"><li><strong> Changements \/ Annulation<\/strong><\/li><\/ol><p>Le client peut changer les dates et le type de cours jusqu\u2019\u00e0 4 semaines avant le d\u00e9but de celui-ci, selon la disponibilit\u00e9 des places. Une renonciation au cours doit se communiquer par \u00e9crit. Au cas o\u00f9 la r\u00e9ception de la renonciation se fait au moins 30 jours avant le d\u00e9but du cours, l\u2019argent vers\u00e9 sera rembours\u00e9 mais un montant de 100\u20ac sera retenu en tant que frais d\u2019annulation. Si la r\u00e9ception de la renonciation se produit moins de 30 jours avant le debut du cours, les frais d\u2019annulation seront de 200\u20ac.\u00a0 <br \/><span class=\"HwtZe\" jsaction=\"mouseup:Sxi9L,BR6jm; mousedown:qjlr0e\" jsname=\"jqKxS\" lang=\"fr\"><span jsaction=\"agoMJf:PFBcW;MZfLnc:P7O7bd;nt4Alf:pvnm0e,pfE8Hb,PFBcW;B01qod:dJXsye;H1e5u:iXtTIf;lYIUJf:hij5Wb;bmeZHc:iURhpf;Oxj3Xe:qAKMYb,yaf12d\" jsname=\"txFAF\" class=\"jCAhz ChMk0b\" jscontroller=\"Gn4SMb\"><span class=\"ryNqvb\" jsaction=\"click:E6Tfl,GFf3ac,tMZCfe; contextmenu:Nqw7Te,QP7LD; mouseout:Nqw7Te; mouseover:E6Tfl,c2aHje\" jsname=\"W297wb\">Si vous avez besoin d&rsquo;un visa \u00e9tudiant, le montant total doit \u00eatre pay\u00e9 avant qu&rsquo;un certificat d&rsquo;\u00e9tudes puisse \u00eatre d\u00e9livr\u00e9.<\/span><\/span> Une fois le certificat envoy\u00e9<span jsaction=\"agoMJf:PFBcW;MZfLnc:P7O7bd;nt4Alf:pvnm0e,pfE8Hb,PFBcW;B01qod:dJXsye;H1e5u:iXtTIf;lYIUJf:hij5Wb;bmeZHc:iURhpf;Oxj3Xe:qAKMYb,yaf12d\" jsname=\"txFAF\" class=\"jCAhz ChMk0b\" jscontroller=\"Gn4SMb\"><span class=\"ryNqvb\" jsaction=\"click:E6Tfl,GFf3ac,tMZCfe; contextmenu:Nqw7Te,QP7LD; mouseout:Nqw7Te; mouseover:E6Tfl,c2aHje\" jsname=\"W297wb\">, un remboursement ne sera plus possible sauf en cas de refus de visa. Dans ce cas,\u00a0 vous devrez pr\u00e9senter la carte de refus pour qu&rsquo;un remboursement soit effectu\u00e9 (sauf les frais de traitement de 200 \u20ac).<\/span><\/span><\/span><br \/>Si un \u00e9tudiant ne se presente pas au d\u00e9but de son cours sans avoir au pr\u00e9alable annul\u00e9 selon les termes et la mani\u00e8re indiqu\u00e9s ci-dessus, ou si l\u2019\u00e9tudiant d\u00e9cide de partir avant la fin de son cours, il sera oblig\u00e9 de payer la totalit\u00e9 de son cours et de son logement.<br \/>Pendant la haute saison, les classes pourront quelquefois se donner dans des salles en dehors d\u2019Academia Contacto et il y aura parfois un deuxi\u00e8me tour l\u2019apr\u00e8s-midi pour les cours intensifs.<br \/><span class=\"HwtZe\" jsaction=\"mouseup:Sxi9L,BR6jm; mousedown:qjlr0e\" jsname=\"jqKxS\" lang=\"fr\"><span jsaction=\"agoMJf:PFBcW;MZfLnc:P7O7bd;nt4Alf:pvnm0e,pfE8Hb,PFBcW;B01qod:dJXsye;H1e5u:iXtTIf;lYIUJf:hij5Wb;bmeZHc:iURhpf;Oxj3Xe:qAKMYb,yaf12d\" jsname=\"txFAF\" class=\"jCAhz ChMk0b\" jscontroller=\"Gn4SMb\"><span class=\"ryNqvb\" jsaction=\"click:E6Tfl,GFf3ac,tMZCfe; contextmenu:Nqw7Te,QP7LD; mouseout:Nqw7Te; mouseover:E6Tfl,c2aHje\" jsname=\"W297wb\">Les cours individuels doivent \u00eatre annul\u00e9s au minimum 24 heures \u00e0 l&rsquo;avance.<\/span><\/span><\/span><\/p><ol start=\"6\"><li><strong> Prolongation du cours<\/strong><\/li><\/ol><p>Si vous d\u00e9cidez de prolonger votre cours, vous devrez en faire part \u00e0 Academia Contacto une semaine avant le d\u00e9but du nouveau cours et vous devrez effectuer votre paiement au plus tard le premier jour du nouveau cours. Il ne nous sera pas toujours possible de garantir la conservation du m\u00eame logement que dans le cours initial.<\/p><ol start=\"7\"><li><strong>\u00c2ge \/ Nombre d\u2019\u00e9tudiants <\/strong><\/li><\/ol><p>L\u2019\u00e2ge minimum requis pour participer \u00e0 nos cours est de 17 ans. Le nombre minimum d\u2019\u00e9tudiants dans une classe est de 2 personnes. Au cas o\u00f9 un groupe ne pourrait \u00eatre form\u00e9 au niveau d\u2019espagnol souhait\u00e9 par un seul \u00e9tudiant, on lui proposera la moiti\u00e9 des heures contract\u00e9es en classes individuelles.<\/p><ol start=\"8\"><li><strong>Jours sans classes<\/strong><\/li><\/ol><p>Les classes ne se donnent pas les jours f\u00e9ri\u00e9s. \u00c0 Madrid, la moiti\u00e9 des heures perdues seront r\u00e9cup\u00e9r\u00e9es dans le courant de la m\u00eame semaine.<\/p><ol start=\"9\"><li><strong> Assurance<\/strong><\/li><\/ol><p>Nos clients sont couverts pour tous les risques qu\u2019ils pourraient encourir dans l\u2019\u00e9cole. Ni Academia Contacto ni les familles d\u2019accueil ne pourront \u00eatre tenus responsables en cas d\u2019accident, de maladie, de vol ou de perte d\u2019objets de valeur. Nous recommandons l\u2019acquisition d\u2019une assurance maladie avant le d\u00e9but du cours.<\/p><ol start=\"10\"><li><strong> Expulsion<\/strong><\/li><\/ol><p>Academia Contacto se r\u00e9serve le droit de r\u00e9silier le contrat de tout \u00e9tudiant qui commettrait une des infractions graves indiqu\u00e9es dans les normes de comportement d\u2019Academia Contacto qui doivent \u00eatre reconnues et accept\u00e9es. Si tel \u00e9tait le cas, la valeur du cours ne serait pas rembours\u00e9e.<\/p><ol start=\"11\"><li><strong> R\u00e9solution de conflits<\/strong><\/li><\/ol><p>Tout diff\u00e9rend qui pourrait survenir sera trait\u00e9 \u00e0 travers des cours et tribunaux de Madrid, renon\u00e7ant ainsi express\u00e9ment \u00e0 tout autre lieu. Les frais d\u2019avocats et de procureurs auxquels s\u2019exposerait Academia Contacto, y compris ceux qui ne seraient pas obligatoires par la loi, seront \u00e0 la charge du client ind\u00e9pendamment de si la sentence appuie les pr\u00e9tentions d\u2019Academia Contacto ou rejette celle du client.<\/p><ol start=\"12\"><li><strong> Protection de donn\u00e9es<\/strong><\/li><\/ol><p>Academia Contacto s\u2019engage \u00e0 respecter la confidentialit\u00e9 absolue des donn\u00e9es personnelles auxquelles il a acc\u00e8s en conformit\u00e9 avec le pr\u00e9sent contrat et \u00e0 observer toutes les dispositions l\u00e9gales contenues dans la Loi Organique 15\/1999 sur la Protection de Donn\u00e9es de Caract\u00e8re Personnel.<br \/>L\u2019\u00e9tudiant consent express\u00e9ment et explicitement \u00e0 la transmission de ses donn\u00e9es personnelles \u00e0 Academia Contacto dans la mesure o\u00f9 ceci s\u2019av\u00e8re n\u00e9cessaire pour remplir les obligations \u00e9tablies par la Loi ou celles qui auraient \u00e9t\u00e9 accord\u00e9es par les deux parties. L\u2019envoi du formulaire d\u2019inscription signifie l\u2019acceptation de nos termes et conditions g\u00e9n\u00e9rales.<\/p><p>&nbsp;<\/p><ol class=\"more-margin\"><\/ol>","protected":false},"excerpt":{"rendered":"<p>Mentions l\u00e9gales et Termes &amp; Conditions g\u00e9n\u00e9ralesPropri\u00e9taire: Academia Contacto SLLC.I.F.: B82850686\u00a0Adresse: Calle Raimundo Lulio 7, 28010, MadridContact: info@academiacontacto.comAcademia Contacto, S.L.L. d\u00e9tient tous les droits sur le contenu, le design et le code source de ce site et en particulier les informations. Toutefois, et en d\u00e9pit de ce qui pr\u00e9c\u00e8de, les noms d\u2019entreprises, les marques et [&hellip;]<\/p>\n","protected":false},"author":3,"featured_media":0,"parent":0,"menu_order":317,"comment_status":"closed","ping_status":"closed","template":"page-content.php","meta":{"_acf_changed":false,"om_disable_all_campaigns":false,"_monsterinsights_skip_tracking":false,"_monsterinsights_sitenote_active":false,"_monsterinsights_sitenote_note":"","_monsterinsights_sitenote_category":0,"_uf_show_specific_survey":0,"_uf_disable_surveys":false,"_joinchat":[],"footnotes":""},"class_list":["post-17340","page","type-page","status-publish","hentry"],"acf":[],"aioseo_notices":[],"yoast_head":"<!-- This site is optimized with the Yoast SEO plugin v27.5 - https:\/\/yoast.com\/product\/yoast-seo-wordpress\/ -->\n<title>Mentions l\u00e9gales et Termes &amp; Conditions g\u00e9n\u00e9rales -<\/title>\n<meta name=\"robots\" content=\"index, follow, max-snippet:-1, max-image-preview:large, max-video-preview:-1\" \/>\n<link rel=\"canonical\" href=\"https:\/\/academiacontacto.com\/fr\/legal-notice\/\" \/>\n<meta property=\"og:locale\" content=\"fr_FR\" \/>\n<meta property=\"og:type\" content=\"article\" \/>\n<meta property=\"og:title\" content=\"Mentions l\u00e9gales et Termes &amp; Conditions g\u00e9n\u00e9rales -\" \/>\n<meta property=\"og:description\" content=\"Mentions l\u00e9gales et Termes &amp; Conditions g\u00e9n\u00e9ralesPropri\u00e9taire: Academia Contacto SLLC.I.F.: B82850686\u00a0Adresse: Calle Raimundo Lulio 7, 28010, MadridContact: info@academiacontacto.comAcademia Contacto, S.L.L. d\u00e9tient tous les droits sur le contenu, le design et le code source de ce site et en particulier les informations. Toutefois, et en d\u00e9pit de ce qui pr\u00e9c\u00e8de, les noms d\u2019entreprises, les marques et [&hellip;]\" \/>\n<meta property=\"og:url\" content=\"https:\/\/academiacontacto.com\/fr\/legal-notice\/\" \/>\n<meta property=\"og:site_name\" content=\"Academia Contacto\" \/>\n<meta property=\"article:modified_time\" content=\"2024-01-25T16:45:17+00:00\" \/>\n<meta name=\"twitter:label1\" content=\"Dur\u00e9e de lecture estim\u00e9e\" \/>\n\t<meta name=\"twitter:data1\" content=\"6 minutes\" \/>\n<script type=\"application\/ld+json\" class=\"yoast-schema-graph\">{\"@context\":\"https:\\\/\\\/schema.org\",\"@graph\":[{\"@type\":\"WebPage\",\"@id\":\"https:\\\/\\\/academiacontacto.com\\\/fr\\\/legal-notice\\\/\",\"url\":\"https:\\\/\\\/academiacontacto.com\\\/fr\\\/legal-notice\\\/\",\"name\":\"Mentions l\u00e9gales et Termes & Conditions g\u00e9n\u00e9rales -\",\"isPartOf\":{\"@id\":\"https:\\\/\\\/academiacontacto.com\\\/pl\\\/#website\"},\"datePublished\":\"2016-12-27T03:33:09+00:00\",\"dateModified\":\"2024-01-25T16:45:17+00:00\",\"breadcrumb\":{\"@id\":\"https:\\\/\\\/academiacontacto.com\\\/fr\\\/legal-notice\\\/#breadcrumb\"},\"inLanguage\":\"fr-FR\",\"potentialAction\":[{\"@type\":\"ReadAction\",\"target\":[\"https:\\\/\\\/academiacontacto.com\\\/fr\\\/legal-notice\\\/\"]}]},{\"@type\":\"BreadcrumbList\",\"@id\":\"https:\\\/\\\/academiacontacto.com\\\/fr\\\/legal-notice\\\/#breadcrumb\",\"itemListElement\":[{\"@type\":\"ListItem\",\"position\":1,\"name\":\"Home\",\"item\":\"https:\\\/\\\/academiacontacto.com\\\/fr\\\/\"},{\"@type\":\"ListItem\",\"position\":2,\"name\":\"Mentions l\u00e9gales et Termes &#038; Conditions g\u00e9n\u00e9rales\"}]},{\"@type\":\"WebSite\",\"@id\":\"https:\\\/\\\/academiacontacto.com\\\/pl\\\/#website\",\"url\":\"https:\\\/\\\/academiacontacto.com\\\/pl\\\/\",\"name\":\"Academia Contacto\",\"description\":\"Aprende Espa\u00f1ol con Academia Contacto\",\"publisher\":{\"@id\":\"https:\\\/\\\/academiacontacto.com\\\/pl\\\/#organization\"},\"potentialAction\":[{\"@type\":\"SearchAction\",\"target\":{\"@type\":\"EntryPoint\",\"urlTemplate\":\"https:\\\/\\\/academiacontacto.com\\\/pl\\\/?s={search_term_string}\"},\"query-input\":{\"@type\":\"PropertyValueSpecification\",\"valueRequired\":true,\"valueName\":\"search_term_string\"}}],\"inLanguage\":\"fr-FR\"},{\"@type\":\"Organization\",\"@id\":\"https:\\\/\\\/academiacontacto.com\\\/pl\\\/#organization\",\"name\":\"Academia Contacto\",\"url\":\"https:\\\/\\\/academiacontacto.com\\\/pl\\\/\",\"logo\":{\"@type\":\"ImageObject\",\"inLanguage\":\"fr-FR\",\"@id\":\"https:\\\/\\\/academiacontacto.com\\\/pl\\\/#\\\/schema\\\/logo\\\/image\\\/\",\"url\":\"https:\\\/\\\/academiacontacto.com\\\/wp-content\\\/uploads\\\/2021\\\/09\\\/acontacto.jpg\",\"contentUrl\":\"https:\\\/\\\/academiacontacto.com\\\/wp-content\\\/uploads\\\/2021\\\/09\\\/acontacto.jpg\",\"width\":218,\"height\":70,\"caption\":\"Academia Contacto\"},\"image\":{\"@id\":\"https:\\\/\\\/academiacontacto.com\\\/pl\\\/#\\\/schema\\\/logo\\\/image\\\/\"}}]}<\/script>\n<!-- \/ Yoast SEO plugin. -->","yoast_head_json":{"title":"Mentions l\u00e9gales et Termes & Conditions g\u00e9n\u00e9rales -","robots":{"index":"index","follow":"follow","max-snippet":"max-snippet:-1","max-image-preview":"max-image-preview:large","max-video-preview":"max-video-preview:-1"},"canonical":"https:\/\/academiacontacto.com\/fr\/legal-notice\/","og_locale":"fr_FR","og_type":"article","og_title":"Mentions l\u00e9gales et Termes & Conditions g\u00e9n\u00e9rales -","og_description":"Mentions l\u00e9gales et Termes &amp; Conditions g\u00e9n\u00e9ralesPropri\u00e9taire: Academia Contacto SLLC.I.F.: B82850686\u00a0Adresse: Calle Raimundo Lulio 7, 28010, MadridContact: info@academiacontacto.comAcademia Contacto, S.L.L. d\u00e9tient tous les droits sur le contenu, le design et le code source de ce site et en particulier les informations. Toutefois, et en d\u00e9pit de ce qui pr\u00e9c\u00e8de, les noms d\u2019entreprises, les marques et [&hellip;]","og_url":"https:\/\/academiacontacto.com\/fr\/legal-notice\/","og_site_name":"Academia Contacto","article_modified_time":"2024-01-25T16:45:17+00:00","twitter_misc":{"Dur\u00e9e de lecture estim\u00e9e":"6 minutes"},"schema":{"@context":"https:\/\/schema.org","@graph":[{"@type":"WebPage","@id":"https:\/\/academiacontacto.com\/fr\/legal-notice\/","url":"https:\/\/academiacontacto.com\/fr\/legal-notice\/","name":"Mentions l\u00e9gales et Termes & Conditions g\u00e9n\u00e9rales -","isPartOf":{"@id":"https:\/\/academiacontacto.com\/pl\/#website"},"datePublished":"2016-12-27T03:33:09+00:00","dateModified":"2024-01-25T16:45:17+00:00","breadcrumb":{"@id":"https:\/\/academiacontacto.com\/fr\/legal-notice\/#breadcrumb"},"inLanguage":"fr-FR","potentialAction":[{"@type":"ReadAction","target":["https:\/\/academiacontacto.com\/fr\/legal-notice\/"]}]},{"@type":"BreadcrumbList","@id":"https:\/\/academiacontacto.com\/fr\/legal-notice\/#breadcrumb","itemListElement":[{"@type":"ListItem","position":1,"name":"Home","item":"https:\/\/academiacontacto.com\/fr\/"},{"@type":"ListItem","position":2,"name":"Mentions l\u00e9gales et Termes &#038; Conditions g\u00e9n\u00e9rales"}]},{"@type":"WebSite","@id":"https:\/\/academiacontacto.com\/pl\/#website","url":"https:\/\/academiacontacto.com\/pl\/","name":"Academia Contacto","description":"Aprende Espa\u00f1ol con Academia Contacto","publisher":{"@id":"https:\/\/academiacontacto.com\/pl\/#organization"},"potentialAction":[{"@type":"SearchAction","target":{"@type":"EntryPoint","urlTemplate":"https:\/\/academiacontacto.com\/pl\/?s={search_term_string}"},"query-input":{"@type":"PropertyValueSpecification","valueRequired":true,"valueName":"search_term_string"}}],"inLanguage":"fr-FR"},{"@type":"Organization","@id":"https:\/\/academiacontacto.com\/pl\/#organization","name":"Academia Contacto","url":"https:\/\/academiacontacto.com\/pl\/","logo":{"@type":"ImageObject","inLanguage":"fr-FR","@id":"https:\/\/academiacontacto.com\/pl\/#\/schema\/logo\/image\/","url":"https:\/\/academiacontacto.com\/wp-content\/uploads\/2021\/09\/acontacto.jpg","contentUrl":"https:\/\/academiacontacto.com\/wp-content\/uploads\/2021\/09\/acontacto.jpg","width":218,"height":70,"caption":"Academia Contacto"},"image":{"@id":"https:\/\/academiacontacto.com\/pl\/#\/schema\/logo\/image\/"}}]}},"_links":{"self":[{"href":"https:\/\/academiacontacto.com\/fr\/wp-json\/wp\/v2\/pages\/17340","targetHints":{"allow":["GET"]}}],"collection":[{"href":"https:\/\/academiacontacto.com\/fr\/wp-json\/wp\/v2\/pages"}],"about":[{"href":"https:\/\/academiacontacto.com\/fr\/wp-json\/wp\/v2\/types\/page"}],"author":[{"embeddable":true,"href":"https:\/\/academiacontacto.com\/fr\/wp-json\/wp\/v2\/users\/3"}],"replies":[{"embeddable":true,"href":"https:\/\/academiacontacto.com\/fr\/wp-json\/wp\/v2\/comments?post=17340"}],"version-history":[{"count":0,"href":"https:\/\/academiacontacto.com\/fr\/wp-json\/wp\/v2\/pages\/17340\/revisions"}],"wp:attachment":[{"href":"https:\/\/academiacontacto.com\/fr\/wp-json\/wp\/v2\/media?parent=17340"}],"curies":[{"name":"wp","href":"https:\/\/api.w.org\/{rel}","templated":true}]}}