{"id":17333,"date":"2016-12-27T03:36:14","date_gmt":"2016-12-27T03:36:14","guid":{"rendered":"http:\/\/academiacontacto.com\/privacy-policy\/"},"modified":"2017-05-17T12:22:42","modified_gmt":"2017-05-17T12:22:42","slug":"privacy-policy","status":"publish","type":"page","link":"https:\/\/academiacontacto.com\/fr\/privacy-policy\/","title":{"rendered":"Politique de confidentialit\u00e9"},"content":{"rendered":"<h1 class=\"themed dots\" style=\"text-align: center;\">Politique de confidentialit\u00e9<\/h1>\r\n<p>Conform\u00e9ment \u00e0 la Loi Organique 15\/1999 sur la Protection de Donn\u00e9es de Caract\u00e8re Personnel, nous vous informons qu\u2019en remplissant tout formulaire se trouvant sur le site www.academiacontacto.com de m\u00eame qu\u2019en envoyant un courrier \u00e9lectronique \u00e0 l\u2019une ou l\u2019autre de nos adresses, vous acceptez la pr\u00e9sente politique de confidentialit\u00e9 et autorisez Academia Contacto, S.L.L. \u00e0 faire usage des donn\u00e9es personnelles que vous nous fournissez.\r\n\r\nLes donn\u00e9es de l\u2019utilisateur se conserveront dans un fichier appartenant \u00e0 Academia Contacto, S.L.L. et elles nous permettront de g\u00e9rer vos demandes ainsi que de vous informer des services et des nouveaut\u00e9s que nous estimons pouvoir vous int\u00e9resser. Les nouveaux contacts pourront se faire par courrier ordinaire ou par courrier \u00e9lectronique.\r\n\r\nEn aucun cas Academia Contacto, S.L.L. ne c\u00e8dera \u00e0 des tiers les donn\u00e9es personnelles enregistr\u00e9es sur son site Web.\r\n\r\nAcademia Contacto, S.L.L. s\u2019engage \u00e0 conserver la plus grande discr\u00e9tion et respecter la confidentialit\u00e9 de l\u2019information qui sera mise \u00e0 sa disposition ainsi qu\u2019\u00e0 l\u2019utiliser uniquement dans les buts indiqu\u00e9s. Pareillement, toutes les mesures techniques n\u00e9cessaires seront mises en oeuvre afin de sauvegarder les donn\u00e9es enregistr\u00e9es, les mettre \u00e0 jour et les v\u00e9rifier de fa\u00e7on permanente.\r\n\r\nAcademia Contacto, S.L.L. pr\u00e9sume que les donn\u00e9es sont introduites par leur titulaire ou par une personne autoris\u00e9e par celui-ci, et que celles-ci sont correctes et exactes. L\u2019utilisateur pourra exercer ses droits d\u2019acc\u00e8s, de rectification, d\u2019annulation et d\u2019opposition en dirigeant la demande appropri\u00e9e (accompagn\u00e9e d\u2019une photocopie de sa carte d\u2019identit\u00e9) \u00e0 l\u2019adresse suivante:\r\n<p>Academia Contacto, S.L.L. \u2013 Service de Protection des Donn\u00e9es<br \/>Calle Raimundo Lulio 7<br \/>Madrid 28010<\/p><p>Num\u00e9ro de t\u00e9l\u00e9phone: (+34)913642454<br \/>Email: <a title=\"Enviar correo\" target=\"_blank\" href=\"mailto:info@www.academiacontacto.com\" rel=\"noopener noreferrer\">info@academiacontacto.com<\/a><\/p>","protected":false},"excerpt":{"rendered":"<p>Politique de confidentialit\u00e9 Conform\u00e9ment \u00e0 la Loi Organique 15\/1999 sur la Protection de Donn\u00e9es de Caract\u00e8re Personnel, nous vous informons qu\u2019en remplissant tout formulaire se trouvant sur le site www.academiacontacto.com de m\u00eame qu\u2019en envoyant un courrier \u00e9lectronique \u00e0 l\u2019une ou l\u2019autre de nos adresses, vous acceptez la pr\u00e9sente politique de confidentialit\u00e9 et autorisez Academia Contacto, [&hellip;]<\/p>\n","protected":false},"author":3,"featured_media":0,"parent":0,"menu_order":266,"comment_status":"closed","ping_status":"closed","template":"page-content.php","meta":{"_acf_changed":false,"om_disable_all_campaigns":false,"_monsterinsights_skip_tracking":false,"_monsterinsights_sitenote_active":false,"_monsterinsights_sitenote_note":"","_monsterinsights_sitenote_category":0,"_uf_show_specific_survey":0,"_uf_disable_surveys":false,"_joinchat":[],"footnotes":""},"class_list":["post-17333","page","type-page","status-publish","hentry"],"acf":[],"aioseo_notices":[],"yoast_head":"<!-- This site is optimized with the Yoast SEO plugin v27.0 - https:\/\/yoast.com\/product\/yoast-seo-wordpress\/ -->\n<title>Politique de confidentialit\u00e9 -<\/title>\n<meta name=\"robots\" content=\"index, follow, max-snippet:-1, max-image-preview:large, max-video-preview:-1\" \/>\n<link rel=\"canonical\" href=\"https:\/\/academiacontacto.com\/fr\/privacy-policy\/\" \/>\n<meta property=\"og:locale\" content=\"fr_FR\" \/>\n<meta property=\"og:type\" content=\"article\" \/>\n<meta property=\"og:title\" content=\"Politique de confidentialit\u00e9 -\" \/>\n<meta property=\"og:description\" content=\"Politique de confidentialit\u00e9 Conform\u00e9ment \u00e0 la Loi Organique 15\/1999 sur la Protection de Donn\u00e9es de Caract\u00e8re Personnel, nous vous informons qu\u2019en remplissant tout formulaire se trouvant sur le site www.academiacontacto.com de m\u00eame qu\u2019en envoyant un courrier \u00e9lectronique \u00e0 l\u2019une ou l\u2019autre de nos adresses, vous acceptez la pr\u00e9sente politique de confidentialit\u00e9 et autorisez Academia Contacto, [&hellip;]\" \/>\n<meta property=\"og:url\" content=\"https:\/\/academiacontacto.com\/fr\/privacy-policy\/\" \/>\n<meta property=\"og:site_name\" content=\"Academia Contacto\" \/>\n<meta property=\"article:modified_time\" content=\"2017-05-17T12:22:42+00:00\" \/>\n<meta name=\"twitter:label1\" content=\"Dur\u00e9e de lecture estim\u00e9e\" \/>\n\t<meta name=\"twitter:data1\" content=\"2 minutes\" \/>\n<script type=\"application\/ld+json\" class=\"yoast-schema-graph\">{\"@context\":\"https:\/\/schema.org\",\"@graph\":[{\"@type\":\"WebPage\",\"@id\":\"https:\/\/academiacontacto.com\/fr\/privacy-policy\/\",\"url\":\"https:\/\/academiacontacto.com\/fr\/privacy-policy\/\",\"name\":\"Politique de confidentialit\u00e9 -\",\"isPartOf\":{\"@id\":\"https:\/\/academiacontacto.com\/pl\/#website\"},\"datePublished\":\"2016-12-27T03:36:14+00:00\",\"dateModified\":\"2017-05-17T12:22:42+00:00\",\"breadcrumb\":{\"@id\":\"https:\/\/academiacontacto.com\/fr\/privacy-policy\/#breadcrumb\"},\"inLanguage\":\"fr-FR\",\"potentialAction\":[{\"@type\":\"ReadAction\",\"target\":[\"https:\/\/academiacontacto.com\/fr\/privacy-policy\/\"]}]},{\"@type\":\"BreadcrumbList\",\"@id\":\"https:\/\/academiacontacto.com\/fr\/privacy-policy\/#breadcrumb\",\"itemListElement\":[{\"@type\":\"ListItem\",\"position\":1,\"name\":\"Home\",\"item\":\"https:\/\/academiacontacto.com\/fr\/\"},{\"@type\":\"ListItem\",\"position\":2,\"name\":\"Politique de confidentialit\u00e9\"}]},{\"@type\":\"WebSite\",\"@id\":\"https:\/\/academiacontacto.com\/pl\/#website\",\"url\":\"https:\/\/academiacontacto.com\/pl\/\",\"name\":\"Academia Contacto\",\"description\":\"Aprende Espa\u00f1ol con Academia Contacto\",\"publisher\":{\"@id\":\"https:\/\/academiacontacto.com\/pl\/#organization\"},\"potentialAction\":[{\"@type\":\"SearchAction\",\"target\":{\"@type\":\"EntryPoint\",\"urlTemplate\":\"https:\/\/academiacontacto.com\/pl\/?s={search_term_string}\"},\"query-input\":{\"@type\":\"PropertyValueSpecification\",\"valueRequired\":true,\"valueName\":\"search_term_string\"}}],\"inLanguage\":\"fr-FR\"},{\"@type\":\"Organization\",\"@id\":\"https:\/\/academiacontacto.com\/pl\/#organization\",\"name\":\"Academia Contacto\",\"url\":\"https:\/\/academiacontacto.com\/pl\/\",\"logo\":{\"@type\":\"ImageObject\",\"inLanguage\":\"fr-FR\",\"@id\":\"https:\/\/academiacontacto.com\/pl\/#\/schema\/logo\/image\/\",\"url\":\"https:\/\/academiacontacto.com\/wp-content\/uploads\/2021\/09\/acontacto.jpg\",\"contentUrl\":\"https:\/\/academiacontacto.com\/wp-content\/uploads\/2021\/09\/acontacto.jpg\",\"width\":218,\"height\":70,\"caption\":\"Academia Contacto\"},\"image\":{\"@id\":\"https:\/\/academiacontacto.com\/pl\/#\/schema\/logo\/image\/\"}}]}<\/script>\n<!-- \/ Yoast SEO plugin. -->","yoast_head_json":{"title":"Politique de confidentialit\u00e9 -","robots":{"index":"index","follow":"follow","max-snippet":"max-snippet:-1","max-image-preview":"max-image-preview:large","max-video-preview":"max-video-preview:-1"},"canonical":"https:\/\/academiacontacto.com\/fr\/privacy-policy\/","og_locale":"fr_FR","og_type":"article","og_title":"Politique de confidentialit\u00e9 -","og_description":"Politique de confidentialit\u00e9 Conform\u00e9ment \u00e0 la Loi Organique 15\/1999 sur la Protection de Donn\u00e9es de Caract\u00e8re Personnel, nous vous informons qu\u2019en remplissant tout formulaire se trouvant sur le site www.academiacontacto.com de m\u00eame qu\u2019en envoyant un courrier \u00e9lectronique \u00e0 l\u2019une ou l\u2019autre de nos adresses, vous acceptez la pr\u00e9sente politique de confidentialit\u00e9 et autorisez Academia Contacto, [&hellip;]","og_url":"https:\/\/academiacontacto.com\/fr\/privacy-policy\/","og_site_name":"Academia Contacto","article_modified_time":"2017-05-17T12:22:42+00:00","twitter_misc":{"Dur\u00e9e de lecture estim\u00e9e":"2 minutes"},"schema":{"@context":"https:\/\/schema.org","@graph":[{"@type":"WebPage","@id":"https:\/\/academiacontacto.com\/fr\/privacy-policy\/","url":"https:\/\/academiacontacto.com\/fr\/privacy-policy\/","name":"Politique de confidentialit\u00e9 -","isPartOf":{"@id":"https:\/\/academiacontacto.com\/pl\/#website"},"datePublished":"2016-12-27T03:36:14+00:00","dateModified":"2017-05-17T12:22:42+00:00","breadcrumb":{"@id":"https:\/\/academiacontacto.com\/fr\/privacy-policy\/#breadcrumb"},"inLanguage":"fr-FR","potentialAction":[{"@type":"ReadAction","target":["https:\/\/academiacontacto.com\/fr\/privacy-policy\/"]}]},{"@type":"BreadcrumbList","@id":"https:\/\/academiacontacto.com\/fr\/privacy-policy\/#breadcrumb","itemListElement":[{"@type":"ListItem","position":1,"name":"Home","item":"https:\/\/academiacontacto.com\/fr\/"},{"@type":"ListItem","position":2,"name":"Politique de confidentialit\u00e9"}]},{"@type":"WebSite","@id":"https:\/\/academiacontacto.com\/pl\/#website","url":"https:\/\/academiacontacto.com\/pl\/","name":"Academia Contacto","description":"Aprende Espa\u00f1ol con Academia Contacto","publisher":{"@id":"https:\/\/academiacontacto.com\/pl\/#organization"},"potentialAction":[{"@type":"SearchAction","target":{"@type":"EntryPoint","urlTemplate":"https:\/\/academiacontacto.com\/pl\/?s={search_term_string}"},"query-input":{"@type":"PropertyValueSpecification","valueRequired":true,"valueName":"search_term_string"}}],"inLanguage":"fr-FR"},{"@type":"Organization","@id":"https:\/\/academiacontacto.com\/pl\/#organization","name":"Academia Contacto","url":"https:\/\/academiacontacto.com\/pl\/","logo":{"@type":"ImageObject","inLanguage":"fr-FR","@id":"https:\/\/academiacontacto.com\/pl\/#\/schema\/logo\/image\/","url":"https:\/\/academiacontacto.com\/wp-content\/uploads\/2021\/09\/acontacto.jpg","contentUrl":"https:\/\/academiacontacto.com\/wp-content\/uploads\/2021\/09\/acontacto.jpg","width":218,"height":70,"caption":"Academia Contacto"},"image":{"@id":"https:\/\/academiacontacto.com\/pl\/#\/schema\/logo\/image\/"}}]}},"_links":{"self":[{"href":"https:\/\/academiacontacto.com\/fr\/wp-json\/wp\/v2\/pages\/17333","targetHints":{"allow":["GET"]}}],"collection":[{"href":"https:\/\/academiacontacto.com\/fr\/wp-json\/wp\/v2\/pages"}],"about":[{"href":"https:\/\/academiacontacto.com\/fr\/wp-json\/wp\/v2\/types\/page"}],"author":[{"embeddable":true,"href":"https:\/\/academiacontacto.com\/fr\/wp-json\/wp\/v2\/users\/3"}],"replies":[{"embeddable":true,"href":"https:\/\/academiacontacto.com\/fr\/wp-json\/wp\/v2\/comments?post=17333"}],"version-history":[{"count":0,"href":"https:\/\/academiacontacto.com\/fr\/wp-json\/wp\/v2\/pages\/17333\/revisions"}],"wp:attachment":[{"href":"https:\/\/academiacontacto.com\/fr\/wp-json\/wp\/v2\/media?parent=17333"}],"curies":[{"name":"wp","href":"https:\/\/api.w.org\/{rel}","templated":true}]}}