{"id":17321,"date":"2017-01-19T14:10:38","date_gmt":"2017-01-19T14:10:38","guid":{"rendered":"http:\/\/academiacontacto.com\/prices\/madrid\/"},"modified":"2026-01-23T10:13:15","modified_gmt":"2026-01-23T10:13:15","slug":"madrid","status":"publish","type":"page","link":"https:\/\/academiacontacto.com\/fr\/prices\/madrid\/","title":{"rendered":"Madrid"},"content":{"rendered":"<div class=\"zone-inner clearfix\"><div class=\"grid-16 region region-content clearfix\" id=\"region-content\"><div class=\"region-content-outter\"><div class=\"region-inner region-content-inner\"><section class=\"block block-system block-main block-system-main odd block-without-title clearfix\" id=\"block-system-main\"><div class=\"block-inner clearfix\"><div class=\"content clearfix base-wrap\"><article class=\"node node-precios node-published node-not-promoted node-not-sticky author-admin odd clearfix\" id=\"node-precios-231\"><div class=\"node-description\"><div class=\"field field-name-body field-type-text-with-summary field-label-hidden\"><div class=\"field-items\"><div class=\"field-item even\"><p style=\"text-align: center;\"><em>Compris dans le prix: cours d\u2019espagnol, livre et mat\u00e9riel didactique, certificat, usage de la biblioth\u00e8que et de l\u2019Internet, programme cuturel et service.<\/em><br \/><em>\u00c9tudiants par groupe: <strong>3 \u00e0 10<\/strong>.\u00a0 Le\u00e7on en groupe = <strong>55 minutes<\/strong>.\u00a0 Cours particulier = <strong>60 minutes<\/strong>.\u00a0 Frais d\u2019inscription: <strong>50 \u20ac<br \/><\/strong><\/em><a href=\"https:\/\/academiacontacto.com\/fr\/courses\/madrid\/?show_start_dates=1\">D\u00e9but de cours<\/a><\/p><\/div><\/div><\/div><\/div><\/article><\/div><\/div><\/section><\/div><\/div><\/div><\/div>","protected":false},"excerpt":{"rendered":"<p>Compris dans le prix: cours d\u2019espagnol, livre et mat\u00e9riel didactique, certificat, usage de la biblioth\u00e8que et de l\u2019Internet, programme cuturel et service.\u00c9tudiants par groupe: 3 \u00e0 10.\u00a0 Le\u00e7on en groupe = 55 minutes.\u00a0 Cours particulier = 60 minutes.\u00a0 Frais d\u2019inscription: 50 \u20acD\u00e9but de cours<\/p>\n","protected":false},"author":3,"featured_media":0,"parent":17305,"menu_order":232,"comment_status":"closed","ping_status":"closed","template":"page-prices.php","meta":{"_acf_changed":false,"om_disable_all_campaigns":false,"_monsterinsights_skip_tracking":false,"_monsterinsights_sitenote_active":false,"_monsterinsights_sitenote_note":"","_monsterinsights_sitenote_category":0,"_uf_show_specific_survey":0,"_uf_disable_surveys":false,"_joinchat":[],"footnotes":""},"class_list":["post-17321","page","type-page","status-publish","hentry"],"acf":[],"aioseo_notices":[],"yoast_head":"<!-- This site is optimized with the Yoast SEO plugin v27.0 - https:\/\/yoast.com\/product\/yoast-seo-wordpress\/ -->\n<title>Prix des cours d&#039;espagnol \u00e0 Madrid. Combien co\u00fbte une acad\u00e9mie espagnole?<\/title>\n<meta name=\"description\" content=\"Conna\u00eetre les prix des cours d&#039;espagnol \u00e0 Madrid. Vous avez diff\u00e9rentes options, selon le cours et l&#039;intensit\u00e9. Vous pouvez choisir parmi plusieurs options.\" \/>\n<meta name=\"robots\" content=\"index, follow, max-snippet:-1, max-image-preview:large, max-video-preview:-1\" \/>\n<link rel=\"canonical\" href=\"https:\/\/academiacontacto.com\/fr\/prices\/madrid\/\" \/>\n<meta property=\"og:locale\" content=\"fr_FR\" \/>\n<meta property=\"og:type\" content=\"article\" \/>\n<meta property=\"og:title\" content=\"Prix des cours d&#039;espagnol \u00e0 Madrid. Combien co\u00fbte une acad\u00e9mie espagnole?\" \/>\n<meta property=\"og:description\" content=\"Conna\u00eetre les prix des cours d&#039;espagnol \u00e0 Madrid. Vous avez diff\u00e9rentes options, selon le cours et l&#039;intensit\u00e9. Vous pouvez choisir parmi plusieurs options.\" \/>\n<meta property=\"og:url\" content=\"https:\/\/academiacontacto.com\/fr\/prices\/madrid\/\" \/>\n<meta property=\"og:site_name\" content=\"Academia Contacto\" \/>\n<meta property=\"article:modified_time\" content=\"2026-01-23T10:13:15+00:00\" \/>\n<meta name=\"twitter:label1\" content=\"Dur\u00e9e de lecture estim\u00e9e\" \/>\n\t<meta name=\"twitter:data1\" content=\"1 minute\" \/>\n<script type=\"application\/ld+json\" class=\"yoast-schema-graph\">{\"@context\":\"https:\/\/schema.org\",\"@graph\":[{\"@type\":\"WebPage\",\"@id\":\"https:\/\/academiacontacto.com\/fr\/prices\/madrid\/\",\"url\":\"https:\/\/academiacontacto.com\/fr\/prices\/madrid\/\",\"name\":\"Prix des cours d'espagnol \u00e0 Madrid. Combien co\u00fbte une acad\u00e9mie espagnole?\",\"isPartOf\":{\"@id\":\"https:\/\/academiacontacto.com\/pl\/#website\"},\"datePublished\":\"2017-01-19T14:10:38+00:00\",\"dateModified\":\"2026-01-23T10:13:15+00:00\",\"description\":\"Conna\u00eetre les prix des cours d'espagnol \u00e0 Madrid. Vous avez diff\u00e9rentes options, selon le cours et l'intensit\u00e9. Vous pouvez choisir parmi plusieurs options.\",\"breadcrumb\":{\"@id\":\"https:\/\/academiacontacto.com\/fr\/prices\/madrid\/#breadcrumb\"},\"inLanguage\":\"fr-FR\",\"potentialAction\":[{\"@type\":\"ReadAction\",\"target\":[\"https:\/\/academiacontacto.com\/fr\/prices\/madrid\/\"]}]},{\"@type\":\"BreadcrumbList\",\"@id\":\"https:\/\/academiacontacto.com\/fr\/prices\/madrid\/#breadcrumb\",\"itemListElement\":[{\"@type\":\"ListItem\",\"position\":1,\"name\":\"Home\",\"item\":\"https:\/\/academiacontacto.com\/fr\/\"},{\"@type\":\"ListItem\",\"position\":2,\"name\":\"Prix\",\"item\":\"https:\/\/academiacontacto.com\/fr\/prices\/\"},{\"@type\":\"ListItem\",\"position\":3,\"name\":\"Madrid\"}]},{\"@type\":\"WebSite\",\"@id\":\"https:\/\/academiacontacto.com\/pl\/#website\",\"url\":\"https:\/\/academiacontacto.com\/pl\/\",\"name\":\"Academia Contacto\",\"description\":\"Aprende Espa\u00f1ol con Academia Contacto\",\"publisher\":{\"@id\":\"https:\/\/academiacontacto.com\/pl\/#organization\"},\"potentialAction\":[{\"@type\":\"SearchAction\",\"target\":{\"@type\":\"EntryPoint\",\"urlTemplate\":\"https:\/\/academiacontacto.com\/pl\/?s={search_term_string}\"},\"query-input\":{\"@type\":\"PropertyValueSpecification\",\"valueRequired\":true,\"valueName\":\"search_term_string\"}}],\"inLanguage\":\"fr-FR\"},{\"@type\":\"Organization\",\"@id\":\"https:\/\/academiacontacto.com\/pl\/#organization\",\"name\":\"Academia Contacto\",\"url\":\"https:\/\/academiacontacto.com\/pl\/\",\"logo\":{\"@type\":\"ImageObject\",\"inLanguage\":\"fr-FR\",\"@id\":\"https:\/\/academiacontacto.com\/pl\/#\/schema\/logo\/image\/\",\"url\":\"https:\/\/academiacontacto.com\/wp-content\/uploads\/2021\/09\/acontacto.jpg\",\"contentUrl\":\"https:\/\/academiacontacto.com\/wp-content\/uploads\/2021\/09\/acontacto.jpg\",\"width\":218,\"height\":70,\"caption\":\"Academia Contacto\"},\"image\":{\"@id\":\"https:\/\/academiacontacto.com\/pl\/#\/schema\/logo\/image\/\"}}]}<\/script>\n<!-- \/ Yoast SEO plugin. -->","yoast_head_json":{"title":"Prix des cours d'espagnol \u00e0 Madrid. Combien co\u00fbte une acad\u00e9mie espagnole?","description":"Conna\u00eetre les prix des cours d'espagnol \u00e0 Madrid. Vous avez diff\u00e9rentes options, selon le cours et l'intensit\u00e9. Vous pouvez choisir parmi plusieurs options.","robots":{"index":"index","follow":"follow","max-snippet":"max-snippet:-1","max-image-preview":"max-image-preview:large","max-video-preview":"max-video-preview:-1"},"canonical":"https:\/\/academiacontacto.com\/fr\/prices\/madrid\/","og_locale":"fr_FR","og_type":"article","og_title":"Prix des cours d'espagnol \u00e0 Madrid. Combien co\u00fbte une acad\u00e9mie espagnole?","og_description":"Conna\u00eetre les prix des cours d'espagnol \u00e0 Madrid. Vous avez diff\u00e9rentes options, selon le cours et l'intensit\u00e9. Vous pouvez choisir parmi plusieurs options.","og_url":"https:\/\/academiacontacto.com\/fr\/prices\/madrid\/","og_site_name":"Academia Contacto","article_modified_time":"2026-01-23T10:13:15+00:00","twitter_misc":{"Dur\u00e9e de lecture estim\u00e9e":"1 minute"},"schema":{"@context":"https:\/\/schema.org","@graph":[{"@type":"WebPage","@id":"https:\/\/academiacontacto.com\/fr\/prices\/madrid\/","url":"https:\/\/academiacontacto.com\/fr\/prices\/madrid\/","name":"Prix des cours d'espagnol \u00e0 Madrid. Combien co\u00fbte une acad\u00e9mie espagnole?","isPartOf":{"@id":"https:\/\/academiacontacto.com\/pl\/#website"},"datePublished":"2017-01-19T14:10:38+00:00","dateModified":"2026-01-23T10:13:15+00:00","description":"Conna\u00eetre les prix des cours d'espagnol \u00e0 Madrid. Vous avez diff\u00e9rentes options, selon le cours et l'intensit\u00e9. Vous pouvez choisir parmi plusieurs options.","breadcrumb":{"@id":"https:\/\/academiacontacto.com\/fr\/prices\/madrid\/#breadcrumb"},"inLanguage":"fr-FR","potentialAction":[{"@type":"ReadAction","target":["https:\/\/academiacontacto.com\/fr\/prices\/madrid\/"]}]},{"@type":"BreadcrumbList","@id":"https:\/\/academiacontacto.com\/fr\/prices\/madrid\/#breadcrumb","itemListElement":[{"@type":"ListItem","position":1,"name":"Home","item":"https:\/\/academiacontacto.com\/fr\/"},{"@type":"ListItem","position":2,"name":"Prix","item":"https:\/\/academiacontacto.com\/fr\/prices\/"},{"@type":"ListItem","position":3,"name":"Madrid"}]},{"@type":"WebSite","@id":"https:\/\/academiacontacto.com\/pl\/#website","url":"https:\/\/academiacontacto.com\/pl\/","name":"Academia Contacto","description":"Aprende Espa\u00f1ol con Academia Contacto","publisher":{"@id":"https:\/\/academiacontacto.com\/pl\/#organization"},"potentialAction":[{"@type":"SearchAction","target":{"@type":"EntryPoint","urlTemplate":"https:\/\/academiacontacto.com\/pl\/?s={search_term_string}"},"query-input":{"@type":"PropertyValueSpecification","valueRequired":true,"valueName":"search_term_string"}}],"inLanguage":"fr-FR"},{"@type":"Organization","@id":"https:\/\/academiacontacto.com\/pl\/#organization","name":"Academia Contacto","url":"https:\/\/academiacontacto.com\/pl\/","logo":{"@type":"ImageObject","inLanguage":"fr-FR","@id":"https:\/\/academiacontacto.com\/pl\/#\/schema\/logo\/image\/","url":"https:\/\/academiacontacto.com\/wp-content\/uploads\/2021\/09\/acontacto.jpg","contentUrl":"https:\/\/academiacontacto.com\/wp-content\/uploads\/2021\/09\/acontacto.jpg","width":218,"height":70,"caption":"Academia Contacto"},"image":{"@id":"https:\/\/academiacontacto.com\/pl\/#\/schema\/logo\/image\/"}}]}},"_links":{"self":[{"href":"https:\/\/academiacontacto.com\/fr\/wp-json\/wp\/v2\/pages\/17321","targetHints":{"allow":["GET"]}}],"collection":[{"href":"https:\/\/academiacontacto.com\/fr\/wp-json\/wp\/v2\/pages"}],"about":[{"href":"https:\/\/academiacontacto.com\/fr\/wp-json\/wp\/v2\/types\/page"}],"author":[{"embeddable":true,"href":"https:\/\/academiacontacto.com\/fr\/wp-json\/wp\/v2\/users\/3"}],"replies":[{"embeddable":true,"href":"https:\/\/academiacontacto.com\/fr\/wp-json\/wp\/v2\/comments?post=17321"}],"version-history":[{"count":1,"href":"https:\/\/academiacontacto.com\/fr\/wp-json\/wp\/v2\/pages\/17321\/revisions"}],"predecessor-version":[{"id":37338,"href":"https:\/\/academiacontacto.com\/fr\/wp-json\/wp\/v2\/pages\/17321\/revisions\/37338"}],"up":[{"embeddable":true,"href":"https:\/\/academiacontacto.com\/fr\/wp-json\/wp\/v2\/pages\/17305"}],"wp:attachment":[{"href":"https:\/\/academiacontacto.com\/fr\/wp-json\/wp\/v2\/media?parent=17321"}],"curies":[{"name":"wp","href":"https:\/\/api.w.org\/{rel}","templated":true}]}}