{"id":17312,"date":"2017-01-22T08:26:18","date_gmt":"2017-01-22T08:26:18","guid":{"rendered":"http:\/\/academiacontacto.com\/prices\/barcelona\/"},"modified":"2024-12-08T13:44:26","modified_gmt":"2024-12-08T13:44:26","slug":"barcelona","status":"publish","type":"page","link":"https:\/\/academiacontacto.com\/fr\/prices\/barcelona\/","title":{"rendered":"Barcelone"},"content":{"rendered":"<p style=\"text-align: center;\"><em>Compris dans le prix: cours d\u2019espagnol, livre et mat\u00e9riel didactique, certificat, usage de la biblioth\u00e8que et de l\u2019Internet, programme culturel et service.<\/em><br \/><em>\u00c9tudiants par groupe: <strong>3 \u00e0 10. <\/strong>Une le\u00e7on = <strong>55 minutes<\/strong>. Frais d\u2019inscription: 50<strong> \u20ac<br \/><\/strong><\/em><a href=\"https:\/\/academiacontacto.com\/fr\/courses\/barcelona\/?show_start_dates=1\">D\u00e9but de cours<\/a><\/p>","protected":false},"excerpt":{"rendered":"<p>Compris dans le prix: cours d\u2019espagnol, livre et mat\u00e9riel didactique, certificat, usage de la biblioth\u00e8que et de l\u2019Internet, programme culturel et service.\u00c9tudiants par groupe: 3 \u00e0 10. Une le\u00e7on = 55 minutes. Frais d\u2019inscription: 50 \u20acD\u00e9but de cours<\/p>\n","protected":false},"author":3,"featured_media":0,"parent":17305,"menu_order":125,"comment_status":"closed","ping_status":"closed","template":"page-prices.php","meta":{"_acf_changed":false,"om_disable_all_campaigns":false,"_monsterinsights_skip_tracking":false,"_monsterinsights_sitenote_active":false,"_monsterinsights_sitenote_note":"","_monsterinsights_sitenote_category":0,"_uf_show_specific_survey":0,"_uf_disable_surveys":false,"_joinchat":[],"footnotes":""},"class_list":["post-17312","page","type-page","status-publish","hentry"],"acf":[],"aioseo_notices":[],"yoast_head":"<!-- This site is optimized with the Yoast SEO plugin v27.0 - https:\/\/yoast.com\/product\/yoast-seo-wordpress\/ -->\n<title>D\u00e9couvrez les prix des cours d&#039;espagnol \u00e0 Barcelone<\/title>\n<meta name=\"description\" content=\"Conna\u00eetre les prix des cours d&#039;espagnol \u00e0 Barcelone. Vous avez des cours diff\u00e9rents selon le cours et l&#039;intensit\u00e9. Vous pouvez choisir parmi plusieurs options.\" \/>\n<meta name=\"robots\" content=\"index, follow, max-snippet:-1, max-image-preview:large, max-video-preview:-1\" \/>\n<link rel=\"canonical\" href=\"https:\/\/academiacontacto.com\/fr\/prices\/barcelona\/\" \/>\n<meta property=\"og:locale\" content=\"fr_FR\" \/>\n<meta property=\"og:type\" content=\"article\" \/>\n<meta property=\"og:title\" content=\"D\u00e9couvrez les prix des cours d&#039;espagnol \u00e0 Barcelone\" \/>\n<meta property=\"og:description\" content=\"Conna\u00eetre les prix des cours d&#039;espagnol \u00e0 Barcelone. Vous avez des cours diff\u00e9rents selon le cours et l&#039;intensit\u00e9. Vous pouvez choisir parmi plusieurs options.\" \/>\n<meta property=\"og:url\" content=\"https:\/\/academiacontacto.com\/fr\/prices\/barcelona\/\" \/>\n<meta property=\"og:site_name\" content=\"Academia Contacto\" \/>\n<meta property=\"article:modified_time\" content=\"2024-12-08T13:44:26+00:00\" \/>\n<meta name=\"twitter:label1\" content=\"Dur\u00e9e de lecture estim\u00e9e\" \/>\n\t<meta name=\"twitter:data1\" content=\"1 minute\" \/>\n<script type=\"application\/ld+json\" class=\"yoast-schema-graph\">{\"@context\":\"https:\/\/schema.org\",\"@graph\":[{\"@type\":\"WebPage\",\"@id\":\"https:\/\/academiacontacto.com\/fr\/prices\/barcelona\/\",\"url\":\"https:\/\/academiacontacto.com\/fr\/prices\/barcelona\/\",\"name\":\"D\u00e9couvrez les prix des cours d'espagnol \u00e0 Barcelone\",\"isPartOf\":{\"@id\":\"https:\/\/academiacontacto.com\/pl\/#website\"},\"datePublished\":\"2017-01-22T08:26:18+00:00\",\"dateModified\":\"2024-12-08T13:44:26+00:00\",\"description\":\"Conna\u00eetre les prix des cours d'espagnol \u00e0 Barcelone. Vous avez des cours diff\u00e9rents selon le cours et l'intensit\u00e9. Vous pouvez choisir parmi plusieurs options.\",\"breadcrumb\":{\"@id\":\"https:\/\/academiacontacto.com\/fr\/prices\/barcelona\/#breadcrumb\"},\"inLanguage\":\"fr-FR\",\"potentialAction\":[{\"@type\":\"ReadAction\",\"target\":[\"https:\/\/academiacontacto.com\/fr\/prices\/barcelona\/\"]}]},{\"@type\":\"BreadcrumbList\",\"@id\":\"https:\/\/academiacontacto.com\/fr\/prices\/barcelona\/#breadcrumb\",\"itemListElement\":[{\"@type\":\"ListItem\",\"position\":1,\"name\":\"Home\",\"item\":\"https:\/\/academiacontacto.com\/fr\/\"},{\"@type\":\"ListItem\",\"position\":2,\"name\":\"Prix\",\"item\":\"https:\/\/academiacontacto.com\/fr\/prices\/\"},{\"@type\":\"ListItem\",\"position\":3,\"name\":\"Barcelone\"}]},{\"@type\":\"WebSite\",\"@id\":\"https:\/\/academiacontacto.com\/pl\/#website\",\"url\":\"https:\/\/academiacontacto.com\/pl\/\",\"name\":\"Academia Contacto\",\"description\":\"Aprende Espa\u00f1ol con Academia Contacto\",\"publisher\":{\"@id\":\"https:\/\/academiacontacto.com\/pl\/#organization\"},\"potentialAction\":[{\"@type\":\"SearchAction\",\"target\":{\"@type\":\"EntryPoint\",\"urlTemplate\":\"https:\/\/academiacontacto.com\/pl\/?s={search_term_string}\"},\"query-input\":{\"@type\":\"PropertyValueSpecification\",\"valueRequired\":true,\"valueName\":\"search_term_string\"}}],\"inLanguage\":\"fr-FR\"},{\"@type\":\"Organization\",\"@id\":\"https:\/\/academiacontacto.com\/pl\/#organization\",\"name\":\"Academia Contacto\",\"url\":\"https:\/\/academiacontacto.com\/pl\/\",\"logo\":{\"@type\":\"ImageObject\",\"inLanguage\":\"fr-FR\",\"@id\":\"https:\/\/academiacontacto.com\/pl\/#\/schema\/logo\/image\/\",\"url\":\"https:\/\/academiacontacto.com\/wp-content\/uploads\/2021\/09\/acontacto.jpg\",\"contentUrl\":\"https:\/\/academiacontacto.com\/wp-content\/uploads\/2021\/09\/acontacto.jpg\",\"width\":218,\"height\":70,\"caption\":\"Academia Contacto\"},\"image\":{\"@id\":\"https:\/\/academiacontacto.com\/pl\/#\/schema\/logo\/image\/\"}}]}<\/script>\n<!-- \/ Yoast SEO plugin. -->","yoast_head_json":{"title":"D\u00e9couvrez les prix des cours d'espagnol \u00e0 Barcelone","description":"Conna\u00eetre les prix des cours d'espagnol \u00e0 Barcelone. Vous avez des cours diff\u00e9rents selon le cours et l'intensit\u00e9. Vous pouvez choisir parmi plusieurs options.","robots":{"index":"index","follow":"follow","max-snippet":"max-snippet:-1","max-image-preview":"max-image-preview:large","max-video-preview":"max-video-preview:-1"},"canonical":"https:\/\/academiacontacto.com\/fr\/prices\/barcelona\/","og_locale":"fr_FR","og_type":"article","og_title":"D\u00e9couvrez les prix des cours d'espagnol \u00e0 Barcelone","og_description":"Conna\u00eetre les prix des cours d'espagnol \u00e0 Barcelone. Vous avez des cours diff\u00e9rents selon le cours et l'intensit\u00e9. Vous pouvez choisir parmi plusieurs options.","og_url":"https:\/\/academiacontacto.com\/fr\/prices\/barcelona\/","og_site_name":"Academia Contacto","article_modified_time":"2024-12-08T13:44:26+00:00","twitter_misc":{"Dur\u00e9e de lecture estim\u00e9e":"1 minute"},"schema":{"@context":"https:\/\/schema.org","@graph":[{"@type":"WebPage","@id":"https:\/\/academiacontacto.com\/fr\/prices\/barcelona\/","url":"https:\/\/academiacontacto.com\/fr\/prices\/barcelona\/","name":"D\u00e9couvrez les prix des cours d'espagnol \u00e0 Barcelone","isPartOf":{"@id":"https:\/\/academiacontacto.com\/pl\/#website"},"datePublished":"2017-01-22T08:26:18+00:00","dateModified":"2024-12-08T13:44:26+00:00","description":"Conna\u00eetre les prix des cours d'espagnol \u00e0 Barcelone. Vous avez des cours diff\u00e9rents selon le cours et l'intensit\u00e9. Vous pouvez choisir parmi plusieurs options.","breadcrumb":{"@id":"https:\/\/academiacontacto.com\/fr\/prices\/barcelona\/#breadcrumb"},"inLanguage":"fr-FR","potentialAction":[{"@type":"ReadAction","target":["https:\/\/academiacontacto.com\/fr\/prices\/barcelona\/"]}]},{"@type":"BreadcrumbList","@id":"https:\/\/academiacontacto.com\/fr\/prices\/barcelona\/#breadcrumb","itemListElement":[{"@type":"ListItem","position":1,"name":"Home","item":"https:\/\/academiacontacto.com\/fr\/"},{"@type":"ListItem","position":2,"name":"Prix","item":"https:\/\/academiacontacto.com\/fr\/prices\/"},{"@type":"ListItem","position":3,"name":"Barcelone"}]},{"@type":"WebSite","@id":"https:\/\/academiacontacto.com\/pl\/#website","url":"https:\/\/academiacontacto.com\/pl\/","name":"Academia Contacto","description":"Aprende Espa\u00f1ol con Academia Contacto","publisher":{"@id":"https:\/\/academiacontacto.com\/pl\/#organization"},"potentialAction":[{"@type":"SearchAction","target":{"@type":"EntryPoint","urlTemplate":"https:\/\/academiacontacto.com\/pl\/?s={search_term_string}"},"query-input":{"@type":"PropertyValueSpecification","valueRequired":true,"valueName":"search_term_string"}}],"inLanguage":"fr-FR"},{"@type":"Organization","@id":"https:\/\/academiacontacto.com\/pl\/#organization","name":"Academia Contacto","url":"https:\/\/academiacontacto.com\/pl\/","logo":{"@type":"ImageObject","inLanguage":"fr-FR","@id":"https:\/\/academiacontacto.com\/pl\/#\/schema\/logo\/image\/","url":"https:\/\/academiacontacto.com\/wp-content\/uploads\/2021\/09\/acontacto.jpg","contentUrl":"https:\/\/academiacontacto.com\/wp-content\/uploads\/2021\/09\/acontacto.jpg","width":218,"height":70,"caption":"Academia Contacto"},"image":{"@id":"https:\/\/academiacontacto.com\/pl\/#\/schema\/logo\/image\/"}}]}},"_links":{"self":[{"href":"https:\/\/academiacontacto.com\/fr\/wp-json\/wp\/v2\/pages\/17312","targetHints":{"allow":["GET"]}}],"collection":[{"href":"https:\/\/academiacontacto.com\/fr\/wp-json\/wp\/v2\/pages"}],"about":[{"href":"https:\/\/academiacontacto.com\/fr\/wp-json\/wp\/v2\/types\/page"}],"author":[{"embeddable":true,"href":"https:\/\/academiacontacto.com\/fr\/wp-json\/wp\/v2\/users\/3"}],"replies":[{"embeddable":true,"href":"https:\/\/academiacontacto.com\/fr\/wp-json\/wp\/v2\/comments?post=17312"}],"version-history":[{"count":0,"href":"https:\/\/academiacontacto.com\/fr\/wp-json\/wp\/v2\/pages\/17312\/revisions"}],"up":[{"embeddable":true,"href":"https:\/\/academiacontacto.com\/fr\/wp-json\/wp\/v2\/pages\/17305"}],"wp:attachment":[{"href":"https:\/\/academiacontacto.com\/fr\/wp-json\/wp\/v2\/media?parent=17312"}],"curies":[{"name":"wp","href":"https:\/\/api.w.org\/{rel}","templated":true}]}}