{"id":17271,"date":"2016-12-09T11:48:57","date_gmt":"2016-12-09T11:48:57","guid":{"rendered":"http:\/\/academiacontacto.com\/cookies-policy\/"},"modified":"2017-05-03T18:36:30","modified_gmt":"2017-05-03T18:36:30","slug":"cookies-policy","status":"publish","type":"page","link":"https:\/\/academiacontacto.com\/fr\/cookies-policy\/","title":{"rendered":"Politique de Cookies"},"content":{"rendered":"<h1 class=\"themed dots\" style=\"text-align: center;\">Politique de Cookies<\/h1>\r\nConform\u00e9ment \u00e0 la pratique standard de beaucoup de sites Internet, nous pouvons d\u00e9poser dans votre terminal des cookies, des cookies Flash ou autres \u00e9l\u00e9ments technologiques, et y acc\u00e9der. En consultant le site academiacontacto.com, vous consentez \u00e0 l\u2019usage de cookies. A tout moment, vous pouvez choisir de d\u00e9sactiver les cookies de votre navigateur en suivant les instructions fournies dans les fichiers d\u2019Aide de celui-ci. Veuillez noter que lors de votre visite du site, des tiers tels que des r\u00e9seaux de publicit\u00e9, des agences publicitaires, des annonceurs et des fournisseurs de segments d\u2019audience, peuvent \u00e9galement d\u00e9poser dans votre terminal des cookies, des cookies Flash ou autres \u00e9l\u00e9ments technologiques, et y acc\u00e9der.<br \/>\r\n<h2><br \/>Cookies<\/h2><p>\r\nLes cookies sont de petites quantit\u00e9s d\u2019information rassembl\u00e9es en fichiers dans le navigateur de votre terminal (ordinateur, tablette, smartphone, etc.) . Un site d\u00e9termin\u00e9 aura uniquement acc\u00e8s aux cookies qu\u2019il aura lui-m\u00eame plac\u00e9s dans votre terminal. academiacontacto.com fait usage de cookies dans les buts suivants: <br \/>\r\n    Nous aider \u00e0 reconna\u00eetre votre navigateur comme \u00e9tant associ\u00e9 \u00e0 un visiteur pr\u00e9alable et conserver ainsi que rappeler toute pr\u00e9f\u00e9rence qui aurait pu \u00eatre \u00e9tablie pendant que votre navigateur visitait le site. Par exemple, nous pouvons conserver votre information de d\u00e9but de session de fa\u00e7on \u00e0 ce que vous ne soyez pas oblig\u00e9 de commencer une session \u00e0 chaque nouvelle visite.<br \/>Nous aider \u00e0 personnaliser le contenu et les publicit\u00e9s que vous voyez quand vous visitez le site. Nous aider \u00e0 mesurer et \u00e9tudier l\u2019efficacit\u00e9 de notre contenu interactif en ligne, nos fonctionnalit\u00e9s, nos publicit\u00e9s et autres communications, ainsi que <br \/> R\u00e9aliser un suivi de l\u2019analyse et de l\u2019utilisation du site, et en am\u00e9liorer les services. academiacontacto.com propose \u00e0 l\u2019utilisateur de l\u2019orienter sur les pas \u00e0 suivre pour acc\u00e9der au menu de configuration des cookies et, le cas \u00e9ch\u00e9ant, de la navigation priv\u00e9e avec chacun des principaux navigateurs.<\/p><p>Internet Explorer: Outils -&gt;Options Internet -&gt; Confidentialit\u00e9 -&gt; Configuration. Pour plus d\u2019informations, veuillez consulter le support de Microsoft ou le menu d\u2019Aide de votre navigateur.\r\n<br \/>Firefox: Outils -&gt; Options -&gt; Vie priv\u00e9e-&gt; Pour plus d\u2019nformations, veuillez consulter le support de Mozilla ou le menu d\u2019Aide de votre navigateur.\r\n<br \/>Chrome: Configuration -&gt;Param\u00e8tres \u2013 Param\u00e8tres avanc\u00e9s -&gt; Param\u00e8tres de contenu-&gt; Pour plus d\u2019informations, veuillez conulter le support de Google ou le menu d\u2019Aide de votre navigateur<br \/>Safari: Pr\u00e9f\u00e9rences -&gt; S\u00e9curit\u00e9 \u2013 Avanc\u00e9 \u2013 Cookies \u2013 G\u00e9rer les cookies. Pour plus d\u2019informations, veuillez consultetr le support d\u2019Apple ou le menu d\u2019Aide de votre navigateur.<\/p><ul>\r\n<\/ul>","protected":false},"excerpt":{"rendered":"<p>Politique de Cookies Conform\u00e9ment \u00e0 la pratique standard de beaucoup de sites Internet, nous pouvons d\u00e9poser dans votre terminal des cookies, des cookies Flash ou autres \u00e9l\u00e9ments technologiques, et y acc\u00e9der. En consultant le site academiacontacto.com, vous consentez \u00e0 l\u2019usage de cookies. A tout moment, vous pouvez choisir de d\u00e9sactiver les cookies de votre navigateur [&hellip;]<\/p>\n","protected":false},"author":3,"featured_media":0,"parent":0,"menu_order":135,"comment_status":"closed","ping_status":"closed","template":"page-content.php","meta":{"_acf_changed":false,"om_disable_all_campaigns":false,"_monsterinsights_skip_tracking":false,"_monsterinsights_sitenote_active":false,"_monsterinsights_sitenote_note":"","_monsterinsights_sitenote_category":0,"_uf_show_specific_survey":0,"_uf_disable_surveys":false,"_joinchat":[],"footnotes":""},"class_list":["post-17271","page","type-page","status-publish","hentry"],"acf":[],"aioseo_notices":[],"yoast_head":"<!-- This site is optimized with the Yoast SEO plugin v27.0 - https:\/\/yoast.com\/product\/yoast-seo-wordpress\/ -->\n<title>Politique de Cookies -<\/title>\n<meta name=\"robots\" content=\"index, follow, max-snippet:-1, max-image-preview:large, max-video-preview:-1\" \/>\n<link rel=\"canonical\" href=\"https:\/\/academiacontacto.com\/fr\/cookies-policy\/\" \/>\n<meta property=\"og:locale\" content=\"fr_FR\" \/>\n<meta property=\"og:type\" content=\"article\" \/>\n<meta property=\"og:title\" content=\"Politique de Cookies -\" \/>\n<meta property=\"og:description\" content=\"Politique de Cookies Conform\u00e9ment \u00e0 la pratique standard de beaucoup de sites Internet, nous pouvons d\u00e9poser dans votre terminal des cookies, des cookies Flash ou autres \u00e9l\u00e9ments technologiques, et y acc\u00e9der. En consultant le site academiacontacto.com, vous consentez \u00e0 l\u2019usage de cookies. A tout moment, vous pouvez choisir de d\u00e9sactiver les cookies de votre navigateur [&hellip;]\" \/>\n<meta property=\"og:url\" content=\"https:\/\/academiacontacto.com\/fr\/cookies-policy\/\" \/>\n<meta property=\"og:site_name\" content=\"Academia Contacto\" \/>\n<meta property=\"article:modified_time\" content=\"2017-05-03T18:36:30+00:00\" \/>\n<meta name=\"twitter:label1\" content=\"Dur\u00e9e de lecture estim\u00e9e\" \/>\n\t<meta name=\"twitter:data1\" content=\"2 minutes\" \/>\n<script type=\"application\/ld+json\" class=\"yoast-schema-graph\">{\"@context\":\"https:\/\/schema.org\",\"@graph\":[{\"@type\":\"WebPage\",\"@id\":\"https:\/\/academiacontacto.com\/fr\/cookies-policy\/\",\"url\":\"https:\/\/academiacontacto.com\/fr\/cookies-policy\/\",\"name\":\"Politique de Cookies -\",\"isPartOf\":{\"@id\":\"https:\/\/academiacontacto.com\/pl\/#website\"},\"datePublished\":\"2016-12-09T11:48:57+00:00\",\"dateModified\":\"2017-05-03T18:36:30+00:00\",\"breadcrumb\":{\"@id\":\"https:\/\/academiacontacto.com\/fr\/cookies-policy\/#breadcrumb\"},\"inLanguage\":\"fr-FR\",\"potentialAction\":[{\"@type\":\"ReadAction\",\"target\":[\"https:\/\/academiacontacto.com\/fr\/cookies-policy\/\"]}]},{\"@type\":\"BreadcrumbList\",\"@id\":\"https:\/\/academiacontacto.com\/fr\/cookies-policy\/#breadcrumb\",\"itemListElement\":[{\"@type\":\"ListItem\",\"position\":1,\"name\":\"Home\",\"item\":\"https:\/\/academiacontacto.com\/fr\/\"},{\"@type\":\"ListItem\",\"position\":2,\"name\":\"Politique de Cookies\"}]},{\"@type\":\"WebSite\",\"@id\":\"https:\/\/academiacontacto.com\/pl\/#website\",\"url\":\"https:\/\/academiacontacto.com\/pl\/\",\"name\":\"Academia Contacto\",\"description\":\"Aprende Espa\u00f1ol con Academia Contacto\",\"publisher\":{\"@id\":\"https:\/\/academiacontacto.com\/pl\/#organization\"},\"potentialAction\":[{\"@type\":\"SearchAction\",\"target\":{\"@type\":\"EntryPoint\",\"urlTemplate\":\"https:\/\/academiacontacto.com\/pl\/?s={search_term_string}\"},\"query-input\":{\"@type\":\"PropertyValueSpecification\",\"valueRequired\":true,\"valueName\":\"search_term_string\"}}],\"inLanguage\":\"fr-FR\"},{\"@type\":\"Organization\",\"@id\":\"https:\/\/academiacontacto.com\/pl\/#organization\",\"name\":\"Academia Contacto\",\"url\":\"https:\/\/academiacontacto.com\/pl\/\",\"logo\":{\"@type\":\"ImageObject\",\"inLanguage\":\"fr-FR\",\"@id\":\"https:\/\/academiacontacto.com\/pl\/#\/schema\/logo\/image\/\",\"url\":\"https:\/\/academiacontacto.com\/wp-content\/uploads\/2021\/09\/acontacto.jpg\",\"contentUrl\":\"https:\/\/academiacontacto.com\/wp-content\/uploads\/2021\/09\/acontacto.jpg\",\"width\":218,\"height\":70,\"caption\":\"Academia Contacto\"},\"image\":{\"@id\":\"https:\/\/academiacontacto.com\/pl\/#\/schema\/logo\/image\/\"}}]}<\/script>\n<!-- \/ Yoast SEO plugin. -->","yoast_head_json":{"title":"Politique de Cookies -","robots":{"index":"index","follow":"follow","max-snippet":"max-snippet:-1","max-image-preview":"max-image-preview:large","max-video-preview":"max-video-preview:-1"},"canonical":"https:\/\/academiacontacto.com\/fr\/cookies-policy\/","og_locale":"fr_FR","og_type":"article","og_title":"Politique de Cookies -","og_description":"Politique de Cookies Conform\u00e9ment \u00e0 la pratique standard de beaucoup de sites Internet, nous pouvons d\u00e9poser dans votre terminal des cookies, des cookies Flash ou autres \u00e9l\u00e9ments technologiques, et y acc\u00e9der. En consultant le site academiacontacto.com, vous consentez \u00e0 l\u2019usage de cookies. A tout moment, vous pouvez choisir de d\u00e9sactiver les cookies de votre navigateur [&hellip;]","og_url":"https:\/\/academiacontacto.com\/fr\/cookies-policy\/","og_site_name":"Academia Contacto","article_modified_time":"2017-05-03T18:36:30+00:00","twitter_misc":{"Dur\u00e9e de lecture estim\u00e9e":"2 minutes"},"schema":{"@context":"https:\/\/schema.org","@graph":[{"@type":"WebPage","@id":"https:\/\/academiacontacto.com\/fr\/cookies-policy\/","url":"https:\/\/academiacontacto.com\/fr\/cookies-policy\/","name":"Politique de Cookies -","isPartOf":{"@id":"https:\/\/academiacontacto.com\/pl\/#website"},"datePublished":"2016-12-09T11:48:57+00:00","dateModified":"2017-05-03T18:36:30+00:00","breadcrumb":{"@id":"https:\/\/academiacontacto.com\/fr\/cookies-policy\/#breadcrumb"},"inLanguage":"fr-FR","potentialAction":[{"@type":"ReadAction","target":["https:\/\/academiacontacto.com\/fr\/cookies-policy\/"]}]},{"@type":"BreadcrumbList","@id":"https:\/\/academiacontacto.com\/fr\/cookies-policy\/#breadcrumb","itemListElement":[{"@type":"ListItem","position":1,"name":"Home","item":"https:\/\/academiacontacto.com\/fr\/"},{"@type":"ListItem","position":2,"name":"Politique de Cookies"}]},{"@type":"WebSite","@id":"https:\/\/academiacontacto.com\/pl\/#website","url":"https:\/\/academiacontacto.com\/pl\/","name":"Academia Contacto","description":"Aprende Espa\u00f1ol con Academia Contacto","publisher":{"@id":"https:\/\/academiacontacto.com\/pl\/#organization"},"potentialAction":[{"@type":"SearchAction","target":{"@type":"EntryPoint","urlTemplate":"https:\/\/academiacontacto.com\/pl\/?s={search_term_string}"},"query-input":{"@type":"PropertyValueSpecification","valueRequired":true,"valueName":"search_term_string"}}],"inLanguage":"fr-FR"},{"@type":"Organization","@id":"https:\/\/academiacontacto.com\/pl\/#organization","name":"Academia Contacto","url":"https:\/\/academiacontacto.com\/pl\/","logo":{"@type":"ImageObject","inLanguage":"fr-FR","@id":"https:\/\/academiacontacto.com\/pl\/#\/schema\/logo\/image\/","url":"https:\/\/academiacontacto.com\/wp-content\/uploads\/2021\/09\/acontacto.jpg","contentUrl":"https:\/\/academiacontacto.com\/wp-content\/uploads\/2021\/09\/acontacto.jpg","width":218,"height":70,"caption":"Academia Contacto"},"image":{"@id":"https:\/\/academiacontacto.com\/pl\/#\/schema\/logo\/image\/"}}]}},"_links":{"self":[{"href":"https:\/\/academiacontacto.com\/fr\/wp-json\/wp\/v2\/pages\/17271","targetHints":{"allow":["GET"]}}],"collection":[{"href":"https:\/\/academiacontacto.com\/fr\/wp-json\/wp\/v2\/pages"}],"about":[{"href":"https:\/\/academiacontacto.com\/fr\/wp-json\/wp\/v2\/types\/page"}],"author":[{"embeddable":true,"href":"https:\/\/academiacontacto.com\/fr\/wp-json\/wp\/v2\/users\/3"}],"replies":[{"embeddable":true,"href":"https:\/\/academiacontacto.com\/fr\/wp-json\/wp\/v2\/comments?post=17271"}],"version-history":[{"count":0,"href":"https:\/\/academiacontacto.com\/fr\/wp-json\/wp\/v2\/pages\/17271\/revisions"}],"wp:attachment":[{"href":"https:\/\/academiacontacto.com\/fr\/wp-json\/wp\/v2\/media?parent=17271"}],"curies":[{"name":"wp","href":"https:\/\/api.w.org\/{rel}","templated":true}]}}