{"id":17268,"date":"2016-11-22T22:49:07","date_gmt":"2016-11-22T22:49:07","guid":{"rendered":"http:\/\/academiacontacto.com\/contact\/"},"modified":"2017-11-13T11:28:01","modified_gmt":"2017-11-13T11:28:01","slug":"contact","status":"publish","type":"page","link":"https:\/\/academiacontacto.com\/fr\/contact\/","title":{"rendered":"Contact"},"content":{"rendered":"<p>Founded in 2001, Academia Contacto has been offering quality Spanish classes to foreign students in\r\n Spain. Our language schools are located in the heart of the main Spanish cities and we offer courses\r\n at all levels (from beginner to proficiency) all year round.<\/p>\r\n\r\n<p>We have been working with various agencies for some years and these have always been enthusiastic\r\n about our professionalism and the quality of the service we provide, benefitting from adding our\r\n programmes to their offer.<\/p>\r\n\r\n<p>Why don\u2019t you join our network? We offer attractive commissions and we are proud to make your work\r\n lighter by looking personally after your clients. We don\u2019t consider them just a number in the\r\n statistics: on the contrary, we do the possible and the impossible to make their stay here a\r\n valuable experience.<\/p>\r\n\r\n<p>Collaborate with us! Your clients will enjoy professional, dynamic and interactive teaching as well\r\n as fun free time activities and selected accommodation.<\/p>\r\n\r\n<p>We are looking forward to working together in the future.<\/p>\r\n<p>Best regards,<br \/>\r\n Mario Calvo, director<\/p>\r\n","protected":false},"excerpt":{"rendered":"<p>Founded in 2001, Academia Contacto has been offering quality Spanish classes to foreign students in Spain. Our language schools are located in the heart of the main Spanish cities and we offer courses at all levels (from beginner to proficiency) all year round. We have been working with various agencies for some years and these [&hellip;]<\/p>\n","protected":false},"author":3,"featured_media":0,"parent":0,"menu_order":114,"comment_status":"closed","ping_status":"closed","template":"page-contact.php","meta":{"_acf_changed":false,"om_disable_all_campaigns":false,"_monsterinsights_skip_tracking":false,"_monsterinsights_sitenote_active":false,"_monsterinsights_sitenote_note":"","_monsterinsights_sitenote_category":0,"_uf_show_specific_survey":0,"_uf_disable_surveys":false,"_joinchat":[],"footnotes":""},"class_list":["post-17268","page","type-page","status-publish","hentry"],"acf":[],"aioseo_notices":[],"yoast_head":"<!-- This site is optimized with the Yoast SEO plugin v27.0 - https:\/\/yoast.com\/product\/yoast-seo-wordpress\/ -->\n<title>Contactez-nous et demandez des informations pour apprendre l&#039;espagnol<\/title>\n<meta name=\"description\" content=\"Contactez-nous par t\u00e9l\u00e9phone, email ou compl\u00e9tez la demande et envoyez-nous. Nous vous donnerons toutes les informations pour apprendre l&#039;espagnol \u00e0 Madrid\" \/>\n<meta name=\"robots\" content=\"index, follow, max-snippet:-1, max-image-preview:large, max-video-preview:-1\" \/>\n<link rel=\"canonical\" href=\"https:\/\/academiacontacto.com\/fr\/contact\/\" \/>\n<meta property=\"og:locale\" content=\"fr_FR\" \/>\n<meta property=\"og:type\" content=\"article\" \/>\n<meta property=\"og:title\" content=\"Contactez-nous et demandez des informations pour apprendre l&#039;espagnol\" \/>\n<meta property=\"og:description\" content=\"Contactez-nous par t\u00e9l\u00e9phone, email ou compl\u00e9tez la demande et envoyez-nous. Nous vous donnerons toutes les informations pour apprendre l&#039;espagnol \u00e0 Madrid\" \/>\n<meta property=\"og:url\" content=\"https:\/\/academiacontacto.com\/fr\/contact\/\" \/>\n<meta property=\"og:site_name\" content=\"Academia Contacto\" \/>\n<meta property=\"article:modified_time\" content=\"2017-11-13T11:28:01+00:00\" \/>\n<meta name=\"twitter:label1\" content=\"Dur\u00e9e de lecture estim\u00e9e\" \/>\n\t<meta name=\"twitter:data1\" content=\"1 minute\" \/>\n<script type=\"application\/ld+json\" class=\"yoast-schema-graph\">{\"@context\":\"https:\/\/schema.org\",\"@graph\":[{\"@type\":\"WebPage\",\"@id\":\"https:\/\/academiacontacto.com\/fr\/contact\/\",\"url\":\"https:\/\/academiacontacto.com\/fr\/contact\/\",\"name\":\"Contactez-nous et demandez des informations pour apprendre l'espagnol\",\"isPartOf\":{\"@id\":\"https:\/\/academiacontacto.com\/pl\/#website\"},\"datePublished\":\"2016-11-22T22:49:07+00:00\",\"dateModified\":\"2017-11-13T11:28:01+00:00\",\"description\":\"Contactez-nous par t\u00e9l\u00e9phone, email ou compl\u00e9tez la demande et envoyez-nous. Nous vous donnerons toutes les informations pour apprendre l'espagnol \u00e0 Madrid\",\"breadcrumb\":{\"@id\":\"https:\/\/academiacontacto.com\/fr\/contact\/#breadcrumb\"},\"inLanguage\":\"fr-FR\",\"potentialAction\":[{\"@type\":\"ReadAction\",\"target\":[\"https:\/\/academiacontacto.com\/fr\/contact\/\"]}]},{\"@type\":\"BreadcrumbList\",\"@id\":\"https:\/\/academiacontacto.com\/fr\/contact\/#breadcrumb\",\"itemListElement\":[{\"@type\":\"ListItem\",\"position\":1,\"name\":\"Home\",\"item\":\"https:\/\/academiacontacto.com\/fr\/\"},{\"@type\":\"ListItem\",\"position\":2,\"name\":\"Contact\"}]},{\"@type\":\"WebSite\",\"@id\":\"https:\/\/academiacontacto.com\/pl\/#website\",\"url\":\"https:\/\/academiacontacto.com\/pl\/\",\"name\":\"Academia Contacto\",\"description\":\"Aprende Espa\u00f1ol con Academia Contacto\",\"publisher\":{\"@id\":\"https:\/\/academiacontacto.com\/pl\/#organization\"},\"potentialAction\":[{\"@type\":\"SearchAction\",\"target\":{\"@type\":\"EntryPoint\",\"urlTemplate\":\"https:\/\/academiacontacto.com\/pl\/?s={search_term_string}\"},\"query-input\":{\"@type\":\"PropertyValueSpecification\",\"valueRequired\":true,\"valueName\":\"search_term_string\"}}],\"inLanguage\":\"fr-FR\"},{\"@type\":\"Organization\",\"@id\":\"https:\/\/academiacontacto.com\/pl\/#organization\",\"name\":\"Academia Contacto\",\"url\":\"https:\/\/academiacontacto.com\/pl\/\",\"logo\":{\"@type\":\"ImageObject\",\"inLanguage\":\"fr-FR\",\"@id\":\"https:\/\/academiacontacto.com\/pl\/#\/schema\/logo\/image\/\",\"url\":\"https:\/\/academiacontacto.com\/wp-content\/uploads\/2021\/09\/acontacto.jpg\",\"contentUrl\":\"https:\/\/academiacontacto.com\/wp-content\/uploads\/2021\/09\/acontacto.jpg\",\"width\":218,\"height\":70,\"caption\":\"Academia Contacto\"},\"image\":{\"@id\":\"https:\/\/academiacontacto.com\/pl\/#\/schema\/logo\/image\/\"}}]}<\/script>\n<!-- \/ Yoast SEO plugin. -->","yoast_head_json":{"title":"Contactez-nous et demandez des informations pour apprendre l'espagnol","description":"Contactez-nous par t\u00e9l\u00e9phone, email ou compl\u00e9tez la demande et envoyez-nous. Nous vous donnerons toutes les informations pour apprendre l'espagnol \u00e0 Madrid","robots":{"index":"index","follow":"follow","max-snippet":"max-snippet:-1","max-image-preview":"max-image-preview:large","max-video-preview":"max-video-preview:-1"},"canonical":"https:\/\/academiacontacto.com\/fr\/contact\/","og_locale":"fr_FR","og_type":"article","og_title":"Contactez-nous et demandez des informations pour apprendre l'espagnol","og_description":"Contactez-nous par t\u00e9l\u00e9phone, email ou compl\u00e9tez la demande et envoyez-nous. Nous vous donnerons toutes les informations pour apprendre l'espagnol \u00e0 Madrid","og_url":"https:\/\/academiacontacto.com\/fr\/contact\/","og_site_name":"Academia Contacto","article_modified_time":"2017-11-13T11:28:01+00:00","twitter_misc":{"Dur\u00e9e de lecture estim\u00e9e":"1 minute"},"schema":{"@context":"https:\/\/schema.org","@graph":[{"@type":"WebPage","@id":"https:\/\/academiacontacto.com\/fr\/contact\/","url":"https:\/\/academiacontacto.com\/fr\/contact\/","name":"Contactez-nous et demandez des informations pour apprendre l'espagnol","isPartOf":{"@id":"https:\/\/academiacontacto.com\/pl\/#website"},"datePublished":"2016-11-22T22:49:07+00:00","dateModified":"2017-11-13T11:28:01+00:00","description":"Contactez-nous par t\u00e9l\u00e9phone, email ou compl\u00e9tez la demande et envoyez-nous. Nous vous donnerons toutes les informations pour apprendre l'espagnol \u00e0 Madrid","breadcrumb":{"@id":"https:\/\/academiacontacto.com\/fr\/contact\/#breadcrumb"},"inLanguage":"fr-FR","potentialAction":[{"@type":"ReadAction","target":["https:\/\/academiacontacto.com\/fr\/contact\/"]}]},{"@type":"BreadcrumbList","@id":"https:\/\/academiacontacto.com\/fr\/contact\/#breadcrumb","itemListElement":[{"@type":"ListItem","position":1,"name":"Home","item":"https:\/\/academiacontacto.com\/fr\/"},{"@type":"ListItem","position":2,"name":"Contact"}]},{"@type":"WebSite","@id":"https:\/\/academiacontacto.com\/pl\/#website","url":"https:\/\/academiacontacto.com\/pl\/","name":"Academia Contacto","description":"Aprende Espa\u00f1ol con Academia Contacto","publisher":{"@id":"https:\/\/academiacontacto.com\/pl\/#organization"},"potentialAction":[{"@type":"SearchAction","target":{"@type":"EntryPoint","urlTemplate":"https:\/\/academiacontacto.com\/pl\/?s={search_term_string}"},"query-input":{"@type":"PropertyValueSpecification","valueRequired":true,"valueName":"search_term_string"}}],"inLanguage":"fr-FR"},{"@type":"Organization","@id":"https:\/\/academiacontacto.com\/pl\/#organization","name":"Academia Contacto","url":"https:\/\/academiacontacto.com\/pl\/","logo":{"@type":"ImageObject","inLanguage":"fr-FR","@id":"https:\/\/academiacontacto.com\/pl\/#\/schema\/logo\/image\/","url":"https:\/\/academiacontacto.com\/wp-content\/uploads\/2021\/09\/acontacto.jpg","contentUrl":"https:\/\/academiacontacto.com\/wp-content\/uploads\/2021\/09\/acontacto.jpg","width":218,"height":70,"caption":"Academia Contacto"},"image":{"@id":"https:\/\/academiacontacto.com\/pl\/#\/schema\/logo\/image\/"}}]}},"_links":{"self":[{"href":"https:\/\/academiacontacto.com\/fr\/wp-json\/wp\/v2\/pages\/17268","targetHints":{"allow":["GET"]}}],"collection":[{"href":"https:\/\/academiacontacto.com\/fr\/wp-json\/wp\/v2\/pages"}],"about":[{"href":"https:\/\/academiacontacto.com\/fr\/wp-json\/wp\/v2\/types\/page"}],"author":[{"embeddable":true,"href":"https:\/\/academiacontacto.com\/fr\/wp-json\/wp\/v2\/users\/3"}],"replies":[{"embeddable":true,"href":"https:\/\/academiacontacto.com\/fr\/wp-json\/wp\/v2\/comments?post=17268"}],"version-history":[{"count":0,"href":"https:\/\/academiacontacto.com\/fr\/wp-json\/wp\/v2\/pages\/17268\/revisions"}],"wp:attachment":[{"href":"https:\/\/academiacontacto.com\/fr\/wp-json\/wp\/v2\/media?parent=17268"}],"curies":[{"name":"wp","href":"https:\/\/api.w.org\/{rel}","templated":true}]}}