{"id":17262,"date":"2016-11-22T22:49:48","date_gmt":"2016-11-22T22:49:48","guid":{"rendered":"http:\/\/academiacontacto.com\/apply\/"},"modified":"2019-09-17T21:21:28","modified_gmt":"2019-09-17T21:21:28","slug":"apply","status":"publish","type":"page","link":"https:\/\/academiacontacto.com\/fr\/apply\/","title":{"rendered":"Apply"},"content":{"rendered":"","protected":false},"excerpt":{"rendered":"","protected":false},"author":3,"featured_media":0,"parent":0,"menu_order":88,"comment_status":"closed","ping_status":"closed","template":"page-apply.php","meta":{"_acf_changed":false,"om_disable_all_campaigns":false,"_monsterinsights_skip_tracking":false,"_monsterinsights_sitenote_active":false,"_monsterinsights_sitenote_note":"","_monsterinsights_sitenote_category":0,"_uf_show_specific_survey":0,"_uf_disable_surveys":false,"_joinchat":[],"footnotes":""},"class_list":["post-17262","page","type-page","status-publish","hentry"],"acf":[],"aioseo_notices":[],"yoast_head":"<!-- This site is optimized with the Yoast SEO plugin v27.5 - https:\/\/yoast.com\/product\/yoast-seo-wordpress\/ -->\n<title>Appliquer votre demande pour \u00e9tudier l&#039;espagnol \u00e0 Madrid.<\/title>\n<meta name=\"description\" content=\"Vous devez remplir la demande et l&#039;envoyer si vous voulez venir \u00e9tudier l&#039;espagnol avec les meilleurs professeurs\" \/>\n<meta name=\"robots\" content=\"index, follow, max-snippet:-1, max-image-preview:large, max-video-preview:-1\" \/>\n<link rel=\"canonical\" href=\"https:\/\/academiacontacto.com\/fr\/apply\/\" \/>\n<meta property=\"og:locale\" content=\"fr_FR\" \/>\n<meta property=\"og:type\" content=\"article\" \/>\n<meta property=\"og:title\" content=\"Appliquer votre demande pour \u00e9tudier l&#039;espagnol \u00e0 Madrid.\" \/>\n<meta property=\"og:description\" content=\"Vous devez remplir la demande et l&#039;envoyer si vous voulez venir \u00e9tudier l&#039;espagnol avec les meilleurs professeurs\" \/>\n<meta property=\"og:url\" content=\"https:\/\/academiacontacto.com\/fr\/apply\/\" \/>\n<meta property=\"og:site_name\" content=\"Academia Contacto\" \/>\n<meta property=\"article:modified_time\" content=\"2019-09-17T21:21:28+00:00\" \/>\n<script type=\"application\/ld+json\" class=\"yoast-schema-graph\">{\"@context\":\"https:\\\/\\\/schema.org\",\"@graph\":[{\"@type\":\"WebPage\",\"@id\":\"https:\\\/\\\/academiacontacto.com\\\/fr\\\/apply\\\/\",\"url\":\"https:\\\/\\\/academiacontacto.com\\\/fr\\\/apply\\\/\",\"name\":\"Appliquer votre demande pour \u00e9tudier l'espagnol \u00e0 Madrid.\",\"isPartOf\":{\"@id\":\"https:\\\/\\\/academiacontacto.com\\\/pl\\\/#website\"},\"datePublished\":\"2016-11-22T22:49:48+00:00\",\"dateModified\":\"2019-09-17T21:21:28+00:00\",\"description\":\"Vous devez remplir la demande et l'envoyer si vous voulez venir \u00e9tudier l'espagnol avec les meilleurs professeurs\",\"breadcrumb\":{\"@id\":\"https:\\\/\\\/academiacontacto.com\\\/fr\\\/apply\\\/#breadcrumb\"},\"inLanguage\":\"fr-FR\",\"potentialAction\":[{\"@type\":\"ReadAction\",\"target\":[\"https:\\\/\\\/academiacontacto.com\\\/fr\\\/apply\\\/\"]}]},{\"@type\":\"BreadcrumbList\",\"@id\":\"https:\\\/\\\/academiacontacto.com\\\/fr\\\/apply\\\/#breadcrumb\",\"itemListElement\":[{\"@type\":\"ListItem\",\"position\":1,\"name\":\"Home\",\"item\":\"https:\\\/\\\/academiacontacto.com\\\/fr\\\/\"},{\"@type\":\"ListItem\",\"position\":2,\"name\":\"Apply\"}]},{\"@type\":\"WebSite\",\"@id\":\"https:\\\/\\\/academiacontacto.com\\\/pl\\\/#website\",\"url\":\"https:\\\/\\\/academiacontacto.com\\\/pl\\\/\",\"name\":\"Academia Contacto\",\"description\":\"Aprende Espa\u00f1ol con Academia Contacto\",\"publisher\":{\"@id\":\"https:\\\/\\\/academiacontacto.com\\\/pl\\\/#organization\"},\"potentialAction\":[{\"@type\":\"SearchAction\",\"target\":{\"@type\":\"EntryPoint\",\"urlTemplate\":\"https:\\\/\\\/academiacontacto.com\\\/pl\\\/?s={search_term_string}\"},\"query-input\":{\"@type\":\"PropertyValueSpecification\",\"valueRequired\":true,\"valueName\":\"search_term_string\"}}],\"inLanguage\":\"fr-FR\"},{\"@type\":\"Organization\",\"@id\":\"https:\\\/\\\/academiacontacto.com\\\/pl\\\/#organization\",\"name\":\"Academia Contacto\",\"url\":\"https:\\\/\\\/academiacontacto.com\\\/pl\\\/\",\"logo\":{\"@type\":\"ImageObject\",\"inLanguage\":\"fr-FR\",\"@id\":\"https:\\\/\\\/academiacontacto.com\\\/pl\\\/#\\\/schema\\\/logo\\\/image\\\/\",\"url\":\"https:\\\/\\\/academiacontacto.com\\\/wp-content\\\/uploads\\\/2021\\\/09\\\/acontacto.jpg\",\"contentUrl\":\"https:\\\/\\\/academiacontacto.com\\\/wp-content\\\/uploads\\\/2021\\\/09\\\/acontacto.jpg\",\"width\":218,\"height\":70,\"caption\":\"Academia Contacto\"},\"image\":{\"@id\":\"https:\\\/\\\/academiacontacto.com\\\/pl\\\/#\\\/schema\\\/logo\\\/image\\\/\"}}]}<\/script>\n<!-- \/ Yoast SEO plugin. -->","yoast_head_json":{"title":"Appliquer votre demande pour \u00e9tudier l'espagnol \u00e0 Madrid.","description":"Vous devez remplir la demande et l'envoyer si vous voulez venir \u00e9tudier l'espagnol avec les meilleurs professeurs","robots":{"index":"index","follow":"follow","max-snippet":"max-snippet:-1","max-image-preview":"max-image-preview:large","max-video-preview":"max-video-preview:-1"},"canonical":"https:\/\/academiacontacto.com\/fr\/apply\/","og_locale":"fr_FR","og_type":"article","og_title":"Appliquer votre demande pour \u00e9tudier l'espagnol \u00e0 Madrid.","og_description":"Vous devez remplir la demande et l'envoyer si vous voulez venir \u00e9tudier l'espagnol avec les meilleurs professeurs","og_url":"https:\/\/academiacontacto.com\/fr\/apply\/","og_site_name":"Academia Contacto","article_modified_time":"2019-09-17T21:21:28+00:00","schema":{"@context":"https:\/\/schema.org","@graph":[{"@type":"WebPage","@id":"https:\/\/academiacontacto.com\/fr\/apply\/","url":"https:\/\/academiacontacto.com\/fr\/apply\/","name":"Appliquer votre demande pour \u00e9tudier l'espagnol \u00e0 Madrid.","isPartOf":{"@id":"https:\/\/academiacontacto.com\/pl\/#website"},"datePublished":"2016-11-22T22:49:48+00:00","dateModified":"2019-09-17T21:21:28+00:00","description":"Vous devez remplir la demande et l'envoyer si vous voulez venir \u00e9tudier l'espagnol avec les meilleurs professeurs","breadcrumb":{"@id":"https:\/\/academiacontacto.com\/fr\/apply\/#breadcrumb"},"inLanguage":"fr-FR","potentialAction":[{"@type":"ReadAction","target":["https:\/\/academiacontacto.com\/fr\/apply\/"]}]},{"@type":"BreadcrumbList","@id":"https:\/\/academiacontacto.com\/fr\/apply\/#breadcrumb","itemListElement":[{"@type":"ListItem","position":1,"name":"Home","item":"https:\/\/academiacontacto.com\/fr\/"},{"@type":"ListItem","position":2,"name":"Apply"}]},{"@type":"WebSite","@id":"https:\/\/academiacontacto.com\/pl\/#website","url":"https:\/\/academiacontacto.com\/pl\/","name":"Academia Contacto","description":"Aprende Espa\u00f1ol con Academia Contacto","publisher":{"@id":"https:\/\/academiacontacto.com\/pl\/#organization"},"potentialAction":[{"@type":"SearchAction","target":{"@type":"EntryPoint","urlTemplate":"https:\/\/academiacontacto.com\/pl\/?s={search_term_string}"},"query-input":{"@type":"PropertyValueSpecification","valueRequired":true,"valueName":"search_term_string"}}],"inLanguage":"fr-FR"},{"@type":"Organization","@id":"https:\/\/academiacontacto.com\/pl\/#organization","name":"Academia Contacto","url":"https:\/\/academiacontacto.com\/pl\/","logo":{"@type":"ImageObject","inLanguage":"fr-FR","@id":"https:\/\/academiacontacto.com\/pl\/#\/schema\/logo\/image\/","url":"https:\/\/academiacontacto.com\/wp-content\/uploads\/2021\/09\/acontacto.jpg","contentUrl":"https:\/\/academiacontacto.com\/wp-content\/uploads\/2021\/09\/acontacto.jpg","width":218,"height":70,"caption":"Academia Contacto"},"image":{"@id":"https:\/\/academiacontacto.com\/pl\/#\/schema\/logo\/image\/"}}]}},"_links":{"self":[{"href":"https:\/\/academiacontacto.com\/fr\/wp-json\/wp\/v2\/pages\/17262","targetHints":{"allow":["GET"]}}],"collection":[{"href":"https:\/\/academiacontacto.com\/fr\/wp-json\/wp\/v2\/pages"}],"about":[{"href":"https:\/\/academiacontacto.com\/fr\/wp-json\/wp\/v2\/types\/page"}],"author":[{"embeddable":true,"href":"https:\/\/academiacontacto.com\/fr\/wp-json\/wp\/v2\/users\/3"}],"replies":[{"embeddable":true,"href":"https:\/\/academiacontacto.com\/fr\/wp-json\/wp\/v2\/comments?post=17262"}],"version-history":[{"count":0,"href":"https:\/\/academiacontacto.com\/fr\/wp-json\/wp\/v2\/pages\/17262\/revisions"}],"wp:attachment":[{"href":"https:\/\/academiacontacto.com\/fr\/wp-json\/wp\/v2\/media?parent=17262"}],"curies":[{"name":"wp","href":"https:\/\/api.w.org\/{rel}","templated":true}]}}