{"id":17258,"date":"2016-11-22T22:49:18","date_gmt":"2016-11-22T22:49:18","guid":{"rendered":"http:\/\/academiacontacto.com\/accommodations\/"},"modified":"2020-03-20T12:20:54","modified_gmt":"2020-03-20T12:20:54","slug":"accommodations","status":"publish","type":"page","link":"https:\/\/academiacontacto.com\/fr\/accommodations\/","title":{"rendered":"H\u00e9bergement"},"content":{"rendered":"    <h2 style=\"text-align: center;\">Une atmosph\u00e8re d\u00e9tendue o\u00f9 l\u2019on se sent comme chez soi contribue au succ\u00e8s d\u2018un s\u00e9jour linguistique et culturel.<\/h2>\r\n","protected":false},"excerpt":{"rendered":"<p>Une atmosph\u00e8re d\u00e9tendue o\u00f9 l\u2019on se sent comme chez soi contribue au succ\u00e8s d\u2018un s\u00e9jour linguistique et culturel.<\/p>\n","protected":false},"author":3,"featured_media":0,"parent":0,"menu_order":76,"comment_status":"closed","ping_status":"closed","template":"page-accommodation.php","meta":{"_acf_changed":false,"om_disable_all_campaigns":false,"_monsterinsights_skip_tracking":false,"_monsterinsights_sitenote_active":false,"_monsterinsights_sitenote_note":"","_monsterinsights_sitenote_category":0,"_uf_show_specific_survey":0,"_uf_disable_surveys":false,"_joinchat":[],"footnotes":""},"class_list":["post-17258","page","type-page","status-publish","hentry"],"acf":[],"aioseo_notices":[],"yoast_head":"<!-- This site is optimized with the Yoast SEO plugin v27.0 - https:\/\/yoast.com\/product\/yoast-seo-wordpress\/ -->\n<title>Choisissez la meilleure option pour vivre \u00e0 Madrid pendant vos \u00e9tudes d&#039;espagnol<\/title>\n<meta name=\"description\" content=\"Vous pouvez choisir la meilleure option: vivre avec une famille espagnole ou dans un appartement en colocation dans un environnement multiculturel avec une grande vari\u00e9t\u00e9 de personnes\" \/>\n<meta name=\"robots\" content=\"index, follow, max-snippet:-1, max-image-preview:large, max-video-preview:-1\" \/>\n<link rel=\"canonical\" href=\"https:\/\/academiacontacto.com\/fr\/accommodations\/\" \/>\n<meta property=\"og:locale\" content=\"fr_FR\" \/>\n<meta property=\"og:type\" content=\"article\" \/>\n<meta property=\"og:title\" content=\"Choisissez la meilleure option pour vivre \u00e0 Madrid pendant vos \u00e9tudes d&#039;espagnol\" \/>\n<meta property=\"og:description\" content=\"Vous pouvez choisir la meilleure option: vivre avec une famille espagnole ou dans un appartement en colocation dans un environnement multiculturel avec une grande vari\u00e9t\u00e9 de personnes\" \/>\n<meta property=\"og:url\" content=\"https:\/\/academiacontacto.com\/fr\/accommodations\/\" \/>\n<meta property=\"og:site_name\" content=\"Academia Contacto\" \/>\n<meta property=\"article:modified_time\" content=\"2020-03-20T12:20:54+00:00\" \/>\n<script type=\"application\/ld+json\" class=\"yoast-schema-graph\">{\"@context\":\"https:\/\/schema.org\",\"@graph\":[{\"@type\":\"WebPage\",\"@id\":\"https:\/\/academiacontacto.com\/fr\/accommodations\/\",\"url\":\"https:\/\/academiacontacto.com\/fr\/accommodations\/\",\"name\":\"Choisissez la meilleure option pour vivre \u00e0 Madrid pendant vos \u00e9tudes d'espagnol\",\"isPartOf\":{\"@id\":\"https:\/\/academiacontacto.com\/pl\/#website\"},\"datePublished\":\"2016-11-22T22:49:18+00:00\",\"dateModified\":\"2020-03-20T12:20:54+00:00\",\"description\":\"Vous pouvez choisir la meilleure option: vivre avec une famille espagnole ou dans un appartement en colocation dans un environnement multiculturel avec une grande vari\u00e9t\u00e9 de personnes\",\"breadcrumb\":{\"@id\":\"https:\/\/academiacontacto.com\/fr\/accommodations\/#breadcrumb\"},\"inLanguage\":\"fr-FR\",\"potentialAction\":[{\"@type\":\"ReadAction\",\"target\":[\"https:\/\/academiacontacto.com\/fr\/accommodations\/\"]}]},{\"@type\":\"BreadcrumbList\",\"@id\":\"https:\/\/academiacontacto.com\/fr\/accommodations\/#breadcrumb\",\"itemListElement\":[{\"@type\":\"ListItem\",\"position\":1,\"name\":\"Home\",\"item\":\"https:\/\/academiacontacto.com\/fr\/\"},{\"@type\":\"ListItem\",\"position\":2,\"name\":\"H\u00e9bergement\"}]},{\"@type\":\"WebSite\",\"@id\":\"https:\/\/academiacontacto.com\/pl\/#website\",\"url\":\"https:\/\/academiacontacto.com\/pl\/\",\"name\":\"Academia Contacto\",\"description\":\"Aprende Espa\u00f1ol con Academia Contacto\",\"publisher\":{\"@id\":\"https:\/\/academiacontacto.com\/pl\/#organization\"},\"potentialAction\":[{\"@type\":\"SearchAction\",\"target\":{\"@type\":\"EntryPoint\",\"urlTemplate\":\"https:\/\/academiacontacto.com\/pl\/?s={search_term_string}\"},\"query-input\":{\"@type\":\"PropertyValueSpecification\",\"valueRequired\":true,\"valueName\":\"search_term_string\"}}],\"inLanguage\":\"fr-FR\"},{\"@type\":\"Organization\",\"@id\":\"https:\/\/academiacontacto.com\/pl\/#organization\",\"name\":\"Academia Contacto\",\"url\":\"https:\/\/academiacontacto.com\/pl\/\",\"logo\":{\"@type\":\"ImageObject\",\"inLanguage\":\"fr-FR\",\"@id\":\"https:\/\/academiacontacto.com\/pl\/#\/schema\/logo\/image\/\",\"url\":\"https:\/\/academiacontacto.com\/wp-content\/uploads\/2021\/09\/acontacto.jpg\",\"contentUrl\":\"https:\/\/academiacontacto.com\/wp-content\/uploads\/2021\/09\/acontacto.jpg\",\"width\":218,\"height\":70,\"caption\":\"Academia Contacto\"},\"image\":{\"@id\":\"https:\/\/academiacontacto.com\/pl\/#\/schema\/logo\/image\/\"}}]}<\/script>\n<!-- \/ Yoast SEO plugin. -->","yoast_head_json":{"title":"Choisissez la meilleure option pour vivre \u00e0 Madrid pendant vos \u00e9tudes d'espagnol","description":"Vous pouvez choisir la meilleure option: vivre avec une famille espagnole ou dans un appartement en colocation dans un environnement multiculturel avec une grande vari\u00e9t\u00e9 de personnes","robots":{"index":"index","follow":"follow","max-snippet":"max-snippet:-1","max-image-preview":"max-image-preview:large","max-video-preview":"max-video-preview:-1"},"canonical":"https:\/\/academiacontacto.com\/fr\/accommodations\/","og_locale":"fr_FR","og_type":"article","og_title":"Choisissez la meilleure option pour vivre \u00e0 Madrid pendant vos \u00e9tudes d'espagnol","og_description":"Vous pouvez choisir la meilleure option: vivre avec une famille espagnole ou dans un appartement en colocation dans un environnement multiculturel avec une grande vari\u00e9t\u00e9 de personnes","og_url":"https:\/\/academiacontacto.com\/fr\/accommodations\/","og_site_name":"Academia Contacto","article_modified_time":"2020-03-20T12:20:54+00:00","schema":{"@context":"https:\/\/schema.org","@graph":[{"@type":"WebPage","@id":"https:\/\/academiacontacto.com\/fr\/accommodations\/","url":"https:\/\/academiacontacto.com\/fr\/accommodations\/","name":"Choisissez la meilleure option pour vivre \u00e0 Madrid pendant vos \u00e9tudes d'espagnol","isPartOf":{"@id":"https:\/\/academiacontacto.com\/pl\/#website"},"datePublished":"2016-11-22T22:49:18+00:00","dateModified":"2020-03-20T12:20:54+00:00","description":"Vous pouvez choisir la meilleure option: vivre avec une famille espagnole ou dans un appartement en colocation dans un environnement multiculturel avec une grande vari\u00e9t\u00e9 de personnes","breadcrumb":{"@id":"https:\/\/academiacontacto.com\/fr\/accommodations\/#breadcrumb"},"inLanguage":"fr-FR","potentialAction":[{"@type":"ReadAction","target":["https:\/\/academiacontacto.com\/fr\/accommodations\/"]}]},{"@type":"BreadcrumbList","@id":"https:\/\/academiacontacto.com\/fr\/accommodations\/#breadcrumb","itemListElement":[{"@type":"ListItem","position":1,"name":"Home","item":"https:\/\/academiacontacto.com\/fr\/"},{"@type":"ListItem","position":2,"name":"H\u00e9bergement"}]},{"@type":"WebSite","@id":"https:\/\/academiacontacto.com\/pl\/#website","url":"https:\/\/academiacontacto.com\/pl\/","name":"Academia Contacto","description":"Aprende Espa\u00f1ol con Academia Contacto","publisher":{"@id":"https:\/\/academiacontacto.com\/pl\/#organization"},"potentialAction":[{"@type":"SearchAction","target":{"@type":"EntryPoint","urlTemplate":"https:\/\/academiacontacto.com\/pl\/?s={search_term_string}"},"query-input":{"@type":"PropertyValueSpecification","valueRequired":true,"valueName":"search_term_string"}}],"inLanguage":"fr-FR"},{"@type":"Organization","@id":"https:\/\/academiacontacto.com\/pl\/#organization","name":"Academia Contacto","url":"https:\/\/academiacontacto.com\/pl\/","logo":{"@type":"ImageObject","inLanguage":"fr-FR","@id":"https:\/\/academiacontacto.com\/pl\/#\/schema\/logo\/image\/","url":"https:\/\/academiacontacto.com\/wp-content\/uploads\/2021\/09\/acontacto.jpg","contentUrl":"https:\/\/academiacontacto.com\/wp-content\/uploads\/2021\/09\/acontacto.jpg","width":218,"height":70,"caption":"Academia Contacto"},"image":{"@id":"https:\/\/academiacontacto.com\/pl\/#\/schema\/logo\/image\/"}}]}},"_links":{"self":[{"href":"https:\/\/academiacontacto.com\/fr\/wp-json\/wp\/v2\/pages\/17258","targetHints":{"allow":["GET"]}}],"collection":[{"href":"https:\/\/academiacontacto.com\/fr\/wp-json\/wp\/v2\/pages"}],"about":[{"href":"https:\/\/academiacontacto.com\/fr\/wp-json\/wp\/v2\/types\/page"}],"author":[{"embeddable":true,"href":"https:\/\/academiacontacto.com\/fr\/wp-json\/wp\/v2\/users\/3"}],"replies":[{"embeddable":true,"href":"https:\/\/academiacontacto.com\/fr\/wp-json\/wp\/v2\/comments?post=17258"}],"version-history":[{"count":0,"href":"https:\/\/academiacontacto.com\/fr\/wp-json\/wp\/v2\/pages\/17258\/revisions"}],"wp:attachment":[{"href":"https:\/\/academiacontacto.com\/fr\/wp-json\/wp\/v2\/media?parent=17258"}],"curies":[{"name":"wp","href":"https:\/\/api.w.org\/{rel}","templated":true}]}}