{"id":15926,"date":"2016-11-22T22:30:19","date_gmt":"2016-11-22T22:30:19","guid":{"rendered":"http:\/\/academiacontacto.com\/?page_id=15926&#038;lang=fr"},"modified":"2026-03-06T16:49:38","modified_gmt":"2026-03-06T16:49:38","slug":"home","status":"publish","type":"page","link":"https:\/\/academiacontacto.com\/fr\/","title":{"rendered":"Home"},"content":{"rendered":"","protected":false},"excerpt":{"rendered":"","protected":false},"author":3,"featured_media":0,"parent":0,"menu_order":277,"comment_status":"closed","ping_status":"closed","template":"page-home.php","meta":{"_acf_changed":false,"om_disable_all_campaigns":false,"_monsterinsights_skip_tracking":false,"_monsterinsights_sitenote_active":false,"_monsterinsights_sitenote_note":"","_monsterinsights_sitenote_category":0,"_uf_show_specific_survey":0,"_uf_disable_surveys":false,"_joinchat":[],"footnotes":""},"class_list":["post-15926","page","type-page","status-publish","hentry"],"acf":[],"aioseo_notices":[],"yoast_head":"<!-- This site is optimized with the Yoast SEO plugin v27.0 - https:\/\/yoast.com\/product\/yoast-seo-wordpress\/ -->\n<title>Ecole de langue \u00e0 Madrid. Apprendre l&#039;espagnol avec les meilleurs professeurs<\/title>\n<meta name=\"description\" content=\"Bienvenue \u00e0 AcademiaContacto, la meilleure \u00e9cole d&#039;espagnol de Madrid. V\u00e9rifiez votre niveau, choisissez le meilleur cours et apprenez l&#039;espagnol une fois pour toutes.\" \/>\n<meta name=\"robots\" content=\"index, follow, max-snippet:-1, max-image-preview:large, max-video-preview:-1\" \/>\n<link rel=\"canonical\" href=\"https:\/\/academiacontacto.com\/fr\/\" \/>\n<meta property=\"og:locale\" content=\"fr_FR\" \/>\n<meta property=\"og:type\" content=\"article\" \/>\n<meta property=\"og:title\" content=\"Ecole de langue \u00e0 Madrid. Apprendre l&#039;espagnol avec les meilleurs professeurs\" \/>\n<meta property=\"og:description\" content=\"Bienvenue \u00e0 AcademiaContacto, la meilleure \u00e9cole d&#039;espagnol de Madrid. V\u00e9rifiez votre niveau, choisissez le meilleur cours et apprenez l&#039;espagnol une fois pour toutes.\" \/>\n<meta property=\"og:url\" content=\"https:\/\/academiacontacto.com\/fr\/\" \/>\n<meta property=\"og:site_name\" content=\"Academia Contacto\" \/>\n<meta property=\"article:modified_time\" content=\"2026-03-06T16:49:38+00:00\" \/>\n<script type=\"application\/ld+json\" class=\"yoast-schema-graph\">{\"@context\":\"https:\/\/schema.org\",\"@graph\":[{\"@type\":\"WebPage\",\"@id\":\"https:\/\/academiacontacto.com\/fr\/\",\"url\":\"https:\/\/academiacontacto.com\/fr\/\",\"name\":\"Ecole de langue \u00e0 Madrid. Apprendre l'espagnol avec les meilleurs professeurs\",\"isPartOf\":{\"@id\":\"https:\/\/academiacontacto.com\/pl\/#website\"},\"datePublished\":\"2016-11-22T22:30:19+00:00\",\"dateModified\":\"2026-03-06T16:49:38+00:00\",\"description\":\"Bienvenue \u00e0 AcademiaContacto, la meilleure \u00e9cole d'espagnol de Madrid. V\u00e9rifiez votre niveau, choisissez le meilleur cours et apprenez l'espagnol une fois pour toutes.\",\"breadcrumb\":{\"@id\":\"https:\/\/academiacontacto.com\/fr\/#breadcrumb\"},\"inLanguage\":\"fr-FR\",\"potentialAction\":[{\"@type\":\"ReadAction\",\"target\":[\"https:\/\/academiacontacto.com\/fr\/\"]}]},{\"@type\":\"BreadcrumbList\",\"@id\":\"https:\/\/academiacontacto.com\/fr\/#breadcrumb\",\"itemListElement\":[{\"@type\":\"ListItem\",\"position\":1,\"name\":\"Home\",\"item\":\"https:\/\/academiacontacto.com\/fr\/\"},{\"@type\":\"ListItem\",\"position\":2,\"name\":\"Home\"}]},{\"@type\":\"WebSite\",\"@id\":\"https:\/\/academiacontacto.com\/pl\/#website\",\"url\":\"https:\/\/academiacontacto.com\/pl\/\",\"name\":\"Academia Contacto\",\"description\":\"Aprende Espa\u00f1ol con Academia Contacto\",\"publisher\":{\"@id\":\"https:\/\/academiacontacto.com\/pl\/#organization\"},\"potentialAction\":[{\"@type\":\"SearchAction\",\"target\":{\"@type\":\"EntryPoint\",\"urlTemplate\":\"https:\/\/academiacontacto.com\/pl\/?s={search_term_string}\"},\"query-input\":{\"@type\":\"PropertyValueSpecification\",\"valueRequired\":true,\"valueName\":\"search_term_string\"}}],\"inLanguage\":\"fr-FR\"},{\"@type\":\"Organization\",\"@id\":\"https:\/\/academiacontacto.com\/pl\/#organization\",\"name\":\"Academia Contacto\",\"url\":\"https:\/\/academiacontacto.com\/pl\/\",\"logo\":{\"@type\":\"ImageObject\",\"inLanguage\":\"fr-FR\",\"@id\":\"https:\/\/academiacontacto.com\/pl\/#\/schema\/logo\/image\/\",\"url\":\"https:\/\/academiacontacto.com\/wp-content\/uploads\/2021\/09\/acontacto.jpg\",\"contentUrl\":\"https:\/\/academiacontacto.com\/wp-content\/uploads\/2021\/09\/acontacto.jpg\",\"width\":218,\"height\":70,\"caption\":\"Academia Contacto\"},\"image\":{\"@id\":\"https:\/\/academiacontacto.com\/pl\/#\/schema\/logo\/image\/\"}}]}<\/script>\n<!-- \/ Yoast SEO plugin. -->","yoast_head_json":{"title":"Ecole de langue \u00e0 Madrid. Apprendre l'espagnol avec les meilleurs professeurs","description":"Bienvenue \u00e0 AcademiaContacto, la meilleure \u00e9cole d'espagnol de Madrid. V\u00e9rifiez votre niveau, choisissez le meilleur cours et apprenez l'espagnol une fois pour toutes.","robots":{"index":"index","follow":"follow","max-snippet":"max-snippet:-1","max-image-preview":"max-image-preview:large","max-video-preview":"max-video-preview:-1"},"canonical":"https:\/\/academiacontacto.com\/fr\/","og_locale":"fr_FR","og_type":"article","og_title":"Ecole de langue \u00e0 Madrid. Apprendre l'espagnol avec les meilleurs professeurs","og_description":"Bienvenue \u00e0 AcademiaContacto, la meilleure \u00e9cole d'espagnol de Madrid. V\u00e9rifiez votre niveau, choisissez le meilleur cours et apprenez l'espagnol une fois pour toutes.","og_url":"https:\/\/academiacontacto.com\/fr\/","og_site_name":"Academia Contacto","article_modified_time":"2026-03-06T16:49:38+00:00","schema":{"@context":"https:\/\/schema.org","@graph":[{"@type":"WebPage","@id":"https:\/\/academiacontacto.com\/fr\/","url":"https:\/\/academiacontacto.com\/fr\/","name":"Ecole de langue \u00e0 Madrid. Apprendre l'espagnol avec les meilleurs professeurs","isPartOf":{"@id":"https:\/\/academiacontacto.com\/pl\/#website"},"datePublished":"2016-11-22T22:30:19+00:00","dateModified":"2026-03-06T16:49:38+00:00","description":"Bienvenue \u00e0 AcademiaContacto, la meilleure \u00e9cole d'espagnol de Madrid. V\u00e9rifiez votre niveau, choisissez le meilleur cours et apprenez l'espagnol une fois pour toutes.","breadcrumb":{"@id":"https:\/\/academiacontacto.com\/fr\/#breadcrumb"},"inLanguage":"fr-FR","potentialAction":[{"@type":"ReadAction","target":["https:\/\/academiacontacto.com\/fr\/"]}]},{"@type":"BreadcrumbList","@id":"https:\/\/academiacontacto.com\/fr\/#breadcrumb","itemListElement":[{"@type":"ListItem","position":1,"name":"Home","item":"https:\/\/academiacontacto.com\/fr\/"},{"@type":"ListItem","position":2,"name":"Home"}]},{"@type":"WebSite","@id":"https:\/\/academiacontacto.com\/pl\/#website","url":"https:\/\/academiacontacto.com\/pl\/","name":"Academia Contacto","description":"Aprende Espa\u00f1ol con Academia Contacto","publisher":{"@id":"https:\/\/academiacontacto.com\/pl\/#organization"},"potentialAction":[{"@type":"SearchAction","target":{"@type":"EntryPoint","urlTemplate":"https:\/\/academiacontacto.com\/pl\/?s={search_term_string}"},"query-input":{"@type":"PropertyValueSpecification","valueRequired":true,"valueName":"search_term_string"}}],"inLanguage":"fr-FR"},{"@type":"Organization","@id":"https:\/\/academiacontacto.com\/pl\/#organization","name":"Academia Contacto","url":"https:\/\/academiacontacto.com\/pl\/","logo":{"@type":"ImageObject","inLanguage":"fr-FR","@id":"https:\/\/academiacontacto.com\/pl\/#\/schema\/logo\/image\/","url":"https:\/\/academiacontacto.com\/wp-content\/uploads\/2021\/09\/acontacto.jpg","contentUrl":"https:\/\/academiacontacto.com\/wp-content\/uploads\/2021\/09\/acontacto.jpg","width":218,"height":70,"caption":"Academia Contacto"},"image":{"@id":"https:\/\/academiacontacto.com\/pl\/#\/schema\/logo\/image\/"}}]}},"_links":{"self":[{"href":"https:\/\/academiacontacto.com\/fr\/wp-json\/wp\/v2\/pages\/15926","targetHints":{"allow":["GET"]}}],"collection":[{"href":"https:\/\/academiacontacto.com\/fr\/wp-json\/wp\/v2\/pages"}],"about":[{"href":"https:\/\/academiacontacto.com\/fr\/wp-json\/wp\/v2\/types\/page"}],"author":[{"embeddable":true,"href":"https:\/\/academiacontacto.com\/fr\/wp-json\/wp\/v2\/users\/3"}],"replies":[{"embeddable":true,"href":"https:\/\/academiacontacto.com\/fr\/wp-json\/wp\/v2\/comments?post=15926"}],"version-history":[{"count":2,"href":"https:\/\/academiacontacto.com\/fr\/wp-json\/wp\/v2\/pages\/15926\/revisions"}],"predecessor-version":[{"id":38017,"href":"https:\/\/academiacontacto.com\/fr\/wp-json\/wp\/v2\/pages\/15926\/revisions\/38017"}],"wp:attachment":[{"href":"https:\/\/academiacontacto.com\/fr\/wp-json\/wp\/v2\/media?parent=15926"}],"curies":[{"name":"wp","href":"https:\/\/api.w.org\/{rel}","templated":true}]}}