{"id":16824,"date":"2016-12-27T03:33:09","date_gmt":"2016-12-27T03:33:09","guid":{"rendered":"http:\/\/academiacontacto.com\/legal-notice\/"},"modified":"2024-01-25T16:53:26","modified_gmt":"2024-01-25T16:53:26","slug":"legal-notice","status":"publish","type":"page","link":"https:\/\/academiacontacto.com\/es\/legal-notice\/","title":{"rendered":"Aviso legal y condiciones generales"},"content":{"rendered":"<h1 class=\"themed dots\" style=\"text-align: center;\">Aviso legal y condiciones generales<\/h1><p class=\"swp-legal-box\"><strong>Propietario: Academia Contacto SLL<\/strong><\/p><p><strong>C.I.F.: B82850686\u00a0<br \/><\/strong><strong>Direcci\u00f3n: Calle Raimundo Lulio 7, 28010, Madrid<br \/><\/strong><\/p><p><strong>Contacto: info@academiacontacto.com<\/strong><\/p><p class=\"swp-legal-box\">Academia Contacto S.L.L. posee todos los derechos sobre el contenido, dise\u00f1o y c\u00f3digo fuente de esta p\u00e1gina web, especialmente sobre la informaci\u00f3n en ella contenida.<br \/>Adicionalmente, los nombres comerciales, marcas y logos distintivos que se encuentran en la p\u00e1gina web pertenecen a sus respectivos propietarios y est\u00e1n protegidos por la legislaci\u00f3n vigente sobre propiedad intelectual e industrial.<br \/>El propietario de esta p\u00e1gina se reserve el derecho de actualizar su contenido cuando lo considere oportuno, as\u00ed como a limitar o denegar el acceso a dicho contenido de manera temporal o permanente.<br \/>Todos los actos de transmisi\u00f3n, distribuci\u00f3n, replicado, almacenamiento o exhibici\u00f3n p\u00fablica, parcial o total, deben tener el permiso expl\u00edcito de Academia Contacto S.L.L.<br \/>Se permite poner hiperv\u00ednculos a la presente p\u00e1gina web, a todas sus p\u00e1ginas.<br \/>Se prohibe cualquier uso, alteraci\u00f3n o cambio de los contenidos de esta p\u00e1gina contrario a la ley, la moralidad o el orden public.<br \/>Se garantiza que las im\u00e1genes usadas para ilustrar la presente p\u00e1gina web han sido tomadas de bases de datos independientes despu\u00e9s de haber adquirido la licencia para su uso. El resto de las im\u00e1genes son propiedad de Academia Contacto S.L.L.<br \/>Academia Contaco S.L.L., sus colaboradores, profesionales y empleados no ser\u00e1n responsables de ning\u00fan da\u00f1o o p\u00e9rdida sufridos, directa o indirectamente, por cualquier usuario o tercer partido por ninguna decisi\u00f3n que se pueda tomar basada en el contenido de esta p\u00e1gina web.<br \/>Academia Contacto S.L.L. no ser\u00e1 responsable del contenido de las p\u00e1ginas a las que se pueda acceder desde enlaces inclu\u00eddos en esta p\u00e1gina.<\/p><p>&nbsp;<\/p><p><span style=\"text-decoration: underline;\"><strong>Condiciones generales<\/strong><\/span><\/p><ol><li><b>Inscripci\u00f3n<\/b><\/li><\/ol><p>La solicitud de inscripci\u00f3n es requisito indispensable del presente formulario, debidamente cumplimentada en todos sus campos, firmada por los padres o tutores legales del estudiante, en caso de ser menor de edad, junto con el pago de la reserva. El importe de la reserva es de 200 \u20ac, que se le descontar\u00e1 del precio del curso. En cuanto recibamos su inscripci\u00f3n y el pago de la se\u00f1al, recibir\u00e1 la confirmaci\u00f3n, condici\u00f3n necesaria para tener derecho a participar en el curso que se trate.<\/p><ol start=\"2\"><li><strong>Plazos de pago<\/strong><\/li><\/ol><p>El pago de la reserva del curso ha de satisfacerse \u00edntegramente en el momento de realizar la inscripci\u00f3n, en caso contrario la Academia no se compromete a prestar ning\u00fan servicio al estudiante. Como muy tarde, deber\u00e1 pagar el curso y el alojamiento en su totalidad dos semanas antes del primer d\u00eda de clase. En Madrid podr\u00e1 pagar el curso y el alojamiento en su totalidad el primer d\u00eda de clase. Si usted se inscribe a corto plazo no siempre podemos garantizarle el alojamiento deseado.<\/p><ol start=\"3\"><li><strong>Formas de pago<\/strong><\/li><\/ol><p>Transferencia bancaria a nuestra cuenta: Academia Contacto. Banco: Santander. Luchana 33, 28010 Madrid. IBAN: ES38 0049 4679 11 2916478381 SWIFT \/ BIC: BSCHESMM<br \/>Tarjeta de cr\u00e9dito (Visa, Mastercard)<br \/>En efectivo<\/p><ol start=\"4\"><li><strong>Prestaciones<\/strong><\/li><\/ol><p>Usted gozar\u00e1 de las prestaciones especificadas en su formulario de inscripci\u00f3n debidamente confirmado por Academia Contacto. El precio del curso incluye: clases, material de ense\u00f1anza, uso de biblioteca e internet, programa cultural y servicios. El precio del curso no incluye: entradas y desplazamiento para todas las visitas y espect\u00e1culos fuera de la escuela ni los costes motivados por excursiones, comidas conjuntas con el profesor, taller de cocina, cata de vinos, recogida del aeropuerto, as\u00ed como cualquier otra prestaci\u00f3n no incluida expresamente. Nos reservamos el derecho a cambiar nuestro programa cultural o a anular actividades culturales por el bajo n\u00famero de participantes. Si Academia Contacto trabaja con terceras empresas, rigen las condiciones de estas \u00faltimas.<\/p><ol start=\"5\"><li><strong> Cambios \/ Renuncia <\/strong><\/li><\/ol><p>El cliente puede cambiar las fechas y el tipo de curso hasta 4 semanas antes del comienzo del mismo, sujeto a disponibilidad de plazas. La renuncia al curso debe ser cursada por escrito. En caso de recepci\u00f3n de la renuncia hasta 30 d\u00edas antes del comienzo del curso, le ser\u00e1 devuelto su dinero, excepto 100 euros en concepto de tasa de anulaci\u00f3n. Si la recepci\u00f3n de la renuncia al curso se produce a menos de 30 d\u00edas del comienzo del mismo, la tasa de anulaci\u00f3n es de 200 euros.\u00a0 <br \/><span class=\"HwtZe\" jsaction=\"mouseup:Sxi9L,BR6jm; mousedown:qjlr0e\" jsname=\"jqKxS\" lang=\"es\"><span jsaction=\"agoMJf:PFBcW;MZfLnc:P7O7bd;nt4Alf:pvnm0e,pfE8Hb,PFBcW;B01qod:dJXsye;H1e5u:iXtTIf;lYIUJf:hij5Wb;bmeZHc:iURhpf;Oxj3Xe:qAKMYb,yaf12d\" jsname=\"txFAF\" class=\"jCAhz ChMk0b\" jscontroller=\"Gn4SMb\"><span class=\"ryNqvb\" jsaction=\"click:E6Tfl,GFf3ac,tMZCfe; contextmenu:Nqw7Te,QP7LD; mouseout:Nqw7Te; mouseover:E6Tfl,c2aHje\" jsname=\"W297wb\">Si requiere una visa de estudiante, se debe pagar el monto total antes de que se pueda emitir la carta para el consulado.<\/span><\/span> <span jsaction=\"agoMJf:PFBcW;MZfLnc:P7O7bd;nt4Alf:pvnm0e,pfE8Hb,PFBcW;B01qod:dJXsye;H1e5u:iXtTIf;lYIUJf:hij5Wb;bmeZHc:iURhpf;Oxj3Xe:qAKMYb,yaf12d\" jsname=\"txFAF\" class=\"jCAhz ChMk0b\" jscontroller=\"Gn4SMb\"><span class=\"ryNqvb\" jsaction=\"click:E6Tfl,GFf3ac,tMZCfe; contextmenu:Nqw7Te,QP7LD; mouseout:Nqw7Te; mouseover:E6Tfl,c2aHje\" jsname=\"W297wb\">Despu\u00e9s de este punto, ya no ser\u00e1 posible un reembolso excepto en el caso de una denegaci\u00f3n de visado en la que, previa presentaci\u00f3n de pruebas satisfactorias, se proporcionar\u00e1 un reembolso completo menos una tarifa de procesamiento de 200 \u20ac.<\/span><\/span><\/span><br \/>Si alguien no se presenta al inicio del curso sin haber renunciado en el plazo y modo arriba indicados, o si decide abandonarlo antes de su finalizaci\u00f3n deber\u00e1 pagar en su totalidad tanto curso como alojamiento.<br \/>En temporada alta, las clases podr\u00e1n tener lugar en otras aulas que no sean las de Academia Contacto y podr\u00e1 haber un segundo turno para el curso intensivo, por la tarde.<br \/><span class=\"HwtZe\" jsaction=\"mouseup:Sxi9L,BR6jm; mousedown:qjlr0e\" jsname=\"jqKxS\" lang=\"es\"><span jsaction=\"agoMJf:PFBcW;MZfLnc:P7O7bd;nt4Alf:pvnm0e,pfE8Hb,PFBcW;B01qod:dJXsye;H1e5u:iXtTIf;lYIUJf:hij5Wb;bmeZHc:iURhpf;Oxj3Xe:qAKMYb,yaf12d\" jsname=\"txFAF\" class=\"jCAhz ChMk0b\" jscontroller=\"Gn4SMb\"><span class=\"ryNqvb\" jsaction=\"click:E6Tfl,GFf3ac,tMZCfe; contextmenu:Nqw7Te,QP7LD; mouseout:Nqw7Te; mouseover:E6Tfl,c2aHje\" jsname=\"W297wb\">Las clases individuales deben cancelarse con un m\u00ednimo de 24 horas de antelaci\u00f3n.<\/span><\/span><\/span><\/p><ol start=\"6\"><li><strong> Prolongaci\u00f3n del curso. <\/strong><\/li><\/ol><p>Si desea prolongar su curso, deber\u00e1 comunicarlo a Contacto una semana antes del comienzo del nuevo curso y pagar el primer d\u00eda del nuevo curso, a m\u00e1s tardar. No siempre podremos garantizarle el mismo alojamiento que en el curso original. Los d\u00edas de fiesta no hay clase. La mitad de las clases perdidas se recuperar\u00e1n durante la semana. \u00a0<\/p><ol start=\"7\"><li><strong>Edad \/ N\u00famero de alumnos<\/strong><\/li><\/ol><p>La edad m\u00ednima para participar en nuestros cursos es de 17 a\u00f1os. El n\u00famero m\u00ednimo de participantes en un curso es de 3 personas. Caso de que no se forme un grupo para el nivel de espa\u00f1ol de alg\u00fan estudiante, este estudiante recibir\u00e1 un n\u00famero reducido de clases.<\/p><ol start=\"8\"><li><strong> D\u00edas sin clase <\/strong><\/li><\/ol><p>Los d\u00edas de fiesta no hay clase. En Madrid, la mitad de las clases perdidas se recuperar\u00e1n durante la semana.<\/p><ol start=\"9\"><li><strong> Seguros <\/strong><\/li><\/ol><p>Nuestros clientes est\u00e1n asegurados por todos los da\u00f1os que puedan sufrir en la escuela. Contacto o las familias colaboradoras no se hacen responsables en caso de accidente, enfermedad, robo o p\u00e9rdida de objetos de valor. Recomendamos la contrataci\u00f3n de un seguro de enfermedad y accidentes antes del comienzo del curso.<\/p><ol start=\"10\"><li><strong> Expulsi\u00f3n<\/strong><\/li><\/ol><p>Academia Contacto se reserva el derecho de rescindir el contrato si alg\u00fan alumno incidiera en una de las faltas muy graves indicadas en las normas de comportamiento de Contacto que deber\u00e1 conocer y aceptar. En este caso, no le ser\u00e1 devuelto el valor del curso.<\/p><ol start=\"11\"><li><strong> Resoluci\u00f3n de conflictos<\/strong><\/li><\/ol><p>Las divergencias que pudieran suscitarse ser\u00e1n tratadas a trav\u00e9s de los juzgados y tribunales de Madrid, con renuncia expresa a cualquier otro foro. Los gastos de abogados y procuradores en los que incurriera Contacto, aun los no preceptivos por la ley, ser\u00e1n por cuenta del cliente aun cuando la sentencia ampare las pretensiones de Contacto o desestime las del alumno.<\/p><ol start=\"12\"><li><strong> Protecci\u00f3n de datos<\/strong><\/li><\/ol><p>La Academia se compromete a guardar el m\u00e1s absoluto secreto respecto de los datos de car\u00e1cter personal a que tenga acceso en cumplimiento del presente contrato y a observar todas las previsiones legales que se contienen en la Ley Org\u00e1nica 15\/1999, de Protecci\u00f3n de los Datos de Car\u00e1cter Personal. El estudiante consiente de forma expresa e inequ\u00edvoca la cesi\u00f3n de sus datos de car\u00e1cter personal a la Academia, en la medida en que fuera necesario para dar cumplimiento a las obligaciones establecidas por la Ley o a las que hubieran sido pactadas por las partes.<\/p><p>Submission of the enrolment form means that you have accepted the present terms and conditions.<\/p><p>&nbsp;<\/p><ol class=\"more-margin\"><\/ol>","protected":false},"excerpt":{"rendered":"<p>Aviso legal y condiciones generalesPropietario: Academia Contacto SLLC.I.F.: B82850686\u00a0Direcci\u00f3n: Calle Raimundo Lulio 7, 28010, MadridContacto: info@academiacontacto.comAcademia Contacto S.L.L. posee todos los derechos sobre el contenido, dise\u00f1o y c\u00f3digo fuente de esta p\u00e1gina web, especialmente sobre la informaci\u00f3n en ella contenida.Adicionalmente, los nombres comerciales, marcas y logos distintivos que se encuentran en la p\u00e1gina web pertenecen [&hellip;]<\/p>\n","protected":false},"author":3,"featured_media":0,"parent":0,"menu_order":309,"comment_status":"closed","ping_status":"closed","template":"page-content.php","meta":{"_acf_changed":false,"om_disable_all_campaigns":false,"_monsterinsights_skip_tracking":false,"_monsterinsights_sitenote_active":false,"_monsterinsights_sitenote_note":"","_monsterinsights_sitenote_category":0,"_uf_show_specific_survey":0,"_uf_disable_surveys":false,"_joinchat":[],"footnotes":""},"class_list":["post-16824","page","type-page","status-publish","hentry"],"acf":[],"aioseo_notices":[],"yoast_head":"<!-- This site is optimized with the Yoast SEO plugin v27.0 - https:\/\/yoast.com\/product\/yoast-seo-wordpress\/ -->\n<title>Aviso legal y condiciones generales -<\/title>\n<meta name=\"robots\" content=\"index, follow, max-snippet:-1, max-image-preview:large, max-video-preview:-1\" \/>\n<link rel=\"canonical\" href=\"https:\/\/academiacontacto.com\/es\/legal-notice\/\" \/>\n<meta property=\"og:locale\" content=\"es_ES\" \/>\n<meta property=\"og:type\" content=\"article\" \/>\n<meta property=\"og:title\" content=\"Aviso legal y condiciones generales -\" \/>\n<meta property=\"og:description\" content=\"Aviso legal y condiciones generalesPropietario: Academia Contacto SLLC.I.F.: B82850686\u00a0Direcci\u00f3n: Calle Raimundo Lulio 7, 28010, MadridContacto: info@academiacontacto.comAcademia Contacto S.L.L. posee todos los derechos sobre el contenido, dise\u00f1o y c\u00f3digo fuente de esta p\u00e1gina web, especialmente sobre la informaci\u00f3n en ella contenida.Adicionalmente, los nombres comerciales, marcas y logos distintivos que se encuentran en la p\u00e1gina web pertenecen [&hellip;]\" \/>\n<meta property=\"og:url\" content=\"https:\/\/academiacontacto.com\/es\/legal-notice\/\" \/>\n<meta property=\"og:site_name\" content=\"Academia Contacto\" \/>\n<meta property=\"article:modified_time\" content=\"2024-01-25T16:53:26+00:00\" \/>\n<meta name=\"twitter:label1\" content=\"Tiempo de lectura\" \/>\n\t<meta name=\"twitter:data1\" content=\"6 minutos\" \/>\n<script type=\"application\/ld+json\" class=\"yoast-schema-graph\">{\"@context\":\"https:\/\/schema.org\",\"@graph\":[{\"@type\":\"WebPage\",\"@id\":\"https:\/\/academiacontacto.com\/es\/legal-notice\/\",\"url\":\"https:\/\/academiacontacto.com\/es\/legal-notice\/\",\"name\":\"Aviso legal y condiciones generales -\",\"isPartOf\":{\"@id\":\"https:\/\/academiacontacto.com\/pl\/#website\"},\"datePublished\":\"2016-12-27T03:33:09+00:00\",\"dateModified\":\"2024-01-25T16:53:26+00:00\",\"breadcrumb\":{\"@id\":\"https:\/\/academiacontacto.com\/es\/legal-notice\/#breadcrumb\"},\"inLanguage\":\"es\",\"potentialAction\":[{\"@type\":\"ReadAction\",\"target\":[\"https:\/\/academiacontacto.com\/es\/legal-notice\/\"]}]},{\"@type\":\"BreadcrumbList\",\"@id\":\"https:\/\/academiacontacto.com\/es\/legal-notice\/#breadcrumb\",\"itemListElement\":[{\"@type\":\"ListItem\",\"position\":1,\"name\":\"Home\",\"item\":\"https:\/\/academiacontacto.com\/es\/\"},{\"@type\":\"ListItem\",\"position\":2,\"name\":\"Aviso legal y condiciones generales\"}]},{\"@type\":\"WebSite\",\"@id\":\"https:\/\/academiacontacto.com\/pl\/#website\",\"url\":\"https:\/\/academiacontacto.com\/pl\/\",\"name\":\"Academia Contacto\",\"description\":\"Aprende Espa\u00f1ol con Academia Contacto\",\"publisher\":{\"@id\":\"https:\/\/academiacontacto.com\/pl\/#organization\"},\"potentialAction\":[{\"@type\":\"SearchAction\",\"target\":{\"@type\":\"EntryPoint\",\"urlTemplate\":\"https:\/\/academiacontacto.com\/pl\/?s={search_term_string}\"},\"query-input\":{\"@type\":\"PropertyValueSpecification\",\"valueRequired\":true,\"valueName\":\"search_term_string\"}}],\"inLanguage\":\"es\"},{\"@type\":\"Organization\",\"@id\":\"https:\/\/academiacontacto.com\/pl\/#organization\",\"name\":\"Academia Contacto\",\"url\":\"https:\/\/academiacontacto.com\/pl\/\",\"logo\":{\"@type\":\"ImageObject\",\"inLanguage\":\"es\",\"@id\":\"https:\/\/academiacontacto.com\/pl\/#\/schema\/logo\/image\/\",\"url\":\"https:\/\/academiacontacto.com\/wp-content\/uploads\/2021\/09\/acontacto.jpg\",\"contentUrl\":\"https:\/\/academiacontacto.com\/wp-content\/uploads\/2021\/09\/acontacto.jpg\",\"width\":218,\"height\":70,\"caption\":\"Academia Contacto\"},\"image\":{\"@id\":\"https:\/\/academiacontacto.com\/pl\/#\/schema\/logo\/image\/\"}}]}<\/script>\n<!-- \/ Yoast SEO plugin. -->","yoast_head_json":{"title":"Aviso legal y condiciones generales -","robots":{"index":"index","follow":"follow","max-snippet":"max-snippet:-1","max-image-preview":"max-image-preview:large","max-video-preview":"max-video-preview:-1"},"canonical":"https:\/\/academiacontacto.com\/es\/legal-notice\/","og_locale":"es_ES","og_type":"article","og_title":"Aviso legal y condiciones generales -","og_description":"Aviso legal y condiciones generalesPropietario: Academia Contacto SLLC.I.F.: B82850686\u00a0Direcci\u00f3n: Calle Raimundo Lulio 7, 28010, MadridContacto: info@academiacontacto.comAcademia Contacto S.L.L. posee todos los derechos sobre el contenido, dise\u00f1o y c\u00f3digo fuente de esta p\u00e1gina web, especialmente sobre la informaci\u00f3n en ella contenida.Adicionalmente, los nombres comerciales, marcas y logos distintivos que se encuentran en la p\u00e1gina web pertenecen [&hellip;]","og_url":"https:\/\/academiacontacto.com\/es\/legal-notice\/","og_site_name":"Academia Contacto","article_modified_time":"2024-01-25T16:53:26+00:00","twitter_misc":{"Tiempo de lectura":"6 minutos"},"schema":{"@context":"https:\/\/schema.org","@graph":[{"@type":"WebPage","@id":"https:\/\/academiacontacto.com\/es\/legal-notice\/","url":"https:\/\/academiacontacto.com\/es\/legal-notice\/","name":"Aviso legal y condiciones generales -","isPartOf":{"@id":"https:\/\/academiacontacto.com\/pl\/#website"},"datePublished":"2016-12-27T03:33:09+00:00","dateModified":"2024-01-25T16:53:26+00:00","breadcrumb":{"@id":"https:\/\/academiacontacto.com\/es\/legal-notice\/#breadcrumb"},"inLanguage":"es","potentialAction":[{"@type":"ReadAction","target":["https:\/\/academiacontacto.com\/es\/legal-notice\/"]}]},{"@type":"BreadcrumbList","@id":"https:\/\/academiacontacto.com\/es\/legal-notice\/#breadcrumb","itemListElement":[{"@type":"ListItem","position":1,"name":"Home","item":"https:\/\/academiacontacto.com\/es\/"},{"@type":"ListItem","position":2,"name":"Aviso legal y condiciones generales"}]},{"@type":"WebSite","@id":"https:\/\/academiacontacto.com\/pl\/#website","url":"https:\/\/academiacontacto.com\/pl\/","name":"Academia Contacto","description":"Aprende Espa\u00f1ol con Academia Contacto","publisher":{"@id":"https:\/\/academiacontacto.com\/pl\/#organization"},"potentialAction":[{"@type":"SearchAction","target":{"@type":"EntryPoint","urlTemplate":"https:\/\/academiacontacto.com\/pl\/?s={search_term_string}"},"query-input":{"@type":"PropertyValueSpecification","valueRequired":true,"valueName":"search_term_string"}}],"inLanguage":"es"},{"@type":"Organization","@id":"https:\/\/academiacontacto.com\/pl\/#organization","name":"Academia Contacto","url":"https:\/\/academiacontacto.com\/pl\/","logo":{"@type":"ImageObject","inLanguage":"es","@id":"https:\/\/academiacontacto.com\/pl\/#\/schema\/logo\/image\/","url":"https:\/\/academiacontacto.com\/wp-content\/uploads\/2021\/09\/acontacto.jpg","contentUrl":"https:\/\/academiacontacto.com\/wp-content\/uploads\/2021\/09\/acontacto.jpg","width":218,"height":70,"caption":"Academia Contacto"},"image":{"@id":"https:\/\/academiacontacto.com\/pl\/#\/schema\/logo\/image\/"}}]}},"_links":{"self":[{"href":"https:\/\/academiacontacto.com\/es\/wp-json\/wp\/v2\/pages\/16824","targetHints":{"allow":["GET"]}}],"collection":[{"href":"https:\/\/academiacontacto.com\/es\/wp-json\/wp\/v2\/pages"}],"about":[{"href":"https:\/\/academiacontacto.com\/es\/wp-json\/wp\/v2\/types\/page"}],"author":[{"embeddable":true,"href":"https:\/\/academiacontacto.com\/es\/wp-json\/wp\/v2\/users\/3"}],"replies":[{"embeddable":true,"href":"https:\/\/academiacontacto.com\/es\/wp-json\/wp\/v2\/comments?post=16824"}],"version-history":[{"count":0,"href":"https:\/\/academiacontacto.com\/es\/wp-json\/wp\/v2\/pages\/16824\/revisions"}],"wp:attachment":[{"href":"https:\/\/academiacontacto.com\/es\/wp-json\/wp\/v2\/media?parent=16824"}],"curies":[{"name":"wp","href":"https:\/\/api.w.org\/{rel}","templated":true}]}}