{"id":16813,"date":"2016-12-27T03:36:14","date_gmt":"2016-12-27T03:36:14","guid":{"rendered":"http:\/\/academiacontacto.com\/privacy-policy\/"},"modified":"2017-04-20T10:27:56","modified_gmt":"2017-04-20T10:27:56","slug":"privacy-policy","status":"publish","type":"page","link":"https:\/\/academiacontacto.com\/es\/privacy-policy\/","title":{"rendered":"Pol\u00edtica de privacidad"},"content":{"rendered":"<h1 class=\"themed dots\" style=\"text-align: center;\">Pol\u00edtica de privacidad<\/h1>\r\n<p>En cumplimiento de lo establecido en la Ley Org\u00e1nica 15\/1999, de Protecci\u00f3n de Datos de Car\u00e1cter Personal, se le informa que la cumplimentaci\u00f3n de cualquier formulario existente en la p\u00e1gina www.academiacontacto.com o la remisi\u00f3n de un correo electr\u00f3nico a cualquiera de nuestras cuentas implica la aceptaci\u00f3n de esta pol\u00edtica de privacidad, as\u00ed como la autorizaci\u00f3n a Academia Contacto, S.L. para que trate los datos personales que nos facilite.\r\n\r\nLos datos del usuario se almacenar\u00e1n en un fichero propiedad de Academia Contacto, S.L. y ser\u00e1n utilizados para la gesti\u00f3n de sus solicitudes y para mantenerle informado de los servicios y novedades que se estime que puedan ser de su inter\u00e9s. Los nuevos contactos podr\u00e1n hacerse por correo ordinario o por correo electr\u00f3nico.\r\n\r\nEn ning\u00fan caso Academia Contacto, S.L. ceder\u00e1 a terceros los datos personales almacenados en la presente web.\r\n\r\nAcademia Contacto, S.L. se compromete a guardar la m\u00e1xima reserva y confidencialidad sobre la informaci\u00f3n que le sea facilitada y a utilizarla \u00fanicamente para los fines indicados. Asimismo se garantiza la ejecuci\u00f3n de todas las medidas t\u00e9cnicas necesarias para la salvaguarda de los datos almacenados, as\u00ed como la puesta al d\u00eda y revisi\u00f3n permanente.\r\n\r\nAcademia Contacto, S.L. entiende que los datos han sido introducidos por su titular o por persona autorizada por \u00e9ste, as\u00ed como que son correctos y exactos. El usuario podr\u00e1 ejercer sus derechos de acceso, rectificaci\u00f3n, cancelaci\u00f3n y oposici\u00f3n dirigiendo la oportuna solicitud (junto con una fotocopia del DNI) a la siguiente direcci\u00f3n:\r\n\r\n<\/p><p>Academia Contacto, S.L. \u2013 \u00c1rea de Protecci\u00f3n de datos <br \/>Calle Raimundo Lulio 7<br \/>Madrid 28010<\/p><p>Phone Number: (+34)913642454<br \/>E-mail: <a title=\"Enviar correo\" target=\"_blank\" href=\"mailto:info@www.academiacontacto.com\">info@academiacontacto.com<\/a><\/p>","protected":false},"excerpt":{"rendered":"<p>Pol\u00edtica de privacidad En cumplimiento de lo establecido en la Ley Org\u00e1nica 15\/1999, de Protecci\u00f3n de Datos de Car\u00e1cter Personal, se le informa que la cumplimentaci\u00f3n de cualquier formulario existente en la p\u00e1gina www.academiacontacto.com o la remisi\u00f3n de un correo electr\u00f3nico a cualquiera de nuestras cuentas implica la aceptaci\u00f3n de esta pol\u00edtica de privacidad, as\u00ed [&hellip;]<\/p>\n","protected":false},"author":3,"featured_media":0,"parent":0,"menu_order":267,"comment_status":"closed","ping_status":"closed","template":"page-content.php","meta":{"_acf_changed":false,"om_disable_all_campaigns":false,"_monsterinsights_skip_tracking":false,"_monsterinsights_sitenote_active":false,"_monsterinsights_sitenote_note":"","_monsterinsights_sitenote_category":0,"_uf_show_specific_survey":0,"_uf_disable_surveys":false,"_joinchat":[],"footnotes":""},"class_list":["post-16813","page","type-page","status-publish","hentry"],"acf":[],"aioseo_notices":[],"yoast_head":"<!-- This site is optimized with the Yoast SEO plugin v27.0 - https:\/\/yoast.com\/product\/yoast-seo-wordpress\/ -->\n<title>Pol\u00edtica de privacidad -<\/title>\n<meta name=\"robots\" content=\"index, follow, max-snippet:-1, max-image-preview:large, max-video-preview:-1\" \/>\n<link rel=\"canonical\" href=\"https:\/\/academiacontacto.com\/es\/privacy-policy\/\" \/>\n<meta property=\"og:locale\" content=\"es_ES\" \/>\n<meta property=\"og:type\" content=\"article\" \/>\n<meta property=\"og:title\" content=\"Pol\u00edtica de privacidad -\" \/>\n<meta property=\"og:description\" content=\"Pol\u00edtica de privacidad En cumplimiento de lo establecido en la Ley Org\u00e1nica 15\/1999, de Protecci\u00f3n de Datos de Car\u00e1cter Personal, se le informa que la cumplimentaci\u00f3n de cualquier formulario existente en la p\u00e1gina www.academiacontacto.com o la remisi\u00f3n de un correo electr\u00f3nico a cualquiera de nuestras cuentas implica la aceptaci\u00f3n de esta pol\u00edtica de privacidad, as\u00ed [&hellip;]\" \/>\n<meta property=\"og:url\" content=\"https:\/\/academiacontacto.com\/es\/privacy-policy\/\" \/>\n<meta property=\"og:site_name\" content=\"Academia Contacto\" \/>\n<meta property=\"article:modified_time\" content=\"2017-04-20T10:27:56+00:00\" \/>\n<meta name=\"twitter:label1\" content=\"Tiempo de lectura\" \/>\n\t<meta name=\"twitter:data1\" content=\"2 minutos\" \/>\n<script type=\"application\/ld+json\" class=\"yoast-schema-graph\">{\"@context\":\"https:\/\/schema.org\",\"@graph\":[{\"@type\":\"WebPage\",\"@id\":\"https:\/\/academiacontacto.com\/es\/privacy-policy\/\",\"url\":\"https:\/\/academiacontacto.com\/es\/privacy-policy\/\",\"name\":\"Pol\u00edtica de privacidad -\",\"isPartOf\":{\"@id\":\"https:\/\/academiacontacto.com\/pl\/#website\"},\"datePublished\":\"2016-12-27T03:36:14+00:00\",\"dateModified\":\"2017-04-20T10:27:56+00:00\",\"breadcrumb\":{\"@id\":\"https:\/\/academiacontacto.com\/es\/privacy-policy\/#breadcrumb\"},\"inLanguage\":\"es\",\"potentialAction\":[{\"@type\":\"ReadAction\",\"target\":[\"https:\/\/academiacontacto.com\/es\/privacy-policy\/\"]}]},{\"@type\":\"BreadcrumbList\",\"@id\":\"https:\/\/academiacontacto.com\/es\/privacy-policy\/#breadcrumb\",\"itemListElement\":[{\"@type\":\"ListItem\",\"position\":1,\"name\":\"Home\",\"item\":\"https:\/\/academiacontacto.com\/es\/\"},{\"@type\":\"ListItem\",\"position\":2,\"name\":\"Pol\u00edtica de privacidad\"}]},{\"@type\":\"WebSite\",\"@id\":\"https:\/\/academiacontacto.com\/pl\/#website\",\"url\":\"https:\/\/academiacontacto.com\/pl\/\",\"name\":\"Academia Contacto\",\"description\":\"Aprende Espa\u00f1ol con Academia Contacto\",\"publisher\":{\"@id\":\"https:\/\/academiacontacto.com\/pl\/#organization\"},\"potentialAction\":[{\"@type\":\"SearchAction\",\"target\":{\"@type\":\"EntryPoint\",\"urlTemplate\":\"https:\/\/academiacontacto.com\/pl\/?s={search_term_string}\"},\"query-input\":{\"@type\":\"PropertyValueSpecification\",\"valueRequired\":true,\"valueName\":\"search_term_string\"}}],\"inLanguage\":\"es\"},{\"@type\":\"Organization\",\"@id\":\"https:\/\/academiacontacto.com\/pl\/#organization\",\"name\":\"Academia Contacto\",\"url\":\"https:\/\/academiacontacto.com\/pl\/\",\"logo\":{\"@type\":\"ImageObject\",\"inLanguage\":\"es\",\"@id\":\"https:\/\/academiacontacto.com\/pl\/#\/schema\/logo\/image\/\",\"url\":\"https:\/\/academiacontacto.com\/wp-content\/uploads\/2021\/09\/acontacto.jpg\",\"contentUrl\":\"https:\/\/academiacontacto.com\/wp-content\/uploads\/2021\/09\/acontacto.jpg\",\"width\":218,\"height\":70,\"caption\":\"Academia Contacto\"},\"image\":{\"@id\":\"https:\/\/academiacontacto.com\/pl\/#\/schema\/logo\/image\/\"}}]}<\/script>\n<!-- \/ Yoast SEO plugin. -->","yoast_head_json":{"title":"Pol\u00edtica de privacidad -","robots":{"index":"index","follow":"follow","max-snippet":"max-snippet:-1","max-image-preview":"max-image-preview:large","max-video-preview":"max-video-preview:-1"},"canonical":"https:\/\/academiacontacto.com\/es\/privacy-policy\/","og_locale":"es_ES","og_type":"article","og_title":"Pol\u00edtica de privacidad -","og_description":"Pol\u00edtica de privacidad En cumplimiento de lo establecido en la Ley Org\u00e1nica 15\/1999, de Protecci\u00f3n de Datos de Car\u00e1cter Personal, se le informa que la cumplimentaci\u00f3n de cualquier formulario existente en la p\u00e1gina www.academiacontacto.com o la remisi\u00f3n de un correo electr\u00f3nico a cualquiera de nuestras cuentas implica la aceptaci\u00f3n de esta pol\u00edtica de privacidad, as\u00ed [&hellip;]","og_url":"https:\/\/academiacontacto.com\/es\/privacy-policy\/","og_site_name":"Academia Contacto","article_modified_time":"2017-04-20T10:27:56+00:00","twitter_misc":{"Tiempo de lectura":"2 minutos"},"schema":{"@context":"https:\/\/schema.org","@graph":[{"@type":"WebPage","@id":"https:\/\/academiacontacto.com\/es\/privacy-policy\/","url":"https:\/\/academiacontacto.com\/es\/privacy-policy\/","name":"Pol\u00edtica de privacidad -","isPartOf":{"@id":"https:\/\/academiacontacto.com\/pl\/#website"},"datePublished":"2016-12-27T03:36:14+00:00","dateModified":"2017-04-20T10:27:56+00:00","breadcrumb":{"@id":"https:\/\/academiacontacto.com\/es\/privacy-policy\/#breadcrumb"},"inLanguage":"es","potentialAction":[{"@type":"ReadAction","target":["https:\/\/academiacontacto.com\/es\/privacy-policy\/"]}]},{"@type":"BreadcrumbList","@id":"https:\/\/academiacontacto.com\/es\/privacy-policy\/#breadcrumb","itemListElement":[{"@type":"ListItem","position":1,"name":"Home","item":"https:\/\/academiacontacto.com\/es\/"},{"@type":"ListItem","position":2,"name":"Pol\u00edtica de privacidad"}]},{"@type":"WebSite","@id":"https:\/\/academiacontacto.com\/pl\/#website","url":"https:\/\/academiacontacto.com\/pl\/","name":"Academia Contacto","description":"Aprende Espa\u00f1ol con Academia Contacto","publisher":{"@id":"https:\/\/academiacontacto.com\/pl\/#organization"},"potentialAction":[{"@type":"SearchAction","target":{"@type":"EntryPoint","urlTemplate":"https:\/\/academiacontacto.com\/pl\/?s={search_term_string}"},"query-input":{"@type":"PropertyValueSpecification","valueRequired":true,"valueName":"search_term_string"}}],"inLanguage":"es"},{"@type":"Organization","@id":"https:\/\/academiacontacto.com\/pl\/#organization","name":"Academia Contacto","url":"https:\/\/academiacontacto.com\/pl\/","logo":{"@type":"ImageObject","inLanguage":"es","@id":"https:\/\/academiacontacto.com\/pl\/#\/schema\/logo\/image\/","url":"https:\/\/academiacontacto.com\/wp-content\/uploads\/2021\/09\/acontacto.jpg","contentUrl":"https:\/\/academiacontacto.com\/wp-content\/uploads\/2021\/09\/acontacto.jpg","width":218,"height":70,"caption":"Academia Contacto"},"image":{"@id":"https:\/\/academiacontacto.com\/pl\/#\/schema\/logo\/image\/"}}]}},"_links":{"self":[{"href":"https:\/\/academiacontacto.com\/es\/wp-json\/wp\/v2\/pages\/16813","targetHints":{"allow":["GET"]}}],"collection":[{"href":"https:\/\/academiacontacto.com\/es\/wp-json\/wp\/v2\/pages"}],"about":[{"href":"https:\/\/academiacontacto.com\/es\/wp-json\/wp\/v2\/types\/page"}],"author":[{"embeddable":true,"href":"https:\/\/academiacontacto.com\/es\/wp-json\/wp\/v2\/users\/3"}],"replies":[{"embeddable":true,"href":"https:\/\/academiacontacto.com\/es\/wp-json\/wp\/v2\/comments?post=16813"}],"version-history":[{"count":0,"href":"https:\/\/academiacontacto.com\/es\/wp-json\/wp\/v2\/pages\/16813\/revisions"}],"wp:attachment":[{"href":"https:\/\/academiacontacto.com\/es\/wp-json\/wp\/v2\/media?parent=16813"}],"curies":[{"name":"wp","href":"https:\/\/api.w.org\/{rel}","templated":true}]}}