{"id":16798,"date":"2017-01-22T08:06:37","date_gmt":"2017-01-22T08:06:37","guid":{"rendered":"http:\/\/academiacontacto.com\/prices\/granada\/"},"modified":"2019-11-27T15:01:48","modified_gmt":"2019-11-27T15:01:48","slug":"granada","status":"publish","type":"page","link":"https:\/\/academiacontacto.com\/es\/prices\/granada\/","title":{"rendered":"Granada"},"content":{"rendered":"<p style=\"text-align: center;\"><em>El precio del curso incluye: clases, libros, certificado, uso de biblioteca e internet y programa de actividades.<\/em><br \/><em>Estudiantes por grupo <strong>3 a 10<\/strong>. 1 hora de clase en grupo = <strong>50 minutos<\/strong>. Tasa de inscripci\u00f3n: <strong>60 \u20ac<br \/><\/strong><\/em><a href=\"https:\/\/academiacontacto.com\/es\/courses\/granada\/?show_start_dates=1\">Fechas de inicio<\/a><\/p>","protected":false},"excerpt":{"rendered":"<p>El precio del curso incluye: clases, libros, certificado, uso de biblioteca e internet y programa de actividades.Estudiantes por grupo 3 a 10. 1 hora de clase en grupo = 50 minutos. Tasa de inscripci\u00f3n: 60 \u20acFechas de inicio<\/p>\n","protected":false},"author":3,"featured_media":0,"parent":16787,"menu_order":194,"comment_status":"closed","ping_status":"closed","template":"page-prices.php","meta":{"_acf_changed":false,"om_disable_all_campaigns":false,"_monsterinsights_skip_tracking":false,"_monsterinsights_sitenote_active":false,"_monsterinsights_sitenote_note":"","_monsterinsights_sitenote_category":0,"_uf_show_specific_survey":0,"_uf_disable_surveys":false,"_joinchat":[],"footnotes":""},"class_list":["post-16798","page","type-page","status-publish","hentry"],"acf":[],"aioseo_notices":[],"yoast_head":"<!-- This site is optimized with the Yoast SEO plugin v27.0 - https:\/\/yoast.com\/product\/yoast-seo-wordpress\/ -->\n<title>Conoce los precios de los cursos de espa\u00f1ol en Granada<\/title>\n<meta name=\"description\" content=\"Conoce los precios de los distintos cursos de espa\u00f1ol en Granada. Tienes varias opciones dependiendo del curso y la duraci\u00f3n\" \/>\n<meta name=\"robots\" content=\"index, follow, max-snippet:-1, max-image-preview:large, max-video-preview:-1\" \/>\n<link rel=\"canonical\" href=\"https:\/\/academiacontacto.com\/es\/prices\/granada\/\" \/>\n<meta property=\"og:locale\" content=\"es_ES\" \/>\n<meta property=\"og:type\" content=\"article\" \/>\n<meta property=\"og:title\" content=\"Conoce los precios de los cursos de espa\u00f1ol en Granada\" \/>\n<meta property=\"og:description\" content=\"Conoce los precios de los distintos cursos de espa\u00f1ol en Granada. Tienes varias opciones dependiendo del curso y la duraci\u00f3n\" \/>\n<meta property=\"og:url\" content=\"https:\/\/academiacontacto.com\/es\/prices\/granada\/\" \/>\n<meta property=\"og:site_name\" content=\"Academia Contacto\" \/>\n<meta property=\"article:modified_time\" content=\"2019-11-27T15:01:48+00:00\" \/>\n<script type=\"application\/ld+json\" class=\"yoast-schema-graph\">{\"@context\":\"https:\/\/schema.org\",\"@graph\":[{\"@type\":\"WebPage\",\"@id\":\"https:\/\/academiacontacto.com\/es\/prices\/granada\/\",\"url\":\"https:\/\/academiacontacto.com\/es\/prices\/granada\/\",\"name\":\"Conoce los precios de los cursos de espa\u00f1ol en Granada\",\"isPartOf\":{\"@id\":\"https:\/\/academiacontacto.com\/pl\/#website\"},\"datePublished\":\"2017-01-22T08:06:37+00:00\",\"dateModified\":\"2019-11-27T15:01:48+00:00\",\"description\":\"Conoce los precios de los distintos cursos de espa\u00f1ol en Granada. Tienes varias opciones dependiendo del curso y la duraci\u00f3n\",\"breadcrumb\":{\"@id\":\"https:\/\/academiacontacto.com\/es\/prices\/granada\/#breadcrumb\"},\"inLanguage\":\"es\",\"potentialAction\":[{\"@type\":\"ReadAction\",\"target\":[\"https:\/\/academiacontacto.com\/es\/prices\/granada\/\"]}]},{\"@type\":\"BreadcrumbList\",\"@id\":\"https:\/\/academiacontacto.com\/es\/prices\/granada\/#breadcrumb\",\"itemListElement\":[{\"@type\":\"ListItem\",\"position\":1,\"name\":\"Home\",\"item\":\"https:\/\/academiacontacto.com\/es\/\"},{\"@type\":\"ListItem\",\"position\":2,\"name\":\"Precios\",\"item\":\"https:\/\/academiacontacto.com\/es\/prices\/\"},{\"@type\":\"ListItem\",\"position\":3,\"name\":\"Granada\"}]},{\"@type\":\"WebSite\",\"@id\":\"https:\/\/academiacontacto.com\/pl\/#website\",\"url\":\"https:\/\/academiacontacto.com\/pl\/\",\"name\":\"Academia Contacto\",\"description\":\"Aprende Espa\u00f1ol con Academia Contacto\",\"publisher\":{\"@id\":\"https:\/\/academiacontacto.com\/pl\/#organization\"},\"potentialAction\":[{\"@type\":\"SearchAction\",\"target\":{\"@type\":\"EntryPoint\",\"urlTemplate\":\"https:\/\/academiacontacto.com\/pl\/?s={search_term_string}\"},\"query-input\":{\"@type\":\"PropertyValueSpecification\",\"valueRequired\":true,\"valueName\":\"search_term_string\"}}],\"inLanguage\":\"es\"},{\"@type\":\"Organization\",\"@id\":\"https:\/\/academiacontacto.com\/pl\/#organization\",\"name\":\"Academia Contacto\",\"url\":\"https:\/\/academiacontacto.com\/pl\/\",\"logo\":{\"@type\":\"ImageObject\",\"inLanguage\":\"es\",\"@id\":\"https:\/\/academiacontacto.com\/pl\/#\/schema\/logo\/image\/\",\"url\":\"https:\/\/academiacontacto.com\/wp-content\/uploads\/2021\/09\/acontacto.jpg\",\"contentUrl\":\"https:\/\/academiacontacto.com\/wp-content\/uploads\/2021\/09\/acontacto.jpg\",\"width\":218,\"height\":70,\"caption\":\"Academia Contacto\"},\"image\":{\"@id\":\"https:\/\/academiacontacto.com\/pl\/#\/schema\/logo\/image\/\"}}]}<\/script>\n<!-- \/ Yoast SEO plugin. -->","yoast_head_json":{"title":"Conoce los precios de los cursos de espa\u00f1ol en Granada","description":"Conoce los precios de los distintos cursos de espa\u00f1ol en Granada. Tienes varias opciones dependiendo del curso y la duraci\u00f3n","robots":{"index":"index","follow":"follow","max-snippet":"max-snippet:-1","max-image-preview":"max-image-preview:large","max-video-preview":"max-video-preview:-1"},"canonical":"https:\/\/academiacontacto.com\/es\/prices\/granada\/","og_locale":"es_ES","og_type":"article","og_title":"Conoce los precios de los cursos de espa\u00f1ol en Granada","og_description":"Conoce los precios de los distintos cursos de espa\u00f1ol en Granada. Tienes varias opciones dependiendo del curso y la duraci\u00f3n","og_url":"https:\/\/academiacontacto.com\/es\/prices\/granada\/","og_site_name":"Academia Contacto","article_modified_time":"2019-11-27T15:01:48+00:00","schema":{"@context":"https:\/\/schema.org","@graph":[{"@type":"WebPage","@id":"https:\/\/academiacontacto.com\/es\/prices\/granada\/","url":"https:\/\/academiacontacto.com\/es\/prices\/granada\/","name":"Conoce los precios de los cursos de espa\u00f1ol en Granada","isPartOf":{"@id":"https:\/\/academiacontacto.com\/pl\/#website"},"datePublished":"2017-01-22T08:06:37+00:00","dateModified":"2019-11-27T15:01:48+00:00","description":"Conoce los precios de los distintos cursos de espa\u00f1ol en Granada. Tienes varias opciones dependiendo del curso y la duraci\u00f3n","breadcrumb":{"@id":"https:\/\/academiacontacto.com\/es\/prices\/granada\/#breadcrumb"},"inLanguage":"es","potentialAction":[{"@type":"ReadAction","target":["https:\/\/academiacontacto.com\/es\/prices\/granada\/"]}]},{"@type":"BreadcrumbList","@id":"https:\/\/academiacontacto.com\/es\/prices\/granada\/#breadcrumb","itemListElement":[{"@type":"ListItem","position":1,"name":"Home","item":"https:\/\/academiacontacto.com\/es\/"},{"@type":"ListItem","position":2,"name":"Precios","item":"https:\/\/academiacontacto.com\/es\/prices\/"},{"@type":"ListItem","position":3,"name":"Granada"}]},{"@type":"WebSite","@id":"https:\/\/academiacontacto.com\/pl\/#website","url":"https:\/\/academiacontacto.com\/pl\/","name":"Academia Contacto","description":"Aprende Espa\u00f1ol con Academia Contacto","publisher":{"@id":"https:\/\/academiacontacto.com\/pl\/#organization"},"potentialAction":[{"@type":"SearchAction","target":{"@type":"EntryPoint","urlTemplate":"https:\/\/academiacontacto.com\/pl\/?s={search_term_string}"},"query-input":{"@type":"PropertyValueSpecification","valueRequired":true,"valueName":"search_term_string"}}],"inLanguage":"es"},{"@type":"Organization","@id":"https:\/\/academiacontacto.com\/pl\/#organization","name":"Academia Contacto","url":"https:\/\/academiacontacto.com\/pl\/","logo":{"@type":"ImageObject","inLanguage":"es","@id":"https:\/\/academiacontacto.com\/pl\/#\/schema\/logo\/image\/","url":"https:\/\/academiacontacto.com\/wp-content\/uploads\/2021\/09\/acontacto.jpg","contentUrl":"https:\/\/academiacontacto.com\/wp-content\/uploads\/2021\/09\/acontacto.jpg","width":218,"height":70,"caption":"Academia Contacto"},"image":{"@id":"https:\/\/academiacontacto.com\/pl\/#\/schema\/logo\/image\/"}}]}},"_links":{"self":[{"href":"https:\/\/academiacontacto.com\/es\/wp-json\/wp\/v2\/pages\/16798","targetHints":{"allow":["GET"]}}],"collection":[{"href":"https:\/\/academiacontacto.com\/es\/wp-json\/wp\/v2\/pages"}],"about":[{"href":"https:\/\/academiacontacto.com\/es\/wp-json\/wp\/v2\/types\/page"}],"author":[{"embeddable":true,"href":"https:\/\/academiacontacto.com\/es\/wp-json\/wp\/v2\/users\/3"}],"replies":[{"embeddable":true,"href":"https:\/\/academiacontacto.com\/es\/wp-json\/wp\/v2\/comments?post=16798"}],"version-history":[{"count":0,"href":"https:\/\/academiacontacto.com\/es\/wp-json\/wp\/v2\/pages\/16798\/revisions"}],"up":[{"embeddable":true,"href":"https:\/\/academiacontacto.com\/es\/wp-json\/wp\/v2\/pages\/16787"}],"wp:attachment":[{"href":"https:\/\/academiacontacto.com\/es\/wp-json\/wp\/v2\/media?parent=16798"}],"curies":[{"name":"wp","href":"https:\/\/api.w.org\/{rel}","templated":true}]}}