{"id":16734,"date":"2016-11-22T22:49:18","date_gmt":"2016-11-22T22:49:18","guid":{"rendered":"http:\/\/academiacontacto.com\/accommodations\/"},"modified":"2026-01-23T10:06:01","modified_gmt":"2026-01-23T10:06:01","slug":"accommodations","status":"publish","type":"page","link":"https:\/\/academiacontacto.com\/es\/accommodations\/","title":{"rendered":"Alojamiento"},"content":{"rendered":"<br \/><h2 style=\"text-align: center;\">Para lograr una feliz estancia entre nosotros, es muy importante contar con una atm\u00f3sfera en la que poder sentirse como en casa.<\/h2>","protected":false},"excerpt":{"rendered":"<p>Para lograr una feliz estancia entre nosotros, es muy importante contar con una atm\u00f3sfera en la que poder sentirse como en casa.<\/p>\n","protected":false},"author":3,"featured_media":0,"parent":0,"menu_order":75,"comment_status":"closed","ping_status":"closed","template":"page-accommodation.php","meta":{"_acf_changed":false,"om_disable_all_campaigns":false,"_monsterinsights_skip_tracking":false,"_monsterinsights_sitenote_active":false,"_monsterinsights_sitenote_note":"","_monsterinsights_sitenote_category":0,"_uf_show_specific_survey":0,"_uf_disable_surveys":false,"_joinchat":[],"footnotes":""},"class_list":["post-16734","page","type-page","status-publish","hentry"],"acf":[],"aioseo_notices":[],"yoast_head":"<!-- This site is optimized with the Yoast SEO plugin v27.5 - https:\/\/yoast.com\/product\/yoast-seo-wordpress\/ -->\n<title>Conoce al equipo que imparte las clases de espa\u00f1ol en Madrid<\/title>\n<meta name=\"description\" content=\"Puedes elegir la opci\u00f3n que quieras: vivir con una familia espa\u00f1ola o en un piso compartido en un entorno multicultural con gente de todas partes del mundo\" \/>\n<meta name=\"robots\" content=\"index, follow, max-snippet:-1, max-image-preview:large, max-video-preview:-1\" \/>\n<link rel=\"canonical\" href=\"https:\/\/academiacontacto.com\/es\/accommodations\/\" \/>\n<meta property=\"og:locale\" content=\"es_ES\" \/>\n<meta property=\"og:type\" content=\"article\" \/>\n<meta property=\"og:title\" content=\"Conoce al equipo que imparte las clases de espa\u00f1ol en Madrid\" \/>\n<meta property=\"og:description\" content=\"Puedes elegir la opci\u00f3n que quieras: vivir con una familia espa\u00f1ola o en un piso compartido en un entorno multicultural con gente de todas partes del mundo\" \/>\n<meta property=\"og:url\" content=\"https:\/\/academiacontacto.com\/es\/accommodations\/\" \/>\n<meta property=\"og:site_name\" content=\"Academia Contacto\" \/>\n<meta property=\"article:modified_time\" content=\"2026-01-23T10:06:01+00:00\" \/>\n<meta name=\"twitter:label1\" content=\"Tiempo de lectura\" \/>\n\t<meta name=\"twitter:data1\" content=\"1 minuto\" \/>\n<script type=\"application\/ld+json\" class=\"yoast-schema-graph\">{\"@context\":\"https:\\\/\\\/schema.org\",\"@graph\":[{\"@type\":\"WebPage\",\"@id\":\"https:\\\/\\\/academiacontacto.com\\\/es\\\/accommodations\\\/\",\"url\":\"https:\\\/\\\/academiacontacto.com\\\/es\\\/accommodations\\\/\",\"name\":\"Conoce al equipo que imparte las clases de espa\u00f1ol en Madrid\",\"isPartOf\":{\"@id\":\"https:\\\/\\\/academiacontacto.com\\\/pl\\\/#website\"},\"datePublished\":\"2016-11-22T22:49:18+00:00\",\"dateModified\":\"2026-01-23T10:06:01+00:00\",\"description\":\"Puedes elegir la opci\u00f3n que quieras: vivir con una familia espa\u00f1ola o en un piso compartido en un entorno multicultural con gente de todas partes del mundo\",\"breadcrumb\":{\"@id\":\"https:\\\/\\\/academiacontacto.com\\\/es\\\/accommodations\\\/#breadcrumb\"},\"inLanguage\":\"es\",\"potentialAction\":[{\"@type\":\"ReadAction\",\"target\":[\"https:\\\/\\\/academiacontacto.com\\\/es\\\/accommodations\\\/\"]}]},{\"@type\":\"BreadcrumbList\",\"@id\":\"https:\\\/\\\/academiacontacto.com\\\/es\\\/accommodations\\\/#breadcrumb\",\"itemListElement\":[{\"@type\":\"ListItem\",\"position\":1,\"name\":\"Home\",\"item\":\"https:\\\/\\\/academiacontacto.com\\\/es\\\/\"},{\"@type\":\"ListItem\",\"position\":2,\"name\":\"Alojamiento\"}]},{\"@type\":\"WebSite\",\"@id\":\"https:\\\/\\\/academiacontacto.com\\\/pl\\\/#website\",\"url\":\"https:\\\/\\\/academiacontacto.com\\\/pl\\\/\",\"name\":\"Academia Contacto\",\"description\":\"Aprende Espa\u00f1ol con Academia Contacto\",\"publisher\":{\"@id\":\"https:\\\/\\\/academiacontacto.com\\\/pl\\\/#organization\"},\"potentialAction\":[{\"@type\":\"SearchAction\",\"target\":{\"@type\":\"EntryPoint\",\"urlTemplate\":\"https:\\\/\\\/academiacontacto.com\\\/pl\\\/?s={search_term_string}\"},\"query-input\":{\"@type\":\"PropertyValueSpecification\",\"valueRequired\":true,\"valueName\":\"search_term_string\"}}],\"inLanguage\":\"es\"},{\"@type\":\"Organization\",\"@id\":\"https:\\\/\\\/academiacontacto.com\\\/pl\\\/#organization\",\"name\":\"Academia Contacto\",\"url\":\"https:\\\/\\\/academiacontacto.com\\\/pl\\\/\",\"logo\":{\"@type\":\"ImageObject\",\"inLanguage\":\"es\",\"@id\":\"https:\\\/\\\/academiacontacto.com\\\/pl\\\/#\\\/schema\\\/logo\\\/image\\\/\",\"url\":\"https:\\\/\\\/academiacontacto.com\\\/wp-content\\\/uploads\\\/2021\\\/09\\\/acontacto.jpg\",\"contentUrl\":\"https:\\\/\\\/academiacontacto.com\\\/wp-content\\\/uploads\\\/2021\\\/09\\\/acontacto.jpg\",\"width\":218,\"height\":70,\"caption\":\"Academia Contacto\"},\"image\":{\"@id\":\"https:\\\/\\\/academiacontacto.com\\\/pl\\\/#\\\/schema\\\/logo\\\/image\\\/\"}}]}<\/script>\n<!-- \/ Yoast SEO plugin. -->","yoast_head_json":{"title":"Conoce al equipo que imparte las clases de espa\u00f1ol en Madrid","description":"Puedes elegir la opci\u00f3n que quieras: vivir con una familia espa\u00f1ola o en un piso compartido en un entorno multicultural con gente de todas partes del mundo","robots":{"index":"index","follow":"follow","max-snippet":"max-snippet:-1","max-image-preview":"max-image-preview:large","max-video-preview":"max-video-preview:-1"},"canonical":"https:\/\/academiacontacto.com\/es\/accommodations\/","og_locale":"es_ES","og_type":"article","og_title":"Conoce al equipo que imparte las clases de espa\u00f1ol en Madrid","og_description":"Puedes elegir la opci\u00f3n que quieras: vivir con una familia espa\u00f1ola o en un piso compartido en un entorno multicultural con gente de todas partes del mundo","og_url":"https:\/\/academiacontacto.com\/es\/accommodations\/","og_site_name":"Academia Contacto","article_modified_time":"2026-01-23T10:06:01+00:00","twitter_misc":{"Tiempo de lectura":"1 minuto"},"schema":{"@context":"https:\/\/schema.org","@graph":[{"@type":"WebPage","@id":"https:\/\/academiacontacto.com\/es\/accommodations\/","url":"https:\/\/academiacontacto.com\/es\/accommodations\/","name":"Conoce al equipo que imparte las clases de espa\u00f1ol en Madrid","isPartOf":{"@id":"https:\/\/academiacontacto.com\/pl\/#website"},"datePublished":"2016-11-22T22:49:18+00:00","dateModified":"2026-01-23T10:06:01+00:00","description":"Puedes elegir la opci\u00f3n que quieras: vivir con una familia espa\u00f1ola o en un piso compartido en un entorno multicultural con gente de todas partes del mundo","breadcrumb":{"@id":"https:\/\/academiacontacto.com\/es\/accommodations\/#breadcrumb"},"inLanguage":"es","potentialAction":[{"@type":"ReadAction","target":["https:\/\/academiacontacto.com\/es\/accommodations\/"]}]},{"@type":"BreadcrumbList","@id":"https:\/\/academiacontacto.com\/es\/accommodations\/#breadcrumb","itemListElement":[{"@type":"ListItem","position":1,"name":"Home","item":"https:\/\/academiacontacto.com\/es\/"},{"@type":"ListItem","position":2,"name":"Alojamiento"}]},{"@type":"WebSite","@id":"https:\/\/academiacontacto.com\/pl\/#website","url":"https:\/\/academiacontacto.com\/pl\/","name":"Academia Contacto","description":"Aprende Espa\u00f1ol con Academia Contacto","publisher":{"@id":"https:\/\/academiacontacto.com\/pl\/#organization"},"potentialAction":[{"@type":"SearchAction","target":{"@type":"EntryPoint","urlTemplate":"https:\/\/academiacontacto.com\/pl\/?s={search_term_string}"},"query-input":{"@type":"PropertyValueSpecification","valueRequired":true,"valueName":"search_term_string"}}],"inLanguage":"es"},{"@type":"Organization","@id":"https:\/\/academiacontacto.com\/pl\/#organization","name":"Academia Contacto","url":"https:\/\/academiacontacto.com\/pl\/","logo":{"@type":"ImageObject","inLanguage":"es","@id":"https:\/\/academiacontacto.com\/pl\/#\/schema\/logo\/image\/","url":"https:\/\/academiacontacto.com\/wp-content\/uploads\/2021\/09\/acontacto.jpg","contentUrl":"https:\/\/academiacontacto.com\/wp-content\/uploads\/2021\/09\/acontacto.jpg","width":218,"height":70,"caption":"Academia Contacto"},"image":{"@id":"https:\/\/academiacontacto.com\/pl\/#\/schema\/logo\/image\/"}}]}},"_links":{"self":[{"href":"https:\/\/academiacontacto.com\/es\/wp-json\/wp\/v2\/pages\/16734","targetHints":{"allow":["GET"]}}],"collection":[{"href":"https:\/\/academiacontacto.com\/es\/wp-json\/wp\/v2\/pages"}],"about":[{"href":"https:\/\/academiacontacto.com\/es\/wp-json\/wp\/v2\/types\/page"}],"author":[{"embeddable":true,"href":"https:\/\/academiacontacto.com\/es\/wp-json\/wp\/v2\/users\/3"}],"replies":[{"embeddable":true,"href":"https:\/\/academiacontacto.com\/es\/wp-json\/wp\/v2\/comments?post=16734"}],"version-history":[{"count":1,"href":"https:\/\/academiacontacto.com\/es\/wp-json\/wp\/v2\/pages\/16734\/revisions"}],"predecessor-version":[{"id":37336,"href":"https:\/\/academiacontacto.com\/es\/wp-json\/wp\/v2\/pages\/16734\/revisions\/37336"}],"wp:attachment":[{"href":"https:\/\/academiacontacto.com\/es\/wp-json\/wp\/v2\/media?parent=16734"}],"curies":[{"name":"wp","href":"https:\/\/api.w.org\/{rel}","templated":true}]}}