{"id":16726,"date":"2017-03-21T14:43:27","date_gmt":"2017-03-21T14:43:27","guid":{"rendered":"http:\/\/academiacontacto.com\/about-us\/"},"modified":"2026-01-23T09:57:37","modified_gmt":"2026-01-23T09:57:37","slug":"about-us","status":"publish","type":"page","link":"https:\/\/academiacontacto.com\/es\/about-us\/","title":{"rendered":"Sobre nosotros"},"content":{"rendered":"<h1 class=\"themed dots\" style=\"text-align: center;\">Sobre nosotros<\/h1><p><noscript><img decoding=\"async\" src=\"http:\/\/academiacontacto.com\/wp-content\/uploads\/2021\/04\/about-resize.jpg\" alt=\"Photo of the staff working in Madrid's office\" class=\"wp-image-29365 size-full alignright\" width=\"634\" height=\"383\"><\/noscript><img decoding=\"async\" src=\"data:image\/svg+xml,%3Csvg%20xmlns%3D%22http%3A%2F%2Fwww.w3.org%2F2000%2Fsvg%22%20viewBox%3D%220%200%20634%20383%22%3E%3C%2Fsvg%3E\" alt=\"Photo of the staff working in Madrid's office\" class=\"wp-image-29365 size-full alignright lazyload\" width=\"634\" height=\"383\" data-src=\"http:\/\/academiacontacto.com\/wp-content\/uploads\/2021\/04\/about-resize.jpg\">Academia Contacto, fundada en 2001, es una escuela de idiomas especializada en la ense\u00f1anza del espa\u00f1ol a estudiantes extranjeros.<br>Ofrecemos cursos en nuestra academia en la capital de Espa\u00f1a, Madrid, as\u00ed como en nuestras escuelas colaboradoras en Barcelona y en otras maravillosas ciudades como Alicante, Valencia y Granada . Todas las escuelas est\u00e1n acreditadas por el <em>Instituto Cervantes<\/em>.<\/p><p>En Madrid te ofrecemos 13 c\u00f3modas y modernas aulas, con aire acondicionado y calefacci\u00f3n, con acceso a internet wifi, zona de biblioteca, zonas comunes con caf\u00e9, sofa&#8230;<\/p><p>Puedes elegir entre nuestra amplia oferta de cursos para cada nivel, desde principiante absoluto a nivel superior. Las clases comienzan cada semana, en grupos peque\u00f1os, y son realmente din\u00e1micas e interactivas, para que puedas aprender y mejorar tus conocimientos de espa\u00f1ol de forma divertida y profesional, en un ambiente agradable y amistoso.<\/p><p>Nuestros profesores son hablantes nativos con titulaci\u00f3n universitaria, especializados en la ense\u00f1anza del espa\u00f1ol como lengua extranjera y con mucha experiencia. Su motivaci\u00f3n y su pasi\u00f3n es lograr que aprendas castellano gracias a su competencia. Est\u00e1n a tu disposici\u00f3n para cualquier duda o curiosidad que pudieras tener y para introducirte en el mundo de la cultura espa\u00f1ola.<\/p><p>Por ello te ofrecemos un programa de actividades y excursiones que tienen lugar por las tardes o durante el fin de semana. Participando en ellas puedes disfrutar de las ciudades y de la sociedad y cultura del pa\u00eds como un nativo m\u00e1s.<\/p><blockquote><p>Amamos nuestra cultura y nuestra lengua y hacemos todo lo possible por transmitirtelas.<\/p><\/blockquote><p>La mayor\u00eda de nuestros alumnos vienen de Europa (casi el 75%), pero no faltan estudiantes de Am\u00e9rica o Australia y tampoco de Asia y \u00c1frica. Normalmente son estudiantes universitarios o j\u00f3venes profesionales que quieren aprender espa\u00f1ol para mejorar sus competencias, pero hay tambi\u00e9n personas mayores que se integran perfectamente en nuestros grupos.<\/p><p>Desde que comenzamos nuestra actividad hemos estado ofreciendo un servicio dedicado y profesional a un precio extremadamente competitivo. Estamos completamente a tu servicio para cualquier cosa que pudieras necesitar, centr\u00e1ndonos en convertir tu estancia aqu\u00ed en una valiosa experiencia.<\/p><p>\u00a1Bienvenidos!<\/p>","protected":false},"excerpt":{"rendered":"<p>Sobre nosotrosAcademia Contacto, fundada en 2001, es una escuela de idiomas especializada en la ense\u00f1anza del espa\u00f1ol a estudiantes extranjeros.Ofrecemos cursos en nuestra academia en la capital de Espa\u00f1a, Madrid, as\u00ed como en nuestras escuelas colaboradoras en Barcelona y en otras maravillosas ciudades como Alicante, Valencia y Granada . Todas las escuelas est\u00e1n acreditadas por [&hellip;]<\/p>\n","protected":false},"author":3,"featured_media":0,"parent":0,"menu_order":70,"comment_status":"closed","ping_status":"closed","template":"page-content.php","meta":{"_acf_changed":false,"om_disable_all_campaigns":false,"_monsterinsights_skip_tracking":false,"_monsterinsights_sitenote_active":false,"_monsterinsights_sitenote_note":"","_monsterinsights_sitenote_category":0,"_uf_show_specific_survey":0,"_uf_disable_surveys":false,"_joinchat":[],"footnotes":""},"class_list":["post-16726","page","type-page","status-publish","hentry"],"acf":[],"aioseo_notices":[],"yoast_head":"<!-- This site is optimized with the Yoast SEO plugin v27.0 - https:\/\/yoast.com\/product\/yoast-seo-wordpress\/ -->\n<title>Conoce al equipo de profesores que te ense\u00f1ar\u00e1 clases de espa\u00f1ol en Madrid<\/title>\n<meta name=\"description\" content=\"Inaugurada en 2001, Academia Contacto es una escuela de idiomas especializada en la ense\u00f1anza de espa\u00f1ol a estudiantes extranjeros.\" \/>\n<meta name=\"robots\" content=\"index, follow, max-snippet:-1, max-image-preview:large, max-video-preview:-1\" \/>\n<link rel=\"canonical\" href=\"https:\/\/academiacontacto.com\/es\/about-us\/\" \/>\n<meta property=\"og:locale\" content=\"es_ES\" \/>\n<meta property=\"og:type\" content=\"article\" \/>\n<meta property=\"og:title\" content=\"Conoce al equipo de profesores que te ense\u00f1ar\u00e1 clases de espa\u00f1ol en Madrid\" \/>\n<meta property=\"og:description\" content=\"Inaugurada en 2001, Academia Contacto es una escuela de idiomas especializada en la ense\u00f1anza de espa\u00f1ol a estudiantes extranjeros.\" \/>\n<meta property=\"og:url\" content=\"https:\/\/academiacontacto.com\/es\/about-us\/\" \/>\n<meta property=\"og:site_name\" content=\"Academia Contacto\" \/>\n<meta property=\"article:modified_time\" content=\"2026-01-23T09:57:37+00:00\" \/>\n<meta property=\"og:image\" content=\"http:\/\/academiacontacto.com\/wp-content\/uploads\/2021\/04\/about-resize.jpg\" \/>\n<meta name=\"twitter:label1\" content=\"Tiempo de lectura\" \/>\n\t<meta name=\"twitter:data1\" content=\"2 minutos\" \/>\n<script type=\"application\/ld+json\" class=\"yoast-schema-graph\">{\"@context\":\"https:\/\/schema.org\",\"@graph\":[{\"@type\":\"WebPage\",\"@id\":\"https:\/\/academiacontacto.com\/es\/about-us\/\",\"url\":\"https:\/\/academiacontacto.com\/es\/about-us\/\",\"name\":\"Conoce al equipo de profesores que te ense\u00f1ar\u00e1 clases de espa\u00f1ol en Madrid\",\"isPartOf\":{\"@id\":\"https:\/\/academiacontacto.com\/pl\/#website\"},\"primaryImageOfPage\":{\"@id\":\"https:\/\/academiacontacto.com\/es\/about-us\/#primaryimage\"},\"image\":{\"@id\":\"https:\/\/academiacontacto.com\/es\/about-us\/#primaryimage\"},\"thumbnailUrl\":\"http:\/\/academiacontacto.com\/wp-content\/uploads\/2021\/04\/about-resize.jpg\",\"datePublished\":\"2017-03-21T14:43:27+00:00\",\"dateModified\":\"2026-01-23T09:57:37+00:00\",\"description\":\"Inaugurada en 2001, Academia Contacto es una escuela de idiomas especializada en la ense\u00f1anza de espa\u00f1ol a estudiantes extranjeros.\",\"breadcrumb\":{\"@id\":\"https:\/\/academiacontacto.com\/es\/about-us\/#breadcrumb\"},\"inLanguage\":\"es\",\"potentialAction\":[{\"@type\":\"ReadAction\",\"target\":[\"https:\/\/academiacontacto.com\/es\/about-us\/\"]}]},{\"@type\":\"ImageObject\",\"inLanguage\":\"es\",\"@id\":\"https:\/\/academiacontacto.com\/es\/about-us\/#primaryimage\",\"url\":\"http:\/\/academiacontacto.com\/wp-content\/uploads\/2021\/04\/about-resize.jpg\",\"contentUrl\":\"http:\/\/academiacontacto.com\/wp-content\/uploads\/2021\/04\/about-resize.jpg\"},{\"@type\":\"BreadcrumbList\",\"@id\":\"https:\/\/academiacontacto.com\/es\/about-us\/#breadcrumb\",\"itemListElement\":[{\"@type\":\"ListItem\",\"position\":1,\"name\":\"Home\",\"item\":\"https:\/\/academiacontacto.com\/es\/\"},{\"@type\":\"ListItem\",\"position\":2,\"name\":\"Sobre nosotros\"}]},{\"@type\":\"WebSite\",\"@id\":\"https:\/\/academiacontacto.com\/pl\/#website\",\"url\":\"https:\/\/academiacontacto.com\/pl\/\",\"name\":\"Academia Contacto\",\"description\":\"Aprende Espa\u00f1ol con Academia Contacto\",\"publisher\":{\"@id\":\"https:\/\/academiacontacto.com\/pl\/#organization\"},\"potentialAction\":[{\"@type\":\"SearchAction\",\"target\":{\"@type\":\"EntryPoint\",\"urlTemplate\":\"https:\/\/academiacontacto.com\/pl\/?s={search_term_string}\"},\"query-input\":{\"@type\":\"PropertyValueSpecification\",\"valueRequired\":true,\"valueName\":\"search_term_string\"}}],\"inLanguage\":\"es\"},{\"@type\":\"Organization\",\"@id\":\"https:\/\/academiacontacto.com\/pl\/#organization\",\"name\":\"Academia Contacto\",\"url\":\"https:\/\/academiacontacto.com\/pl\/\",\"logo\":{\"@type\":\"ImageObject\",\"inLanguage\":\"es\",\"@id\":\"https:\/\/academiacontacto.com\/pl\/#\/schema\/logo\/image\/\",\"url\":\"https:\/\/academiacontacto.com\/wp-content\/uploads\/2021\/09\/acontacto.jpg\",\"contentUrl\":\"https:\/\/academiacontacto.com\/wp-content\/uploads\/2021\/09\/acontacto.jpg\",\"width\":218,\"height\":70,\"caption\":\"Academia Contacto\"},\"image\":{\"@id\":\"https:\/\/academiacontacto.com\/pl\/#\/schema\/logo\/image\/\"}}]}<\/script>\n<!-- \/ Yoast SEO plugin. -->","yoast_head_json":{"title":"Conoce al equipo de profesores que te ense\u00f1ar\u00e1 clases de espa\u00f1ol en Madrid","description":"Inaugurada en 2001, Academia Contacto es una escuela de idiomas especializada en la ense\u00f1anza de espa\u00f1ol a estudiantes extranjeros.","robots":{"index":"index","follow":"follow","max-snippet":"max-snippet:-1","max-image-preview":"max-image-preview:large","max-video-preview":"max-video-preview:-1"},"canonical":"https:\/\/academiacontacto.com\/es\/about-us\/","og_locale":"es_ES","og_type":"article","og_title":"Conoce al equipo de profesores que te ense\u00f1ar\u00e1 clases de espa\u00f1ol en Madrid","og_description":"Inaugurada en 2001, Academia Contacto es una escuela de idiomas especializada en la ense\u00f1anza de espa\u00f1ol a estudiantes extranjeros.","og_url":"https:\/\/academiacontacto.com\/es\/about-us\/","og_site_name":"Academia Contacto","article_modified_time":"2026-01-23T09:57:37+00:00","og_image":[{"url":"http:\/\/academiacontacto.com\/wp-content\/uploads\/2021\/04\/about-resize.jpg","type":"","width":"","height":""}],"twitter_misc":{"Tiempo de lectura":"2 minutos"},"schema":{"@context":"https:\/\/schema.org","@graph":[{"@type":"WebPage","@id":"https:\/\/academiacontacto.com\/es\/about-us\/","url":"https:\/\/academiacontacto.com\/es\/about-us\/","name":"Conoce al equipo de profesores que te ense\u00f1ar\u00e1 clases de espa\u00f1ol en Madrid","isPartOf":{"@id":"https:\/\/academiacontacto.com\/pl\/#website"},"primaryImageOfPage":{"@id":"https:\/\/academiacontacto.com\/es\/about-us\/#primaryimage"},"image":{"@id":"https:\/\/academiacontacto.com\/es\/about-us\/#primaryimage"},"thumbnailUrl":"http:\/\/academiacontacto.com\/wp-content\/uploads\/2021\/04\/about-resize.jpg","datePublished":"2017-03-21T14:43:27+00:00","dateModified":"2026-01-23T09:57:37+00:00","description":"Inaugurada en 2001, Academia Contacto es una escuela de idiomas especializada en la ense\u00f1anza de espa\u00f1ol a estudiantes extranjeros.","breadcrumb":{"@id":"https:\/\/academiacontacto.com\/es\/about-us\/#breadcrumb"},"inLanguage":"es","potentialAction":[{"@type":"ReadAction","target":["https:\/\/academiacontacto.com\/es\/about-us\/"]}]},{"@type":"ImageObject","inLanguage":"es","@id":"https:\/\/academiacontacto.com\/es\/about-us\/#primaryimage","url":"http:\/\/academiacontacto.com\/wp-content\/uploads\/2021\/04\/about-resize.jpg","contentUrl":"http:\/\/academiacontacto.com\/wp-content\/uploads\/2021\/04\/about-resize.jpg"},{"@type":"BreadcrumbList","@id":"https:\/\/academiacontacto.com\/es\/about-us\/#breadcrumb","itemListElement":[{"@type":"ListItem","position":1,"name":"Home","item":"https:\/\/academiacontacto.com\/es\/"},{"@type":"ListItem","position":2,"name":"Sobre nosotros"}]},{"@type":"WebSite","@id":"https:\/\/academiacontacto.com\/pl\/#website","url":"https:\/\/academiacontacto.com\/pl\/","name":"Academia Contacto","description":"Aprende Espa\u00f1ol con Academia Contacto","publisher":{"@id":"https:\/\/academiacontacto.com\/pl\/#organization"},"potentialAction":[{"@type":"SearchAction","target":{"@type":"EntryPoint","urlTemplate":"https:\/\/academiacontacto.com\/pl\/?s={search_term_string}"},"query-input":{"@type":"PropertyValueSpecification","valueRequired":true,"valueName":"search_term_string"}}],"inLanguage":"es"},{"@type":"Organization","@id":"https:\/\/academiacontacto.com\/pl\/#organization","name":"Academia Contacto","url":"https:\/\/academiacontacto.com\/pl\/","logo":{"@type":"ImageObject","inLanguage":"es","@id":"https:\/\/academiacontacto.com\/pl\/#\/schema\/logo\/image\/","url":"https:\/\/academiacontacto.com\/wp-content\/uploads\/2021\/09\/acontacto.jpg","contentUrl":"https:\/\/academiacontacto.com\/wp-content\/uploads\/2021\/09\/acontacto.jpg","width":218,"height":70,"caption":"Academia Contacto"},"image":{"@id":"https:\/\/academiacontacto.com\/pl\/#\/schema\/logo\/image\/"}}]}},"_links":{"self":[{"href":"https:\/\/academiacontacto.com\/es\/wp-json\/wp\/v2\/pages\/16726","targetHints":{"allow":["GET"]}}],"collection":[{"href":"https:\/\/academiacontacto.com\/es\/wp-json\/wp\/v2\/pages"}],"about":[{"href":"https:\/\/academiacontacto.com\/es\/wp-json\/wp\/v2\/types\/page"}],"author":[{"embeddable":true,"href":"https:\/\/academiacontacto.com\/es\/wp-json\/wp\/v2\/users\/3"}],"replies":[{"embeddable":true,"href":"https:\/\/academiacontacto.com\/es\/wp-json\/wp\/v2\/comments?post=16726"}],"version-history":[{"count":1,"href":"https:\/\/academiacontacto.com\/es\/wp-json\/wp\/v2\/pages\/16726\/revisions"}],"predecessor-version":[{"id":37328,"href":"https:\/\/academiacontacto.com\/es\/wp-json\/wp\/v2\/pages\/16726\/revisions\/37328"}],"wp:attachment":[{"href":"https:\/\/academiacontacto.com\/es\/wp-json\/wp\/v2\/media?parent=16726"}],"curies":[{"name":"wp","href":"https:\/\/api.w.org\/{rel}","templated":true}]}}