{"id":37903,"date":"2026-02-26T14:32:16","date_gmt":"2026-02-26T14:32:16","guid":{"rendered":"https:\/\/academiacontacto.com\/?page_id=37903"},"modified":"2026-02-27T11:44:44","modified_gmt":"2026-02-27T11:44:44","slug":"bildungsurlaub","status":"publish","type":"page","link":"https:\/\/academiacontacto.com\/de\/bildungsurlaub\/","title":{"rendered":"BILDUNGSURLAUB"},"content":{"rendered":"<div class=\"pure-g page-margins\" style=\"text-align: justify; padding-top: 70px;\"><h2 style=\"text-align: center; letter-spacing: 0;\"><strong>Bildungsurlaub in Madrid: Spanisch lernen bei Academia Contacto<\/strong><\/h2><div class=\"cursos pure-u-1 pure-u-sm-2-5\"><div class=\"faq-listings\"><table class=\"tabla-curso\" style=\"margin: 10px auto;\"><thead><tr><th colspan=\"2\"><h1 style=\"font-weight: bold; color: #ffffff; font-size: 24px; text-align: center; margin-bottom: 0;\">SPANISCHKURS BILDUNGUSRLAUB<\/h1><\/th><\/tr><\/thead><tbody><tr><td class=\"tg-nrix\"><noscript><img decoding=\"async\" src=\"http:\/\/academiacontacto.com\/wp-content\/uploads\/2019\/12\/Imagen-1.png\" alt class=\"aligncenter size-full wp-image-27851\" width=\"25\" height=\"28\"><\/noscript><img decoding=\"async\" src=\"data:image\/svg+xml,%3Csvg%20xmlns%3D%22http%3A%2F%2Fwww.w3.org%2F2000%2Fsvg%22%20viewBox%3D%220%200%2025%2028%22%3E%3C%2Fsvg%3E\" alt class=\"aligncenter size-full wp-image-27851 lazyload\" width=\"25\" height=\"28\" data-src=\"http:\/\/academiacontacto.com\/wp-content\/uploads\/2019\/12\/Imagen-1.png\"><\/td><td class=\"tg-cly1\">25 Stunden Gruppenunterricht + 5 Stunden Selbststudium<\/td><\/tr><tr><td class=\"tg-nrix\"><noscript><img decoding=\"async\" src=\"http:\/\/academiacontacto.com\/wp-content\/uploads\/2019\/12\/Imagen2.png\" alt class=\"aligncenter size-full wp-image-27850\" width=\"28\" height=\"28\"><\/noscript><img decoding=\"async\" src=\"data:image\/svg+xml,%3Csvg%20xmlns%3D%22http%3A%2F%2Fwww.w3.org%2F2000%2Fsvg%22%20viewBox%3D%220%200%2028%2028%22%3E%3C%2Fsvg%3E\" alt class=\"aligncenter size-full wp-image-27850 lazyload\" width=\"28\" height=\"28\" data-src=\"http:\/\/academiacontacto.com\/wp-content\/uploads\/2019\/12\/Imagen2.png\"><\/td><td class=\"tg-cly1\">1 Unterrichtseinheit = 55 Minuten<\/td><\/tr><tr><td class=\"tg-nrix\"><noscript><img decoding=\"async\" img src=\"http:\/\/academiacontacto.com\/wp-content\/uploads\/2019\/12\/Imagen3.png\" alt class=\"aligncenter size-full wp-image-27849\" width=\"28\" height=\"28\"><\/noscript><img decoding=\"async\" img src=\"data:image\/svg+xml,%3Csvg%20xmlns%3D%22http%3A%2F%2Fwww.w3.org%2F2000%2Fsvg%22%20viewBox%3D%220%200%2028%2028%22%3E%3C%2Fsvg%3E\" alt class=\"aligncenter size-full wp-image-27849 lazyload\" width=\"28\" height=\"28\" data-src=\"http:\/\/academiacontacto.com\/wp-content\/uploads\/2019\/12\/Imagen3.png\"><\/td><td class=\"tg-cly1\"><p>Gruppenunterricht von 9:30 bis 13:30 Uhr \/ 14:30 bis 18:30 Uhr<br>Konversationsunterricht von 8:20 bis 9:20 Uhr oder von 13:30 bis 14:30 Uhr<br>Selbststudium: 5 Stunden pro Woche<\/p><\/td><\/tr><tr><td class=\"tg-nrix\"><noscript><img decoding=\"async\" width=\"59\" height=\"58\" src=\"http:\/\/academiacontacto.com\/wp-content\/uploads\/2019\/12\/Imagen4.png\" alt class=\"aligncenter size-full wp-image-27848\" breite=\"28\" h he=\"28\"><\/noscript><img decoding=\"async\" width=\"59\" height=\"58\" src=\"data:image\/svg+xml,%3Csvg%20xmlns%3D%22http%3A%2F%2Fwww.w3.org%2F2000%2Fsvg%22%20viewBox%3D%220%200%2059%2058%22%3E%3C%2Fsvg%3E\" alt class=\"aligncenter size-full wp-image-27848 lazyload\" breite=\"28\" h he=\"28\" data-src=\"http:\/\/academiacontacto.com\/wp-content\/uploads\/2019\/12\/Imagen4.png\"><\/td><td class=\"tg-cly1\">Gruppen von 2 bis 10 Sch\u00fclern<\/td><\/tr><tr><td class=\"tg-nrix\"><noscript><img decoding=\"async\" width=\"68\" height=\"68\" src=\"http:\/\/academiacontacto.com\/wp-content\/uploads\/2019\/12\/Imagen5.png\" alt class=\"aligncenter size-full wp-image-27847\" breite=\"28\" h he=\"28\"><\/noscript><img decoding=\"async\" width=\"68\" height=\"68\" src=\"data:image\/svg+xml,%3Csvg%20xmlns%3D%22http%3A%2F%2Fwww.w3.org%2F2000%2Fsvg%22%20viewBox%3D%220%200%2068%2068%22%3E%3C%2Fsvg%3E\" alt class=\"aligncenter size-full wp-image-27847 lazyload\" breite=\"28\" h he=\"28\" data-src=\"http:\/\/academiacontacto.com\/wp-content\/uploads\/2019\/12\/Imagen5.png\"><\/td><td class=\"tg-cly1\">Niveaus: A1 bis C1<\/td><\/tr><tr><td class=\"tg-nrix\"><noscript><img decoding=\"async\" width=\"67\" height=\"67\" src=\"http:\/\/academiacontacto.com\/wp-content\/uploads\/2019\/12\/Imagen6.png\" alt class=\"aligncenter size-full wp-image-27846\" breite=\"28\" h he=\"28\"><\/noscript><img decoding=\"async\" width=\"67\" height=\"67\" src=\"data:image\/svg+xml,%3Csvg%20xmlns%3D%22http%3A%2F%2Fwww.w3.org%2F2000%2Fsvg%22%20viewBox%3D%220%200%2067%2067%22%3E%3C%2Fsvg%3E\" alt class=\"aligncenter size-full wp-image-27846 lazyload\" breite=\"28\" h he=\"28\" data-src=\"http:\/\/academiacontacto.com\/wp-content\/uploads\/2019\/12\/Imagen6.png\"><\/td><td class=\"tg-cly1\">Starttermine: jeden Montag<br>F\u00fcr absolute Anf\u00e4nger, <a href=\"https:\/\/academiacontacto.com\/de\/courses\/madrid\/?show_start_dates=1\">die Starttermine hier<\/a><\/td><\/tr><tr><td class=\"tg-nrix\"><noscript><img decoding=\"async\" src=\"http:\/\/academiacontacto.com\/wp-content\/uploads\/2019\/12\/Imagen7.png\" alt class=\"aligncenter size-full wp-image-27845\" width=\"37\" height=\"37\"><\/noscript><img decoding=\"async\" src=\"data:image\/svg+xml,%3Csvg%20xmlns%3D%22http%3A%2F%2Fwww.w3.org%2F2000%2Fsvg%22%20viewBox%3D%220%200%2037%2037%22%3E%3C%2Fsvg%3E\" alt class=\"aligncenter size-full wp-image-27845 lazyload\" width=\"37\" height=\"37\" data-src=\"http:\/\/academiacontacto.com\/wp-content\/uploads\/2019\/12\/Imagen7.png\"><\/td><td class=\"tg-cly1\">Materialien und B\u00fccher sind in der Anmeldegeb\u00fchr (50 \u20ac) enthalten<\/td><\/tr><tr><td class=\"tg-nrix\"><noscript><img decoding=\"async\" src=\"http:\/\/academiacontacto.com\/wp-content\/uploads\/2019\/12\/Imagen8.png\" alt class=\"aligncenter size-full wp-image-27844\" width=\"28\" height=\"28\"><\/noscript><img decoding=\"async\" src=\"data:image\/svg+xml,%3Csvg%20xmlns%3D%22http%3A%2F%2Fwww.w3.org%2F2000%2Fsvg%22%20viewBox%3D%220%200%2028%2028%22%3E%3C%2Fsvg%3E\" alt class=\"aligncenter size-full wp-image-27844 lazyload\" width=\"28\" height=\"28\" data-src=\"http:\/\/academiacontacto.com\/wp-content\/uploads\/2019\/12\/Imagen8.png\"><\/td><td class=\"tg-cly1\">Zertifikat nach Kursabschluss (bei mindestens 80 % Teilnahme)<\/td><\/tr><tr><td class=\"tg-nrix\"><noscript><img decoding=\"async\" src=\"http:\/\/academiacontacto.com\/wp-content\/uploads\/2019\/12\/Imagen9.png\" alt class=\"aligncenter size-full wp-image-27843\" width=\"77\" height=\"28\"><\/noscript><img decoding=\"async\" src=\"data:image\/svg+xml,%3Csvg%20xmlns%3D%22http%3A%2F%2Fwww.w3.org%2F2000%2Fsvg%22%20viewBox%3D%220%200%2077%2028%22%3E%3C%2Fsvg%3E\" alt class=\"aligncenter size-full wp-image-27843 lazyload\" width=\"77\" height=\"28\" data-src=\"http:\/\/academiacontacto.com\/wp-content\/uploads\/2019\/12\/Imagen9.png\"><\/td><td class=\"tg-0lax\">W\u00f6chentliche Aktivit\u00e4ten (mindestens 5 pro Woche, die meisten kostenlos) und Ausfl\u00fcge<\/td><\/tr><tr><td class=\"tg-nrix\"><noscript><img decoding=\"async\" src=\"http:\/\/academiacontacto.com\/wp-content\/uploads\/2019\/12\/Imagen13.png\" alt class=\"aligncenter wp-image-27863 size-full\" width=\"28\" height=\"28\"><\/noscript><img decoding=\"async\" src=\"data:image\/svg+xml,%3Csvg%20xmlns%3D%22http%3A%2F%2Fwww.w3.org%2F2000%2Fsvg%22%20viewBox%3D%220%200%2028%2028%22%3E%3C%2Fsvg%3E\" alt class=\"aligncenter wp-image-27863 size-full lazyload\" width=\"28\" height=\"28\" data-src=\"http:\/\/academiacontacto.com\/wp-content\/uploads\/2019\/12\/Imagen13.png\"><\/td><td class=\"tg-cly1\"><a href=\"https:\/\/academiacontacto.com\/de\/faq\/\">FAQ<\/a><\/td><\/tr><tr><td class=\"tg-nrix\"><noscript><img decoding=\"async\" src=\"http:\/\/academiacontacto.com\/wp-content\/uploads\/2019\/12\/Imagen11.png\" alt class=\"aligncenter size-full wp-image-27841\" width=\"41\" height=\"37\"><\/noscript><img decoding=\"async\" src=\"data:image\/svg+xml,%3Csvg%20xmlns%3D%22http%3A%2F%2Fwww.w3.org%2F2000%2Fsvg%22%20viewBox%3D%220%200%2041%2037%22%3E%3C%2Fsvg%3E\" alt class=\"aligncenter size-full wp-image-27841 lazyload\" width=\"41\" height=\"37\" data-src=\"http:\/\/academiacontacto.com\/wp-content\/uploads\/2019\/12\/Imagen11.png\"><\/td><td class=\"tg-59x9\"><span style=\"font-weight: bold; font-size: 26px;\">260 \u20ac \/ Woche<\/span><br><em>10 % Rabatt bei Buchung von 12 Wochen oder mehr,<\/em><br><em>15 % Rabatt bei Buchung von 26 Wochen oder mehr<\/em><\/td><\/tr><\/tbody><\/table><\/div><\/div><div class=\"cursos pure-u-1 pure-u-sm-3-5\"><p>Dieser Spanischkurs umfasst 25 Unterrichtseinheiten pro Woche + 5 Selbstlernstunden. Jede Unterrichtseinheit dauert 55 Minuten. Alle unsere Lehrkr\u00e4fte sind Muttersprachler, haben einen Hochschulabschluss und verf\u00fcgen \u00fcber Unterrichtserfahrung. Sie lernen in Gruppen von 2 bis 9 Personen mit \u00e4hnlichen Sprachkenntnissen. Der Unterricht findet von Montag bis Freitag von 9:30 bis 13:30 Uhr bzw. von 14:30 bis 18:30 Uhr (Gruppenunterricht) statt. Die Konversationsstunde findet von 8:20 bis 9:20 Uhr oder von 13:30 bis 14:30 Uhr statt. Sie erhalten zus\u00e4tzlich 5 Selbstlernlektionen, die Sie in der Schule oder zu Hause absolvieren k\u00f6nnen.<\/p><p>Die maximale Klassengr\u00f6\u00dfe betr\u00e4gt 10 Sch\u00fcler, um Ihren Lernerfolg zu optimieren. Der Unterricht kombiniert Grammatik und Konversation, sodass Sie Ihre Lese-, H\u00f6r-, Schreib- und Sprechf\u00e4higkeiten trainieren k\u00f6nnen. Die Lehrkr\u00e4fte passen den Unterricht an das Niveau jedes einzelnen Sch\u00fclers an.<\/p><p>Der Preis pro Woche betr\u00e4gt 260 Euro. Sie k\u00f6nnen die gew\u00fcnschte Kursdauer selbst w\u00e4hlen. Bei einer Buchung von 12 Wochen oder mehr erhalten Sie 10 % Rabatt, bei 26 Wochen oder mehr 15 % Rabatt. Die Anmeldegeb\u00fchr (50 \u20ac) beinhaltet Test, Unterricht, Lehrmaterialien und B\u00fccher, das Abschlusszertifikat sowie den Internetzugang in der Akademie und der Bibliothek.<\/p><p>Sie k\u00f6nnen Ihren Spanischkurs jeden Montag beginnen, sofern Sie \u00fcber Spanischkenntnisse verf\u00fcgen.Sind Sie absoluter Anf\u00e4nger im Spanischen? <a href=\"https:\/\/academiacontacto.com\/de\/courses\/madrid\/?show_start_dates=1\">Es gibt bestimmte Starttermine<\/a>.<\/p><p>Nach Abschluss des Spanischkurses erhalten Sie ein Zertifikat unserer Schule, das vom Institut Cervantes akkreditiert ist. Uns ist wichtig, dass Sie Spa\u00df haben und neue Leute kennenlernen, w\u00e4hrend Sie Spanisch lernen und \u00fcben. Deshalb organisieren wir w\u00f6chentliche Aktivit\u00e4ten und Ausfl\u00fcge, um Ihren Aufenthalt in Spanien so bereichernd wie m\u00f6glich zu gestalten.<\/p><p>Herzlich willkommen!<\/p><\/div><\/div>","protected":false},"excerpt":{"rendered":"<p>Bildungsurlaub in Madrid: Spanisch lernen bei Academia ContactoSPANISCHKURS BILDUNGUSRLAUB25 Stunden Gruppenunterricht + 5 Stunden Selbststudium1 Unterrichtseinheit = 55 MinutenGruppenunterricht von 9:30 bis 13:30 Uhr \/ 14:30 bis 18:30 UhrKonversationsunterricht von 8:20 bis 9:20 Uhr oder von 13:30 bis 14:30 UhrSelbststudium: 5 Stunden pro WocheGruppen von 2 bis 10 Sch\u00fclernNiveaus: A1 bis C1Starttermine: jeden MontagF\u00fcr absolute [&hellip;]<\/p>\n","protected":false},"author":2,"featured_media":0,"parent":0,"menu_order":46,"comment_status":"closed","ping_status":"closed","template":"","meta":{"_acf_changed":false,"om_disable_all_campaigns":false,"_monsterinsights_skip_tracking":false,"_monsterinsights_sitenote_active":false,"_monsterinsights_sitenote_note":"","_monsterinsights_sitenote_category":0,"_uf_show_specific_survey":0,"_uf_disable_surveys":false,"_joinchat":[],"footnotes":""},"class_list":["post-37903","page","type-page","status-publish","hentry"],"acf":[],"aioseo_notices":[],"yoast_head":"<!-- This site is optimized with the Yoast SEO plugin v27.5 - https:\/\/yoast.com\/product\/yoast-seo-wordpress\/ -->\n<title>Bildungsurlaub in Madrid: Spanisch lernen bei Academia Contacto<\/title>\n<meta name=\"robots\" content=\"index, follow, max-snippet:-1, max-image-preview:large, max-video-preview:-1\" \/>\n<link rel=\"canonical\" href=\"https:\/\/academiacontacto.com\/de\/bildungsurlaub\/\" \/>\n<meta property=\"og:locale\" content=\"de_DE\" \/>\n<meta property=\"og:type\" content=\"article\" \/>\n<meta property=\"og:title\" content=\"Bildungsurlaub in Madrid: Spanisch lernen bei Academia Contacto\" \/>\n<meta property=\"og:description\" content=\"Bildungsurlaub in Madrid: Spanisch lernen bei Academia ContactoSPANISCHKURS BILDUNGUSRLAUB25 Stunden Gruppenunterricht + 5 Stunden Selbststudium1 Unterrichtseinheit = 55 MinutenGruppenunterricht von 9:30 bis 13:30 Uhr \/ 14:30 bis 18:30 UhrKonversationsunterricht von 8:20 bis 9:20 Uhr oder von 13:30 bis 14:30 UhrSelbststudium: 5 Stunden pro WocheGruppen von 2 bis 10 Sch\u00fclernNiveaus: A1 bis C1Starttermine: jeden MontagF\u00fcr absolute [&hellip;]\" \/>\n<meta property=\"og:url\" content=\"https:\/\/academiacontacto.com\/de\/bildungsurlaub\/\" \/>\n<meta property=\"og:site_name\" content=\"Academia Contacto\" \/>\n<meta property=\"article:modified_time\" content=\"2026-02-27T11:44:44+00:00\" \/>\n<meta property=\"og:image\" content=\"https:\/\/academiacontacto.com\/wp-content\/uploads\/2019\/12\/Imagen-1.png\" \/>\n\t<meta property=\"og:image:width\" content=\"53\" \/>\n\t<meta property=\"og:image:height\" content=\"59\" \/>\n\t<meta property=\"og:image:type\" content=\"image\/png\" \/>\n<meta name=\"twitter:label1\" content=\"Gesch\u00e4tzte Lesezeit\" \/>\n\t<meta name=\"twitter:data1\" content=\"4\u00a0Minuten\" \/>\n<script type=\"application\/ld+json\" class=\"yoast-schema-graph\">{\"@context\":\"https:\\\/\\\/schema.org\",\"@graph\":[{\"@type\":\"WebPage\",\"@id\":\"https:\\\/\\\/academiacontacto.com\\\/de\\\/bildungsurlaub\\\/\",\"url\":\"https:\\\/\\\/academiacontacto.com\\\/de\\\/bildungsurlaub\\\/\",\"name\":\"Bildungsurlaub in Madrid: Spanisch lernen bei Academia Contacto\",\"isPartOf\":{\"@id\":\"https:\\\/\\\/academiacontacto.com\\\/pl\\\/#website\"},\"primaryImageOfPage\":{\"@id\":\"https:\\\/\\\/academiacontacto.com\\\/de\\\/bildungsurlaub\\\/#primaryimage\"},\"image\":{\"@id\":\"https:\\\/\\\/academiacontacto.com\\\/de\\\/bildungsurlaub\\\/#primaryimage\"},\"thumbnailUrl\":\"http:\\\/\\\/academiacontacto.com\\\/wp-content\\\/uploads\\\/2019\\\/12\\\/Imagen-1.png\",\"datePublished\":\"2026-02-26T14:32:16+00:00\",\"dateModified\":\"2026-02-27T11:44:44+00:00\",\"breadcrumb\":{\"@id\":\"https:\\\/\\\/academiacontacto.com\\\/de\\\/bildungsurlaub\\\/#breadcrumb\"},\"inLanguage\":\"de\",\"potentialAction\":[{\"@type\":\"ReadAction\",\"target\":[\"https:\\\/\\\/academiacontacto.com\\\/de\\\/bildungsurlaub\\\/\"]}]},{\"@type\":\"ImageObject\",\"inLanguage\":\"de\",\"@id\":\"https:\\\/\\\/academiacontacto.com\\\/de\\\/bildungsurlaub\\\/#primaryimage\",\"url\":\"http:\\\/\\\/academiacontacto.com\\\/wp-content\\\/uploads\\\/2019\\\/12\\\/Imagen-1.png\",\"contentUrl\":\"http:\\\/\\\/academiacontacto.com\\\/wp-content\\\/uploads\\\/2019\\\/12\\\/Imagen-1.png\"},{\"@type\":\"BreadcrumbList\",\"@id\":\"https:\\\/\\\/academiacontacto.com\\\/de\\\/bildungsurlaub\\\/#breadcrumb\",\"itemListElement\":[{\"@type\":\"ListItem\",\"position\":1,\"name\":\"Home\",\"item\":\"https:\\\/\\\/academiacontacto.com\\\/de\\\/\"},{\"@type\":\"ListItem\",\"position\":2,\"name\":\"BILDUNGSURLAUB\"}]},{\"@type\":\"WebSite\",\"@id\":\"https:\\\/\\\/academiacontacto.com\\\/pl\\\/#website\",\"url\":\"https:\\\/\\\/academiacontacto.com\\\/pl\\\/\",\"name\":\"Academia Contacto\",\"description\":\"Aprende Espa\u00f1ol con Academia Contacto\",\"publisher\":{\"@id\":\"https:\\\/\\\/academiacontacto.com\\\/pl\\\/#organization\"},\"potentialAction\":[{\"@type\":\"SearchAction\",\"target\":{\"@type\":\"EntryPoint\",\"urlTemplate\":\"https:\\\/\\\/academiacontacto.com\\\/pl\\\/?s={search_term_string}\"},\"query-input\":{\"@type\":\"PropertyValueSpecification\",\"valueRequired\":true,\"valueName\":\"search_term_string\"}}],\"inLanguage\":\"de\"},{\"@type\":\"Organization\",\"@id\":\"https:\\\/\\\/academiacontacto.com\\\/pl\\\/#organization\",\"name\":\"Academia Contacto\",\"url\":\"https:\\\/\\\/academiacontacto.com\\\/pl\\\/\",\"logo\":{\"@type\":\"ImageObject\",\"inLanguage\":\"de\",\"@id\":\"https:\\\/\\\/academiacontacto.com\\\/pl\\\/#\\\/schema\\\/logo\\\/image\\\/\",\"url\":\"https:\\\/\\\/academiacontacto.com\\\/wp-content\\\/uploads\\\/2021\\\/09\\\/acontacto.jpg\",\"contentUrl\":\"https:\\\/\\\/academiacontacto.com\\\/wp-content\\\/uploads\\\/2021\\\/09\\\/acontacto.jpg\",\"width\":218,\"height\":70,\"caption\":\"Academia Contacto\"},\"image\":{\"@id\":\"https:\\\/\\\/academiacontacto.com\\\/pl\\\/#\\\/schema\\\/logo\\\/image\\\/\"}}]}<\/script>\n<!-- \/ Yoast SEO plugin. -->","yoast_head_json":{"title":"Bildungsurlaub in Madrid: Spanisch lernen bei Academia Contacto","robots":{"index":"index","follow":"follow","max-snippet":"max-snippet:-1","max-image-preview":"max-image-preview:large","max-video-preview":"max-video-preview:-1"},"canonical":"https:\/\/academiacontacto.com\/de\/bildungsurlaub\/","og_locale":"de_DE","og_type":"article","og_title":"Bildungsurlaub in Madrid: Spanisch lernen bei Academia Contacto","og_description":"Bildungsurlaub in Madrid: Spanisch lernen bei Academia ContactoSPANISCHKURS BILDUNGUSRLAUB25 Stunden Gruppenunterricht + 5 Stunden Selbststudium1 Unterrichtseinheit = 55 MinutenGruppenunterricht von 9:30 bis 13:30 Uhr \/ 14:30 bis 18:30 UhrKonversationsunterricht von 8:20 bis 9:20 Uhr oder von 13:30 bis 14:30 UhrSelbststudium: 5 Stunden pro WocheGruppen von 2 bis 10 Sch\u00fclernNiveaus: A1 bis C1Starttermine: jeden MontagF\u00fcr absolute [&hellip;]","og_url":"https:\/\/academiacontacto.com\/de\/bildungsurlaub\/","og_site_name":"Academia Contacto","article_modified_time":"2026-02-27T11:44:44+00:00","og_image":[{"width":53,"height":59,"url":"https:\/\/academiacontacto.com\/wp-content\/uploads\/2019\/12\/Imagen-1.png","type":"image\/png"}],"twitter_misc":{"Gesch\u00e4tzte Lesezeit":"4\u00a0Minuten"},"schema":{"@context":"https:\/\/schema.org","@graph":[{"@type":"WebPage","@id":"https:\/\/academiacontacto.com\/de\/bildungsurlaub\/","url":"https:\/\/academiacontacto.com\/de\/bildungsurlaub\/","name":"Bildungsurlaub in Madrid: Spanisch lernen bei Academia Contacto","isPartOf":{"@id":"https:\/\/academiacontacto.com\/pl\/#website"},"primaryImageOfPage":{"@id":"https:\/\/academiacontacto.com\/de\/bildungsurlaub\/#primaryimage"},"image":{"@id":"https:\/\/academiacontacto.com\/de\/bildungsurlaub\/#primaryimage"},"thumbnailUrl":"http:\/\/academiacontacto.com\/wp-content\/uploads\/2019\/12\/Imagen-1.png","datePublished":"2026-02-26T14:32:16+00:00","dateModified":"2026-02-27T11:44:44+00:00","breadcrumb":{"@id":"https:\/\/academiacontacto.com\/de\/bildungsurlaub\/#breadcrumb"},"inLanguage":"de","potentialAction":[{"@type":"ReadAction","target":["https:\/\/academiacontacto.com\/de\/bildungsurlaub\/"]}]},{"@type":"ImageObject","inLanguage":"de","@id":"https:\/\/academiacontacto.com\/de\/bildungsurlaub\/#primaryimage","url":"http:\/\/academiacontacto.com\/wp-content\/uploads\/2019\/12\/Imagen-1.png","contentUrl":"http:\/\/academiacontacto.com\/wp-content\/uploads\/2019\/12\/Imagen-1.png"},{"@type":"BreadcrumbList","@id":"https:\/\/academiacontacto.com\/de\/bildungsurlaub\/#breadcrumb","itemListElement":[{"@type":"ListItem","position":1,"name":"Home","item":"https:\/\/academiacontacto.com\/de\/"},{"@type":"ListItem","position":2,"name":"BILDUNGSURLAUB"}]},{"@type":"WebSite","@id":"https:\/\/academiacontacto.com\/pl\/#website","url":"https:\/\/academiacontacto.com\/pl\/","name":"Academia Contacto","description":"Aprende Espa\u00f1ol con Academia Contacto","publisher":{"@id":"https:\/\/academiacontacto.com\/pl\/#organization"},"potentialAction":[{"@type":"SearchAction","target":{"@type":"EntryPoint","urlTemplate":"https:\/\/academiacontacto.com\/pl\/?s={search_term_string}"},"query-input":{"@type":"PropertyValueSpecification","valueRequired":true,"valueName":"search_term_string"}}],"inLanguage":"de"},{"@type":"Organization","@id":"https:\/\/academiacontacto.com\/pl\/#organization","name":"Academia Contacto","url":"https:\/\/academiacontacto.com\/pl\/","logo":{"@type":"ImageObject","inLanguage":"de","@id":"https:\/\/academiacontacto.com\/pl\/#\/schema\/logo\/image\/","url":"https:\/\/academiacontacto.com\/wp-content\/uploads\/2021\/09\/acontacto.jpg","contentUrl":"https:\/\/academiacontacto.com\/wp-content\/uploads\/2021\/09\/acontacto.jpg","width":218,"height":70,"caption":"Academia Contacto"},"image":{"@id":"https:\/\/academiacontacto.com\/pl\/#\/schema\/logo\/image\/"}}]}},"_links":{"self":[{"href":"https:\/\/academiacontacto.com\/de\/wp-json\/wp\/v2\/pages\/37903","targetHints":{"allow":["GET"]}}],"collection":[{"href":"https:\/\/academiacontacto.com\/de\/wp-json\/wp\/v2\/pages"}],"about":[{"href":"https:\/\/academiacontacto.com\/de\/wp-json\/wp\/v2\/types\/page"}],"author":[{"embeddable":true,"href":"https:\/\/academiacontacto.com\/de\/wp-json\/wp\/v2\/users\/2"}],"replies":[{"embeddable":true,"href":"https:\/\/academiacontacto.com\/de\/wp-json\/wp\/v2\/comments?post=37903"}],"version-history":[{"count":9,"href":"https:\/\/academiacontacto.com\/de\/wp-json\/wp\/v2\/pages\/37903\/revisions"}],"predecessor-version":[{"id":37913,"href":"https:\/\/academiacontacto.com\/de\/wp-json\/wp\/v2\/pages\/37903\/revisions\/37913"}],"wp:attachment":[{"href":"https:\/\/academiacontacto.com\/de\/wp-json\/wp\/v2\/media?parent=37903"}],"curies":[{"name":"wp","href":"https:\/\/api.w.org\/{rel}","templated":true}]}}