{"id":16205,"date":"2016-11-22T22:50:23","date_gmt":"2016-11-22T22:50:23","guid":{"rendered":"http:\/\/academiacontacto.com\/courses\/"},"modified":"2023-06-06T19:44:48","modified_gmt":"2023-06-06T19:44:48","slug":"courses","status":"publish","type":"page","link":"https:\/\/academiacontacto.com\/de\/courses\/","title":{"rendered":"Courses"},"content":{"rendered":"","protected":false},"excerpt":{"rendered":"","protected":false},"author":3,"featured_media":0,"parent":0,"menu_order":147,"comment_status":"closed","ping_status":"closed","template":"page-courses.php","meta":{"_acf_changed":false,"om_disable_all_campaigns":false,"_monsterinsights_skip_tracking":false,"_monsterinsights_sitenote_active":false,"_monsterinsights_sitenote_note":"","_monsterinsights_sitenote_category":0,"_uf_show_specific_survey":0,"_uf_disable_surveys":false,"_joinchat":[],"footnotes":""},"class_list":["post-16205","page","type-page","status-publish","hentry"],"acf":[],"aioseo_notices":[],"yoast_head":"<!-- This site is optimized with the Yoast SEO plugin v27.0 - https:\/\/yoast.com\/product\/yoast-seo-wordpress\/ -->\n<title>Lernen Sie alle unsere Spanischkurse kennen und w\u00e4hlen Sie Ihre beste Option.<\/title>\n<meta name=\"description\" content=\"Sie k\u00f6nnen aus mehreren Optionen w\u00e4hlen. Sie haben Kurse in Madrid, Barcelona, Valencia, Alicante, Granada und Sevilla. Warten Sie nicht l\u00e4nger. Komm schon!\" \/>\n<meta name=\"robots\" content=\"index, follow, max-snippet:-1, max-image-preview:large, max-video-preview:-1\" \/>\n<link rel=\"canonical\" href=\"https:\/\/academiacontacto.com\/courses\/\" \/>\n<meta property=\"og:locale\" content=\"de_DE\" \/>\n<meta property=\"og:type\" content=\"article\" \/>\n<meta property=\"og:title\" content=\"Lernen Sie alle unsere Spanischkurse kennen und w\u00e4hlen Sie Ihre beste Option.\" \/>\n<meta property=\"og:description\" content=\"Sie k\u00f6nnen aus mehreren Optionen w\u00e4hlen. Sie haben Kurse in Madrid, Barcelona, Valencia, Alicante, Granada und Sevilla. Warten Sie nicht l\u00e4nger. Komm schon!\" \/>\n<meta property=\"og:url\" content=\"https:\/\/academiacontacto.com\/courses\/\" \/>\n<meta property=\"og:site_name\" content=\"Academia Contacto\" \/>\n<meta property=\"article:modified_time\" content=\"2023-06-06T19:44:48+00:00\" \/>\n<script type=\"application\/ld+json\" class=\"yoast-schema-graph\">{\"@context\":\"https:\/\/schema.org\",\"@graph\":[{\"@type\":\"WebPage\",\"@id\":\"https:\/\/academiacontacto.com\/courses\/\",\"url\":\"https:\/\/academiacontacto.com\/courses\/\",\"name\":\"Lernen Sie alle unsere Spanischkurse kennen und w\u00e4hlen Sie Ihre beste Option.\",\"isPartOf\":{\"@id\":\"https:\/\/academiacontacto.com\/pl\/#website\"},\"datePublished\":\"2016-11-22T22:50:23+00:00\",\"dateModified\":\"2023-06-06T19:44:48+00:00\",\"description\":\"Sie k\u00f6nnen aus mehreren Optionen w\u00e4hlen. Sie haben Kurse in Madrid, Barcelona, Valencia, Alicante, Granada und Sevilla. Warten Sie nicht l\u00e4nger. Komm schon!\",\"breadcrumb\":{\"@id\":\"https:\/\/academiacontacto.com\/courses\/#breadcrumb\"},\"inLanguage\":\"de\",\"potentialAction\":[{\"@type\":\"ReadAction\",\"target\":[\"https:\/\/academiacontacto.com\/courses\/\"]}]},{\"@type\":\"BreadcrumbList\",\"@id\":\"https:\/\/academiacontacto.com\/courses\/#breadcrumb\",\"itemListElement\":[{\"@type\":\"ListItem\",\"position\":1,\"name\":\"Home\",\"item\":\"https:\/\/academiacontacto.com\/de\/\"},{\"@type\":\"ListItem\",\"position\":2,\"name\":\"Courses\"}]},{\"@type\":\"WebSite\",\"@id\":\"https:\/\/academiacontacto.com\/pl\/#website\",\"url\":\"https:\/\/academiacontacto.com\/pl\/\",\"name\":\"Academia Contacto\",\"description\":\"Aprende Espa\u00f1ol con Academia Contacto\",\"publisher\":{\"@id\":\"https:\/\/academiacontacto.com\/pl\/#organization\"},\"potentialAction\":[{\"@type\":\"SearchAction\",\"target\":{\"@type\":\"EntryPoint\",\"urlTemplate\":\"https:\/\/academiacontacto.com\/pl\/?s={search_term_string}\"},\"query-input\":{\"@type\":\"PropertyValueSpecification\",\"valueRequired\":true,\"valueName\":\"search_term_string\"}}],\"inLanguage\":\"de\"},{\"@type\":\"Organization\",\"@id\":\"https:\/\/academiacontacto.com\/pl\/#organization\",\"name\":\"Academia Contacto\",\"url\":\"https:\/\/academiacontacto.com\/pl\/\",\"logo\":{\"@type\":\"ImageObject\",\"inLanguage\":\"de\",\"@id\":\"https:\/\/academiacontacto.com\/pl\/#\/schema\/logo\/image\/\",\"url\":\"https:\/\/academiacontacto.com\/wp-content\/uploads\/2021\/09\/acontacto.jpg\",\"contentUrl\":\"https:\/\/academiacontacto.com\/wp-content\/uploads\/2021\/09\/acontacto.jpg\",\"width\":218,\"height\":70,\"caption\":\"Academia Contacto\"},\"image\":{\"@id\":\"https:\/\/academiacontacto.com\/pl\/#\/schema\/logo\/image\/\"}}]}<\/script>\n<!-- \/ Yoast SEO plugin. -->","yoast_head_json":{"title":"Lernen Sie alle unsere Spanischkurse kennen und w\u00e4hlen Sie Ihre beste Option.","description":"Sie k\u00f6nnen aus mehreren Optionen w\u00e4hlen. Sie haben Kurse in Madrid, Barcelona, Valencia, Alicante, Granada und Sevilla. Warten Sie nicht l\u00e4nger. Komm schon!","robots":{"index":"index","follow":"follow","max-snippet":"max-snippet:-1","max-image-preview":"max-image-preview:large","max-video-preview":"max-video-preview:-1"},"canonical":"https:\/\/academiacontacto.com\/courses\/","og_locale":"de_DE","og_type":"article","og_title":"Lernen Sie alle unsere Spanischkurse kennen und w\u00e4hlen Sie Ihre beste Option.","og_description":"Sie k\u00f6nnen aus mehreren Optionen w\u00e4hlen. Sie haben Kurse in Madrid, Barcelona, Valencia, Alicante, Granada und Sevilla. Warten Sie nicht l\u00e4nger. Komm schon!","og_url":"https:\/\/academiacontacto.com\/courses\/","og_site_name":"Academia Contacto","article_modified_time":"2023-06-06T19:44:48+00:00","schema":{"@context":"https:\/\/schema.org","@graph":[{"@type":"WebPage","@id":"https:\/\/academiacontacto.com\/courses\/","url":"https:\/\/academiacontacto.com\/courses\/","name":"Lernen Sie alle unsere Spanischkurse kennen und w\u00e4hlen Sie Ihre beste Option.","isPartOf":{"@id":"https:\/\/academiacontacto.com\/pl\/#website"},"datePublished":"2016-11-22T22:50:23+00:00","dateModified":"2023-06-06T19:44:48+00:00","description":"Sie k\u00f6nnen aus mehreren Optionen w\u00e4hlen. Sie haben Kurse in Madrid, Barcelona, Valencia, Alicante, Granada und Sevilla. Warten Sie nicht l\u00e4nger. Komm schon!","breadcrumb":{"@id":"https:\/\/academiacontacto.com\/courses\/#breadcrumb"},"inLanguage":"de","potentialAction":[{"@type":"ReadAction","target":["https:\/\/academiacontacto.com\/courses\/"]}]},{"@type":"BreadcrumbList","@id":"https:\/\/academiacontacto.com\/courses\/#breadcrumb","itemListElement":[{"@type":"ListItem","position":1,"name":"Home","item":"https:\/\/academiacontacto.com\/de\/"},{"@type":"ListItem","position":2,"name":"Courses"}]},{"@type":"WebSite","@id":"https:\/\/academiacontacto.com\/pl\/#website","url":"https:\/\/academiacontacto.com\/pl\/","name":"Academia Contacto","description":"Aprende Espa\u00f1ol con Academia Contacto","publisher":{"@id":"https:\/\/academiacontacto.com\/pl\/#organization"},"potentialAction":[{"@type":"SearchAction","target":{"@type":"EntryPoint","urlTemplate":"https:\/\/academiacontacto.com\/pl\/?s={search_term_string}"},"query-input":{"@type":"PropertyValueSpecification","valueRequired":true,"valueName":"search_term_string"}}],"inLanguage":"de"},{"@type":"Organization","@id":"https:\/\/academiacontacto.com\/pl\/#organization","name":"Academia Contacto","url":"https:\/\/academiacontacto.com\/pl\/","logo":{"@type":"ImageObject","inLanguage":"de","@id":"https:\/\/academiacontacto.com\/pl\/#\/schema\/logo\/image\/","url":"https:\/\/academiacontacto.com\/wp-content\/uploads\/2021\/09\/acontacto.jpg","contentUrl":"https:\/\/academiacontacto.com\/wp-content\/uploads\/2021\/09\/acontacto.jpg","width":218,"height":70,"caption":"Academia Contacto"},"image":{"@id":"https:\/\/academiacontacto.com\/pl\/#\/schema\/logo\/image\/"}}]}},"_links":{"self":[{"href":"https:\/\/academiacontacto.com\/de\/wp-json\/wp\/v2\/pages\/16205","targetHints":{"allow":["GET"]}}],"collection":[{"href":"https:\/\/academiacontacto.com\/de\/wp-json\/wp\/v2\/pages"}],"about":[{"href":"https:\/\/academiacontacto.com\/de\/wp-json\/wp\/v2\/types\/page"}],"author":[{"embeddable":true,"href":"https:\/\/academiacontacto.com\/de\/wp-json\/wp\/v2\/users\/3"}],"replies":[{"embeddable":true,"href":"https:\/\/academiacontacto.com\/de\/wp-json\/wp\/v2\/comments?post=16205"}],"version-history":[{"count":0,"href":"https:\/\/academiacontacto.com\/de\/wp-json\/wp\/v2\/pages\/16205\/revisions"}],"wp:attachment":[{"href":"https:\/\/academiacontacto.com\/de\/wp-json\/wp\/v2\/media?parent=16205"}],"curies":[{"name":"wp","href":"https:\/\/api.w.org\/{rel}","templated":true}]}}