{"id":16176,"date":"2016-12-27T03:36:14","date_gmt":"2016-12-27T03:36:14","guid":{"rendered":"http:\/\/academiacontacto.com\/privacy-policy\/"},"modified":"2017-04-11T10:28:23","modified_gmt":"2017-04-11T10:28:23","slug":"privacy-policy","status":"publish","type":"page","link":"https:\/\/academiacontacto.com\/de\/privacy-policy\/","title":{"rendered":"Datenschutzbestimmungen"},"content":{"rendered":"<h1 class=\"themed dots\" style=\"text-align: center;\">Datenschutzbestimmungen<\/h1>\r\n<p>In \u00dcbereinstimmung mit dem geltenden Organgesetz 15\/1999 zum Schutz personenbezogener Daten wird hiermit dar\u00fcber in Kenntnis gesetzt, dass das Ausf\u00fcllen jeglicher auf der Webseite www.academiacontacto.com existierender Formulare oder der Erlass jeglicher Mailadressen an eines unserer Konten die Akzeptanz dieser Datenschutzbestimmungen mit einbezieht und Academia Contacto AG. somit dazu erm\u00e4chtigt, mit den pers\u00f6nlichen Daten, die zur Verf\u00fcgung gestellt wurden, umzugehen. Die Daten des Nutzers werden in einem der Academia Contacto AG geh\u00f6renden Ordner gespeichert und zur Bearbeitung Ihrer Anfragen und zur Informierung des Nutzers \u00fcber die Leistungen und Entwicklungen die eventuell in deren Interesse sind, genutzt. Die Schaffung dieser neuen Kontakte kann per Post oder oder E-Mail erfolgen. In keinem Fall wird Academia Contacto AG die auf dieser Webseite gespeicherten pers\u00f6nlichen Daten an Dritte weitergeben.\r\nAcademia Contacto AG verspricht, die zur Verf\u00fcgung gestellten Daten mit h\u00f6chster Zur\u00fcckhaltung und Diskretion zu behandeln und sie nur f\u00fcr die angegebenen Zwecke zu nutzen. Au\u00dferdem garantiert sie die Implementierung aller technischer Voraussetzungen, die zur Sicherung der gespeicherten Daten notwendig sind, sowie Updates und eine kontinuierliche \u00dcberpr\u00fcfung derer. Academia Contacto AG setzt voraus, dass die Daten von berechtigten und authorisierten Personen eingereicht wurden und somit korrekt und exakt sind. Der Nutzer ist dazu berechtigt, sein Recht auf Zugriff, Richtigstellung, Annulierung und Widerspruch wahrzunehmen, was bedeutet, dass er sich mittels eines Antrages (zusammen mit einer Kopie des Personalausweises) an die folgende Adresse richtet:\r\n<\/p><p>Academia Contacto AG \u2013 \u00c1rea de Protecci\u00f3n de datos<br \/>Calle Raimundo Lulio 7<br \/>Madrid 28010<\/p><p>Phone Number: (+34)913642454<br \/>E-mail: <a title=\"Enviar correo\" target=\"_blank\" href=\"mailto:info@www.academiacontacto.com\">info@academiacontacto.com<\/a><\/p>","protected":false},"excerpt":{"rendered":"<p>Datenschutzbestimmungen In \u00dcbereinstimmung mit dem geltenden Organgesetz 15\/1999 zum Schutz personenbezogener Daten wird hiermit dar\u00fcber in Kenntnis gesetzt, dass das Ausf\u00fcllen jeglicher auf der Webseite www.academiacontacto.com existierender Formulare oder der Erlass jeglicher Mailadressen an eines unserer Konten die Akzeptanz dieser Datenschutzbestimmungen mit einbezieht und Academia Contacto AG. somit dazu erm\u00e4chtigt, mit den pers\u00f6nlichen Daten, die [&hellip;]<\/p>\n","protected":false},"author":3,"featured_media":0,"parent":0,"menu_order":265,"comment_status":"closed","ping_status":"closed","template":"page-content.php","meta":{"_acf_changed":false,"om_disable_all_campaigns":false,"_monsterinsights_skip_tracking":false,"_monsterinsights_sitenote_active":false,"_monsterinsights_sitenote_note":"","_monsterinsights_sitenote_category":0,"_uf_show_specific_survey":0,"_uf_disable_surveys":false,"_joinchat":[],"footnotes":""},"class_list":["post-16176","page","type-page","status-publish","hentry"],"acf":[],"aioseo_notices":[],"yoast_head":"<!-- This site is optimized with the Yoast SEO plugin v27.0 - https:\/\/yoast.com\/product\/yoast-seo-wordpress\/ -->\n<title>Datenschutzbestimmungen -<\/title>\n<meta name=\"robots\" content=\"index, follow, max-snippet:-1, max-image-preview:large, max-video-preview:-1\" \/>\n<link rel=\"canonical\" href=\"https:\/\/academiacontacto.com\/de\/privacy-policy\/\" \/>\n<meta property=\"og:locale\" content=\"de_DE\" \/>\n<meta property=\"og:type\" content=\"article\" \/>\n<meta property=\"og:title\" content=\"Datenschutzbestimmungen -\" \/>\n<meta property=\"og:description\" content=\"Datenschutzbestimmungen In \u00dcbereinstimmung mit dem geltenden Organgesetz 15\/1999 zum Schutz personenbezogener Daten wird hiermit dar\u00fcber in Kenntnis gesetzt, dass das Ausf\u00fcllen jeglicher auf der Webseite www.academiacontacto.com existierender Formulare oder der Erlass jeglicher Mailadressen an eines unserer Konten die Akzeptanz dieser Datenschutzbestimmungen mit einbezieht und Academia Contacto AG. somit dazu erm\u00e4chtigt, mit den pers\u00f6nlichen Daten, die [&hellip;]\" \/>\n<meta property=\"og:url\" content=\"https:\/\/academiacontacto.com\/de\/privacy-policy\/\" \/>\n<meta property=\"og:site_name\" content=\"Academia Contacto\" \/>\n<meta property=\"article:modified_time\" content=\"2017-04-11T10:28:23+00:00\" \/>\n<meta name=\"twitter:label1\" content=\"Gesch\u00e4tzte Lesezeit\" \/>\n\t<meta name=\"twitter:data1\" content=\"1\u00a0Minute\" \/>\n<script type=\"application\/ld+json\" class=\"yoast-schema-graph\">{\"@context\":\"https:\/\/schema.org\",\"@graph\":[{\"@type\":\"WebPage\",\"@id\":\"https:\/\/academiacontacto.com\/de\/privacy-policy\/\",\"url\":\"https:\/\/academiacontacto.com\/de\/privacy-policy\/\",\"name\":\"Datenschutzbestimmungen -\",\"isPartOf\":{\"@id\":\"https:\/\/academiacontacto.com\/pl\/#website\"},\"datePublished\":\"2016-12-27T03:36:14+00:00\",\"dateModified\":\"2017-04-11T10:28:23+00:00\",\"breadcrumb\":{\"@id\":\"https:\/\/academiacontacto.com\/de\/privacy-policy\/#breadcrumb\"},\"inLanguage\":\"de\",\"potentialAction\":[{\"@type\":\"ReadAction\",\"target\":[\"https:\/\/academiacontacto.com\/de\/privacy-policy\/\"]}]},{\"@type\":\"BreadcrumbList\",\"@id\":\"https:\/\/academiacontacto.com\/de\/privacy-policy\/#breadcrumb\",\"itemListElement\":[{\"@type\":\"ListItem\",\"position\":1,\"name\":\"Home\",\"item\":\"https:\/\/academiacontacto.com\/de\/\"},{\"@type\":\"ListItem\",\"position\":2,\"name\":\"Datenschutzbestimmungen\"}]},{\"@type\":\"WebSite\",\"@id\":\"https:\/\/academiacontacto.com\/pl\/#website\",\"url\":\"https:\/\/academiacontacto.com\/pl\/\",\"name\":\"Academia Contacto\",\"description\":\"Aprende Espa\u00f1ol con Academia Contacto\",\"publisher\":{\"@id\":\"https:\/\/academiacontacto.com\/pl\/#organization\"},\"potentialAction\":[{\"@type\":\"SearchAction\",\"target\":{\"@type\":\"EntryPoint\",\"urlTemplate\":\"https:\/\/academiacontacto.com\/pl\/?s={search_term_string}\"},\"query-input\":{\"@type\":\"PropertyValueSpecification\",\"valueRequired\":true,\"valueName\":\"search_term_string\"}}],\"inLanguage\":\"de\"},{\"@type\":\"Organization\",\"@id\":\"https:\/\/academiacontacto.com\/pl\/#organization\",\"name\":\"Academia Contacto\",\"url\":\"https:\/\/academiacontacto.com\/pl\/\",\"logo\":{\"@type\":\"ImageObject\",\"inLanguage\":\"de\",\"@id\":\"https:\/\/academiacontacto.com\/pl\/#\/schema\/logo\/image\/\",\"url\":\"https:\/\/academiacontacto.com\/wp-content\/uploads\/2021\/09\/acontacto.jpg\",\"contentUrl\":\"https:\/\/academiacontacto.com\/wp-content\/uploads\/2021\/09\/acontacto.jpg\",\"width\":218,\"height\":70,\"caption\":\"Academia Contacto\"},\"image\":{\"@id\":\"https:\/\/academiacontacto.com\/pl\/#\/schema\/logo\/image\/\"}}]}<\/script>\n<!-- \/ Yoast SEO plugin. -->","yoast_head_json":{"title":"Datenschutzbestimmungen -","robots":{"index":"index","follow":"follow","max-snippet":"max-snippet:-1","max-image-preview":"max-image-preview:large","max-video-preview":"max-video-preview:-1"},"canonical":"https:\/\/academiacontacto.com\/de\/privacy-policy\/","og_locale":"de_DE","og_type":"article","og_title":"Datenschutzbestimmungen -","og_description":"Datenschutzbestimmungen In \u00dcbereinstimmung mit dem geltenden Organgesetz 15\/1999 zum Schutz personenbezogener Daten wird hiermit dar\u00fcber in Kenntnis gesetzt, dass das Ausf\u00fcllen jeglicher auf der Webseite www.academiacontacto.com existierender Formulare oder der Erlass jeglicher Mailadressen an eines unserer Konten die Akzeptanz dieser Datenschutzbestimmungen mit einbezieht und Academia Contacto AG. somit dazu erm\u00e4chtigt, mit den pers\u00f6nlichen Daten, die [&hellip;]","og_url":"https:\/\/academiacontacto.com\/de\/privacy-policy\/","og_site_name":"Academia Contacto","article_modified_time":"2017-04-11T10:28:23+00:00","twitter_misc":{"Gesch\u00e4tzte Lesezeit":"1\u00a0Minute"},"schema":{"@context":"https:\/\/schema.org","@graph":[{"@type":"WebPage","@id":"https:\/\/academiacontacto.com\/de\/privacy-policy\/","url":"https:\/\/academiacontacto.com\/de\/privacy-policy\/","name":"Datenschutzbestimmungen -","isPartOf":{"@id":"https:\/\/academiacontacto.com\/pl\/#website"},"datePublished":"2016-12-27T03:36:14+00:00","dateModified":"2017-04-11T10:28:23+00:00","breadcrumb":{"@id":"https:\/\/academiacontacto.com\/de\/privacy-policy\/#breadcrumb"},"inLanguage":"de","potentialAction":[{"@type":"ReadAction","target":["https:\/\/academiacontacto.com\/de\/privacy-policy\/"]}]},{"@type":"BreadcrumbList","@id":"https:\/\/academiacontacto.com\/de\/privacy-policy\/#breadcrumb","itemListElement":[{"@type":"ListItem","position":1,"name":"Home","item":"https:\/\/academiacontacto.com\/de\/"},{"@type":"ListItem","position":2,"name":"Datenschutzbestimmungen"}]},{"@type":"WebSite","@id":"https:\/\/academiacontacto.com\/pl\/#website","url":"https:\/\/academiacontacto.com\/pl\/","name":"Academia Contacto","description":"Aprende Espa\u00f1ol con Academia Contacto","publisher":{"@id":"https:\/\/academiacontacto.com\/pl\/#organization"},"potentialAction":[{"@type":"SearchAction","target":{"@type":"EntryPoint","urlTemplate":"https:\/\/academiacontacto.com\/pl\/?s={search_term_string}"},"query-input":{"@type":"PropertyValueSpecification","valueRequired":true,"valueName":"search_term_string"}}],"inLanguage":"de"},{"@type":"Organization","@id":"https:\/\/academiacontacto.com\/pl\/#organization","name":"Academia Contacto","url":"https:\/\/academiacontacto.com\/pl\/","logo":{"@type":"ImageObject","inLanguage":"de","@id":"https:\/\/academiacontacto.com\/pl\/#\/schema\/logo\/image\/","url":"https:\/\/academiacontacto.com\/wp-content\/uploads\/2021\/09\/acontacto.jpg","contentUrl":"https:\/\/academiacontacto.com\/wp-content\/uploads\/2021\/09\/acontacto.jpg","width":218,"height":70,"caption":"Academia Contacto"},"image":{"@id":"https:\/\/academiacontacto.com\/pl\/#\/schema\/logo\/image\/"}}]}},"_links":{"self":[{"href":"https:\/\/academiacontacto.com\/de\/wp-json\/wp\/v2\/pages\/16176","targetHints":{"allow":["GET"]}}],"collection":[{"href":"https:\/\/academiacontacto.com\/de\/wp-json\/wp\/v2\/pages"}],"about":[{"href":"https:\/\/academiacontacto.com\/de\/wp-json\/wp\/v2\/types\/page"}],"author":[{"embeddable":true,"href":"https:\/\/academiacontacto.com\/de\/wp-json\/wp\/v2\/users\/3"}],"replies":[{"embeddable":true,"href":"https:\/\/academiacontacto.com\/de\/wp-json\/wp\/v2\/comments?post=16176"}],"version-history":[{"count":0,"href":"https:\/\/academiacontacto.com\/de\/wp-json\/wp\/v2\/pages\/16176\/revisions"}],"wp:attachment":[{"href":"https:\/\/academiacontacto.com\/de\/wp-json\/wp\/v2\/media?parent=16176"}],"curies":[{"name":"wp","href":"https:\/\/api.w.org\/{rel}","templated":true}]}}