{"id":16173,"date":"2017-01-22T08:18:35","date_gmt":"2017-01-22T08:18:35","guid":{"rendered":"http:\/\/academiacontacto.com\/?page_id=16173\/"},"modified":"2022-01-28T16:22:15","modified_gmt":"2022-01-28T16:22:15","slug":"valencia","status":"publish","type":"page","link":"https:\/\/academiacontacto.com\/de\/preise\/valencia\/","title":{"rendered":"Valencia"},"content":{"rendered":"<p style=\"text-align: center;\"><em>Im Preis inbegriffen: Spanischkurs, Unterrichtsmaterialien, Zertifikat, Nutzung der Bibliothek und des Internets, Kulturprogramm und Service. <\/em><em>Studenten pro Gruppe: <strong>3 &#8211; 10<\/strong>. 1 Unterrichtstunde: <strong>50 Minuten<\/strong>. Anmeldungsgeb\u00fchr: <strong>50 \u20ac<br \/><\/strong><\/em><a href=\"https:\/\/academiacontacto.com\/de\/courses\/valencia\/?show_start_dates=1\">Kursbeginn<\/a><\/p>","protected":false},"excerpt":{"rendered":"<p>Im Preis inbegriffen: Spanischkurs, Unterrichtsmaterialien, Zertifikat, Nutzung der Bibliothek und des Internets, Kulturprogramm und Service. Studenten pro Gruppe: 3 &#8211; 10. 1 Unterrichtstunde: 50 Minuten. Anmeldungsgeb\u00fchr: 50 \u20acKursbeginn<\/p>\n","protected":false},"author":3,"featured_media":0,"parent":16071,"menu_order":320,"comment_status":"closed","ping_status":"closed","template":"page-prices.php","meta":{"_acf_changed":false,"om_disable_all_campaigns":false,"_monsterinsights_skip_tracking":false,"_monsterinsights_sitenote_active":false,"_monsterinsights_sitenote_note":"","_monsterinsights_sitenote_category":0,"_uf_show_specific_survey":0,"_uf_disable_surveys":false,"_joinchat":[],"footnotes":""},"class_list":["post-16173","page","type-page","status-publish","hentry"],"acf":[],"aioseo_notices":[],"yoast_head":"<!-- This site is optimized with the Yoast SEO plugin v27.0 - https:\/\/yoast.com\/product\/yoast-seo-wordpress\/ -->\n<title>Hier findest du die Preise f\u00fcr Spanischkurse in Valencia<\/title>\n<meta name=\"description\" content=\"Die Preise f\u00fcr die Spanischkurse in Valencia erf\u00e4hrst du hier. Je nach Auswahl hast du unterschiedliche Kurse. Dabei kannst du aus mehreren Optionen w\u00e4hlen.\" \/>\n<meta name=\"robots\" content=\"index, follow, max-snippet:-1, max-image-preview:large, max-video-preview:-1\" \/>\n<link rel=\"canonical\" href=\"https:\/\/academiacontacto.com\/de\/preise\/valencia\/\" \/>\n<meta property=\"og:locale\" content=\"de_DE\" \/>\n<meta property=\"og:type\" content=\"article\" \/>\n<meta property=\"og:title\" content=\"Hier findest du die Preise f\u00fcr Spanischkurse in Valencia\" \/>\n<meta property=\"og:description\" content=\"Die Preise f\u00fcr die Spanischkurse in Valencia erf\u00e4hrst du hier. Je nach Auswahl hast du unterschiedliche Kurse. Dabei kannst du aus mehreren Optionen w\u00e4hlen.\" \/>\n<meta property=\"og:url\" content=\"https:\/\/academiacontacto.com\/de\/preise\/valencia\/\" \/>\n<meta property=\"og:site_name\" content=\"Academia Contacto\" \/>\n<meta property=\"article:modified_time\" content=\"2022-01-28T16:22:15+00:00\" \/>\n<script type=\"application\/ld+json\" class=\"yoast-schema-graph\">{\"@context\":\"https:\/\/schema.org\",\"@graph\":[{\"@type\":\"WebPage\",\"@id\":\"https:\/\/academiacontacto.com\/de\/preise\/valencia\/\",\"url\":\"https:\/\/academiacontacto.com\/de\/preise\/valencia\/\",\"name\":\"Hier findest du die Preise f\u00fcr Spanischkurse in Valencia\",\"isPartOf\":{\"@id\":\"https:\/\/academiacontacto.com\/pl\/#website\"},\"datePublished\":\"2017-01-22T08:18:35+00:00\",\"dateModified\":\"2022-01-28T16:22:15+00:00\",\"description\":\"Die Preise f\u00fcr die Spanischkurse in Valencia erf\u00e4hrst du hier. Je nach Auswahl hast du unterschiedliche Kurse. Dabei kannst du aus mehreren Optionen w\u00e4hlen.\",\"breadcrumb\":{\"@id\":\"https:\/\/academiacontacto.com\/de\/preise\/valencia\/#breadcrumb\"},\"inLanguage\":\"de\",\"potentialAction\":[{\"@type\":\"ReadAction\",\"target\":[\"https:\/\/academiacontacto.com\/de\/preise\/valencia\/\"]}]},{\"@type\":\"BreadcrumbList\",\"@id\":\"https:\/\/academiacontacto.com\/de\/preise\/valencia\/#breadcrumb\",\"itemListElement\":[{\"@type\":\"ListItem\",\"position\":1,\"name\":\"Home\",\"item\":\"https:\/\/academiacontacto.com\/de\/\"},{\"@type\":\"ListItem\",\"position\":2,\"name\":\"Preise\",\"item\":\"https:\/\/academiacontacto.com\/de\/preise\/\"},{\"@type\":\"ListItem\",\"position\":3,\"name\":\"Valencia\"}]},{\"@type\":\"WebSite\",\"@id\":\"https:\/\/academiacontacto.com\/pl\/#website\",\"url\":\"https:\/\/academiacontacto.com\/pl\/\",\"name\":\"Academia Contacto\",\"description\":\"Aprende Espa\u00f1ol con Academia Contacto\",\"publisher\":{\"@id\":\"https:\/\/academiacontacto.com\/pl\/#organization\"},\"potentialAction\":[{\"@type\":\"SearchAction\",\"target\":{\"@type\":\"EntryPoint\",\"urlTemplate\":\"https:\/\/academiacontacto.com\/pl\/?s={search_term_string}\"},\"query-input\":{\"@type\":\"PropertyValueSpecification\",\"valueRequired\":true,\"valueName\":\"search_term_string\"}}],\"inLanguage\":\"de\"},{\"@type\":\"Organization\",\"@id\":\"https:\/\/academiacontacto.com\/pl\/#organization\",\"name\":\"Academia Contacto\",\"url\":\"https:\/\/academiacontacto.com\/pl\/\",\"logo\":{\"@type\":\"ImageObject\",\"inLanguage\":\"de\",\"@id\":\"https:\/\/academiacontacto.com\/pl\/#\/schema\/logo\/image\/\",\"url\":\"https:\/\/academiacontacto.com\/wp-content\/uploads\/2021\/09\/acontacto.jpg\",\"contentUrl\":\"https:\/\/academiacontacto.com\/wp-content\/uploads\/2021\/09\/acontacto.jpg\",\"width\":218,\"height\":70,\"caption\":\"Academia Contacto\"},\"image\":{\"@id\":\"https:\/\/academiacontacto.com\/pl\/#\/schema\/logo\/image\/\"}}]}<\/script>\n<!-- \/ Yoast SEO plugin. -->","yoast_head_json":{"title":"Hier findest du die Preise f\u00fcr Spanischkurse in Valencia","description":"Die Preise f\u00fcr die Spanischkurse in Valencia erf\u00e4hrst du hier. Je nach Auswahl hast du unterschiedliche Kurse. Dabei kannst du aus mehreren Optionen w\u00e4hlen.","robots":{"index":"index","follow":"follow","max-snippet":"max-snippet:-1","max-image-preview":"max-image-preview:large","max-video-preview":"max-video-preview:-1"},"canonical":"https:\/\/academiacontacto.com\/de\/preise\/valencia\/","og_locale":"de_DE","og_type":"article","og_title":"Hier findest du die Preise f\u00fcr Spanischkurse in Valencia","og_description":"Die Preise f\u00fcr die Spanischkurse in Valencia erf\u00e4hrst du hier. Je nach Auswahl hast du unterschiedliche Kurse. Dabei kannst du aus mehreren Optionen w\u00e4hlen.","og_url":"https:\/\/academiacontacto.com\/de\/preise\/valencia\/","og_site_name":"Academia Contacto","article_modified_time":"2022-01-28T16:22:15+00:00","schema":{"@context":"https:\/\/schema.org","@graph":[{"@type":"WebPage","@id":"https:\/\/academiacontacto.com\/de\/preise\/valencia\/","url":"https:\/\/academiacontacto.com\/de\/preise\/valencia\/","name":"Hier findest du die Preise f\u00fcr Spanischkurse in Valencia","isPartOf":{"@id":"https:\/\/academiacontacto.com\/pl\/#website"},"datePublished":"2017-01-22T08:18:35+00:00","dateModified":"2022-01-28T16:22:15+00:00","description":"Die Preise f\u00fcr die Spanischkurse in Valencia erf\u00e4hrst du hier. Je nach Auswahl hast du unterschiedliche Kurse. Dabei kannst du aus mehreren Optionen w\u00e4hlen.","breadcrumb":{"@id":"https:\/\/academiacontacto.com\/de\/preise\/valencia\/#breadcrumb"},"inLanguage":"de","potentialAction":[{"@type":"ReadAction","target":["https:\/\/academiacontacto.com\/de\/preise\/valencia\/"]}]},{"@type":"BreadcrumbList","@id":"https:\/\/academiacontacto.com\/de\/preise\/valencia\/#breadcrumb","itemListElement":[{"@type":"ListItem","position":1,"name":"Home","item":"https:\/\/academiacontacto.com\/de\/"},{"@type":"ListItem","position":2,"name":"Preise","item":"https:\/\/academiacontacto.com\/de\/preise\/"},{"@type":"ListItem","position":3,"name":"Valencia"}]},{"@type":"WebSite","@id":"https:\/\/academiacontacto.com\/pl\/#website","url":"https:\/\/academiacontacto.com\/pl\/","name":"Academia Contacto","description":"Aprende Espa\u00f1ol con Academia Contacto","publisher":{"@id":"https:\/\/academiacontacto.com\/pl\/#organization"},"potentialAction":[{"@type":"SearchAction","target":{"@type":"EntryPoint","urlTemplate":"https:\/\/academiacontacto.com\/pl\/?s={search_term_string}"},"query-input":{"@type":"PropertyValueSpecification","valueRequired":true,"valueName":"search_term_string"}}],"inLanguage":"de"},{"@type":"Organization","@id":"https:\/\/academiacontacto.com\/pl\/#organization","name":"Academia Contacto","url":"https:\/\/academiacontacto.com\/pl\/","logo":{"@type":"ImageObject","inLanguage":"de","@id":"https:\/\/academiacontacto.com\/pl\/#\/schema\/logo\/image\/","url":"https:\/\/academiacontacto.com\/wp-content\/uploads\/2021\/09\/acontacto.jpg","contentUrl":"https:\/\/academiacontacto.com\/wp-content\/uploads\/2021\/09\/acontacto.jpg","width":218,"height":70,"caption":"Academia Contacto"},"image":{"@id":"https:\/\/academiacontacto.com\/pl\/#\/schema\/logo\/image\/"}}]}},"_links":{"self":[{"href":"https:\/\/academiacontacto.com\/de\/wp-json\/wp\/v2\/pages\/16173","targetHints":{"allow":["GET"]}}],"collection":[{"href":"https:\/\/academiacontacto.com\/de\/wp-json\/wp\/v2\/pages"}],"about":[{"href":"https:\/\/academiacontacto.com\/de\/wp-json\/wp\/v2\/types\/page"}],"author":[{"embeddable":true,"href":"https:\/\/academiacontacto.com\/de\/wp-json\/wp\/v2\/users\/3"}],"replies":[{"embeddable":true,"href":"https:\/\/academiacontacto.com\/de\/wp-json\/wp\/v2\/comments?post=16173"}],"version-history":[{"count":0,"href":"https:\/\/academiacontacto.com\/de\/wp-json\/wp\/v2\/pages\/16173\/revisions"}],"up":[{"embeddable":true,"href":"https:\/\/academiacontacto.com\/de\/wp-json\/wp\/v2\/pages\/16071"}],"wp:attachment":[{"href":"https:\/\/academiacontacto.com\/de\/wp-json\/wp\/v2\/media?parent=16173"}],"curies":[{"name":"wp","href":"https:\/\/api.w.org\/{rel}","templated":true}]}}