{"id":16153,"date":"2016-12-27T03:33:09","date_gmt":"2016-12-27T03:33:09","guid":{"rendered":"http:\/\/academiacontacto.com\/legal-notice\/"},"modified":"2024-01-25T17:07:38","modified_gmt":"2024-01-25T17:07:38","slug":"legal-notice","status":"publish","type":"page","link":"https:\/\/academiacontacto.com\/de\/legal-notice\/","title":{"rendered":"Impressum und allgemeine Gesch\u00e4ftbedingungen"},"content":{"rendered":"<h1 class=\"themed dots\" style=\"text-align: center;\">Impressum und allgemeine Gesch\u00e4ftbedingungen<\/h1><p class=\"swp-legal-box\"><strong>Eigent\u00fcmer: Academia Contacto AG<\/strong><\/p><p><strong>C.I.F.: B82850686\u00a0<br \/><\/strong><strong>Anschrift: Calle Raimundo Lulio 7, 28010, Madrid<br \/><\/strong><\/p><p><strong>Kontakt: info@academiacontacto.com<\/strong><\/p><p class=\"swp-legal-box\">Academia Contacto AG hat alle Rechte \u00fcber den Inhalt, das Design und den Quellcode dieser Webseite und im Besonderen \u00fcber die Informationen. Ungeachtet des zuvor Geschriebenen geh\u00f6ren die auf dieser Webseite genannten Firmennamen, Warenzeichen oder speziellen Logos ihren entsprechenden Eigent\u00fcmern und sind nach den geltenden Gesetzen \u00fcber geistiges und gewerbliches Eigentum gesch\u00fctzt. Der Inhaber dieser Webseite beh\u00e4lt sich das Recht vor, den Inhalt zu aktualisieren, wenn er dies f\u00fcr angemessen h\u00e4lt, sowie den Zugriff auf den Inhalt vor\u00fcbergehend oder dauerhaft zu entfernen, zu begrenzen oder zu verhindern. Jede Transaktion, Verbreitung, Kopie, Speicherung oder \u00f6ffentliche Bekanntgabe muss ganz oder teilweise die ausdr\u00fcckliche Erlaubnis von Academia Contacto AG haben. Die Verwendung von Hyperlinks auf der Webseite, sowohl auf die Homepage als auch auf andere Seiten, ist erlaubt. Jegliche Verwendung, Ver\u00e4nderung oder Verwertung der auf der Website enthaltenen Inhalte f\u00fcr rechtwidrige Zwecke, Moral oder \u00f6ffentliche Ordnung ist verboten. Es wird garantiert, dass die meisten der verwendeten Bilder zur Veranschaulichung der Webseite aus unabh\u00e4ngigen Datenbanken entnommen wurden, nachdem sie die entsprechende Lizensierung ihrer Nutzung erworben hatten. Die restlichen Bilder geh\u00f6ren der Academia Contacto AG. Academia Contacto AG, seine Partner, Fachkr\u00e4ften und\/oder sonstiges Personal haften nicht f\u00fcr irgendwelche Sch\u00e4den oder Verluste, die direkt oder indirekt gegen jeglichen Benutzer oder Dritte entstehen, durch Entscheidungen, die auf der Grundlage des Inhalts dieser Webseite getroffen wurden. Genauso wenig \u00fcbernimmt Academia Contacto AG die Verantwortung f\u00fcr den Inhalt der Seiten, auf die der Nutzer \u00fcber die auf der Webseite enthaltenen Links zugreifen kann.<\/p><p>&nbsp;<\/p><p><span style=\"text-decoration: underline;\"><strong>Allgemeine Gesch\u00e4ftsbedingungen<\/strong><\/span><\/p><ol><li><b>Anmeldung<\/b><\/li><\/ol><p>Die Anmeldung ist eine wesentliche Voraussetzung f\u00fcr die Bewerbung, sie ist ordnungsgem\u00e4\u00df in allen seinen Feldern auszuf\u00fcllen. Im Falle eines Minderj\u00e4hrigen muss diese von den Eltern oder Erziehungsberechtigten des Studenten unterzeichnet werden und zusammen mit der Zahlung der Reservierung eingereicht werden. Die Reservierungsgeb\u00fchr betr\u00e4gt 200\u20ac, welche vom Preis des Kurses abgezogen wir. Sobald wir Ihre Anmeldung erhalten haben, bekommen sie eine Best\u00e4tigung, um am Kurs teilnehmen zu k\u00f6nnen.<\/p><ol start=\"2\"><li><strong> Zahlungsbedingungen<\/strong><\/li><\/ol><p>Die Reservierungsgeb\u00fchr muss zum Zeitpunkt der Registrierung vollst\u00e4ndig bezahlt werden, ansonsten ist Academia Contacto nicht dazu verpflichtet, dem Studenten gegen\u00fcber Leistungen zu erbringen. Sp\u00e4testens zwei Wochen vor dem ersten Tag des Kurses m\u00fcssen Kurs und Unterkunft in vollem Umfang bezahlt sein. In Madrid k\u00f6nnen sie den Kurs und die Unterkunft in vollem Umfang auch am ersten Kurstag bezahlen. Wenn Sie sich kurzfristig anmelden k\u00f6nnen wir ihnen nicht immer die Unterkunft ihrer Wahl garantieren.<\/p><ol start=\"3\"><li><strong> Zahlungsarten<\/strong><\/li><\/ol><p>\u00dcberweisung auf unser Konto:<br \/>Academia Contacto. Santander Bank Luchana 33, 28010 Madrid. IBAN: ES38 0049 4679 11 2916478381 SWIFT \/ BIC: BSCHESMM<br \/>Kreditkarte (Visa, Mastercard)<br \/>Bar<\/p><ol start=\"4\"><li><strong>Service<\/strong><\/li><\/ol><p>Sie erhalten die in ihrem Anmeldeformular festgelegten Leistungen, die von Academia Contacto ordnungsgem\u00e4\u00df best\u00e4tigt wurden. Im Preis des Kurses inbegriffen sind: Sprachkurs, Unterrichtsmaterial, Nutzung der Bibliothek und des Internets, Kulturprogramme und und andere kursbezogene Leistungen. Nicht im Preis des Kurses inbegriffen sind: Eintrittsgelder und Reisen zu allen St\u00e4dten und Shows au\u00dferhalb der Schule sowie Kosten f\u00fcr Ausfl\u00fcge, gemeinsames Essen mit den Lehrern, Kochen, Weinproben, Flughafen-Transfer, wie auch alle anderen Dienstleistungen, die nicht ausdr\u00fccklich angegeben sind. Wir behalten uns das Recht vor, unser Kulturprogramm zu \u00e4ndern oder kulturelle Aktivit\u00e4ten wegen geringer Teilnehmerzahlen abzusagen. Bei der Kollaboration mit Drittfirmen gelten die Bedingungen letzterer.<\/p><ol start=\"5\"><li><strong> \u00c4nderungen\/Stornierungen<\/strong><\/li><\/ol><p>Der Kunde kann die Daten und die Art des Kurses bis zu 4 Wochen vor Kursbeginn \u00e4ndern, unter Vorbehalt der Verf\u00fcgbarkeit von Pl\u00e4tzen. Der Verzicht auf den Kurs muss schriftlich erfolgen. Im Falle des Erhalts des R\u00fccktritts bis zu 30 Tage vor Kursbeginn wird Ihnen ihr Geld bis auf 100\u20ac zur\u00fcckerstattet. Im Falle des Erhalts des R\u00fccktritts weniger als 30 Tage vor Kursbeginn wird Ihnen ihr Geld bis auf 200\u20ac zur\u00fcckerstattet.<br \/><span class=\"Y2IQFc\" lang=\"de\"><span class=\"HwtZe\" jsaction=\"mouseup:Sxi9L,BR6jm; mousedown:qjlr0e\" jsname=\"jqKxS\" lang=\"de\"><span jsaction=\"agoMJf:PFBcW;MZfLnc:P7O7bd;nt4Alf:pvnm0e,pfE8Hb,PFBcW;B01qod:dJXsye;H1e5u:iXtTIf;lYIUJf:hij5Wb;bmeZHc:iURhpf;Oxj3Xe:qAKMYb,yaf12d\" jsname=\"txFAF\" class=\"jCAhz ChMk0b\" jscontroller=\"Gn4SMb\"><span class=\"ryNqvb\" jsaction=\"click:E6Tfl,GFf3ac,tMZCfe; contextmenu:Nqw7Te,QP7LD; mouseout:Nqw7Te; mouseover:E6Tfl,c2aHje\" jsname=\"W297wb\">Wenn Sie ein Studentenvisum ben\u00f6tigen, muss der volle Betrag bezahlt werden, bevor eine Bescheinugung f\u00fcr das Konsulat ausgestellt werden kann.<\/span><\/span> <span jsaction=\"agoMJf:PFBcW;MZfLnc:P7O7bd;nt4Alf:pvnm0e,pfE8Hb,PFBcW;B01qod:dJXsye;H1e5u:iXtTIf;lYIUJf:hij5Wb;bmeZHc:iURhpf;Oxj3Xe:qAKMYb,yaf12d\" jsname=\"txFAF\" class=\"jCAhz ChMk0b\" jscontroller=\"Gn4SMb\"><span class=\"ryNqvb\" jsaction=\"click:E6Tfl,GFf3ac,tMZCfe; contextmenu:Nqw7Te,QP7LD; mouseout:Nqw7Te; mouseover:E6Tfl,c2aHje\" jsname=\"W297wb\">Ab diesem Zeitpunkt ist eine R\u00fcckerstattung nicht mehr m\u00f6glich, au\u00dfer im Falle eines erfolglosen Antrags, bei dem nach Vorlage eines zufriedenstellenden Nachweises eine vollst\u00e4ndige R\u00fcckerstattung abz\u00fcglich einer Bearbeitungsgeb\u00fchr von 200 \u20ac erfolgt.<br \/><\/span><\/span><\/span><\/span>Wenn ein Student zu Beginn des Kurses nicht erscheint, ohne in sich in der oben genannten Art und weise abgemeldet zu haben oder wenn er sich vor Abschluss des Kurses dazu entschieden hat, dieses abzubrechen, m\u00fcssen die vollen Kosten f\u00fcr Kurs und Unterkunft bezahlt werden. In der Hochsaison werden die Unterrichtsstunden eventuell in R\u00e4umen abgehalten, die nicht der Academia Contacto geh\u00f6ren, weshalb es m\u00f6glicherweise eine zweite Schicht f\u00fcr den Intensivkurs am Nachmittag geben kann.<br \/><span class=\"HwtZe\" jsaction=\"mouseup:Sxi9L,BR6jm; mousedown:qjlr0e\" jsname=\"jqKxS\" lang=\"de\"><span jsaction=\"agoMJf:PFBcW;MZfLnc:P7O7bd;nt4Alf:pvnm0e,pfE8Hb,PFBcW;B01qod:dJXsye;H1e5u:iXtTIf;lYIUJf:hij5Wb;bmeZHc:iURhpf;Oxj3Xe:qAKMYb,yaf12d\" jsname=\"txFAF\" class=\"jCAhz ChMk0b\" jscontroller=\"Gn4SMb\"><span class=\"ryNqvb\" jsaction=\"click:E6Tfl,GFf3ac,tMZCfe; contextmenu:Nqw7Te,QP7LD; mouseout:Nqw7Te; mouseover:E6Tfl,c2aHje\" jsname=\"W297wb\">Einzelstunden m\u00fcssen mindestens 24 Stunden im Voraus abgesagt werden.<\/span><\/span><\/span><\/p><ol start=\"6\"><li><strong> Erweiterung des Kurses<\/strong><\/li><\/ol><p>Wenn sie sich dazu entscheiden, Ihren Kurs zu verl\u00e4ngern, m\u00fcssen Sie dies der Academia Contacto eine Woche vor Beginn des neuen Kurses mitteilen und sp\u00e4testens am ersten Kurstag des neuen Kurses bezahlen. Wir werden nicht immer in der Lage sein, die selbe Unterkunft wie die, w\u00e4hrend des urspr\u00fcnglichen Kurses, zu garantieren.<\/p><ol start=\"7\"><li><strong> Alter\/Anzahl der Studenten<\/strong><\/li><\/ol><p>Das Mindestalter f\u00fcr die Teilnahme an unseren Kursen ist 17. Die Mindestteilnehmerzahl betr\u00e4gt 3 Personen. Sollte keine Gruppe f\u00fcr das von dem Studenten gew\u00fcnschte Spanischlevel zustande kommen, wird dem Student eine reduzierte Anzahl an Stunden angeboten.<\/p><ol start=\"8\"><li><strong> Tage ohne Unterricht<\/strong><\/li><\/ol><p>An Feiertagen findet kein Unterricht statt. In Madrid wird die H\u00e4lfte dieser verlorenen Unterrichtsstunden in der selben Woche aufgeholt.<\/p><ol start=\"9\"><li><strong> Versicherung<\/strong><\/li><\/ol><p>Unsere Kunden sind f\u00fcr alle Gefahren die in der Schule passieren k\u00f6nnten versichert. Academia Contacto oder die Gastfamilien sind nicht bei Unf\u00e4llen, Krankheit, Diebstahl oder Verlust von Wertgegenst\u00e4nden verantwortlich. Wir empfehlen den Abschluss einer Krankenversicherung vor Beginn des Kurses.<\/p><ol start=\"10\"><li><strong> Ausschluss<\/strong><\/li><\/ol><p>Academia Contacto ist dazu berechtigt vom Vertrag zur\u00fcckzutreten, wenn ein Student einen schwerwiegenden Versto\u00df gegen die festgelegten Verhaltensregeln, die anerkannt und akzeptiert werde m\u00fcssen, begeht. In einem solchen Fall wird der Preis des Kurses nicht zur\u00fcckerstattet.<\/p><ol start=\"11\"><li><strong> L\u00f6sung von Konflikten<\/strong><\/li><\/ol><p>Die Unterschiede, die sich ergeben k\u00f6nnen, werden von den Gerichten und Tribunalen Madrids behandelt, ausdr\u00fccklich auf andere Gerichte verzichtend. Die Kosten f\u00fcr Anw\u00e4lte, die der Academia Contacto anfallen, auch f\u00fcr diejenigen, die nicht gesetzlich vorgeschrieben sind, werden vom Kunden getragen auch wenn das Urteil die Forderungen der Academia Contacto umfasst oder die des Studenten ablehnt.<\/p><ol start=\"12\"><li><strong> Datenschutz<\/strong><\/li><\/ol><p>Academia Contacto verpflichtet sich zur absoluten Geheimhaltung der personenbezogenen Daten, auf die sie in \u00dcbereinstimmung mit diesem Vertrag zugreift, und zur Einhaltung aller gesetzlichen Bestimmungen des Organgesetzes 15\/1999 \u00fcber den Schutz personenbezogener Daten. Der Student stimmt ausdr\u00fccklich und unmissverst\u00e4ndlich der \u00dcbermittlung seiner personenbezogenen Daten an Academia Contacto zu, insofern es notwendig ist, die Verpflichtungen des Gesetzes oder die von den Parteien vereinbarten Verpflichtungen einzuhalten.<\/p><p>Die Einreichung der Anmeldung bedeutet, dass Sie die vorliegenden Gesch\u00e4ftsbedingungen akzeptiert haben.<\/p><p>&nbsp;<\/p><ol class=\"more-margin\"><\/ol>","protected":false},"excerpt":{"rendered":"<p>Impressum und allgemeine Gesch\u00e4ftbedingungenEigent\u00fcmer: Academia Contacto AGC.I.F.: B82850686\u00a0Anschrift: Calle Raimundo Lulio 7, 28010, MadridKontakt: info@academiacontacto.comAcademia Contacto AG hat alle Rechte \u00fcber den Inhalt, das Design und den Quellcode dieser Webseite und im Besonderen \u00fcber die Informationen. Ungeachtet des zuvor Geschriebenen geh\u00f6ren die auf dieser Webseite genannten Firmennamen, Warenzeichen oder speziellen Logos ihren entsprechenden Eigent\u00fcmern und [&hellip;]<\/p>\n","protected":false},"author":3,"featured_media":0,"parent":0,"menu_order":314,"comment_status":"closed","ping_status":"closed","template":"page-content.php","meta":{"_acf_changed":false,"om_disable_all_campaigns":false,"_monsterinsights_skip_tracking":false,"_monsterinsights_sitenote_active":false,"_monsterinsights_sitenote_note":"","_monsterinsights_sitenote_category":0,"_uf_show_specific_survey":0,"_uf_disable_surveys":false,"_joinchat":[],"footnotes":""},"class_list":["post-16153","page","type-page","status-publish","hentry"],"acf":[],"aioseo_notices":[],"yoast_head":"<!-- This site is optimized with the Yoast SEO plugin v27.0 - https:\/\/yoast.com\/product\/yoast-seo-wordpress\/ -->\n<title>Impressum und allgemeine Gesch\u00e4ftbedingungen -<\/title>\n<meta name=\"robots\" content=\"index, follow, max-snippet:-1, max-image-preview:large, max-video-preview:-1\" \/>\n<link rel=\"canonical\" href=\"https:\/\/academiacontacto.com\/de\/legal-notice\/\" \/>\n<meta property=\"og:locale\" content=\"de_DE\" \/>\n<meta property=\"og:type\" content=\"article\" \/>\n<meta property=\"og:title\" content=\"Impressum und allgemeine Gesch\u00e4ftbedingungen -\" \/>\n<meta property=\"og:description\" content=\"Impressum und allgemeine Gesch\u00e4ftbedingungenEigent\u00fcmer: Academia Contacto AGC.I.F.: B82850686\u00a0Anschrift: Calle Raimundo Lulio 7, 28010, MadridKontakt: info@academiacontacto.comAcademia Contacto AG hat alle Rechte \u00fcber den Inhalt, das Design und den Quellcode dieser Webseite und im Besonderen \u00fcber die Informationen. Ungeachtet des zuvor Geschriebenen geh\u00f6ren die auf dieser Webseite genannten Firmennamen, Warenzeichen oder speziellen Logos ihren entsprechenden Eigent\u00fcmern und [&hellip;]\" \/>\n<meta property=\"og:url\" content=\"https:\/\/academiacontacto.com\/de\/legal-notice\/\" \/>\n<meta property=\"og:site_name\" content=\"Academia Contacto\" \/>\n<meta property=\"article:modified_time\" content=\"2024-01-25T17:07:38+00:00\" \/>\n<meta name=\"twitter:label1\" content=\"Gesch\u00e4tzte Lesezeit\" \/>\n\t<meta name=\"twitter:data1\" content=\"5\u00a0Minuten\" \/>\n<script type=\"application\/ld+json\" class=\"yoast-schema-graph\">{\"@context\":\"https:\/\/schema.org\",\"@graph\":[{\"@type\":\"WebPage\",\"@id\":\"https:\/\/academiacontacto.com\/de\/legal-notice\/\",\"url\":\"https:\/\/academiacontacto.com\/de\/legal-notice\/\",\"name\":\"Impressum und allgemeine Gesch\u00e4ftbedingungen -\",\"isPartOf\":{\"@id\":\"https:\/\/academiacontacto.com\/pl\/#website\"},\"datePublished\":\"2016-12-27T03:33:09+00:00\",\"dateModified\":\"2024-01-25T17:07:38+00:00\",\"breadcrumb\":{\"@id\":\"https:\/\/academiacontacto.com\/de\/legal-notice\/#breadcrumb\"},\"inLanguage\":\"de\",\"potentialAction\":[{\"@type\":\"ReadAction\",\"target\":[\"https:\/\/academiacontacto.com\/de\/legal-notice\/\"]}]},{\"@type\":\"BreadcrumbList\",\"@id\":\"https:\/\/academiacontacto.com\/de\/legal-notice\/#breadcrumb\",\"itemListElement\":[{\"@type\":\"ListItem\",\"position\":1,\"name\":\"Home\",\"item\":\"https:\/\/academiacontacto.com\/de\/\"},{\"@type\":\"ListItem\",\"position\":2,\"name\":\"Impressum und allgemeine Gesch\u00e4ftbedingungen\"}]},{\"@type\":\"WebSite\",\"@id\":\"https:\/\/academiacontacto.com\/pl\/#website\",\"url\":\"https:\/\/academiacontacto.com\/pl\/\",\"name\":\"Academia Contacto\",\"description\":\"Aprende Espa\u00f1ol con Academia Contacto\",\"publisher\":{\"@id\":\"https:\/\/academiacontacto.com\/pl\/#organization\"},\"potentialAction\":[{\"@type\":\"SearchAction\",\"target\":{\"@type\":\"EntryPoint\",\"urlTemplate\":\"https:\/\/academiacontacto.com\/pl\/?s={search_term_string}\"},\"query-input\":{\"@type\":\"PropertyValueSpecification\",\"valueRequired\":true,\"valueName\":\"search_term_string\"}}],\"inLanguage\":\"de\"},{\"@type\":\"Organization\",\"@id\":\"https:\/\/academiacontacto.com\/pl\/#organization\",\"name\":\"Academia Contacto\",\"url\":\"https:\/\/academiacontacto.com\/pl\/\",\"logo\":{\"@type\":\"ImageObject\",\"inLanguage\":\"de\",\"@id\":\"https:\/\/academiacontacto.com\/pl\/#\/schema\/logo\/image\/\",\"url\":\"https:\/\/academiacontacto.com\/wp-content\/uploads\/2021\/09\/acontacto.jpg\",\"contentUrl\":\"https:\/\/academiacontacto.com\/wp-content\/uploads\/2021\/09\/acontacto.jpg\",\"width\":218,\"height\":70,\"caption\":\"Academia Contacto\"},\"image\":{\"@id\":\"https:\/\/academiacontacto.com\/pl\/#\/schema\/logo\/image\/\"}}]}<\/script>\n<!-- \/ Yoast SEO plugin. -->","yoast_head_json":{"title":"Impressum und allgemeine Gesch\u00e4ftbedingungen -","robots":{"index":"index","follow":"follow","max-snippet":"max-snippet:-1","max-image-preview":"max-image-preview:large","max-video-preview":"max-video-preview:-1"},"canonical":"https:\/\/academiacontacto.com\/de\/legal-notice\/","og_locale":"de_DE","og_type":"article","og_title":"Impressum und allgemeine Gesch\u00e4ftbedingungen -","og_description":"Impressum und allgemeine Gesch\u00e4ftbedingungenEigent\u00fcmer: Academia Contacto AGC.I.F.: B82850686\u00a0Anschrift: Calle Raimundo Lulio 7, 28010, MadridKontakt: info@academiacontacto.comAcademia Contacto AG hat alle Rechte \u00fcber den Inhalt, das Design und den Quellcode dieser Webseite und im Besonderen \u00fcber die Informationen. Ungeachtet des zuvor Geschriebenen geh\u00f6ren die auf dieser Webseite genannten Firmennamen, Warenzeichen oder speziellen Logos ihren entsprechenden Eigent\u00fcmern und [&hellip;]","og_url":"https:\/\/academiacontacto.com\/de\/legal-notice\/","og_site_name":"Academia Contacto","article_modified_time":"2024-01-25T17:07:38+00:00","twitter_misc":{"Gesch\u00e4tzte Lesezeit":"5\u00a0Minuten"},"schema":{"@context":"https:\/\/schema.org","@graph":[{"@type":"WebPage","@id":"https:\/\/academiacontacto.com\/de\/legal-notice\/","url":"https:\/\/academiacontacto.com\/de\/legal-notice\/","name":"Impressum und allgemeine Gesch\u00e4ftbedingungen -","isPartOf":{"@id":"https:\/\/academiacontacto.com\/pl\/#website"},"datePublished":"2016-12-27T03:33:09+00:00","dateModified":"2024-01-25T17:07:38+00:00","breadcrumb":{"@id":"https:\/\/academiacontacto.com\/de\/legal-notice\/#breadcrumb"},"inLanguage":"de","potentialAction":[{"@type":"ReadAction","target":["https:\/\/academiacontacto.com\/de\/legal-notice\/"]}]},{"@type":"BreadcrumbList","@id":"https:\/\/academiacontacto.com\/de\/legal-notice\/#breadcrumb","itemListElement":[{"@type":"ListItem","position":1,"name":"Home","item":"https:\/\/academiacontacto.com\/de\/"},{"@type":"ListItem","position":2,"name":"Impressum und allgemeine Gesch\u00e4ftbedingungen"}]},{"@type":"WebSite","@id":"https:\/\/academiacontacto.com\/pl\/#website","url":"https:\/\/academiacontacto.com\/pl\/","name":"Academia Contacto","description":"Aprende Espa\u00f1ol con Academia Contacto","publisher":{"@id":"https:\/\/academiacontacto.com\/pl\/#organization"},"potentialAction":[{"@type":"SearchAction","target":{"@type":"EntryPoint","urlTemplate":"https:\/\/academiacontacto.com\/pl\/?s={search_term_string}"},"query-input":{"@type":"PropertyValueSpecification","valueRequired":true,"valueName":"search_term_string"}}],"inLanguage":"de"},{"@type":"Organization","@id":"https:\/\/academiacontacto.com\/pl\/#organization","name":"Academia Contacto","url":"https:\/\/academiacontacto.com\/pl\/","logo":{"@type":"ImageObject","inLanguage":"de","@id":"https:\/\/academiacontacto.com\/pl\/#\/schema\/logo\/image\/","url":"https:\/\/academiacontacto.com\/wp-content\/uploads\/2021\/09\/acontacto.jpg","contentUrl":"https:\/\/academiacontacto.com\/wp-content\/uploads\/2021\/09\/acontacto.jpg","width":218,"height":70,"caption":"Academia Contacto"},"image":{"@id":"https:\/\/academiacontacto.com\/pl\/#\/schema\/logo\/image\/"}}]}},"_links":{"self":[{"href":"https:\/\/academiacontacto.com\/de\/wp-json\/wp\/v2\/pages\/16153","targetHints":{"allow":["GET"]}}],"collection":[{"href":"https:\/\/academiacontacto.com\/de\/wp-json\/wp\/v2\/pages"}],"about":[{"href":"https:\/\/academiacontacto.com\/de\/wp-json\/wp\/v2\/types\/page"}],"author":[{"embeddable":true,"href":"https:\/\/academiacontacto.com\/de\/wp-json\/wp\/v2\/users\/3"}],"replies":[{"embeddable":true,"href":"https:\/\/academiacontacto.com\/de\/wp-json\/wp\/v2\/comments?post=16153"}],"version-history":[{"count":0,"href":"https:\/\/academiacontacto.com\/de\/wp-json\/wp\/v2\/pages\/16153\/revisions"}],"wp:attachment":[{"href":"https:\/\/academiacontacto.com\/de\/wp-json\/wp\/v2\/media?parent=16153"}],"curies":[{"name":"wp","href":"https:\/\/api.w.org\/{rel}","templated":true}]}}