{"id":16148,"date":"2016-12-09T11:48:57","date_gmt":"2016-12-09T11:48:57","guid":{"rendered":"http:\/\/academiacontacto.com\/?page_id=16148\/"},"modified":"2017-04-05T15:48:35","modified_gmt":"2017-04-05T15:48:35","slug":"cookies-policy","status":"publish","type":"page","link":"https:\/\/academiacontacto.com\/de\/cookies-policy\/","title":{"rendered":"Richtlinien zu Cookies"},"content":{"rendered":"<h1 class=\"themed dots\" style=\"text-align: center;\">Richtlinien zu Cookies<\/h1>\r\nDen Standardpraxis vieler Webseiten folgend, k\u00f6nnen wir auf ihrem Computer Cookies, Flashcookies oder andere technische Elemente hinterlegen, und erlangen Zugang zu diesen. Mit der Nutzung der Seite academiacontacto.com stimmen Sie der Nutzung der Cookies zu. Sie k\u00f6nnen jederzeit die Cookies in ihrem Browser deaktivieren, indem sie den durch ihren Browser zur Verf\u00fcgung gestellten Hilfestellungen folgen. Seien sie sich bewusst, dass bei Nutzung dieser Seite auch Dritte sowie Werbenetzwerke , Werbeagenturen und Anbieter anderer Zielgruppen in der Lage sind, auf Ihrem Computer Cookies, Flash Cookies und andere technologische Elemente sowie das Erlangen des Zugangs auf diese, zu hinterlegen. <br \/>\r\n<h2><br \/>Cookies<\/h2><p>\r\nCookies sind auf dem Computer gespeicherte Dateien, die Informationen \u00fcber den User enthalten. Eine Webseite kann nur Zugang zu den Cookies erhalten, die speziell auf dieser Webseite (academiacontacto.com)gespeichert wurden und die von ihr zu folgenden Zwecken genutzt werden:\r\n&#8211; Um uns dabei zu helfen, den Computer des Nutzers als einen fr\u00fcheren Besucher unserer Webseite wiederzuerkennen und jegliche Pr\u00e4ferenzen, die w\u00e4hrend der Nutzung unserer Homepage dort angegeben wurden, aufzunehmen und zu sichern.\r\n&#8211; Um uns dabei zu helfen, den Inhalt und die Werbungen, die w\u00e4hrend der Nutzung unserer Webseite angezeigt wurden, zu personlisieren.\r\n&#8211; Um uns dabei zu helfen, die Effektivit\u00e4t unserer interaktiven Online-Inhalte, unserer Features, unserer Werbung und anderer Mitteilungen zu ermitteln und zu messen; und um dabei zu helfen, die Analyse und Nutzung der Webseite zu \u00fcberwachen und ihren Service zu verbessern. academiacontaco.com bietet dem User Unterst\u00fctzung bei den Schritten zum Zugang zu den Men\u00fceinstellungen zu den Cookies und dem privaten Surfen in folgenden Browsern an:<\/p><p>Internet Explorer: (Einstellungen) -&gt; Sicherheit -&gt; Browserverlauf l\u00f6schen -&gt; Cookies (und Websitedaten) -&gt; L\u00f6schen. F\u00fcr mehr Informationen konsultieren Sie Microsoft support oder die Hilfestellungen im Browser.<\/br>\r\nFirefox: Men\u00fcschaltfl\u00e4che (rechts oben) -&gt; Einstellungen -&gt; Datenschutz -&gt; &#8222;Firefox wird eine Chronik nach benutzerdefinierten Einstellungen anlegen&#8220; -&gt; Cookies anzeigen -&gt; Ausgew\u00e4hlte Cookies entfernen. F\u00fcr mehr Informationen konsultieren Sie Mozilla support oder die Hilfestellungen im Browser.<\/br>\r\nChrome: Tools -&gt; Mehr -&gt; Browserdaten l\u00f6schen -&gt; Cookies und andere Website-und Plug-in-Daten. F\u00fcr mehr Informationen konsultieren Sie Google support oder die Hilfestellungen im Browser.<\/br>\r\nSafari: Einstellungen -&gt; Datenschutz -&gt; Cookies und Websitedaten. F\u00fcr mehr Informationen konsultieren Sie Apple support oder die Hilfestellungen im Browser.\r\n<\/p><ul>\r\n<\/ul>","protected":false},"excerpt":{"rendered":"<p>Richtlinien zu Cookies Den Standardpraxis vieler Webseiten folgend, k\u00f6nnen wir auf ihrem Computer Cookies, Flashcookies oder andere technische Elemente hinterlegen, und erlangen Zugang zu diesen. Mit der Nutzung der Seite academiacontacto.com stimmen Sie der Nutzung der Cookies zu. Sie k\u00f6nnen jederzeit die Cookies in ihrem Browser deaktivieren, indem sie den durch ihren Browser zur Verf\u00fcgung [&hellip;]<\/p>\n","protected":false},"author":3,"featured_media":0,"parent":0,"menu_order":132,"comment_status":"closed","ping_status":"closed","template":"page-content.php","meta":{"_acf_changed":false,"om_disable_all_campaigns":false,"_monsterinsights_skip_tracking":false,"_monsterinsights_sitenote_active":false,"_monsterinsights_sitenote_note":"","_monsterinsights_sitenote_category":0,"_uf_show_specific_survey":0,"_uf_disable_surveys":false,"_joinchat":[],"footnotes":""},"class_list":["post-16148","page","type-page","status-publish","hentry"],"acf":[],"aioseo_notices":[],"yoast_head":"<!-- This site is optimized with the Yoast SEO plugin v27.0 - https:\/\/yoast.com\/product\/yoast-seo-wordpress\/ -->\n<title>Richtlinien zu Cookies -<\/title>\n<meta name=\"robots\" content=\"index, follow, max-snippet:-1, max-image-preview:large, max-video-preview:-1\" \/>\n<link rel=\"canonical\" href=\"https:\/\/academiacontacto.com\/de\/cookies-policy\/\" \/>\n<meta property=\"og:locale\" content=\"de_DE\" \/>\n<meta property=\"og:type\" content=\"article\" \/>\n<meta property=\"og:title\" content=\"Richtlinien zu Cookies -\" \/>\n<meta property=\"og:description\" content=\"Richtlinien zu Cookies Den Standardpraxis vieler Webseiten folgend, k\u00f6nnen wir auf ihrem Computer Cookies, Flashcookies oder andere technische Elemente hinterlegen, und erlangen Zugang zu diesen. Mit der Nutzung der Seite academiacontacto.com stimmen Sie der Nutzung der Cookies zu. Sie k\u00f6nnen jederzeit die Cookies in ihrem Browser deaktivieren, indem sie den durch ihren Browser zur Verf\u00fcgung [&hellip;]\" \/>\n<meta property=\"og:url\" content=\"https:\/\/academiacontacto.com\/de\/cookies-policy\/\" \/>\n<meta property=\"og:site_name\" content=\"Academia Contacto\" \/>\n<meta property=\"article:modified_time\" content=\"2017-04-05T15:48:35+00:00\" \/>\n<meta name=\"twitter:label1\" content=\"Gesch\u00e4tzte Lesezeit\" \/>\n\t<meta name=\"twitter:data1\" content=\"2\u00a0Minuten\" \/>\n<script type=\"application\/ld+json\" class=\"yoast-schema-graph\">{\"@context\":\"https:\/\/schema.org\",\"@graph\":[{\"@type\":\"WebPage\",\"@id\":\"https:\/\/academiacontacto.com\/de\/cookies-policy\/\",\"url\":\"https:\/\/academiacontacto.com\/de\/cookies-policy\/\",\"name\":\"Richtlinien zu Cookies -\",\"isPartOf\":{\"@id\":\"https:\/\/academiacontacto.com\/pl\/#website\"},\"datePublished\":\"2016-12-09T11:48:57+00:00\",\"dateModified\":\"2017-04-05T15:48:35+00:00\",\"breadcrumb\":{\"@id\":\"https:\/\/academiacontacto.com\/de\/cookies-policy\/#breadcrumb\"},\"inLanguage\":\"de\",\"potentialAction\":[{\"@type\":\"ReadAction\",\"target\":[\"https:\/\/academiacontacto.com\/de\/cookies-policy\/\"]}]},{\"@type\":\"BreadcrumbList\",\"@id\":\"https:\/\/academiacontacto.com\/de\/cookies-policy\/#breadcrumb\",\"itemListElement\":[{\"@type\":\"ListItem\",\"position\":1,\"name\":\"Home\",\"item\":\"https:\/\/academiacontacto.com\/de\/\"},{\"@type\":\"ListItem\",\"position\":2,\"name\":\"Richtlinien zu Cookies\"}]},{\"@type\":\"WebSite\",\"@id\":\"https:\/\/academiacontacto.com\/pl\/#website\",\"url\":\"https:\/\/academiacontacto.com\/pl\/\",\"name\":\"Academia Contacto\",\"description\":\"Aprende Espa\u00f1ol con Academia Contacto\",\"publisher\":{\"@id\":\"https:\/\/academiacontacto.com\/pl\/#organization\"},\"potentialAction\":[{\"@type\":\"SearchAction\",\"target\":{\"@type\":\"EntryPoint\",\"urlTemplate\":\"https:\/\/academiacontacto.com\/pl\/?s={search_term_string}\"},\"query-input\":{\"@type\":\"PropertyValueSpecification\",\"valueRequired\":true,\"valueName\":\"search_term_string\"}}],\"inLanguage\":\"de\"},{\"@type\":\"Organization\",\"@id\":\"https:\/\/academiacontacto.com\/pl\/#organization\",\"name\":\"Academia Contacto\",\"url\":\"https:\/\/academiacontacto.com\/pl\/\",\"logo\":{\"@type\":\"ImageObject\",\"inLanguage\":\"de\",\"@id\":\"https:\/\/academiacontacto.com\/pl\/#\/schema\/logo\/image\/\",\"url\":\"https:\/\/academiacontacto.com\/wp-content\/uploads\/2021\/09\/acontacto.jpg\",\"contentUrl\":\"https:\/\/academiacontacto.com\/wp-content\/uploads\/2021\/09\/acontacto.jpg\",\"width\":218,\"height\":70,\"caption\":\"Academia Contacto\"},\"image\":{\"@id\":\"https:\/\/academiacontacto.com\/pl\/#\/schema\/logo\/image\/\"}}]}<\/script>\n<!-- \/ Yoast SEO plugin. -->","yoast_head_json":{"title":"Richtlinien zu Cookies -","robots":{"index":"index","follow":"follow","max-snippet":"max-snippet:-1","max-image-preview":"max-image-preview:large","max-video-preview":"max-video-preview:-1"},"canonical":"https:\/\/academiacontacto.com\/de\/cookies-policy\/","og_locale":"de_DE","og_type":"article","og_title":"Richtlinien zu Cookies -","og_description":"Richtlinien zu Cookies Den Standardpraxis vieler Webseiten folgend, k\u00f6nnen wir auf ihrem Computer Cookies, Flashcookies oder andere technische Elemente hinterlegen, und erlangen Zugang zu diesen. Mit der Nutzung der Seite academiacontacto.com stimmen Sie der Nutzung der Cookies zu. Sie k\u00f6nnen jederzeit die Cookies in ihrem Browser deaktivieren, indem sie den durch ihren Browser zur Verf\u00fcgung [&hellip;]","og_url":"https:\/\/academiacontacto.com\/de\/cookies-policy\/","og_site_name":"Academia Contacto","article_modified_time":"2017-04-05T15:48:35+00:00","twitter_misc":{"Gesch\u00e4tzte Lesezeit":"2\u00a0Minuten"},"schema":{"@context":"https:\/\/schema.org","@graph":[{"@type":"WebPage","@id":"https:\/\/academiacontacto.com\/de\/cookies-policy\/","url":"https:\/\/academiacontacto.com\/de\/cookies-policy\/","name":"Richtlinien zu Cookies -","isPartOf":{"@id":"https:\/\/academiacontacto.com\/pl\/#website"},"datePublished":"2016-12-09T11:48:57+00:00","dateModified":"2017-04-05T15:48:35+00:00","breadcrumb":{"@id":"https:\/\/academiacontacto.com\/de\/cookies-policy\/#breadcrumb"},"inLanguage":"de","potentialAction":[{"@type":"ReadAction","target":["https:\/\/academiacontacto.com\/de\/cookies-policy\/"]}]},{"@type":"BreadcrumbList","@id":"https:\/\/academiacontacto.com\/de\/cookies-policy\/#breadcrumb","itemListElement":[{"@type":"ListItem","position":1,"name":"Home","item":"https:\/\/academiacontacto.com\/de\/"},{"@type":"ListItem","position":2,"name":"Richtlinien zu Cookies"}]},{"@type":"WebSite","@id":"https:\/\/academiacontacto.com\/pl\/#website","url":"https:\/\/academiacontacto.com\/pl\/","name":"Academia Contacto","description":"Aprende Espa\u00f1ol con Academia Contacto","publisher":{"@id":"https:\/\/academiacontacto.com\/pl\/#organization"},"potentialAction":[{"@type":"SearchAction","target":{"@type":"EntryPoint","urlTemplate":"https:\/\/academiacontacto.com\/pl\/?s={search_term_string}"},"query-input":{"@type":"PropertyValueSpecification","valueRequired":true,"valueName":"search_term_string"}}],"inLanguage":"de"},{"@type":"Organization","@id":"https:\/\/academiacontacto.com\/pl\/#organization","name":"Academia Contacto","url":"https:\/\/academiacontacto.com\/pl\/","logo":{"@type":"ImageObject","inLanguage":"de","@id":"https:\/\/academiacontacto.com\/pl\/#\/schema\/logo\/image\/","url":"https:\/\/academiacontacto.com\/wp-content\/uploads\/2021\/09\/acontacto.jpg","contentUrl":"https:\/\/academiacontacto.com\/wp-content\/uploads\/2021\/09\/acontacto.jpg","width":218,"height":70,"caption":"Academia Contacto"},"image":{"@id":"https:\/\/academiacontacto.com\/pl\/#\/schema\/logo\/image\/"}}]}},"_links":{"self":[{"href":"https:\/\/academiacontacto.com\/de\/wp-json\/wp\/v2\/pages\/16148","targetHints":{"allow":["GET"]}}],"collection":[{"href":"https:\/\/academiacontacto.com\/de\/wp-json\/wp\/v2\/pages"}],"about":[{"href":"https:\/\/academiacontacto.com\/de\/wp-json\/wp\/v2\/types\/page"}],"author":[{"embeddable":true,"href":"https:\/\/academiacontacto.com\/de\/wp-json\/wp\/v2\/users\/3"}],"replies":[{"embeddable":true,"href":"https:\/\/academiacontacto.com\/de\/wp-json\/wp\/v2\/comments?post=16148"}],"version-history":[{"count":0,"href":"https:\/\/academiacontacto.com\/de\/wp-json\/wp\/v2\/pages\/16148\/revisions"}],"wp:attachment":[{"href":"https:\/\/academiacontacto.com\/de\/wp-json\/wp\/v2\/media?parent=16148"}],"curies":[{"name":"wp","href":"https:\/\/api.w.org\/{rel}","templated":true}]}}