{"id":16045,"date":"2017-03-25T16:32:36","date_gmt":"2017-03-25T16:32:36","guid":{"rendered":"http:\/\/academiacontacto.com\/?page_id=16045\/"},"modified":"2026-01-23T09:55:43","modified_gmt":"2026-01-23T09:55:43","slug":"ueber-uns","status":"publish","type":"page","link":"https:\/\/academiacontacto.com\/de\/ueber-uns\/","title":{"rendered":"\u00dcber uns"},"content":{"rendered":"<h1 class=\"themed dots\" style=\"text-align: center;\">\u00dcber uns<\/h1><p><noscript><img decoding=\"async\" src=\"http:\/\/academiacontacto.com\/wp-content\/uploads\/2021\/04\/about-resize.jpg\" alt=\"Photo of the staff working in Madrid's office\" class=\"wp-image-29365 size-full alignright\" width=\"634\" height=\"383\"><\/noscript><img decoding=\"async\" src=\"data:image\/svg+xml,%3Csvg%20xmlns%3D%22http%3A%2F%2Fwww.w3.org%2F2000%2Fsvg%22%20viewBox%3D%220%200%20634%20383%22%3E%3C%2Fsvg%3E\" alt=\"Photo of the staff working in Madrid's office\" class=\"wp-image-29365 size-full alignright lazyload\" width=\"634\" height=\"383\" data-src=\"http:\/\/academiacontacto.com\/wp-content\/uploads\/2021\/04\/about-resize.jpg\">Seit 2001 bietet die Sprachschule Academia Contacto ausl\u00e4ndischen Sch\u00fclern und Studenten Spanisch-Unterricht an. Es gibt Kursangebote in unserer Schule in der Hauptstadt Madrid sowie in unseren Partnerschulen in Barcelona und anderen wunderbaren St\u00e4dten wie Alicante, Valencia und Granada. Alle unsere Schulen sind vom <em>Cervantes Institut<\/em> anerkannt.<\/p><p>In Madrid bieten wir 13 komfortable und moderne Klassenzimmer mit Klimaanlage und Heizung, WLAN , Bibliothek und Aufenthaltsbereich mit Kaffee,Sofa &#8230;<\/p><p>Sie k\u00f6nnen innerhalb unseres breitgef\u00e4cherten Kursangebotes f\u00fcr jedes Sprachniveau w\u00e4hlen, vom Anf\u00e4ngerkurs bis zu mehreren Fortgeschrittenenkursen. Alle Kurse beginnen w\u00f6chentlich, bestehen aus kleinen Gruppen und sind dynamisch und interaktiv. So k\u00f6nnen Sie auf fr\u00f6hliche und professionelle Art in einer angenehmen und freundschaftlichen Umgebung Ihre Spanischkenntnisse erwerben und\/oder verbessern.<\/p><p>Unsere Lehrer sind Muttersprachler mit Hochschulabschluss und spezialisiert auf das Unterrichten von Spanisch als Fremdsprache. Sie verf\u00fcgen \u00fcber viel Erfahrung und lehren mit Leidenschaft, damit ihre Sch\u00fcler dank ihrer Kompetenz schnell und effektiv Spanisch lernen. Sie stehen f\u00fcr jegliche Fragen zur Verf\u00fcgung und kl\u00e4ren gerne jegliche Zweifel, die bei der Einf\u00fchrung in die spanische Kultur auftreten k\u00f6nnten.<\/p><p>Deswegen bieten wir Freizeit- und Ausflugsm\u00f6glichkeiten f\u00fcr den Nachmittag oder das Wochenende an. Durch die Teilnahme an diesen Angeboten haben Sie die M\u00f6glichkeit, die St\u00e4dte und die Bev\u00f6lkerung wie ein Einheimischer zu erleben.<\/p><blockquote><p>Wir lieben unsere Kultur und bem\u00fchen uns, unsere Studenten hierf\u00fcr zu begeistern!<\/p><\/blockquote><p>Die meisten unserer Sch\u00fcler kommen aus Europa (fast 75%), aber es nehmen auch Studenten aus Amerika, Australien, Asien und Afrika teil. \u00dcblicherweise sind es Hochschulstudenten oder junge Berufst\u00e4tige, die Spanisch lernen m\u00f6chten, um ihre Kompetenzen zu erweitern. Aber wir haben auch Teilnehmer \u00fcber 40, die sich leicht in unsere Gruppen integrieren und sie bereichern.<\/p><p>Seit Beginn unserer T\u00e4tigkeit als Sprachschule bieten wir professionelle Leistungen zu einem sehr g\u00fcnstigen Preis. Wir stehen Ihnen jederzeit zur Verf\u00fcgung, um Ihren Aufenthalt in Spanien zu einem wertvollen und unvergesslichen Erlebnis zu machen.<\/p><p>Herzlich willkommen!<\/p>","protected":false},"excerpt":{"rendered":"<p>\u00dcber unsSeit 2001 bietet die Sprachschule Academia Contacto ausl\u00e4ndischen Sch\u00fclern und Studenten Spanisch-Unterricht an. Es gibt Kursangebote in unserer Schule in der Hauptstadt Madrid sowie in unseren Partnerschulen in Barcelona und anderen wunderbaren St\u00e4dten wie Alicante, Valencia und Granada. Alle unsere Schulen sind vom Cervantes Institut anerkannt.In Madrid bieten wir 13 komfortable und moderne Klassenzimmer [&hellip;]<\/p>\n","protected":false},"author":2,"featured_media":0,"parent":0,"menu_order":69,"comment_status":"closed","ping_status":"closed","template":"page-content.php","meta":{"_acf_changed":false,"om_disable_all_campaigns":false,"_monsterinsights_skip_tracking":false,"_monsterinsights_sitenote_active":false,"_monsterinsights_sitenote_note":"","_monsterinsights_sitenote_category":0,"_uf_show_specific_survey":0,"_uf_disable_surveys":false,"_joinchat":[],"footnotes":""},"class_list":["post-16045","page","type-page","status-publish","hentry"],"acf":[],"aioseo_notices":[],"yoast_head":"<!-- This site is optimized with the Yoast SEO plugin v27.0 - https:\/\/yoast.com\/product\/yoast-seo-wordpress\/ -->\n<title>Lerne unser Team kennen!<\/title>\n<meta name=\"description\" content=\"Seit 2001 bietet Academia Contacto speziellen Spanischunterricht f\u00fcr ausl\u00e4ndische Sch\u00fcler an. Klicke hier, um mehr \u00fcber uns zu erfahren.\" \/>\n<meta name=\"robots\" content=\"index, follow, max-snippet:-1, max-image-preview:large, max-video-preview:-1\" \/>\n<link rel=\"canonical\" href=\"https:\/\/academiacontacto.com\/de\/ueber-uns\/\" \/>\n<meta property=\"og:locale\" content=\"de_DE\" \/>\n<meta property=\"og:type\" content=\"article\" \/>\n<meta property=\"og:title\" content=\"Lerne unser Team kennen!\" \/>\n<meta property=\"og:description\" content=\"Seit 2001 bietet Academia Contacto speziellen Spanischunterricht f\u00fcr ausl\u00e4ndische Sch\u00fcler an. Klicke hier, um mehr \u00fcber uns zu erfahren.\" \/>\n<meta property=\"og:url\" content=\"https:\/\/academiacontacto.com\/de\/ueber-uns\/\" \/>\n<meta property=\"og:site_name\" content=\"Academia Contacto\" \/>\n<meta property=\"article:modified_time\" content=\"2026-01-23T09:55:43+00:00\" \/>\n<meta property=\"og:image\" content=\"http:\/\/academiacontacto.com\/wp-content\/uploads\/2021\/04\/about-resize.jpg\" \/>\n<meta name=\"twitter:label1\" content=\"Gesch\u00e4tzte Lesezeit\" \/>\n\t<meta name=\"twitter:data1\" content=\"2\u00a0Minuten\" \/>\n<script type=\"application\/ld+json\" class=\"yoast-schema-graph\">{\"@context\":\"https:\/\/schema.org\",\"@graph\":[{\"@type\":\"WebPage\",\"@id\":\"https:\/\/academiacontacto.com\/de\/ueber-uns\/\",\"url\":\"https:\/\/academiacontacto.com\/de\/ueber-uns\/\",\"name\":\"Lerne unser Team kennen!\",\"isPartOf\":{\"@id\":\"https:\/\/academiacontacto.com\/pl\/#website\"},\"primaryImageOfPage\":{\"@id\":\"https:\/\/academiacontacto.com\/de\/ueber-uns\/#primaryimage\"},\"image\":{\"@id\":\"https:\/\/academiacontacto.com\/de\/ueber-uns\/#primaryimage\"},\"thumbnailUrl\":\"http:\/\/academiacontacto.com\/wp-content\/uploads\/2021\/04\/about-resize.jpg\",\"datePublished\":\"2017-03-25T16:32:36+00:00\",\"dateModified\":\"2026-01-23T09:55:43+00:00\",\"description\":\"Seit 2001 bietet Academia Contacto speziellen Spanischunterricht f\u00fcr ausl\u00e4ndische Sch\u00fcler an. Klicke hier, um mehr \u00fcber uns zu erfahren.\",\"breadcrumb\":{\"@id\":\"https:\/\/academiacontacto.com\/de\/ueber-uns\/#breadcrumb\"},\"inLanguage\":\"de\",\"potentialAction\":[{\"@type\":\"ReadAction\",\"target\":[\"https:\/\/academiacontacto.com\/de\/ueber-uns\/\"]}]},{\"@type\":\"ImageObject\",\"inLanguage\":\"de\",\"@id\":\"https:\/\/academiacontacto.com\/de\/ueber-uns\/#primaryimage\",\"url\":\"http:\/\/academiacontacto.com\/wp-content\/uploads\/2021\/04\/about-resize.jpg\",\"contentUrl\":\"http:\/\/academiacontacto.com\/wp-content\/uploads\/2021\/04\/about-resize.jpg\"},{\"@type\":\"BreadcrumbList\",\"@id\":\"https:\/\/academiacontacto.com\/de\/ueber-uns\/#breadcrumb\",\"itemListElement\":[{\"@type\":\"ListItem\",\"position\":1,\"name\":\"Home\",\"item\":\"https:\/\/academiacontacto.com\/de\/\"},{\"@type\":\"ListItem\",\"position\":2,\"name\":\"\u00dcber uns\"}]},{\"@type\":\"WebSite\",\"@id\":\"https:\/\/academiacontacto.com\/pl\/#website\",\"url\":\"https:\/\/academiacontacto.com\/pl\/\",\"name\":\"Academia Contacto\",\"description\":\"Aprende Espa\u00f1ol con Academia Contacto\",\"publisher\":{\"@id\":\"https:\/\/academiacontacto.com\/pl\/#organization\"},\"potentialAction\":[{\"@type\":\"SearchAction\",\"target\":{\"@type\":\"EntryPoint\",\"urlTemplate\":\"https:\/\/academiacontacto.com\/pl\/?s={search_term_string}\"},\"query-input\":{\"@type\":\"PropertyValueSpecification\",\"valueRequired\":true,\"valueName\":\"search_term_string\"}}],\"inLanguage\":\"de\"},{\"@type\":\"Organization\",\"@id\":\"https:\/\/academiacontacto.com\/pl\/#organization\",\"name\":\"Academia Contacto\",\"url\":\"https:\/\/academiacontacto.com\/pl\/\",\"logo\":{\"@type\":\"ImageObject\",\"inLanguage\":\"de\",\"@id\":\"https:\/\/academiacontacto.com\/pl\/#\/schema\/logo\/image\/\",\"url\":\"https:\/\/academiacontacto.com\/wp-content\/uploads\/2021\/09\/acontacto.jpg\",\"contentUrl\":\"https:\/\/academiacontacto.com\/wp-content\/uploads\/2021\/09\/acontacto.jpg\",\"width\":218,\"height\":70,\"caption\":\"Academia Contacto\"},\"image\":{\"@id\":\"https:\/\/academiacontacto.com\/pl\/#\/schema\/logo\/image\/\"}}]}<\/script>\n<!-- \/ Yoast SEO plugin. -->","yoast_head_json":{"title":"Lerne unser Team kennen!","description":"Seit 2001 bietet Academia Contacto speziellen Spanischunterricht f\u00fcr ausl\u00e4ndische Sch\u00fcler an. Klicke hier, um mehr \u00fcber uns zu erfahren.","robots":{"index":"index","follow":"follow","max-snippet":"max-snippet:-1","max-image-preview":"max-image-preview:large","max-video-preview":"max-video-preview:-1"},"canonical":"https:\/\/academiacontacto.com\/de\/ueber-uns\/","og_locale":"de_DE","og_type":"article","og_title":"Lerne unser Team kennen!","og_description":"Seit 2001 bietet Academia Contacto speziellen Spanischunterricht f\u00fcr ausl\u00e4ndische Sch\u00fcler an. Klicke hier, um mehr \u00fcber uns zu erfahren.","og_url":"https:\/\/academiacontacto.com\/de\/ueber-uns\/","og_site_name":"Academia Contacto","article_modified_time":"2026-01-23T09:55:43+00:00","og_image":[{"url":"http:\/\/academiacontacto.com\/wp-content\/uploads\/2021\/04\/about-resize.jpg","type":"","width":"","height":""}],"twitter_misc":{"Gesch\u00e4tzte Lesezeit":"2\u00a0Minuten"},"schema":{"@context":"https:\/\/schema.org","@graph":[{"@type":"WebPage","@id":"https:\/\/academiacontacto.com\/de\/ueber-uns\/","url":"https:\/\/academiacontacto.com\/de\/ueber-uns\/","name":"Lerne unser Team kennen!","isPartOf":{"@id":"https:\/\/academiacontacto.com\/pl\/#website"},"primaryImageOfPage":{"@id":"https:\/\/academiacontacto.com\/de\/ueber-uns\/#primaryimage"},"image":{"@id":"https:\/\/academiacontacto.com\/de\/ueber-uns\/#primaryimage"},"thumbnailUrl":"http:\/\/academiacontacto.com\/wp-content\/uploads\/2021\/04\/about-resize.jpg","datePublished":"2017-03-25T16:32:36+00:00","dateModified":"2026-01-23T09:55:43+00:00","description":"Seit 2001 bietet Academia Contacto speziellen Spanischunterricht f\u00fcr ausl\u00e4ndische Sch\u00fcler an. Klicke hier, um mehr \u00fcber uns zu erfahren.","breadcrumb":{"@id":"https:\/\/academiacontacto.com\/de\/ueber-uns\/#breadcrumb"},"inLanguage":"de","potentialAction":[{"@type":"ReadAction","target":["https:\/\/academiacontacto.com\/de\/ueber-uns\/"]}]},{"@type":"ImageObject","inLanguage":"de","@id":"https:\/\/academiacontacto.com\/de\/ueber-uns\/#primaryimage","url":"http:\/\/academiacontacto.com\/wp-content\/uploads\/2021\/04\/about-resize.jpg","contentUrl":"http:\/\/academiacontacto.com\/wp-content\/uploads\/2021\/04\/about-resize.jpg"},{"@type":"BreadcrumbList","@id":"https:\/\/academiacontacto.com\/de\/ueber-uns\/#breadcrumb","itemListElement":[{"@type":"ListItem","position":1,"name":"Home","item":"https:\/\/academiacontacto.com\/de\/"},{"@type":"ListItem","position":2,"name":"\u00dcber uns"}]},{"@type":"WebSite","@id":"https:\/\/academiacontacto.com\/pl\/#website","url":"https:\/\/academiacontacto.com\/pl\/","name":"Academia Contacto","description":"Aprende Espa\u00f1ol con Academia Contacto","publisher":{"@id":"https:\/\/academiacontacto.com\/pl\/#organization"},"potentialAction":[{"@type":"SearchAction","target":{"@type":"EntryPoint","urlTemplate":"https:\/\/academiacontacto.com\/pl\/?s={search_term_string}"},"query-input":{"@type":"PropertyValueSpecification","valueRequired":true,"valueName":"search_term_string"}}],"inLanguage":"de"},{"@type":"Organization","@id":"https:\/\/academiacontacto.com\/pl\/#organization","name":"Academia Contacto","url":"https:\/\/academiacontacto.com\/pl\/","logo":{"@type":"ImageObject","inLanguage":"de","@id":"https:\/\/academiacontacto.com\/pl\/#\/schema\/logo\/image\/","url":"https:\/\/academiacontacto.com\/wp-content\/uploads\/2021\/09\/acontacto.jpg","contentUrl":"https:\/\/academiacontacto.com\/wp-content\/uploads\/2021\/09\/acontacto.jpg","width":218,"height":70,"caption":"Academia Contacto"},"image":{"@id":"https:\/\/academiacontacto.com\/pl\/#\/schema\/logo\/image\/"}}]}},"_links":{"self":[{"href":"https:\/\/academiacontacto.com\/de\/wp-json\/wp\/v2\/pages\/16045","targetHints":{"allow":["GET"]}}],"collection":[{"href":"https:\/\/academiacontacto.com\/de\/wp-json\/wp\/v2\/pages"}],"about":[{"href":"https:\/\/academiacontacto.com\/de\/wp-json\/wp\/v2\/types\/page"}],"author":[{"embeddable":true,"href":"https:\/\/academiacontacto.com\/de\/wp-json\/wp\/v2\/users\/2"}],"replies":[{"embeddable":true,"href":"https:\/\/academiacontacto.com\/de\/wp-json\/wp\/v2\/comments?post=16045"}],"version-history":[{"count":1,"href":"https:\/\/academiacontacto.com\/de\/wp-json\/wp\/v2\/pages\/16045\/revisions"}],"predecessor-version":[{"id":37324,"href":"https:\/\/academiacontacto.com\/de\/wp-json\/wp\/v2\/pages\/16045\/revisions\/37324"}],"wp:attachment":[{"href":"https:\/\/academiacontacto.com\/de\/wp-json\/wp\/v2\/media?parent=16045"}],"curies":[{"name":"wp","href":"https:\/\/api.w.org\/{rel}","templated":true}]}}